{"id":13582,"date":"2024-10-24T07:41:24","date_gmt":"2024-10-24T05:41:24","guid":{"rendered":"https:\/\/vivasem.ro\/?post_type=product&#038;p=13582"},"modified":"2026-03-16T11:31:47","modified_gmt":"2026-03-16T09:31:47","slug":"bob-superaguadulce-florian-bulgaria-50g","status":"publish","type":"product","link":"https:\/\/vivasem.ro\/?product=bob-superaguadulce-florian-bulgaria-50g","title":{"rendered":"\u201e\u201eBOB SUPERAGUADULCE (FLORIAN-Bulgaria) (50g)"},"content":{"rendered":"<h6><span style=\"color: #ff0000;\"><strong><u>BOB SUPERAGUA DULCE,<\/u><\/strong><\/span>\u00a0 \u00a0 \u00a0 \u00a0 \u00a0 <span style=\"color: #ff0000;\"><strong><u><a href=\"https:\/\/vivasem.ro\/wp-content\/uploads\/2023\/02\/FLORIAN-logo.jpg\"><img loading=\"lazy\" decoding=\"async\" class=\"alignnone wp-image-11691\" src=\"https:\/\/vivasem.ro\/wp-content\/uploads\/2023\/02\/FLORIAN-logo-300x159.jpg\" alt=\"\" width=\"155\" height=\"82\" srcset=\"https:\/\/vivasem.ro\/wp-content\/uploads\/2023\/02\/FLORIAN-logo-300x159.jpg 300w, https:\/\/vivasem.ro\/wp-content\/uploads\/2023\/02\/FLORIAN-logo-original-248x131.jpg 248w, https:\/\/vivasem.ro\/wp-content\/uploads\/2023\/02\/FLORIAN-logo-original-590x313.jpg 590w, https:\/\/vivasem.ro\/wp-content\/uploads\/2023\/02\/FLORIAN-logo-original.jpg 655w\" sizes=\"auto, (max-width: 155px) 100vw, 155px\" \/><\/a><\/u><\/strong><\/span><\/h6>\n<h6><span style=\"color: #ff0000;\"><span class=\"post-meta-key\">Produs \u0219i ambalat de :Florian-Bulgaria<\/span><\/span><\/h6>\n<h6><span style=\"color: #000080;\"><strong>SOI FOARTE PRODUCTIV DE BOB (VICIA FABA), O LEGUM\u0102 \u00ceNRUDIT\u0102 CU\u00a0 FASOLEA,\u00a0 CE PRODUCE\u00a0 P\u0102STAI VERZI, LUNGI DE 10-15 centimetrii, CU 5-7 BOABE MARI.<\/strong><\/span><\/h6>\n<h6><span style=\"color: #000080;\"><strong>CA \u0218I LA FASOLE, SE POT CONSUMA TECILE FRAGEDE, BOABELE PROASPETE , BOABELE DUP\u0102\u00a0 USCARE SAU \u00ceN CONSERVE.<\/strong><\/span><\/h6>\n<h6><span style=\"color: #000080;\">Planta are o inaltime de 70-100 cm, productiva.<\/span><\/h6>\n<h6><span style=\"color: #000080;\">NU ARE CERIN\u021aE DEOSEBITE LA C\u0102LDUR\u0102, DAR ARE NEVOIE DE UMIDITATE PERMANENT\u0102.<\/span><\/h6>\n<h6><span style=\"color: #000080;\">Semintele se seamana din 01 aprilie pana in 15 mai cand temperatura solului este peste 12 gradeC.<\/span><\/h6>\n<h6><span style=\"color: #000080;\">Perioada de vegetatie 80 zile.<\/span><\/h6>\n<h6><span style=\"color: #000080;\">Semanat: martie-aprilie.<\/span><\/h6>\n<h6><span style=\"color: #000080;\">Distanta intre plante: 50&#215;20 cm.<\/span><\/h6>\n<h6><span style=\"color: #000080;\">Cules: iunie-iulie.<\/span><\/h6>\n<div class=\"ff7\">\n<div class=\"ff20\">\n<div class=\"ff20\">\n<div id=\"pageContainer5\" class=\"page\" data-page-number=\"5\" data-loaded=\"true\"><\/div>\n<\/div>\n<\/div>\n<\/div>\n","protected":false},"excerpt":{"rendered":"<h6><span style=\"color: #0000ff;\">50 grame\/40-50 semin\u021be<\/span><\/h6>\n","protected":false},"featured_media":13594,"comment_status":"open","ping_status":"closed","template":"","meta":{"site-sidebar-layout":"default","site-content-layout":"default","ast-site-content-layout":"default","site-content-style":"default","site-sidebar-style":"default","ast-global-header-display":"","ast-banner-title-visibility":"","ast-main-header-display":"","ast-hfb-above-header-display":"","ast-hfb-below-header-display":"","ast-hfb-mobile-header-display":"","site-post-title":"","ast-breadcrumbs-content":"","ast-featured-img":"","footer-sml-layout":"","ast-disable-related-posts":"","theme-transparent-header-meta":"default","adv-header-id-meta":"","stick-header-meta":"","header-above-stick-meta":"","header-main-stick-meta":"","header-below-stick-meta":"","astra-migrate-meta-layouts":"set","ast-page-background-enabled":"default","ast-page-background-meta":{"desktop":{"background-color":"var(--ast-global-color-4)","background-image":"","background-repeat":"repeat","background-position":"center center","background-size":"auto","background-attachment":"scroll","background-type":"","background-media":"","overlay-type":"","overlay-color":"","overlay-opacity":"","overlay-gradient":""},"tablet":{"background-color":"","background-image":"","background-repeat":"repeat","background-position":"center center","background-size":"auto","background-attachment":"scroll","background-type":"","background-media":"","overlay-type":"","overlay-color":"","overlay-opacity":"","overlay-gradient":""},"mobile":{"background-color":"","background-image":"","background-repeat":"repeat","background-position":"center center","background-size":"auto","background-attachment":"scroll","background-type":"","background-media":"","overlay-type":"","overlay-color":"","overlay-opacity":"","overlay-gradient":""}},"ast-content-background-meta":{"desktop":{"background-color":"var(--ast-global-color-5)","background-image":"","background-repeat":"repeat","background-position":"center center","background-size":"auto","background-attachment":"scroll","background-type":"","background-media":"","overlay-type":"","overlay-color":"","overlay-opacity":"","overlay-gradient":""},"tablet":{"background-color":"var(--ast-global-color-5)","background-image":"","background-repeat":"repeat","background-position":"center center","background-size":"auto","background-attachment":"scroll","background-type":"","background-media":"","overlay-type":"","overlay-color":"","overlay-opacity":"","overlay-gradient":""},"mobile":{"background-color":"var(--ast-global-color-5)","background-image":"","background-repeat":"repeat","background-position":"center center","background-size":"auto","background-attachment":"scroll","background-type":"","background-media":"","overlay-type":"","overlay-color":"","overlay-opacity":"","overlay-gradient":""}}},"product_brand":[],"product_cat":[112,91],"product_tag":[],"class_list":{"0":"post-13582","1":"product","2":"type-product","3":"status-publish","4":"has-post-thumbnail","6":"product_cat-fasole-oloaga-fasole-pitica","7":"product_cat-alte-legume","8":"desktop-align-left","9":"tablet-align-left","10":"mobile-align-left","12":"first","13":"outofstock","14":"taxable","15":"shipping-taxable","16":"purchasable","17":"product-type-simple"},"_links":{"self":[{"href":"https:\/\/vivasem.ro\/index.php?rest_route=\/wp\/v2\/product\/13582","targetHints":{"allow":["GET"]}}],"collection":[{"href":"https:\/\/vivasem.ro\/index.php?rest_route=\/wp\/v2\/product"}],"about":[{"href":"https:\/\/vivasem.ro\/index.php?rest_route=\/wp\/v2\/types\/product"}],"replies":[{"embeddable":true,"href":"https:\/\/vivasem.ro\/index.php?rest_route=%2Fwp%2Fv2%2Fcomments&post=13582"}],"wp:featuredmedia":[{"embeddable":true,"href":"https:\/\/vivasem.ro\/index.php?rest_route=\/wp\/v2\/media\/13594"}],"wp:attachment":[{"href":"https:\/\/vivasem.ro\/index.php?rest_route=%2Fwp%2Fv2%2Fmedia&parent=13582"}],"wp:term":[{"taxonomy":"product_brand","embeddable":true,"href":"https:\/\/vivasem.ro\/index.php?rest_route=%2Fwp%2Fv2%2Fproduct_brand&post=13582"},{"taxonomy":"product_cat","embeddable":true,"href":"https:\/\/vivasem.ro\/index.php?rest_route=%2Fwp%2Fv2%2Fproduct_cat&post=13582"},{"taxonomy":"product_tag","embeddable":true,"href":"https:\/\/vivasem.ro\/index.php?rest_route=%2Fwp%2Fv2%2Fproduct_tag&post=13582"}],"curies":[{"name":"wp","href":"https:\/\/api.w.org\/{rel}","templated":true}]}}