{"id":13301,"date":"2024-10-12T07:46:41","date_gmt":"2024-10-12T05:46:41","guid":{"rendered":"https:\/\/vivasem.ro\/?post_type=product&#038;p=13301"},"modified":"2025-12-05T17:22:36","modified_gmt":"2025-12-05T15:22:36","slug":"gigawak-f1-syngenta","status":"publish","type":"product","link":"https:\/\/vivasem.ro\/?product=gigawak-f1-syngenta","title":{"rendered":"GIGAWAK F1-SYNGENTA"},"content":{"rendered":"<h6><span style=\"color: #ff0000;\"><strong><u>GIGAWAK F1,<\/u><\/strong><\/span> \u00a0\u00a0 \u00a0\u00a0 \u00a0\u00a0 \u00a0\u00a0 \u00a0\u00a0 \u00a0\u00a0 \u00a0\u00a0<span style=\"color: #ff0000;\"><strong><u><a href=\"https:\/\/vivasem.ro\/wp-content\/uploads\/2023\/11\/SYNGENTA-LOGO-original.jpg\"><img loading=\"lazy\" decoding=\"async\" class=\"alignnone wp-image-11252\" src=\"https:\/\/vivasem.ro\/wp-content\/uploads\/2023\/11\/SYNGENTA-LOGO-original.jpg\" alt=\"\" width=\"195\" height=\"65\" srcset=\"https:\/\/vivasem.ro\/wp-content\/uploads\/2023\/11\/SYNGENTA-LOGO-original.jpg 378w, https:\/\/vivasem.ro\/wp-content\/uploads\/2023\/11\/SYNGENTA-LOGO-original-248x83.jpg 248w, https:\/\/vivasem.ro\/wp-content\/uploads\/2023\/11\/SYNGENTA-LOGO-300x100.jpg 300w\" sizes=\"auto, (max-width: 195px) 100vw, 195px\" \/><\/a><\/u><\/strong><\/span><\/h6>\n<h6><span style=\"color: #ff0000;\">Produc\u0103tor semin\u021be:SYNGENTA,<\/span><\/h6>\n<p>Ambalate \u00een plic ZIP etichetat.<\/p>\n<div class=\"ast-oembed-container \" style=\"height: 100%;\"><iframe loading=\"lazy\" title=\"Testimonial Tomata Gigawak - Radu Costache, Matca\" width=\"500\" height=\"281\" src=\"https:\/\/www.youtube.com\/embed\/i6BVPWPCs58?feature=oembed\" frameborder=\"0\" allow=\"accelerometer; autoplay; clipboard-write; encrypted-media; gyroscope; picture-in-picture; web-share\" referrerpolicy=\"strict-origin-when-cross-origin\" allowfullscreen><\/iframe><\/div>\n<div class=\"ast-oembed-container \" style=\"height: 100%;\"><iframe loading=\"lazy\" title=\"Gigawak - Tomate tip inima de bou - Testimonial Ion Paunel, Plesoiu, jud. Olt\" width=\"500\" height=\"281\" src=\"https:\/\/www.youtube.com\/embed\/vv35AMvnWqI?feature=oembed\" frameborder=\"0\" allow=\"accelerometer; autoplay; clipboard-write; encrypted-media; gyroscope; picture-in-picture; web-share\" referrerpolicy=\"strict-origin-when-cross-origin\" allowfullscreen><\/iframe><\/div>\n<h6><span style=\"color: #ff0000;\">Gigawak F1\u00a0este un hibrid nou de\u00a0tomate\u00a0cu\u00a0cre\u0219tere nedeterminat\u0103 din gama Syngenta, tip inima de bou de Albenga, destinat culturilor in sere \u0219i solarii.<\/span><\/h6>\n<h6><span style=\"color: #000080;\">Greutatea medie a fructelor este de 250 grame, dar pot ajunge \u0219i mai mari, sunt foarte gustoase \u0219i dulci.<\/span><\/h6>\n<h6><span style=\"color: #000080;\">Tomatele Gigawak F1 sunt destinate culturii in sere \u0219i solarii, pe toate ciclurile de cultur\u0103.<\/span><\/h6>\n<h6><span style=\"color: #ff0000;\">Fructele\u00a0tomatelor\u00a0Gigawak F1 au un gust dulce si placut, sunt uniforme, au forma de par\u0103 ondulat\u0103, fiind foarte c\u0103utate de consumatori.<\/span><\/h6>\n<h6><span style=\"color: #000080;\">Planta are o vigoare foarte buna, aigur\u00e2nd o acoperire foliar\u0103 excelent\u0103.<\/span><\/h6>\n<h6><span style=\"color: #000080;\">Tomatele\u00a0Gigawak F1 prezinta o capacitate foarte buna de transport \u0219i de p\u0103strare la raft. Culese mai verzi, se coc foarte bine ulterior.<\/span><\/h6>\n<h6><span style=\"color: #000080;\">Principalele avantaje pentru legumicultori sunt:<\/span><\/h6>\n<ul>\n<li>\n<h6><span style=\"color: #000080;\">Forma striata<\/span><\/h6>\n<\/li>\n<li>\n<h6><span style=\"color: #000080;\">Gust<\/span><\/h6>\n<\/li>\n<li>\n<h6><span style=\"color: #000080;\">Toleranta la TSWV<\/span><\/h6>\n<\/li>\n<\/ul>\n<h6>Gigawak F1\u00a0estre un hibrid de\u00a0tomate cu toleran\u021b\u0103 la virusul petelor de bronz (TSWV), o problema des intalnita mai ales la ciclul 2 de cultur\u0103.<\/h6>\n<h6><span style=\"color: #000080;\">Rezisten\u021b\u0103 ridicat\u0103 la boli:<\/span><\/h6>\n<h6><span style=\"color: #000080;\">\u00a0Fol: 0-2 (US1-3)-fuzarioz\u0103<\/span><\/h6>\n<h6><span style=\"color: #000080;\">V \/ Va, Vd -Verticilium<\/span><\/h6>\n<h6><span style=\"color: #000080;\"> TMV: 0 -Virusul Mozaicului Tutunului<\/span><\/h6>\n<h6><span style=\"color: #000080;\">ToMV: 0-2 -virusul mozaicului tomatelor <\/span><\/h6>\n<h6><span style=\"color: #000080;\"> TSWV-virusul petelor de bronz<\/span><\/h6>\n","protected":false},"excerpt":{"rendered":"<h6><span style=\"color: #ff00ff;\">HIBRID DEOSEBIT ,FOARTE GUSTOS!<\/span><\/h6>\n<h6><span style=\"color: #ff00ff;\">Vezi video !<\/span><\/h6>\n","protected":false},"featured_media":11335,"comment_status":"open","ping_status":"closed","template":"","meta":{"site-sidebar-layout":"default","site-content-layout":"default","ast-site-content-layout":"default","site-content-style":"default","site-sidebar-style":"default","ast-global-header-display":"","ast-banner-title-visibility":"","ast-main-header-display":"","ast-hfb-above-header-display":"","ast-hfb-below-header-display":"","ast-hfb-mobile-header-display":"","site-post-title":"","ast-breadcrumbs-content":"","ast-featured-img":"","footer-sml-layout":"","ast-disable-related-posts":"","theme-transparent-header-meta":"default","adv-header-id-meta":"","stick-header-meta":"","header-above-stick-meta":"","header-main-stick-meta":"","header-below-stick-meta":"","astra-migrate-meta-layouts":"set","ast-page-background-enabled":"default","ast-page-background-meta":{"desktop":{"background-color":"var(--ast-global-color-4)","background-image":"","background-repeat":"repeat","background-position":"center center","background-size":"auto","background-attachment":"scroll","background-type":"","background-media":"","overlay-type":"","overlay-color":"","overlay-opacity":"","overlay-gradient":""},"tablet":{"background-color":"","background-image":"","background-repeat":"repeat","background-position":"center center","background-size":"auto","background-attachment":"scroll","background-type":"","background-media":"","overlay-type":"","overlay-color":"","overlay-opacity":"","overlay-gradient":""},"mobile":{"background-color":"","background-image":"","background-repeat":"repeat","background-position":"center center","background-size":"auto","background-attachment":"scroll","background-type":"","background-media":"","overlay-type":"","overlay-color":"","overlay-opacity":"","overlay-gradient":""}},"ast-content-background-meta":{"desktop":{"background-color":"var(--ast-global-color-5)","background-image":"","background-repeat":"repeat","background-position":"center center","background-size":"auto","background-attachment":"scroll","background-type":"","background-media":"","overlay-type":"","overlay-color":"","overlay-opacity":"","overlay-gradient":""},"tablet":{"background-color":"var(--ast-global-color-5)","background-image":"","background-repeat":"repeat","background-position":"center center","background-size":"auto","background-attachment":"scroll","background-type":"","background-media":"","overlay-type":"","overlay-color":"","overlay-opacity":"","overlay-gradient":""},"mobile":{"background-color":"var(--ast-global-color-5)","background-image":"","background-repeat":"repeat","background-position":"center center","background-size":"auto","background-attachment":"scroll","background-type":"","background-media":"","overlay-type":"","overlay-color":"","overlay-opacity":"","overlay-gradient":""}}},"product_brand":[],"product_cat":[110],"product_tag":[],"class_list":{"0":"post-13301","1":"product","2":"type-product","3":"status-publish","4":"has-post-thumbnail","6":"product_cat-tomate-hibrid","7":"pa_z-cantitate-10-seminte","8":"pa_z-cantitate-100-seminte","9":"pa_z-cantitate-25-seminte","10":"pa_z-cantitate-50-seminte","11":"desktop-align-left","12":"tablet-align-left","13":"mobile-align-left","15":"first","16":"instock","17":"sale","18":"taxable","19":"shipping-taxable","20":"purchasable","21":"product-type-variable"},"_links":{"self":[{"href":"https:\/\/vivasem.ro\/index.php?rest_route=\/wp\/v2\/product\/13301","targetHints":{"allow":["GET"]}}],"collection":[{"href":"https:\/\/vivasem.ro\/index.php?rest_route=\/wp\/v2\/product"}],"about":[{"href":"https:\/\/vivasem.ro\/index.php?rest_route=\/wp\/v2\/types\/product"}],"replies":[{"embeddable":true,"href":"https:\/\/vivasem.ro\/index.php?rest_route=%2Fwp%2Fv2%2Fcomments&post=13301"}],"wp:featuredmedia":[{"embeddable":true,"href":"https:\/\/vivasem.ro\/index.php?rest_route=\/wp\/v2\/media\/11335"}],"wp:attachment":[{"href":"https:\/\/vivasem.ro\/index.php?rest_route=%2Fwp%2Fv2%2Fmedia&parent=13301"}],"wp:term":[{"taxonomy":"product_brand","embeddable":true,"href":"https:\/\/vivasem.ro\/index.php?rest_route=%2Fwp%2Fv2%2Fproduct_brand&post=13301"},{"taxonomy":"product_cat","embeddable":true,"href":"https:\/\/vivasem.ro\/index.php?rest_route=%2Fwp%2Fv2%2Fproduct_cat&post=13301"},{"taxonomy":"product_tag","embeddable":true,"href":"https:\/\/vivasem.ro\/index.php?rest_route=%2Fwp%2Fv2%2Fproduct_tag&post=13301"}],"curies":[{"name":"wp","href":"https:\/\/api.w.org\/{rel}","templated":true}]}}