{"id":13300,"date":"2024-10-11T09:26:40","date_gmt":"2024-10-11T07:26:40","guid":{"rendered":"https:\/\/vivasem.ro\/?post_type=product&#038;p=13300"},"modified":"2026-03-05T20:01:36","modified_gmt":"2026-03-05T18:01:36","slug":"bueno-f1-nongwoo-bio-12s","status":"publish","type":"product","link":"https:\/\/vivasem.ro\/?product=bueno-f1-nongwoo-bio-12s","title":{"rendered":"BUENO F1- NONGWOO BIO"},"content":{"rendered":"<h6 style=\"text-align: left;\"><span style=\"color: #ff0000;\"><u>TOMATE HIBRID BUENO F1 ,<\/u><\/span><\/h6>\n<h6 style=\"text-align: left;\"><span style=\"color: #ff0000;\">-Produc\u0103tor : NONGWOO BIO -Korea de Sud\u00a0 \u00a0 \u00a0 \u00a0 \u00a0<u><a href=\"https:\/\/vivasem.ro\/wp-content\/uploads\/2022\/12\/NOONGWOO-BIO.jpg\"><img loading=\"lazy\" decoding=\"async\" class=\"alignnone size-medium wp-image-8500\" src=\"https:\/\/vivasem.ro\/wp-content\/uploads\/2022\/12\/NOONGWOO-BIO-300x56.jpg\" alt=\"\" width=\"300\" height=\"56\" srcset=\"https:\/\/vivasem.ro\/wp-content\/uploads\/2022\/12\/NOONGWOO-BIO-300x56.jpg 300w, https:\/\/vivasem.ro\/wp-content\/uploads\/2022\/12\/NOONGWOO-BIO-248x46.jpg 248w, https:\/\/vivasem.ro\/wp-content\/uploads\/2022\/12\/NOONGWOO-BIO.jpg 545w\" sizes=\"auto, (max-width: 300px) 100vw, 300px\" \/><\/a><\/u><\/span><\/h6>\n<div class=\"ast-oembed-container \" style=\"height: 100%;\"><iframe loading=\"lazy\" title=\"Avantajele hibridului de tomate Bueno F1\" width=\"422\" height=\"750\" src=\"https:\/\/www.youtube.com\/embed\/RhZ5VcDmgdA?feature=oembed\" frameborder=\"0\" allow=\"accelerometer; autoplay; clipboard-write; encrypted-media; gyroscope; picture-in-picture; web-share\" referrerpolicy=\"strict-origin-when-cross-origin\" allowfullscreen><\/iframe><\/div>\n<div class=\"ast-oembed-container \" style=\"height: 100%;\"><iframe loading=\"lazy\" title=\"Tomate Bueno F1, avantajele cultivarii unui hibrid profesional #tomate #seminteplante.ro\" width=\"500\" height=\"281\" src=\"https:\/\/www.youtube.com\/embed\/35HlJ1QHn-M?feature=oembed\" frameborder=\"0\" allow=\"accelerometer; autoplay; clipboard-write; encrypted-media; gyroscope; picture-in-picture; web-share\" referrerpolicy=\"strict-origin-when-cross-origin\" allowfullscreen><\/iframe><\/div>\n<h6 style=\"text-align: left;\"><span style=\"color: #ff0000;\"><strong>Bueno F1\u00a0<\/strong>este un hibrid nou de tomate, \u00a0foarte productiv,cu crestere nedeterminata, din gama Nongwoo Bio. <\/span><\/h6>\n<h6 style=\"text-align: left;\">Fructele sunt de culoare\u00a0 ro\u0219ie-intens\u0103, cu un aspect comercial excelent .<\/h6>\n<h6 style=\"text-align: left;\"><span style=\"color: #0000ff;\">De m\u0103rime mare, cu greutate medie cuprins\u0103 \u00eentre 240-260 de grame \u0219i prezint\u0103 o fermitate excelent\u0103, caracteristic\u0103 ce permite transportul \u0219i p\u0103strarea \u00een bune condi\u021bii (long shelf life).<\/span><\/h6>\n<h6><span style=\"color: #0000ff;\">Gustul este bun, dulce, slab acid,\u00a0 prea dulce, dup\u0103 unii speciali\u0219ti.<\/span><\/h6>\n<h6><span style=\"color: #ff0000;\">Hibridul de tomate\u00a0<strong>Bueno\u00a0F1\u00a0<\/strong>leag\u0103 excelent \u00een diverse condi\u021bii, at\u00e2t in cele din primavar\u0103-toamn\u0103,cu temprtaturi mai sc\u0103zute, cat si \u00een cele din var\u0103, cu temperaturi ridicate, asigur\u00e2nd astfel o productivitate \u00eenalt\u0103.<\/span><\/h6>\n<h6><span style=\"color: #0000ff;\">Pe langa avantajele prezentate mai sus, hibridul de tomate Bueno\u00a0<strong>F1\u00a0<\/strong>prezinta un pachet excelent de rezistente la boli.<\/span><\/h6>\n<h6><span style=\"color: #0000ff;\">Rezistente la boli:<\/span><\/h6>\n<ul>\n<li>\n<h6><span style=\"color: #0000ff;\">ToMV &#8211;\u00a0Virusul mozaicul tomatelor;<\/span><\/h6>\n<\/li>\n<li>\n<h6><span style=\"color: #0000ff;\">Ff:A-E &#8211; Patarea cafenie a frunzelor de tomate;<\/span><\/h6>\n<\/li>\n<li>\n<h6><span style=\"color: #0000ff;\">Fol:1,2 &#8211; Fuzarioza;<\/span><\/h6>\n<\/li>\n<li>\n<h6><span style=\"color: #0000ff;\">Vd &#8211; Verticilioza &#8211; Verticilium dahliae;<\/span><\/h6>\n<\/li>\n<li>\n<h6><span style=\"color: #0000ff;\">TYLCV &#8211; Virusul incretirii gabene a frunzelor de tomate;<\/span><\/h6>\n<\/li>\n<li>\n<h6><span style=\"color: #0000ff;\">TSWV -Virusul petelor de bronz la tomate<\/span><\/h6>\n<\/li>\n<li>\n<h6><span style=\"color: #0000ff;\">Ma, Mi, Mj &#8211; Nematozi.<\/span><\/h6>\n<\/li>\n<\/ul>\n<h6><\/h6>\n","protected":false},"excerpt":{"rendered":"<h6><span style=\"color: #ff00ff;\">FOARTE DULCE, EXTR<\/span><span style=\"color: #ff00ff;\">EM DE\u00a0 PRODUCTIV !<\/span><\/h6>\n<h6><span style=\"color: #ff00ff;\">Vezi videoclip !<\/span><\/h6>\n","protected":false},"featured_media":10862,"comment_status":"open","ping_status":"closed","template":"","meta":{"site-sidebar-layout":"default","site-content-layout":"default","ast-site-content-layout":"default","site-content-style":"default","site-sidebar-style":"default","ast-global-header-display":"","ast-banner-title-visibility":"","ast-main-header-display":"","ast-hfb-above-header-display":"","ast-hfb-below-header-display":"","ast-hfb-mobile-header-display":"","site-post-title":"","ast-breadcrumbs-content":"","ast-featured-img":"","footer-sml-layout":"","ast-disable-related-posts":"","theme-transparent-header-meta":"default","adv-header-id-meta":"","stick-header-meta":"","header-above-stick-meta":"","header-main-stick-meta":"","header-below-stick-meta":"","astra-migrate-meta-layouts":"set","ast-page-background-enabled":"default","ast-page-background-meta":{"desktop":{"background-color":"var(--ast-global-color-4)","background-image":"","background-repeat":"repeat","background-position":"center center","background-size":"auto","background-attachment":"scroll","background-type":"","background-media":"","overlay-type":"","overlay-color":"","overlay-opacity":"","overlay-gradient":""},"tablet":{"background-color":"","background-image":"","background-repeat":"repeat","background-position":"center center","background-size":"auto","background-attachment":"scroll","background-type":"","background-media":"","overlay-type":"","overlay-color":"","overlay-opacity":"","overlay-gradient":""},"mobile":{"background-color":"","background-image":"","background-repeat":"repeat","background-position":"center center","background-size":"auto","background-attachment":"scroll","background-type":"","background-media":"","overlay-type":"","overlay-color":"","overlay-opacity":"","overlay-gradient":""}},"ast-content-background-meta":{"desktop":{"background-color":"var(--ast-global-color-5)","background-image":"","background-repeat":"repeat","background-position":"center center","background-size":"auto","background-attachment":"scroll","background-type":"","background-media":"","overlay-type":"","overlay-color":"","overlay-opacity":"","overlay-gradient":""},"tablet":{"background-color":"var(--ast-global-color-5)","background-image":"","background-repeat":"repeat","background-position":"center center","background-size":"auto","background-attachment":"scroll","background-type":"","background-media":"","overlay-type":"","overlay-color":"","overlay-opacity":"","overlay-gradient":""},"mobile":{"background-color":"var(--ast-global-color-5)","background-image":"","background-repeat":"repeat","background-position":"center center","background-size":"auto","background-attachment":"scroll","background-type":"","background-media":"","overlay-type":"","overlay-color":"","overlay-opacity":"","overlay-gradient":""}}},"product_brand":[],"product_cat":[110],"product_tag":[],"class_list":{"0":"post-13300","1":"product","2":"type-product","3":"status-publish","4":"has-post-thumbnail","6":"product_cat-tomate-hibrid","7":"pa_cantitate-10-seminte","8":"pa_cantitate-100-seminte","9":"pa_cantitate-200-seminte","10":"pa_cantitate-25-seminte","11":"pa_cantitate-250-seminte","12":"pa_cantitate-5-seminte","13":"pa_cantitate-50-seminte","14":"pa_cantitate-500-seminte","15":"desktop-align-left","16":"tablet-align-left","17":"mobile-align-left","19":"first","20":"instock","21":"sale","22":"taxable","23":"shipping-taxable","24":"purchasable","25":"product-type-variable"},"_links":{"self":[{"href":"https:\/\/vivasem.ro\/index.php?rest_route=\/wp\/v2\/product\/13300","targetHints":{"allow":["GET"]}}],"collection":[{"href":"https:\/\/vivasem.ro\/index.php?rest_route=\/wp\/v2\/product"}],"about":[{"href":"https:\/\/vivasem.ro\/index.php?rest_route=\/wp\/v2\/types\/product"}],"replies":[{"embeddable":true,"href":"https:\/\/vivasem.ro\/index.php?rest_route=%2Fwp%2Fv2%2Fcomments&post=13300"}],"wp:featuredmedia":[{"embeddable":true,"href":"https:\/\/vivasem.ro\/index.php?rest_route=\/wp\/v2\/media\/10862"}],"wp:attachment":[{"href":"https:\/\/vivasem.ro\/index.php?rest_route=%2Fwp%2Fv2%2Fmedia&parent=13300"}],"wp:term":[{"taxonomy":"product_brand","embeddable":true,"href":"https:\/\/vivasem.ro\/index.php?rest_route=%2Fwp%2Fv2%2Fproduct_brand&post=13300"},{"taxonomy":"product_cat","embeddable":true,"href":"https:\/\/vivasem.ro\/index.php?rest_route=%2Fwp%2Fv2%2Fproduct_cat&post=13300"},{"taxonomy":"product_tag","embeddable":true,"href":"https:\/\/vivasem.ro\/index.php?rest_route=%2Fwp%2Fv2%2Fproduct_tag&post=13300"}],"curies":[{"name":"wp","href":"https:\/\/api.w.org\/{rel}","templated":true}]}}