{"id":13293,"date":"2024-10-09T09:30:22","date_gmt":"2024-10-09T07:30:22","guid":{"rendered":"https:\/\/vivasem.ro\/?post_type=product&#038;p=13293"},"modified":"2025-11-21T22:23:37","modified_gmt":"2025-11-21T20:23:37","slug":"ardei-capia-feraro-f1-11s-hazera","status":"publish","type":"product","link":"https:\/\/vivasem.ro\/?product=ardei-capia-feraro-f1-11s-hazera","title":{"rendered":"\u201e\u201eARDEI CAPIA FERARO F1 (11s) (Hazera)"},"content":{"rendered":"<h6 style=\"text-align: left;\"><span style=\"color: #ff0000;\"><u>ARDEI CAPIA FERARO F1 ,\u00a0<\/u><\/span> \u00a0\u00a0 \u00a0\u00a0 \u00a0\u00a0 \u00a0\u00a0 \u00a0\u00a0 \u00a0\u00a0 \u00a0\u00a0 \u00a0\u00a0 \u00a0\u00a0 \u00a0\u00a0 \u00a0\u00a0 <a href=\"https:\/\/vivasem.ro\/wp-content\/uploads\/2021\/11\/HAZERA-LOGO-original.jpg\"><img loading=\"lazy\" decoding=\"async\" class=\"alignnone wp-image-11430\" src=\"https:\/\/vivasem.ro\/wp-content\/uploads\/2021\/11\/HAZERA-LOGO-300x120.jpg\" alt=\"\" width=\"183\" height=\"73\" srcset=\"https:\/\/vivasem.ro\/wp-content\/uploads\/2021\/11\/HAZERA-LOGO-300x120.jpg 300w, https:\/\/vivasem.ro\/wp-content\/uploads\/2021\/11\/HAZERA-LOGO-original-248x99.jpg 248w, https:\/\/vivasem.ro\/wp-content\/uploads\/2021\/11\/HAZERA-LOGO-original.jpg 354w\" sizes=\"auto, (max-width: 183px) 100vw, 183px\" \/><\/a><\/h6>\n<h6 style=\"text-align: left;\"><u><\/u><span style=\"color: #ff0000;\"><u>-Produc\u0103tor :HAZERA Israel,<\/u><\/span><\/h6>\n<h6><span style=\"color: #0000ff;\">Hibrid profesional timpuriu, de ardei tip capia.<br \/>\n<strong>Planta acestui hibrid de ardei kapia este viguroasa si are o crestere nedeterminat\u0103.<\/strong><br \/>\n<strong>Tulpina se poate conduce pe 2 \u2013 3 bra\u021be.<\/strong><br \/>\n<span style=\"color: #ff0000;\"><strong>Fructele\u00a0 au 2 \u2013 3 lobi, o lungime de aproximativ 20 \u2013 22 cm si peretele gros de 5 -8 mm.,greutatea medie este de peste 130-150 grame. <\/strong><\/span><\/span><\/h6>\n<h6><span style=\"color: #0000ff;\"><strong>Ini\u021bial <\/strong><strong>au culoare verde, devenind ro\u0219u intens la coacere.<\/strong><br \/>\n<strong>Recomandat pentru cultura de var\u0103 \u0219i toamn\u0103, at\u00e2t \u00een c\u00e2mp, gr\u0103din\u0103, c\u00e2t \u0219i \u00een spa\u021bii protejate .<\/strong><br \/>\n<\/span><\/h6>\n<h6><span style=\"color: #ff0000;\">Fructele au o cantitate mare de substanta uscat\u0103,<\/span> pretandu-se pentru industrializare ,conservare, dar \u0219i consumului in stare proaspata .<br \/>\n<span style=\"color: #ff0000;\">Prezinta o excelenta <a class=\"wordtip\" style=\"color: #ff0000;\" title=\"Soi, hibrid sau linie de planta cultivata care reactioneaza slab la infectia unui agent patogen, pierzand putin din productie.\">tolerant<\/a>a la stres termic !\u00a0<\/span><strong><br \/>\n<\/strong>Hibrid rezistent la Virusul Tutunului <strong>Tobamo (Tobamo Virus )<\/strong>.<\/h6>\n<h6><span style=\"color: #0000ff;\">DE CULTIVAT \u00ceN GR\u0102DIN\u0102 \u0218I \u00ceN SOLAR!<\/span><\/h6>\n<h6><span style=\"color: #000080;\">PENTRU VARIANTELE DE CANTITATE , DE MAI JOS, SPECIFICA\u021aI \u00ceN FORMULARUL DE COMAND\u0102, LA RUBRICA *NOT\u0102 DE COMAND\u0102*, CANTITATEA DORIT\u0102:<\/span><\/h6>\n<h6><span style=\"color: #000080;\">250 SEMIN\u021aE \/40\u00a0 LEI<\/span><\/h6>\n<h6><\/h6>\n<h6><span style=\"color: #000080;\">PENTRU CANTIT\u0102TE MAI MARE, DA\u021aI TELEFON \u0218I SE OFER\u0102 PRE\u021a SPECIAL !<\/span><\/h6>\n<p>&nbsp;<\/p>\n","protected":false},"excerpt":{"rendered":"<h6><span style=\"color: #0000ff;\">11 SEMIN\u021aE\u00a0<\/span><\/h6>\n<h6><span style=\"color: #ff00ff;\">REZISTENT LA C\u0102LDUR\u0102, <\/span><span style=\"color: #ff00ff;\">TIMPURIU \u0218I <\/span><span style=\"color: #ff00ff;\">FOARTE\u00a0 PRODUCTIV!<\/span><\/h6>\n","protected":false},"featured_media":9288,"comment_status":"open","ping_status":"closed","template":"","meta":{"site-sidebar-layout":"default","site-content-layout":"default","ast-site-content-layout":"default","site-content-style":"default","site-sidebar-style":"default","ast-global-header-display":"","ast-banner-title-visibility":"","ast-main-header-display":"","ast-hfb-above-header-display":"","ast-hfb-below-header-display":"","ast-hfb-mobile-header-display":"","site-post-title":"","ast-breadcrumbs-content":"","ast-featured-img":"","footer-sml-layout":"","ast-disable-related-posts":"","theme-transparent-header-meta":"default","adv-header-id-meta":"","stick-header-meta":"","header-above-stick-meta":"","header-main-stick-meta":"","header-below-stick-meta":"","astra-migrate-meta-layouts":"set","ast-page-background-enabled":"default","ast-page-background-meta":{"desktop":{"background-color":"var(--ast-global-color-4)","background-image":"","background-repeat":"repeat","background-position":"center center","background-size":"auto","background-attachment":"scroll","background-type":"","background-media":"","overlay-type":"","overlay-color":"","overlay-opacity":"","overlay-gradient":""},"tablet":{"background-color":"","background-image":"","background-repeat":"repeat","background-position":"center center","background-size":"auto","background-attachment":"scroll","background-type":"","background-media":"","overlay-type":"","overlay-color":"","overlay-opacity":"","overlay-gradient":""},"mobile":{"background-color":"","background-image":"","background-repeat":"repeat","background-position":"center center","background-size":"auto","background-attachment":"scroll","background-type":"","background-media":"","overlay-type":"","overlay-color":"","overlay-opacity":"","overlay-gradient":""}},"ast-content-background-meta":{"desktop":{"background-color":"var(--ast-global-color-5)","background-image":"","background-repeat":"repeat","background-position":"center center","background-size":"auto","background-attachment":"scroll","background-type":"","background-media":"","overlay-type":"","overlay-color":"","overlay-opacity":"","overlay-gradient":""},"tablet":{"background-color":"var(--ast-global-color-5)","background-image":"","background-repeat":"repeat","background-position":"center center","background-size":"auto","background-attachment":"scroll","background-type":"","background-media":"","overlay-type":"","overlay-color":"","overlay-opacity":"","overlay-gradient":""},"mobile":{"background-color":"var(--ast-global-color-5)","background-image":"","background-repeat":"repeat","background-position":"center center","background-size":"auto","background-attachment":"scroll","background-type":"","background-media":"","overlay-type":"","overlay-color":"","overlay-opacity":"","overlay-gradient":""}}},"product_brand":[],"product_cat":[84,145],"product_tag":[],"class_list":{"0":"post-13293","1":"product","2":"type-product","3":"status-publish","4":"has-post-thumbnail","6":"product_cat-ardei","7":"product_cat-ardei-hibrid","8":"desktop-align-left","9":"tablet-align-left","10":"mobile-align-left","12":"first","13":"outofstock","14":"taxable","15":"shipping-taxable","16":"purchasable","17":"product-type-simple"},"_links":{"self":[{"href":"https:\/\/vivasem.ro\/index.php?rest_route=\/wp\/v2\/product\/13293","targetHints":{"allow":["GET"]}}],"collection":[{"href":"https:\/\/vivasem.ro\/index.php?rest_route=\/wp\/v2\/product"}],"about":[{"href":"https:\/\/vivasem.ro\/index.php?rest_route=\/wp\/v2\/types\/product"}],"replies":[{"embeddable":true,"href":"https:\/\/vivasem.ro\/index.php?rest_route=%2Fwp%2Fv2%2Fcomments&post=13293"}],"wp:featuredmedia":[{"embeddable":true,"href":"https:\/\/vivasem.ro\/index.php?rest_route=\/wp\/v2\/media\/9288"}],"wp:attachment":[{"href":"https:\/\/vivasem.ro\/index.php?rest_route=%2Fwp%2Fv2%2Fmedia&parent=13293"}],"wp:term":[{"taxonomy":"product_brand","embeddable":true,"href":"https:\/\/vivasem.ro\/index.php?rest_route=%2Fwp%2Fv2%2Fproduct_brand&post=13293"},{"taxonomy":"product_cat","embeddable":true,"href":"https:\/\/vivasem.ro\/index.php?rest_route=%2Fwp%2Fv2%2Fproduct_cat&post=13293"},{"taxonomy":"product_tag","embeddable":true,"href":"https:\/\/vivasem.ro\/index.php?rest_route=%2Fwp%2Fv2%2Fproduct_tag&post=13293"}],"curies":[{"name":"wp","href":"https:\/\/api.w.org\/{rel}","templated":true}]}}