{"id":13281,"date":"2024-10-02T11:51:54","date_gmt":"2024-10-02T09:51:54","guid":{"rendered":"https:\/\/vivasem.ro\/?post_type=product&#038;p=13281"},"modified":"2026-02-14T12:22:16","modified_gmt":"2026-02-14T10:22:16","slug":"oceano-f1-sakata","status":"publish","type":"product","link":"https:\/\/vivasem.ro\/?product=oceano-f1-sakata","title":{"rendered":".OCEANO F1-Sakata"},"content":{"rendered":"<h6><span style=\"color: #ff0000;\"><strong><u>OCEANO F1 ,<\/u><\/strong><\/span>\u00a0 \u00a0 \u00a0 \u00a0 \u00a0 \u00a0 \u00a0 \u00a0 \u00a0 \u00a0 \u00a0 \u00a0 \u00a0 \u00a0 <span style=\"color: #ff0000;\"><strong><u><img loading=\"lazy\" decoding=\"async\" class=\"alignnone wp-image-13184\" src=\"https:\/\/vivasem.ro\/wp-content\/uploads\/2024\/09\/SAKATA-300x60.png\" alt=\"\" width=\"205\" height=\"41\" srcset=\"https:\/\/vivasem.ro\/wp-content\/uploads\/2024\/09\/SAKATA-300x60.png 300w, https:\/\/vivasem.ro\/wp-content\/uploads\/2024\/09\/SAKATA-248x50.png 248w, https:\/\/vivasem.ro\/wp-content\/uploads\/2024\/09\/SAKATA-150x30.png 150w, https:\/\/vivasem.ro\/wp-content\/uploads\/2024\/09\/SAKATA.png 489w\" sizes=\"auto, (max-width: 205px) 100vw, 205px\" \/><\/u><\/strong><\/span><\/h6>\n<h6><span style=\"color: #ff0000;\"><strong><u>Semin\u021be produse de :SAKATA VEGETABLES EUROPE-France<\/u><\/strong><\/span><\/h6>\n<p>&nbsp;<\/p>\n<p>&nbsp;<\/p>\n<h6><\/h6>\n<p>https:\/\/youtube.com\/clip\/UgkxnxttEX49HKgCocYGtVzc6GtC-b-rHFcB?si=jtET6l5JAb39f9dH<\/p>\n<div class=\"ast-oembed-container \" style=\"height: 100%;\"><iframe loading=\"lazy\" title=\"VIZIT\u0102 LA NICU GR\u0102DINAR PASIONAT - DE LA R\u0102SAD LA RECOLTAT\" width=\"500\" height=\"281\" src=\"https:\/\/www.youtube.com\/embed\/DeBMojIdcsA?feature=oembed\" frameborder=\"0\" allow=\"accelerometer; autoplay; clipboard-write; encrypted-media; gyroscope; picture-in-picture; web-share\" referrerpolicy=\"strict-origin-when-cross-origin\" allowfullscreen><\/iframe><\/div>\n<h6><span style=\"color: #000080;\"><strong>Oceano F1 este un hibrid de tomate cu cre\u0219tere nedeterminat\u0103, de tip saladette, extrem de productiv, ce poate produce intre 8-10 inflorescen\u021be pe plant\u0103, cu 10-12 fructe la fiecare etaj.<\/strong><\/span><\/h6>\n<h6><span style=\"color: #0000ff;\">Plantele sunt puternice \u0219i produc fructe foarte gustoase, ferme, oval-alungite, de culoare ro\u0219u aprins, foarte atractive, f\u0103r\u0103 umeri verzi. <\/span><\/h6>\n<h6><span style=\"color: #0000ff;\">Greutatea medie a fructelor este de 160-180 g.<\/span><\/h6>\n<h6><span style=\"color: #000080;\">Se preteaz\u0103 foarte bine ciclurilor scurte de cultur\u0103, primavar\u0103 sau toamn\u0103<\/span><\/h6>\n<h6><span style=\"color: #0000ff;\">Este un hibrid foarte rezistent la un num\u0103r mare de boli.<\/span><\/h6>\n<h6><span style=\"color: #0000ff;\">Prezint\u0103 rezisten\u021b\u0103 ridicat\u0103 la :<\/span><\/h6>\n<h6><span style=\"color: #0000ff;\">Virusul mozaicului tomatelor,TOMV: 0, 1, 2<\/span><\/h6>\n<h6><span style=\"color: #0000ff;\">Ofilirea vascular\u0103 Fol: 0, 1<\/span><\/h6>\n<h6><span style=\"color: #0000ff;\">\u00a0Uscarea vascular\u0103 Vd: 0<\/span><\/h6>\n<h6><span style=\"color: #0000ff;\">Rezistenta intermediara la:<\/span><\/h6>\n<h6><span style=\"color: #0000ff;\"> TSWV (Virusul petelor de bronz)<b>\u00a0<\/b>si TYLCV (Virusul Rasucirii si Ingalbenirii Frunzelor).\u00a0<\/span><\/h6>\n<h6><span style=\"color: #0000ff;\">Sakata<\/span><\/h6>\n<h6><span style=\"color: #333399;\">Acest hibrid, poate fi cultivat \u0219i \u00een gr\u0103din\u0103 , \u0219i \u00een solarii, cu foarte bune rezultate .<\/span><\/h6>\n<h6><span style=\"color: #333399;\">\u00ceN SOLARII, CULTIVAREA SE POATE FACE, \u00ceN 2 CICLURI, SAU, \u00ceNTR-UNUL,PRELUNGIT, C\u00c2ND POATE AJUNGE LA 8-10 ETAJE ,CU 10-12 FRUCTE.<\/span><\/h6>\n<h6><span style=\"color: #333399;\">PRODUCTIVITATEA ESTE\u00a0 MARE, CONSTANT\u0102 P\u00c2N\u0102 LA FINALUL SEZONULUI.\u00a0<\/span><\/h6>\n<h6><strong><u>Produc\u0103tor semin\u021be:Nirit Seeds Ltd. Istrael<\/u><\/strong><\/h6>\n<h6>Ambalare \u00een plic ZIP etichetat.<\/h6>\n","protected":false},"excerpt":{"rendered":"<h6><span style=\"color: #ff00ff;\">GUST EXCELENT ! <\/span><span style=\"color: #ff00ff;\">EXTREM DE PRODUCTIV !<\/span><\/h6>\n<h6><span style=\"color: #ff00ff;\">VEZI VIDEOCLIP !<\/span><\/h6>\n<h5><\/h5>\n<h6><\/h6>\n","protected":false},"featured_media":13186,"comment_status":"open","ping_status":"closed","template":"","meta":{"site-sidebar-layout":"default","site-content-layout":"default","ast-site-content-layout":"default","site-content-style":"default","site-sidebar-style":"default","ast-global-header-display":"","ast-banner-title-visibility":"","ast-main-header-display":"","ast-hfb-above-header-display":"","ast-hfb-below-header-display":"","ast-hfb-mobile-header-display":"","site-post-title":"","ast-breadcrumbs-content":"","ast-featured-img":"","footer-sml-layout":"","ast-disable-related-posts":"","theme-transparent-header-meta":"default","adv-header-id-meta":"","stick-header-meta":"","header-above-stick-meta":"","header-main-stick-meta":"","header-below-stick-meta":"","astra-migrate-meta-layouts":"set","ast-page-background-enabled":"default","ast-page-background-meta":{"desktop":{"background-color":"var(--ast-global-color-4)","background-image":"","background-repeat":"repeat","background-position":"center center","background-size":"auto","background-attachment":"scroll","background-type":"","background-media":"","overlay-type":"","overlay-color":"","overlay-opacity":"","overlay-gradient":""},"tablet":{"background-color":"","background-image":"","background-repeat":"repeat","background-position":"center center","background-size":"auto","background-attachment":"scroll","background-type":"","background-media":"","overlay-type":"","overlay-color":"","overlay-opacity":"","overlay-gradient":""},"mobile":{"background-color":"","background-image":"","background-repeat":"repeat","background-position":"center center","background-size":"auto","background-attachment":"scroll","background-type":"","background-media":"","overlay-type":"","overlay-color":"","overlay-opacity":"","overlay-gradient":""}},"ast-content-background-meta":{"desktop":{"background-color":"var(--ast-global-color-5)","background-image":"","background-repeat":"repeat","background-position":"center center","background-size":"auto","background-attachment":"scroll","background-type":"","background-media":"","overlay-type":"","overlay-color":"","overlay-opacity":"","overlay-gradient":""},"tablet":{"background-color":"var(--ast-global-color-5)","background-image":"","background-repeat":"repeat","background-position":"center center","background-size":"auto","background-attachment":"scroll","background-type":"","background-media":"","overlay-type":"","overlay-color":"","overlay-opacity":"","overlay-gradient":""},"mobile":{"background-color":"var(--ast-global-color-5)","background-image":"","background-repeat":"repeat","background-position":"center center","background-size":"auto","background-attachment":"scroll","background-type":"","background-media":"","overlay-type":"","overlay-color":"","overlay-opacity":"","overlay-gradient":""}}},"product_brand":[],"product_cat":[110],"product_tag":[],"class_list":{"0":"post-13281","1":"product","2":"type-product","3":"status-publish","4":"has-post-thumbnail","6":"product_cat-tomate-hibrid","7":"pa_cantitate-10-seminte","8":"pa_cantitate-100-seminte","9":"pa_cantitate-200-seminte","10":"pa_cantitate-25-seminte","11":"pa_cantitate-50-seminte","12":"desktop-align-left","13":"tablet-align-left","14":"mobile-align-left","16":"first","17":"instock","18":"taxable","19":"shipping-taxable","20":"purchasable","21":"product-type-variable"},"_links":{"self":[{"href":"https:\/\/vivasem.ro\/index.php?rest_route=\/wp\/v2\/product\/13281","targetHints":{"allow":["GET"]}}],"collection":[{"href":"https:\/\/vivasem.ro\/index.php?rest_route=\/wp\/v2\/product"}],"about":[{"href":"https:\/\/vivasem.ro\/index.php?rest_route=\/wp\/v2\/types\/product"}],"replies":[{"embeddable":true,"href":"https:\/\/vivasem.ro\/index.php?rest_route=%2Fwp%2Fv2%2Fcomments&post=13281"}],"wp:featuredmedia":[{"embeddable":true,"href":"https:\/\/vivasem.ro\/index.php?rest_route=\/wp\/v2\/media\/13186"}],"wp:attachment":[{"href":"https:\/\/vivasem.ro\/index.php?rest_route=%2Fwp%2Fv2%2Fmedia&parent=13281"}],"wp:term":[{"taxonomy":"product_brand","embeddable":true,"href":"https:\/\/vivasem.ro\/index.php?rest_route=%2Fwp%2Fv2%2Fproduct_brand&post=13281"},{"taxonomy":"product_cat","embeddable":true,"href":"https:\/\/vivasem.ro\/index.php?rest_route=%2Fwp%2Fv2%2Fproduct_cat&post=13281"},{"taxonomy":"product_tag","embeddable":true,"href":"https:\/\/vivasem.ro\/index.php?rest_route=%2Fwp%2Fv2%2Fproduct_tag&post=13281"}],"curies":[{"name":"wp","href":"https:\/\/api.w.org\/{rel}","templated":true}]}}