{"id":13235,"date":"2024-10-02T10:09:29","date_gmt":"2024-10-02T08:09:29","guid":{"rendered":"https:\/\/vivasem.ro\/?post_type=product&#038;p=13235"},"modified":"2025-03-06T23:45:00","modified_gmt":"2025-03-06T21:45:00","slug":"vp-viva-f1-nirit-seeds-ltd-500s","status":"publish","type":"product","link":"https:\/\/vivasem.ro\/?product=vp-viva-f1-nirit-seeds-ltd-500s","title":{"rendered":".VP Viva F1 (Harmoniz) (500s)"},"content":{"rendered":"<h6><span style=\"color: #ff0000;\"><strong><u>VP Viva F1,<\/u><\/strong><\/span><\/h6>\n<h6><span style=\"color: #ff0000;\"><strong><u>Semin\u021be produse \u0219i ambalate de:<\/u><\/strong><\/span>\u00a0 \u00a0 \u00a0 \u00a0 \u00a0 \u00a0 \u00a0 \u00a0 \u00a0 \u00a0 \u00a0 \u00a0 \u00a0 \u00a0 \u00a0 \u00a0 <img loading=\"lazy\" decoding=\"async\" class=\"alignnone wp-image-13294\" src=\"https:\/\/vivasem.ro\/wp-content\/uploads\/2024\/10\/HARMONIZ-300x141.png\" alt=\"\" width=\"210\" height=\"99\" srcset=\"https:\/\/vivasem.ro\/wp-content\/uploads\/2024\/10\/HARMONIZ-300x141.png 300w, https:\/\/vivasem.ro\/wp-content\/uploads\/2024\/10\/HARMONIZ-248x117.png 248w, https:\/\/vivasem.ro\/wp-content\/uploads\/2024\/10\/HARMONIZ-150x71.png 150w, https:\/\/vivasem.ro\/wp-content\/uploads\/2024\/10\/HARMONIZ.png 577w\" sizes=\"auto, (max-width: 210px) 100vw, 210px\" \/><\/h6>\n<h6><span style=\"color: #ff0000;\"><strong><u>Harmoniz Nirit Seeds Ltd.Israel,<\/u><\/strong><\/span><\/h6>\n<p>https:\/\/www.youtube.com\/watch?v=mGXbRHd_uXI&#038;t=208s<\/p>\n<p>&nbsp;<\/p>\n<p>&nbsp;<\/p>\n<p>&nbsp;<\/p>\n<div class=\"ast-oembed-container \" style=\"height: 100%;\"><iframe loading=\"lazy\" title=\"VIVA F1\" width=\"500\" height=\"281\" src=\"https:\/\/www.youtube.com\/embed\/EzcY35CULCE?feature=oembed\" frameborder=\"0\" allow=\"accelerometer; autoplay; clipboard-write; encrypted-media; gyroscope; picture-in-picture; web-share\" referrerpolicy=\"strict-origin-when-cross-origin\" allowfullscreen><\/iframe><\/div>\n<h6><span style=\"color: #000080;\"><strong><span style=\"color: #ff0000;\">VP Viva F1 este un hibrid nou de tomate\u00a0 cu cre\u0219tere nedeterminat\u0103, destinat\u00a0 pentru cultivarea in sere, solarii si c\u00e2mp deschis.<\/span><br \/>\nPlantele sunt puternice \u0219i rezistente, cu port semi-deschis, internodii scurte \u0219i r\u0103d\u0103cini puternice. <\/strong><\/span><\/h6>\n<h6><span style=\"color: #000080;\"><strong>Potentialul de produc\u021bie este foarte mare, iar pe fiecare ciorchine apar 4-5 flori normale, care printr-o buna fecundare asigur\u0103 un num\u0103r mare de fructe identice.<\/strong><\/span><\/h6>\n<h6><span style=\"color: #ff0000;\"><strong>Fructele sunt mari, de culoare ro\u0219u aprins, au dimensiuni uniforme \u0219i greutate medie de 240-300 g. de calitate \u00eenalt\u0103, c\u0103rnoase,cu o bun\u0103 f<\/strong>ermietate . rezistente la cr\u0103pare.<\/span><\/h6>\n<h6><span style=\"color: #ff0000;\"><strong>Gustul este excelent ,ca al ro\u0219iilor clasice de gr\u0103din\u0103 .<\/strong><\/span><\/h6>\n<h6>O caracteristic\u0103 special\u0103 a acestui hibrid este maturitatea sa timpurie, pe l\u00e2ng\u0103 dimensiunea mare \u0219i culoarea intens ro\u0219ie \u0219i atractiv\u0103 a fructului.<\/h6>\n<h6>Este un hibrid cu o bun\u0103 toleran\u021b\u0103 la urm\u0103toarele boli: <span style=\"color: #0000ff; font-size: 17.6px;\">V, F1, F2, TMV, TSWV, N, C5. (Virusul Mozaic al Tomatelor, Fusarium, Cladosporium).<\/span><\/h6>\n<h6><span style=\"color: #333399;\">Acest hibrid, poate fi cultivat \u0219i \u00een gr\u0103din\u0103 , \u0219i \u00een solarii, cu foarte bune rezultate .<\/span><\/h6>\n<h6><span style=\"color: #333399;\">PRODUCTIVITATEA ESTE\u00a0 MARE, CONSTANT\u0102 P\u00c2N\u0102 LA FINALUL SEZONULUI.\u00a0<\/span><\/h6>\n<h6><span style=\"color: #ff0000;\"><strong><u>Produc\u0103tor semin\u021be:Nirit Seeds Ltd. Istrael<\/u><\/strong><\/span><\/h6>\n","protected":false},"excerpt":{"rendered":"<h6>500 SEMIN\u021aE<\/h6>\n<h6><span style=\"color: #ff00ff;\">\u00a0GUST EXCEP\u021aIONAL ! <\/span><span style=\"color: #ff00ff;\">EXTREM DE PRODUCTIV !<\/span><\/h6>\n<h6><span style=\"color: #ff00ff;\">VEZI VIDEOCLIP !<\/span><\/h6>\n<h5><\/h5>\n<h6><\/h6>\n","protected":false},"featured_media":13241,"comment_status":"open","ping_status":"closed","template":"","meta":{"site-sidebar-layout":"default","site-content-layout":"default","ast-site-content-layout":"default","site-content-style":"default","site-sidebar-style":"default","ast-global-header-display":"","ast-banner-title-visibility":"","ast-main-header-display":"","ast-hfb-above-header-display":"","ast-hfb-below-header-display":"","ast-hfb-mobile-header-display":"","site-post-title":"","ast-breadcrumbs-content":"","ast-featured-img":"","footer-sml-layout":"","ast-disable-related-posts":"","theme-transparent-header-meta":"default","adv-header-id-meta":"","stick-header-meta":"","header-above-stick-meta":"","header-main-stick-meta":"","header-below-stick-meta":"","astra-migrate-meta-layouts":"set","ast-page-background-enabled":"default","ast-page-background-meta":{"desktop":{"background-color":"var(--ast-global-color-4)","background-image":"","background-repeat":"repeat","background-position":"center center","background-size":"auto","background-attachment":"scroll","background-type":"","background-media":"","overlay-type":"","overlay-color":"","overlay-opacity":"","overlay-gradient":""},"tablet":{"background-color":"","background-image":"","background-repeat":"repeat","background-position":"center center","background-size":"auto","background-attachment":"scroll","background-type":"","background-media":"","overlay-type":"","overlay-color":"","overlay-opacity":"","overlay-gradient":""},"mobile":{"background-color":"","background-image":"","background-repeat":"repeat","background-position":"center center","background-size":"auto","background-attachment":"scroll","background-type":"","background-media":"","overlay-type":"","overlay-color":"","overlay-opacity":"","overlay-gradient":""}},"ast-content-background-meta":{"desktop":{"background-color":"var(--ast-global-color-5)","background-image":"","background-repeat":"repeat","background-position":"center center","background-size":"auto","background-attachment":"scroll","background-type":"","background-media":"","overlay-type":"","overlay-color":"","overlay-opacity":"","overlay-gradient":""},"tablet":{"background-color":"var(--ast-global-color-5)","background-image":"","background-repeat":"repeat","background-position":"center center","background-size":"auto","background-attachment":"scroll","background-type":"","background-media":"","overlay-type":"","overlay-color":"","overlay-opacity":"","overlay-gradient":""},"mobile":{"background-color":"var(--ast-global-color-5)","background-image":"","background-repeat":"repeat","background-position":"center center","background-size":"auto","background-attachment":"scroll","background-type":"","background-media":"","overlay-type":"","overlay-color":"","overlay-opacity":"","overlay-gradient":""}}},"product_brand":[],"product_cat":[110],"product_tag":[],"class_list":{"0":"post-13235","1":"product","2":"type-product","3":"status-publish","4":"has-post-thumbnail","6":"product_cat-tomate-hibrid","7":"pa_z-cantitate-10-seminte","8":"pa_z-cantitate-100-seminte","9":"pa_z-cantitate-25-seminte","10":"pa_z-cantitate-50-seminte","11":"desktop-align-left","12":"tablet-align-left","13":"mobile-align-left","15":"first","16":"instock","17":"taxable","18":"shipping-taxable","19":"purchasable","20":"product-type-simple"},"_links":{"self":[{"href":"https:\/\/vivasem.ro\/index.php?rest_route=\/wp\/v2\/product\/13235","targetHints":{"allow":["GET"]}}],"collection":[{"href":"https:\/\/vivasem.ro\/index.php?rest_route=\/wp\/v2\/product"}],"about":[{"href":"https:\/\/vivasem.ro\/index.php?rest_route=\/wp\/v2\/types\/product"}],"replies":[{"embeddable":true,"href":"https:\/\/vivasem.ro\/index.php?rest_route=%2Fwp%2Fv2%2Fcomments&post=13235"}],"wp:featuredmedia":[{"embeddable":true,"href":"https:\/\/vivasem.ro\/index.php?rest_route=\/wp\/v2\/media\/13241"}],"wp:attachment":[{"href":"https:\/\/vivasem.ro\/index.php?rest_route=%2Fwp%2Fv2%2Fmedia&parent=13235"}],"wp:term":[{"taxonomy":"product_brand","embeddable":true,"href":"https:\/\/vivasem.ro\/index.php?rest_route=%2Fwp%2Fv2%2Fproduct_brand&post=13235"},{"taxonomy":"product_cat","embeddable":true,"href":"https:\/\/vivasem.ro\/index.php?rest_route=%2Fwp%2Fv2%2Fproduct_cat&post=13235"},{"taxonomy":"product_tag","embeddable":true,"href":"https:\/\/vivasem.ro\/index.php?rest_route=%2Fwp%2Fv2%2Fproduct_tag&post=13235"}],"curies":[{"name":"wp","href":"https:\/\/api.w.org\/{rel}","templated":true}]}}