{"id":13215,"date":"2024-09-30T16:39:39","date_gmt":"2024-09-30T14:39:39","guid":{"rendered":"https:\/\/vivasem.ro\/?post_type=product&#038;p=13215"},"modified":"2025-11-27T16:27:45","modified_gmt":"2025-11-27T14:27:45","slug":"tolstoi-f1-10","status":"publish","type":"product","link":"https:\/\/vivasem.ro\/?product=tolstoi-f1-10","title":{"rendered":"TOLSTOI F1"},"content":{"rendered":"<h6><u><span style=\"color: #ff6600;\"><b><a href=\"https:\/\/vivasem.ro\/wp-content\/uploads\/2022\/12\/BEJO.jpg\"><span style=\"color: #ff0000;\">TOLSTOI F1\u00a0<\/span><\/a><\/b><\/span><\/u><a href=\"https:\/\/vivasem.ro\/wp-content\/uploads\/2022\/12\/BEJO.jpg\"> \u00a0 \u00a0<\/a><a href=\"https:\/\/vivasem.ro\/wp-content\/uploads\/2022\/12\/BEJO.jpg\">\u00a0 \u00a0 \u00a0 \u00a0 \u00a0 \u00a0 \u00a0 \u00a0 \u00a0 \u00a0 \u00a0 \u00a0 \u00a0 \u00a0 \u00a0 \u00a0 \u00a0 \u00a0 \u00a0 \u00a0 \u00a0 \u00a0 \u00a0 \u00a0 \u00a0 \u00a0<\/a><a href=\"https:\/\/vivasem.ro\/wp-content\/uploads\/2022\/12\/BEJO.jpg\"><img loading=\"lazy\" decoding=\"async\" class=\"alignnone wp-image-8534\" src=\"https:\/\/vivasem.ro\/wp-content\/uploads\/2022\/12\/BEJO.jpg\" alt=\"\" width=\"38\" height=\"62\" \/><\/a><u><b><\/b><\/u><\/h6>\n<h6><span style=\"color: #ff0000;\"><u><b>Produc\u0103tor:Bejo Zaden Olanda.<\/b><\/u><\/span><\/h6>\n<div class=\"ast-oembed-container \" style=\"height: 100%;\"><iframe loading=\"lazy\" title=\"Rosii Tolstoi F1,tolstoi f1 tomato,rosii in solar\" width=\"500\" height=\"281\" src=\"https:\/\/www.youtube.com\/embed\/XNrHujCXQnU?feature=oembed\" frameborder=\"0\" allow=\"accelerometer; autoplay; clipboard-write; encrypted-media; gyroscope; picture-in-picture; web-share\" referrerpolicy=\"strict-origin-when-cross-origin\" allowfullscreen><\/iframe><\/div>\n<h6><span style=\"color: #ff0000;\"><strong>Hibridul<\/strong>\u00a0de\u00a0<strong>tomate<\/strong>\u00a0<strong>Tolstoi F1<\/strong>\u00a0 este foarte apreciat pentru productivitate \u0219i gust, fiind destinat consumului in stare proaspata.<\/span><\/h6>\n<h6><span style=\"color: #000080;\">Productivitatea foarte ridicat\u0103 este dat\u0103 prin num\u0103rul mare de fructe legate (7-8 \u00een ciorchine).<\/span><\/h6>\n<h6><span style=\"color: #000080;\">\u00a0FRUCTELE SUNT FOARTE GUSTOASE, AU UN RAPORT ECHILIBRAT ZAHAR\/ACIDITATE. <\/span><\/h6>\n<h6><span style=\"color: #000080;\">NU AU GULER VERDE, SUNT UNIFORME CA MARIME, C\u00c2NTARESC \u00ceN MEDIE \u00a0130-150 grame \u0218I CRESC \u00ceN CIORCHINI COMPAC\u021aI.<\/span><\/h6>\n<h6><span style=\"color: #333399;\">Fructele ,sunt sferice , simetrice, se coloreaza uniform, in ro\u0219u \u00eenchis, au pulpa ferm\u0103, \u00a0\u0219i au o bun\u0103 capacitate de p\u0103strare , de p\u00e2n\u0103 la\u00a0 2 saptamani dupa recoltare.<\/span><\/h6>\n<h6><span style=\"color: #333399;\">Plant\u0103 de vigurozitate medie.<\/span><\/h6>\n<h6><span style=\"color: #000080;\">ESTE UN HIBRID SEMITIMPURIU DE TOMATE CU CRE\u0218TERE NEDETERMINAT\u0102. <\/span><\/h6>\n<h6><span style=\"color: #000080;\">Se coace \u00een 70 zile de la transplantare.<\/span><\/h6>\n<h6><span style=\"color: #000080;\">Este recomandat pentru solarii si c\u00e2mp.<\/span><\/h6>\n<h6><span style=\"color: #000080;\"><strong>Hibridul<\/strong> este foarte productiv, fiind destinat consumului in stare proaspat\u0103.<\/span><\/h6>\n<h6><span style=\"color: #0000ff;\">Rezistenta ridicat\u0103 la urm\u0103toarele boli:Fol:0 \/ Fol:1 \/ Pf:A,B,C \/ ToMV \/ Va:0<\/span><\/h6>\n<ul>\n<li>\n<h6><span style=\"color: #0000ff;\">Fusarium oxysporum fysio 0,1: Fusarium oxysporum f.sp. lycopersici rasele 0,1;<\/span><\/h6>\n<\/li>\n<li>\n<h6><span style=\"color: #0000ff;\">Virusul mozaicului tomatelor (ToMV);<\/span><\/h6>\n<\/li>\n<li>\n<h6><span style=\"color: #0000ff;\">Verticilioza<\/span><\/h6>\n<\/li>\n<\/ul>\n<h6><span style=\"color: #0000ff;\">SEMIN\u021aELE AU FOST\u00a0 TRATATE CU FUNGICID MAXIM 480 FS (2,4 % \/g)pe baz\u0103 de\u00a0 fludioxonil.<\/span><\/h6>\n<h6><span style=\"color: #0000ff;\"> Fludioxonilul inhib\u0103 germinarea sporilor distrug\u00e2nd agen\u0163ii patogeni de pe suprafa\u0163a semin\u0163elor (inclusiv \u00een zona comisurii centrale a bobului) \u015fi creeaz\u0103 o barier\u0103 \u00een jurul semin\u0163ei \u00een momentul sem\u0103natului (nu permite infectarea semin\u0163ei cu agen\u0163i patogeni din sol).<\/span><\/h6>\n<h6><span style=\"color: #0000ff;\">SEMINTELE TRATATE POT FI TOXICE. <\/span><\/h6>\n<h6><span style=\"color: #0000ff;\">NU FOLOSI\u021aI SEMIN\u021aELE PENTRU CONSUM UMAN SAU ANIMAL.<\/span><\/h6>\n<h6><span style=\"color: #0000ff;\">NU LE L\u0102SA\u021aI LA \u00ceNDEM\u00c2NA COPIILOR.<\/span><\/h6>\n","protected":false},"excerpt":{"rendered":"<h6><span style=\"color: #0000ff;\">HIBRID FOARTE PRODUCTIV \u0218I GUSTOS.<\/span><\/h6>\n<h6><span style=\"color: #0000ff;\"><img loading=\"lazy\" decoding=\"async\" class=\"alignnone wp-image-15077\" src=\"https:\/\/vivasem.ro\/wp-content\/uploads\/2023\/12\/SUPEROFERTA-11-Copy-300x153.jpg\" alt=\"\" width=\"167\" height=\"85\" srcset=\"https:\/\/vivasem.ro\/wp-content\/uploads\/2023\/12\/SUPEROFERTA-11-Copy-300x153.jpg 300w, https:\/\/vivasem.ro\/wp-content\/uploads\/2023\/12\/SUPEROFERTA-11-Copy-248x126.jpg 248w, https:\/\/vivasem.ro\/wp-content\/uploads\/2023\/12\/SUPEROFERTA-11-Copy-590x301.jpg 590w, https:\/\/vivasem.ro\/wp-content\/uploads\/2023\/12\/SUPEROFERTA-11-Copy-150x77.jpg 150w, https:\/\/vivasem.ro\/wp-content\/uploads\/2023\/12\/SUPEROFERTA-11-Copy.jpg 700w\" sizes=\"auto, (max-width: 167px) 100vw, 167px\" \/><img loading=\"lazy\" decoding=\"async\" class=\"alignnone wp-image-6106\" src=\"https:\/\/vivasem.ro\/wp-content\/uploads\/2021\/12\/NOU3.jpg\" alt=\"\" width=\"85\" height=\"83\" srcset=\"https:\/\/vivasem.ro\/wp-content\/uploads\/2021\/12\/NOU3.jpg 270w, https:\/\/vivasem.ro\/wp-content\/uploads\/2021\/12\/NOU3-248x241.jpg 248w\" sizes=\"auto, (max-width: 85px) 100vw, 85px\" \/><\/span><\/h6>\n<h6><span style=\"color: #0000ff;\">VEZI VIDEO !<\/span><\/h6>\n<h6><\/h6>\n","protected":false},"featured_media":13251,"comment_status":"open","ping_status":"closed","template":"","meta":{"site-sidebar-layout":"default","site-content-layout":"default","ast-site-content-layout":"default","site-content-style":"default","site-sidebar-style":"default","ast-global-header-display":"","ast-banner-title-visibility":"","ast-main-header-display":"","ast-hfb-above-header-display":"","ast-hfb-below-header-display":"","ast-hfb-mobile-header-display":"","site-post-title":"","ast-breadcrumbs-content":"","ast-featured-img":"","footer-sml-layout":"","ast-disable-related-posts":"","theme-transparent-header-meta":"default","adv-header-id-meta":"","stick-header-meta":"","header-above-stick-meta":"","header-main-stick-meta":"","header-below-stick-meta":"","astra-migrate-meta-layouts":"set","ast-page-background-enabled":"default","ast-page-background-meta":{"desktop":{"background-color":"var(--ast-global-color-4)","background-image":"","background-repeat":"repeat","background-position":"center center","background-size":"auto","background-attachment":"scroll","background-type":"","background-media":"","overlay-type":"","overlay-color":"","overlay-opacity":"","overlay-gradient":""},"tablet":{"background-color":"","background-image":"","background-repeat":"repeat","background-position":"center center","background-size":"auto","background-attachment":"scroll","background-type":"","background-media":"","overlay-type":"","overlay-color":"","overlay-opacity":"","overlay-gradient":""},"mobile":{"background-color":"","background-image":"","background-repeat":"repeat","background-position":"center center","background-size":"auto","background-attachment":"scroll","background-type":"","background-media":"","overlay-type":"","overlay-color":"","overlay-opacity":"","overlay-gradient":""}},"ast-content-background-meta":{"desktop":{"background-color":"var(--ast-global-color-5)","background-image":"","background-repeat":"repeat","background-position":"center center","background-size":"auto","background-attachment":"scroll","background-type":"","background-media":"","overlay-type":"","overlay-color":"","overlay-opacity":"","overlay-gradient":""},"tablet":{"background-color":"var(--ast-global-color-5)","background-image":"","background-repeat":"repeat","background-position":"center center","background-size":"auto","background-attachment":"scroll","background-type":"","background-media":"","overlay-type":"","overlay-color":"","overlay-opacity":"","overlay-gradient":""},"mobile":{"background-color":"var(--ast-global-color-5)","background-image":"","background-repeat":"repeat","background-position":"center center","background-size":"auto","background-attachment":"scroll","background-type":"","background-media":"","overlay-type":"","overlay-color":"","overlay-opacity":"","overlay-gradient":""}}},"product_brand":[],"product_cat":[110],"product_tag":[],"class_list":{"0":"post-13215","1":"product","2":"type-product","3":"status-publish","4":"has-post-thumbnail","6":"product_cat-tomate-hibrid","7":"pa_cantitate-10-seminte","8":"pa_cantitate-100-seminte","9":"pa_cantitate-200-seminte","10":"pa_cantitate-25-seminte","11":"pa_cantitate-250-seminte","12":"pa_cantitate-50-seminte","13":"pa_cantitate-500-seminte","14":"desktop-align-left","15":"tablet-align-left","16":"mobile-align-left","18":"first","19":"instock","20":"sale","21":"taxable","22":"shipping-taxable","23":"purchasable","24":"product-type-variable"},"_links":{"self":[{"href":"https:\/\/vivasem.ro\/index.php?rest_route=\/wp\/v2\/product\/13215","targetHints":{"allow":["GET"]}}],"collection":[{"href":"https:\/\/vivasem.ro\/index.php?rest_route=\/wp\/v2\/product"}],"about":[{"href":"https:\/\/vivasem.ro\/index.php?rest_route=\/wp\/v2\/types\/product"}],"replies":[{"embeddable":true,"href":"https:\/\/vivasem.ro\/index.php?rest_route=%2Fwp%2Fv2%2Fcomments&post=13215"}],"wp:featuredmedia":[{"embeddable":true,"href":"https:\/\/vivasem.ro\/index.php?rest_route=\/wp\/v2\/media\/13251"}],"wp:attachment":[{"href":"https:\/\/vivasem.ro\/index.php?rest_route=%2Fwp%2Fv2%2Fmedia&parent=13215"}],"wp:term":[{"taxonomy":"product_brand","embeddable":true,"href":"https:\/\/vivasem.ro\/index.php?rest_route=%2Fwp%2Fv2%2Fproduct_brand&post=13215"},{"taxonomy":"product_cat","embeddable":true,"href":"https:\/\/vivasem.ro\/index.php?rest_route=%2Fwp%2Fv2%2Fproduct_cat&post=13215"},{"taxonomy":"product_tag","embeddable":true,"href":"https:\/\/vivasem.ro\/index.php?rest_route=%2Fwp%2Fv2%2Fproduct_tag&post=13215"}],"curies":[{"name":"wp","href":"https:\/\/api.w.org\/{rel}","templated":true}]}}