{"id":13212,"date":"2024-09-27T13:01:53","date_gmt":"2024-09-27T11:01:53","guid":{"rendered":"https:\/\/vivasem.ro\/?post_type=product&#038;p=13212"},"modified":"2025-12-30T10:26:47","modified_gmt":"2025-12-30T08:26:47","slug":"dixie-golden-giant-40s","status":"publish","type":"product","link":"https:\/\/vivasem.ro\/?product=dixie-golden-giant-40s","title":{"rendered":"DIXIE GOLDEN GIANT (Ofert\u0103 de pret\/G. 75-95%)"},"content":{"rendered":"<h6><span style=\"color: #ff0000;\">DIXIE GOLDEN GIANT-Reimeer Seeds USA,<\/span><\/h6>\n<h6><span style=\"color: #000080;\">Lot cu germina\u021bie de 75-95%.<\/span><\/h6>\n<h6><span style=\"color: #000080;\">SOI VECHI AMERICAN, HEIRLOOM, CULTIVAT DE COMUNITATEA AMISH, <\/span><span style=\"color: #000080;\">(DESPRE CARE \u0218TIM C\u0102 ARE ORIGINI OLANDEZE), \u00ceNAINTE DE 1930, C\u00c2ND A FOST ATESTAT PRIMA DAT\u0102,\u00a0<\/span><\/h6>\n<h6><span style=\"color: #ff0000;\">FRUCTELE\u00a0 MARI, \u00ceN MEDIE DE 200-500 grame, POT AJUNGE URIA\u0218E,PESTE 1 kilogram.<\/span><\/h6>\n<h6><span style=\"color: #ff0000;\">ACESTEA SUNT DE CULOAREA L\u0102M\u00c2IEI, TIP BEEFSTEAK, FOARTE C\u0102RNOASE,.<\/span><\/h6>\n<h6><span style=\"color: #000080;\">FOARTE DULCI, NEACIDE,AROMATE \u0218I DELICIOASE.<\/span><\/h6>\n<h6><span style=\"color: #000080;\">\u00ceN SEC\u021aIUNE , \u00ceN CENTRU,PREZINT\u0102 ZONE DE CULOARE RO\u0218IE, PULPA FERM\u0102, PERMITE T\u0102IEREA IN FELII, CUBULE\u021aE , ASPECTUL FELIILOR T\u0102IATE FIIND MINUNAT.<\/span><\/h6>\n<h6><span style=\"color: #000080;\">PLANTE NEDETERMINATE,TIMPURII.<\/span><\/h6>\n","protected":false},"excerpt":{"rendered":"<h6><span style=\"color: #ff00ff;\">SOI GIGANT\u00a0 DEOSEBIT !<\/span><\/h6>\n<h6><span style=\"color: #ff00ff;\">GUST EXCEP\u021aIONAL !<img loading=\"lazy\" decoding=\"async\" class=\"alignnone size-full wp-image-8306\" src=\"https:\/\/vivasem.ro\/wp-content\/uploads\/2021\/11\/RECOMAND-e1762844609348.jpg\" alt=\"\" width=\"87\" height=\"84\" \/><\/span><\/h6>\n","protected":false},"featured_media":2618,"comment_status":"open","ping_status":"closed","template":"","meta":{"site-sidebar-layout":"default","site-content-layout":"default","ast-site-content-layout":"default","site-content-style":"default","site-sidebar-style":"default","ast-global-header-display":"","ast-banner-title-visibility":"","ast-main-header-display":"","ast-hfb-above-header-display":"","ast-hfb-below-header-display":"","ast-hfb-mobile-header-display":"","site-post-title":"","ast-breadcrumbs-content":"","ast-featured-img":"","footer-sml-layout":"","ast-disable-related-posts":"","theme-transparent-header-meta":"default","adv-header-id-meta":"","stick-header-meta":"","header-above-stick-meta":"","header-main-stick-meta":"","header-below-stick-meta":"","astra-migrate-meta-layouts":"set","ast-page-background-enabled":"default","ast-page-background-meta":{"desktop":{"background-color":"var(--ast-global-color-4)","background-image":"","background-repeat":"repeat","background-position":"center center","background-size":"auto","background-attachment":"scroll","background-type":"","background-media":"","overlay-type":"","overlay-color":"","overlay-opacity":"","overlay-gradient":""},"tablet":{"background-color":"","background-image":"","background-repeat":"repeat","background-position":"center center","background-size":"auto","background-attachment":"scroll","background-type":"","background-media":"","overlay-type":"","overlay-color":"","overlay-opacity":"","overlay-gradient":""},"mobile":{"background-color":"","background-image":"","background-repeat":"repeat","background-position":"center center","background-size":"auto","background-attachment":"scroll","background-type":"","background-media":"","overlay-type":"","overlay-color":"","overlay-opacity":"","overlay-gradient":""}},"ast-content-background-meta":{"desktop":{"background-color":"var(--ast-global-color-5)","background-image":"","background-repeat":"repeat","background-position":"center center","background-size":"auto","background-attachment":"scroll","background-type":"","background-media":"","overlay-type":"","overlay-color":"","overlay-opacity":"","overlay-gradient":""},"tablet":{"background-color":"var(--ast-global-color-5)","background-image":"","background-repeat":"repeat","background-position":"center center","background-size":"auto","background-attachment":"scroll","background-type":"","background-media":"","overlay-type":"","overlay-color":"","overlay-opacity":"","overlay-gradient":""},"mobile":{"background-color":"var(--ast-global-color-5)","background-image":"","background-repeat":"repeat","background-position":"center center","background-size":"auto","background-attachment":"scroll","background-type":"","background-media":"","overlay-type":"","overlay-color":"","overlay-opacity":"","overlay-gradient":""}}},"product_brand":[],"product_cat":[180,139,141,15],"product_tag":[],"class_list":{"0":"post-13212","1":"product","2":"type-product","3":"status-publish","4":"has-post-thumbnail","6":"product_cat-oferte-de-pret-cantitate","7":"product_cat-tomate-galbene-orange-bicolore-verzi","8":"product_cat-soi-gigant-urias","9":"product_cat-tomate-soi","10":"pa_numar-s-40-120-seminte","11":"pa_numar-s-40-160-seminte","12":"pa_numar-s-40-20-seminte","13":"pa_numar-s-40-200-seminte","14":"pa_numar-s-40-40-seminte","15":"pa_numar-s-40-400-seminte","16":"pa_numar-s-40-80-seminte","17":"desktop-align-left","18":"tablet-align-left","19":"mobile-align-left","21":"first","22":"instock","23":"sale","24":"taxable","25":"shipping-taxable","26":"purchasable","27":"product-type-variable"},"_links":{"self":[{"href":"https:\/\/vivasem.ro\/index.php?rest_route=\/wp\/v2\/product\/13212","targetHints":{"allow":["GET"]}}],"collection":[{"href":"https:\/\/vivasem.ro\/index.php?rest_route=\/wp\/v2\/product"}],"about":[{"href":"https:\/\/vivasem.ro\/index.php?rest_route=\/wp\/v2\/types\/product"}],"replies":[{"embeddable":true,"href":"https:\/\/vivasem.ro\/index.php?rest_route=%2Fwp%2Fv2%2Fcomments&post=13212"}],"wp:featuredmedia":[{"embeddable":true,"href":"https:\/\/vivasem.ro\/index.php?rest_route=\/wp\/v2\/media\/2618"}],"wp:attachment":[{"href":"https:\/\/vivasem.ro\/index.php?rest_route=%2Fwp%2Fv2%2Fmedia&parent=13212"}],"wp:term":[{"taxonomy":"product_brand","embeddable":true,"href":"https:\/\/vivasem.ro\/index.php?rest_route=%2Fwp%2Fv2%2Fproduct_brand&post=13212"},{"taxonomy":"product_cat","embeddable":true,"href":"https:\/\/vivasem.ro\/index.php?rest_route=%2Fwp%2Fv2%2Fproduct_cat&post=13212"},{"taxonomy":"product_tag","embeddable":true,"href":"https:\/\/vivasem.ro\/index.php?rest_route=%2Fwp%2Fv2%2Fproduct_tag&post=13212"}],"curies":[{"name":"wp","href":"https:\/\/api.w.org\/{rel}","templated":true}]}}