{"id":13191,"date":"2024-09-26T20:53:19","date_gmt":"2024-09-26T18:53:19","guid":{"rendered":"https:\/\/vivasem.ro\/?post_type=product&#038;p=13191"},"modified":"2024-10-17T19:58:33","modified_gmt":"2024-10-17T17:58:33","slug":"melisande-f1-nirit-seeds-ltd-25s","status":"publish","type":"product","link":"https:\/\/vivasem.ro\/?product=melisande-f1-nirit-seeds-ltd-25s","title":{"rendered":"MELISANDE F1 (Harmoniz)"},"content":{"rendered":"<h6><span style=\"color: #ff0000;\"><strong><u>MELISANDE\u00a0 F1,<\/u><\/strong><\/span><\/h6>\n<h6><span style=\"color: #ff0000;\"><strong><u><span style=\"color: #003366;\">Produc\u0103tor semin\u021be:Harmoniz-Nirit Seeds Ltd. Israel,<\/span><img loading=\"lazy\" decoding=\"async\" class=\"alignnone wp-image-13294\" src=\"https:\/\/vivasem.ro\/wp-content\/uploads\/2024\/10\/HARMONIZ-300x141.png\" alt=\"\" width=\"181\" height=\"85\" srcset=\"https:\/\/vivasem.ro\/wp-content\/uploads\/2024\/10\/HARMONIZ-300x141.png 300w, https:\/\/vivasem.ro\/wp-content\/uploads\/2024\/10\/HARMONIZ-248x117.png 248w, https:\/\/vivasem.ro\/wp-content\/uploads\/2024\/10\/HARMONIZ-150x71.png 150w, https:\/\/vivasem.ro\/wp-content\/uploads\/2024\/10\/HARMONIZ.png 577w\" sizes=\"auto, (max-width: 181px) 100vw, 181px\" \/><\/u><\/strong><\/span><\/h6>\n<h6><span style=\"color: #000080;\"><strong><span style=\"color: #ff0000;\">Melisande F1 este un hibrid extratimpuriu de tomate cu crestere nedeterminata, produs de Nirit Israel, de tip beef. <\/span><\/strong><\/span><\/h6>\n<h6><span style=\"color: #000080;\"><strong><span style=\"color: #ff0000;\">Fructele au gustul tomatelor de altadat\u0103 \u0219i aspect foarte atractiv, destinat\u00a0 pentru cultivarea in sere, solarii \u0219i c\u00e2mp deschis.<\/span><br \/>\nPlantele au vigoare medie, internoduri scurte \u0219i randament excelent chiar \u0219i la niveluri mai \u00eenalte. <\/strong><\/span><\/h6>\n<h6><span style=\"color: #000080;\"><strong>Potentialul de produc\u021bie este foarte mare.<\/strong><\/span><\/h6>\n<h6><span style=\"color: #ff0000;\"><strong>Fructele sunt mari, u\u0219or turtite, de culoare ro\u0219u aprins,\u00a0 \u00a0greutate medie de 220-350 g. de calitate \u00eenalt\u0103, c\u0103rnoase,cu o bun\u0103 f<\/strong>ermietate . rezistente la cr\u0103pare.<\/span><\/h6>\n<h6><span style=\"color: #ff0000;\"><strong>Gustul este excelent ,ca al ro\u0219iilor clasice de gr\u0103din\u0103 .<\/strong><\/span><\/h6>\n<h6>Este un hibrid cu o bun\u0103 toleran\u021b\u0103 la urm\u0103toarele boli: Prezinta toleranta la: V, F-1, F-2, F-3, ToMV, N, TSWV, C5 <span style=\"color: #0000ff;\">.<\/span><\/h6>\n<h6><span style=\"color: #333399;\">Acest hibrid, cultivat \u00een gr\u0103din\u0103, a dat rezultate foarte bune , dr asemeni \u0219i\u00a0 \u00een solarii.<\/span><\/h6>\n<h6><span style=\"color: #333399;\">PRODUCTIVITATEA ESTE\u00a0 MARE, CONSTANT\u0102 P\u00c2N\u0102 LA FINALUL SEZONULUI.<\/span><\/h6>\n<p>&nbsp;<\/p>\n","protected":false},"excerpt":{"rendered":"<h6><span style=\"color: #ff00ff;\">GUST EXCEP\u021aIONAL ! <\/span><span style=\"color: #ff00ff;\">EXTREM DE PRODUCTIV !<\/span><\/h6>\n<h6><span style=\"color: #ff00ff;\">VEZI VIDEOCLIP !<\/span><\/h6>\n<h5><\/h5>\n<h6><\/h6>\n","protected":false},"featured_media":13205,"comment_status":"open","ping_status":"closed","template":"","meta":{"site-sidebar-layout":"default","site-content-layout":"default","ast-site-content-layout":"default","site-content-style":"default","site-sidebar-style":"default","ast-global-header-display":"","ast-banner-title-visibility":"","ast-main-header-display":"","ast-hfb-above-header-display":"","ast-hfb-below-header-display":"","ast-hfb-mobile-header-display":"","site-post-title":"","ast-breadcrumbs-content":"","ast-featured-img":"","footer-sml-layout":"","ast-disable-related-posts":"","theme-transparent-header-meta":"default","adv-header-id-meta":"","stick-header-meta":"","header-above-stick-meta":"","header-main-stick-meta":"","header-below-stick-meta":"","astra-migrate-meta-layouts":"set","ast-page-background-enabled":"default","ast-page-background-meta":{"desktop":{"background-color":"var(--ast-global-color-4)","background-image":"","background-repeat":"repeat","background-position":"center center","background-size":"auto","background-attachment":"scroll","background-type":"","background-media":"","overlay-type":"","overlay-color":"","overlay-opacity":"","overlay-gradient":""},"tablet":{"background-color":"","background-image":"","background-repeat":"repeat","background-position":"center center","background-size":"auto","background-attachment":"scroll","background-type":"","background-media":"","overlay-type":"","overlay-color":"","overlay-opacity":"","overlay-gradient":""},"mobile":{"background-color":"","background-image":"","background-repeat":"repeat","background-position":"center center","background-size":"auto","background-attachment":"scroll","background-type":"","background-media":"","overlay-type":"","overlay-color":"","overlay-opacity":"","overlay-gradient":""}},"ast-content-background-meta":{"desktop":{"background-color":"var(--ast-global-color-5)","background-image":"","background-repeat":"repeat","background-position":"center center","background-size":"auto","background-attachment":"scroll","background-type":"","background-media":"","overlay-type":"","overlay-color":"","overlay-opacity":"","overlay-gradient":""},"tablet":{"background-color":"var(--ast-global-color-5)","background-image":"","background-repeat":"repeat","background-position":"center center","background-size":"auto","background-attachment":"scroll","background-type":"","background-media":"","overlay-type":"","overlay-color":"","overlay-opacity":"","overlay-gradient":""},"mobile":{"background-color":"var(--ast-global-color-5)","background-image":"","background-repeat":"repeat","background-position":"center center","background-size":"auto","background-attachment":"scroll","background-type":"","background-media":"","overlay-type":"","overlay-color":"","overlay-opacity":"","overlay-gradient":""}}},"product_brand":[],"product_cat":[110],"product_tag":[],"class_list":{"0":"post-13191","1":"product","2":"type-product","3":"status-publish","4":"has-post-thumbnail","6":"product_cat-tomate-hibrid","7":"pa_z-cantitate-10-seminte","8":"pa_z-cantitate-100-seminte","9":"pa_z-cantitate-1000-seminte","10":"pa_z-cantitate-20-seminte","11":"pa_z-cantitate-200-seminte","12":"pa_z-cantitate-25-seminte","13":"pa_z-cantitate-250-seminte","14":"pa_z-cantitate-30-seminte","15":"pa_z-cantitate-40-seminte","16":"pa_z-cantitate-50-seminte","17":"pa_z-cantitate-500-seminte","18":"desktop-align-left","19":"tablet-align-left","20":"mobile-align-left","22":"first","23":"instock","24":"taxable","25":"shipping-taxable","26":"purchasable","27":"product-type-variable","28":"has-default-attributes"},"_links":{"self":[{"href":"https:\/\/vivasem.ro\/index.php?rest_route=\/wp\/v2\/product\/13191","targetHints":{"allow":["GET"]}}],"collection":[{"href":"https:\/\/vivasem.ro\/index.php?rest_route=\/wp\/v2\/product"}],"about":[{"href":"https:\/\/vivasem.ro\/index.php?rest_route=\/wp\/v2\/types\/product"}],"replies":[{"embeddable":true,"href":"https:\/\/vivasem.ro\/index.php?rest_route=%2Fwp%2Fv2%2Fcomments&post=13191"}],"wp:featuredmedia":[{"embeddable":true,"href":"https:\/\/vivasem.ro\/index.php?rest_route=\/wp\/v2\/media\/13205"}],"wp:attachment":[{"href":"https:\/\/vivasem.ro\/index.php?rest_route=%2Fwp%2Fv2%2Fmedia&parent=13191"}],"wp:term":[{"taxonomy":"product_brand","embeddable":true,"href":"https:\/\/vivasem.ro\/index.php?rest_route=%2Fwp%2Fv2%2Fproduct_brand&post=13191"},{"taxonomy":"product_cat","embeddable":true,"href":"https:\/\/vivasem.ro\/index.php?rest_route=%2Fwp%2Fv2%2Fproduct_cat&post=13191"},{"taxonomy":"product_tag","embeddable":true,"href":"https:\/\/vivasem.ro\/index.php?rest_route=%2Fwp%2Fv2%2Fproduct_tag&post=13191"}],"curies":[{"name":"wp","href":"https:\/\/api.w.org\/{rel}","templated":true}]}}