{"id":13166,"date":"2024-09-23T08:38:52","date_gmt":"2024-09-23T06:38:52","guid":{"rendered":"https:\/\/vivasem.ro\/?post_type=product&#038;p=13166"},"modified":"2025-09-08T10:15:41","modified_gmt":"2025-09-08T08:15:41","slug":"minunea-lumii-wonder-of-the-world-100s","status":"publish","type":"product","link":"https:\/\/vivasem.ro\/?product=minunea-lumii-wonder-of-the-world-100s","title":{"rendered":"\u201eMINUNEA LUMII\/WONDER OF THE WORLD (100s)"},"content":{"rendered":"<h6><span style=\"color: #ff0000;\"><strong>MINUNEA LUMII\/CHUDO ZEMLI\/<\/strong><\/span><span style=\"color: #ff0000;\"><strong>WONDER OF THE WORLD<\/strong><\/span><span style=\"color: #ff0000;\"><strong>,<\/strong><\/span><\/h6>\n<h6><span style=\"color: #0000ff;\"><strong>SOI UCRAINEAN HEIRLOOM, DE CULOARE ROZ-ZMEURIU, CU FRUCTE DEOSEBIT DE GUSTOASE, FOARTE AROMATE SI FOARTE C\u0102RNOASE, <\/strong>AVAND CAMERA SEMIN\u021aELOR FOARTE MIC\u0102<\/span>.<\/h6>\n<h6>PULPA ESTE\u00a0 DENS\u0102, FERM\u0102, TIP BEEFSTEAK.<\/h6>\n<h6>GREUTATEA ESTE \u00ceNTRE 150-350 grame, DAR UNELE FRUCTE POT AJUNGE URIA\u0218E, SPRE 1 kilogram.<\/h6>\n<h6>PLANTELE SUNT DE SEZON LUNG VIGUROASE, NEDETERMINATE, SEMITIMPURII, CU PRODUC\u021aII BUNE \u00ceN GR\u0102DIN\u0102 \u0218I SOLAR.<\/h6>\n","protected":false},"excerpt":{"rendered":"<h6><span style=\"color: #0000ff;\">100SEMIN\u021aE<\/span><\/h6>\n<h6><span style=\"color: #ff00ff;\">GUST EXCELENT ! SOI REZISTENT !<\/span><\/h6>\n<p>&nbsp;<\/p>\n","protected":false},"featured_media":9075,"comment_status":"open","ping_status":"closed","template":"","meta":{"site-sidebar-layout":"default","site-content-layout":"default","ast-site-content-layout":"default","site-content-style":"default","site-sidebar-style":"default","ast-global-header-display":"","ast-banner-title-visibility":"","ast-main-header-display":"","ast-hfb-above-header-display":"","ast-hfb-below-header-display":"","ast-hfb-mobile-header-display":"","site-post-title":"","ast-breadcrumbs-content":"","ast-featured-img":"","footer-sml-layout":"","ast-disable-related-posts":"","theme-transparent-header-meta":"default","adv-header-id-meta":"","stick-header-meta":"","header-above-stick-meta":"","header-main-stick-meta":"","header-below-stick-meta":"","astra-migrate-meta-layouts":"set","ast-page-background-enabled":"default","ast-page-background-meta":{"desktop":{"background-color":"var(--ast-global-color-4)","background-image":"","background-repeat":"repeat","background-position":"center center","background-size":"auto","background-attachment":"scroll","background-type":"","background-media":"","overlay-type":"","overlay-color":"","overlay-opacity":"","overlay-gradient":""},"tablet":{"background-color":"","background-image":"","background-repeat":"repeat","background-position":"center center","background-size":"auto","background-attachment":"scroll","background-type":"","background-media":"","overlay-type":"","overlay-color":"","overlay-opacity":"","overlay-gradient":""},"mobile":{"background-color":"","background-image":"","background-repeat":"repeat","background-position":"center center","background-size":"auto","background-attachment":"scroll","background-type":"","background-media":"","overlay-type":"","overlay-color":"","overlay-opacity":"","overlay-gradient":""}},"ast-content-background-meta":{"desktop":{"background-color":"var(--ast-global-color-5)","background-image":"","background-repeat":"repeat","background-position":"center center","background-size":"auto","background-attachment":"scroll","background-type":"","background-media":"","overlay-type":"","overlay-color":"","overlay-opacity":"","overlay-gradient":""},"tablet":{"background-color":"var(--ast-global-color-5)","background-image":"","background-repeat":"repeat","background-position":"center center","background-size":"auto","background-attachment":"scroll","background-type":"","background-media":"","overlay-type":"","overlay-color":"","overlay-opacity":"","overlay-gradient":""},"mobile":{"background-color":"var(--ast-global-color-5)","background-image":"","background-repeat":"repeat","background-position":"center center","background-size":"auto","background-attachment":"scroll","background-type":"","background-media":"","overlay-type":"","overlay-color":"","overlay-opacity":"","overlay-gradient":""}}},"product_brand":[],"product_cat":[180,141,142,15],"product_tag":[],"class_list":{"0":"post-13166","1":"product","2":"type-product","3":"status-publish","4":"has-post-thumbnail","6":"product_cat-oferte-de-pret-cantitate","7":"product_cat-soi-gigant-urias","8":"product_cat-soiuri-rosii-roz","9":"product_cat-tomate-soi","10":"desktop-align-left","11":"tablet-align-left","12":"mobile-align-left","14":"first","15":"instock","16":"sale","17":"taxable","18":"shipping-taxable","19":"purchasable","20":"product-type-simple"},"_links":{"self":[{"href":"https:\/\/vivasem.ro\/index.php?rest_route=\/wp\/v2\/product\/13166","targetHints":{"allow":["GET"]}}],"collection":[{"href":"https:\/\/vivasem.ro\/index.php?rest_route=\/wp\/v2\/product"}],"about":[{"href":"https:\/\/vivasem.ro\/index.php?rest_route=\/wp\/v2\/types\/product"}],"replies":[{"embeddable":true,"href":"https:\/\/vivasem.ro\/index.php?rest_route=%2Fwp%2Fv2%2Fcomments&post=13166"}],"wp:featuredmedia":[{"embeddable":true,"href":"https:\/\/vivasem.ro\/index.php?rest_route=\/wp\/v2\/media\/9075"}],"wp:attachment":[{"href":"https:\/\/vivasem.ro\/index.php?rest_route=%2Fwp%2Fv2%2Fmedia&parent=13166"}],"wp:term":[{"taxonomy":"product_brand","embeddable":true,"href":"https:\/\/vivasem.ro\/index.php?rest_route=%2Fwp%2Fv2%2Fproduct_brand&post=13166"},{"taxonomy":"product_cat","embeddable":true,"href":"https:\/\/vivasem.ro\/index.php?rest_route=%2Fwp%2Fv2%2Fproduct_cat&post=13166"},{"taxonomy":"product_tag","embeddable":true,"href":"https:\/\/vivasem.ro\/index.php?rest_route=%2Fwp%2Fv2%2Fproduct_tag&post=13166"}],"curies":[{"name":"wp","href":"https:\/\/api.w.org\/{rel}","templated":true}]}}