{"id":13019,"date":"2024-07-08T08:48:25","date_gmt":"2024-07-08T06:48:25","guid":{"rendered":"https:\/\/vivasem.ro\/?post_type=product&#038;p=13019"},"modified":"2024-11-27T16:31:51","modified_gmt":"2024-11-27T14:31:51","slug":"ardei-gras-rosu-frey-f1-bakker-brothers-16s","status":"publish","type":"product","link":"https:\/\/vivasem.ro\/?product=ardei-gras-rosu-frey-f1-bakker-brothers-16s","title":{"rendered":"ARDEI GRAS ROSU FREY F1 -BAKKER BROTHERS (100s)"},"content":{"rendered":"<h6><span style=\"color: #333399;\"><u><b><span style=\"color: #ff0000;\">ARDEI GRAS RO\u0218U FREY F1 &#8211;<\/span><\/b><\/u><\/span><\/h6>\n<h6><span style=\"color: #333399;\"><b><span style=\"color: #ff0000;\">Produs \u0219i ambalat de BAKKER BROTHERS OLANDA.\u00a0<\/span><span style=\"color: #ff0000;\"> \u00a0\u00a0 \u00a0\u00a0 \u00a0\u00a0 \u00a0\u00a0 \u00a0\u00a0 \u00a0\u00a0 \u00a0\u00a0 \u00a0\u00a0 \u00a0\u00a0 \u00a0\u00a0 \u00a0\u00a0 \u00a0\u00a0 \u00a0\u00a0 \u00a0\u00a0 \u00a0\u00a0 \u00a0\u00a0 <\/span><\/b><\/span><span style=\"color: #333399;\"><u><b><a href=\"https:\/\/vivasem.ro\/wp-content\/uploads\/2022\/12\/BAKKER-BROTHERS.jpg\"><img loading=\"lazy\" decoding=\"async\" class=\"alignnone wp-image-8498\" src=\"https:\/\/vivasem.ro\/wp-content\/uploads\/2022\/12\/BAKKER-BROTHERS-300x106.jpg\" alt=\"\" width=\"187\" height=\"66\" srcset=\"https:\/\/vivasem.ro\/wp-content\/uploads\/2022\/12\/BAKKER-BROTHERS-300x106.jpg 300w, https:\/\/vivasem.ro\/wp-content\/uploads\/2022\/12\/BAKKER-BROTHERS-248x88.jpg 248w, https:\/\/vivasem.ro\/wp-content\/uploads\/2022\/12\/BAKKER-BROTHERS.jpg 412w\" sizes=\"auto, (max-width: 187px) 100vw, 187px\" \/><\/a><\/b><\/u><\/span><\/h6>\n<h6><span style=\"color: #0000ff;\">Frey F1 este un hibrid de ardei gras rosu pe tip California, av\u00e2nd coacerea din verde in rosu, fructe in 4 lobi si un poten\u021bial de produc\u021bie foarte ridicat.<\/span><\/h6>\n<h6>Planta hibridului\u00a0<strong>Frey F1\u00a0<\/strong>este <span style=\"color: #ff0000;\">caracterizat\u00e2 de o vigoare ridicat\u0103, cu o talie de aproximativ 160 cm. \u00een spa\u021bii protejate,<\/span> \u00cen timp ce \u00een culturile \u00eenfiinta\u021be in c\u00e2mp, planta este mai mic\u0103, dar\u00a0 cu un foliaj bogat, ce protejeaza excelent impotriva arsurilor solare.<\/h6>\n<h6><span style=\"color: #ff0000;\">Fructele hibridului <strong>Frey F1\u00a0<\/strong> sunt mari pe tip blocky si se coloreaza din verde inchis in ro\u0219u intens \u0219i \u00a0au lungime de 10-12 cm \u0219i diametru de 9-10 cm, cu gust excelent, dulce .<\/span><\/h6>\n<h6><span style=\"color: #0000ff;\">Uniformitatea este una excelent\u0103 iar pulpa este groas\u0103 \u0219i neteda la exterior .<\/span><\/h6>\n<h6>Hibridul este destinat at\u00e2t cultivarilor in spa\u021bii protejate c\u00e2t si in c\u00e2mp deschis, oferind produc\u021bii \u00eenalte \u0219i\u00a0 un randament excelent.<\/h6>\n<h6><strong>Frey<\/strong>\u00a0<strong>F1\u00a0\u00a0<\/strong>se preteaza foarte bine pentru consumul in stare proaspat\u0103.<\/h6>\n<h6><span style=\"color: #0000ff;\">Hibridul de ardei gras Frey F1 are si un pachet excelent de rezistente la boli, fiind rezistent la:<\/span><\/h6>\n<ul>\n<li>\n<h6><span style=\"color: #0000ff;\">PMMV &#8211; Pepper Mottle Mosaic Virus;<\/span><\/h6>\n<\/li>\n<li>\n<h6><span style=\"color: #0000ff;\">PVY &#8211; Virusul Y al cartofului;<\/span><\/h6>\n<\/li>\n<li>\n<h6><span style=\"color: #0000ff;\">TMV &#8211; Virusul Mozaicul Tutunului;<\/span><\/h6>\n<\/li>\n<\/ul>\n","protected":false},"excerpt":{"rendered":"<h6><span style=\"color: #0000ff;\"><strong>100 semin\u021be<\/strong><\/span><\/h6>\n<h6><span style=\"color: #ff00ff;\"><strong>HIBRID FOARTE PRODUCTIV \u0218I GUSTOS.<\/strong><\/span><\/h6>\n<h6><\/h6>\n","protected":false},"featured_media":8548,"comment_status":"open","ping_status":"closed","template":"","meta":{"site-sidebar-layout":"default","site-content-layout":"default","ast-site-content-layout":"default","site-content-style":"default","site-sidebar-style":"default","ast-global-header-display":"","ast-banner-title-visibility":"","ast-main-header-display":"","ast-hfb-above-header-display":"","ast-hfb-below-header-display":"","ast-hfb-mobile-header-display":"","site-post-title":"","ast-breadcrumbs-content":"","ast-featured-img":"","footer-sml-layout":"","ast-disable-related-posts":"","theme-transparent-header-meta":"default","adv-header-id-meta":"","stick-header-meta":"","header-above-stick-meta":"","header-main-stick-meta":"","header-below-stick-meta":"","astra-migrate-meta-layouts":"set","ast-page-background-enabled":"default","ast-page-background-meta":{"desktop":{"background-color":"var(--ast-global-color-4)","background-image":"","background-repeat":"repeat","background-position":"center center","background-size":"auto","background-attachment":"scroll","background-type":"","background-media":"","overlay-type":"","overlay-color":"","overlay-opacity":"","overlay-gradient":""},"tablet":{"background-color":"","background-image":"","background-repeat":"repeat","background-position":"center center","background-size":"auto","background-attachment":"scroll","background-type":"","background-media":"","overlay-type":"","overlay-color":"","overlay-opacity":"","overlay-gradient":""},"mobile":{"background-color":"","background-image":"","background-repeat":"repeat","background-position":"center center","background-size":"auto","background-attachment":"scroll","background-type":"","background-media":"","overlay-type":"","overlay-color":"","overlay-opacity":"","overlay-gradient":""}},"ast-content-background-meta":{"desktop":{"background-color":"var(--ast-global-color-5)","background-image":"","background-repeat":"repeat","background-position":"center center","background-size":"auto","background-attachment":"scroll","background-type":"","background-media":"","overlay-type":"","overlay-color":"","overlay-opacity":"","overlay-gradient":""},"tablet":{"background-color":"var(--ast-global-color-5)","background-image":"","background-repeat":"repeat","background-position":"center center","background-size":"auto","background-attachment":"scroll","background-type":"","background-media":"","overlay-type":"","overlay-color":"","overlay-opacity":"","overlay-gradient":""},"mobile":{"background-color":"var(--ast-global-color-5)","background-image":"","background-repeat":"repeat","background-position":"center center","background-size":"auto","background-attachment":"scroll","background-type":"","background-media":"","overlay-type":"","overlay-color":"","overlay-opacity":"","overlay-gradient":""}}},"product_brand":[],"product_cat":[84,145],"product_tag":[],"class_list":{"0":"post-13019","1":"product","2":"type-product","3":"status-publish","4":"has-post-thumbnail","6":"product_cat-ardei","7":"product_cat-ardei-hibrid","8":"desktop-align-left","9":"tablet-align-left","10":"mobile-align-left","12":"first","13":"instock","14":"taxable","15":"shipping-taxable","16":"purchasable","17":"product-type-simple"},"_links":{"self":[{"href":"https:\/\/vivasem.ro\/index.php?rest_route=\/wp\/v2\/product\/13019","targetHints":{"allow":["GET"]}}],"collection":[{"href":"https:\/\/vivasem.ro\/index.php?rest_route=\/wp\/v2\/product"}],"about":[{"href":"https:\/\/vivasem.ro\/index.php?rest_route=\/wp\/v2\/types\/product"}],"replies":[{"embeddable":true,"href":"https:\/\/vivasem.ro\/index.php?rest_route=%2Fwp%2Fv2%2Fcomments&post=13019"}],"wp:featuredmedia":[{"embeddable":true,"href":"https:\/\/vivasem.ro\/index.php?rest_route=\/wp\/v2\/media\/8548"}],"wp:attachment":[{"href":"https:\/\/vivasem.ro\/index.php?rest_route=%2Fwp%2Fv2%2Fmedia&parent=13019"}],"wp:term":[{"taxonomy":"product_brand","embeddable":true,"href":"https:\/\/vivasem.ro\/index.php?rest_route=%2Fwp%2Fv2%2Fproduct_brand&post=13019"},{"taxonomy":"product_cat","embeddable":true,"href":"https:\/\/vivasem.ro\/index.php?rest_route=%2Fwp%2Fv2%2Fproduct_cat&post=13019"},{"taxonomy":"product_tag","embeddable":true,"href":"https:\/\/vivasem.ro\/index.php?rest_route=%2Fwp%2Fv2%2Fproduct_tag&post=13019"}],"curies":[{"name":"wp","href":"https:\/\/api.w.org\/{rel}","templated":true}]}}