{"id":12774,"date":"2024-05-08T12:20:26","date_gmt":"2024-05-08T10:20:26","guid":{"rendered":"https:\/\/vivasem.ro\/?post_type=product&#038;p=12774"},"modified":"2025-11-04T09:42:29","modified_gmt":"2025-11-04T07:42:29","slug":"sgt-pepper-20s","status":"publish","type":"product","link":"https:\/\/vivasem.ro\/?product=sgt-pepper-20s","title":{"rendered":"PASCAL DE PICARDIE (25s)"},"content":{"rendered":"<h6><span style=\"color: #ff0000;\">PASCAL DE PICARDIE,<\/span><\/h6>\n<h6><span style=\"color: #ff0000;\">SOI CU FRUCTE\u00a0 \u00ceN FORM\u0102 DE INIM\u0102 ALUNGIT\u0102, CU V\u00c2RF ASCU\u021aIT,CE, \u00ceSI SCHIMB\u0102\u00a0 CULOAREA PE M\u0102SUR\u0102 CE FRUCTELE SE COC , AJUNG\u00c2ND LA RO\u0218U APRINS, COMBINAT CU INDIGO- NEGRU. <\/span><\/h6>\n<h6><span style=\"color: #ff0000;\">(NEGRUL -INDIGO, DOVEDE\u0218TE PREZEN\u021aA UNEI CANTIT\u0102\u021aII MARI DE ANTOCIANIN\u0102, UN ALT ANTIOXIDANT FOARTE PUTERNIC, AL\u0102TURI DE LICOPEN).<\/span><\/h6>\n<h6><span style=\"color: #003366;\">MIEZUL ESTE RO\u0218U, GUSTUL EXCEP\u021aIONAL, DE RO\u0218IE TIP CHERRY, CU NUAN\u021aE DE FRUCTE DE P\u0102DURE, DULCE, ECHILIBRAT CU PU\u021aIN\u0102 ACIDITATE, \u0218I AROM\u0102 INTENS\u0102 .<\/span><\/h6>\n<h6><span style=\"color: #003366;\">FORMA ESTE DE INIM\u0102,GREUTATEA MEDIE ESTE DE 70-100 grame ,DAR UNELE FRUCTE AJUNG LA 200 grame.<\/span><\/h6>\n<h6><span style=\"color: #333399;\">ARE REZISTEN\u021a\u0102 MARE LA C\u0102LDUR\u0102, DAR \u0218I LA FRIG, FIIND DE SEZON LUNG, RODE\u0218TE \u0218I CAND ALTE SOIURI S-AU TRECUT.<\/span><\/h6>\n<h6><span style=\"color: #333399;\">NUMELE : Picardy este o provincie istorica situata in nordul Frantei. <\/span><\/h6>\n<h6><span style=\"color: #333399;\">Pascal vine de la un pasionat colectionar si cultivator de tomate francez pe nume Pascal Antigny. <\/span><\/h6>\n<h6><span style=\"color: #333399;\">Desi aceasta tomata este de origine americana, creatorul ei pe nume Dean Slater, a botezat-o astfel in onoarea prietenului francez care, se pare, ca a avut o contributie in selectia acestei varietati. <\/span><\/h6>\n<h6><span style=\"color: #333399;\">Alte surse spun ca varietatea este contributia exclusiva a lui Pascal Antigny, dar soiul a ap\u0103rut in SUA.<\/span><br \/>\n<span style=\"color: #333399;\">PLANTELE SUNT NEDETERMINATE CU O\u00a0 FOARTE BUN\u0102 PRODUCTIVITATE.<\/span><\/h6>\n","protected":false},"excerpt":{"rendered":"<h6><span style=\"color: #0000ff;\">25 SEMIN\u021aE<\/span><\/h6>\n<h6><span style=\"color: #ff00ff;\">\u00a0<\/span><span style=\"color: #ff00ff;\">GUST EXTRAORDINAR !<\/span><\/h6>\n","protected":false},"featured_media":17088,"comment_status":"open","ping_status":"closed","template":"","meta":{"site-sidebar-layout":"default","site-content-layout":"default","ast-site-content-layout":"default","site-content-style":"default","site-sidebar-style":"default","ast-global-header-display":"","ast-banner-title-visibility":"","ast-main-header-display":"","ast-hfb-above-header-display":"","ast-hfb-below-header-display":"","ast-hfb-mobile-header-display":"","site-post-title":"","ast-breadcrumbs-content":"","ast-featured-img":"","footer-sml-layout":"","ast-disable-related-posts":"","theme-transparent-header-meta":"default","adv-header-id-meta":"","stick-header-meta":"","header-above-stick-meta":"","header-main-stick-meta":"","header-below-stick-meta":"","astra-migrate-meta-layouts":"set","ast-page-background-enabled":"default","ast-page-background-meta":{"desktop":{"background-color":"var(--ast-global-color-4)","background-image":"","background-repeat":"repeat","background-position":"center center","background-size":"auto","background-attachment":"scroll","background-type":"","background-media":"","overlay-type":"","overlay-color":"","overlay-opacity":"","overlay-gradient":""},"tablet":{"background-color":"","background-image":"","background-repeat":"repeat","background-position":"center center","background-size":"auto","background-attachment":"scroll","background-type":"","background-media":"","overlay-type":"","overlay-color":"","overlay-opacity":"","overlay-gradient":""},"mobile":{"background-color":"","background-image":"","background-repeat":"repeat","background-position":"center center","background-size":"auto","background-attachment":"scroll","background-type":"","background-media":"","overlay-type":"","overlay-color":"","overlay-opacity":"","overlay-gradient":""}},"ast-content-background-meta":{"desktop":{"background-color":"var(--ast-global-color-5)","background-image":"","background-repeat":"repeat","background-position":"center center","background-size":"auto","background-attachment":"scroll","background-type":"","background-media":"","overlay-type":"","overlay-color":"","overlay-opacity":"","overlay-gradient":""},"tablet":{"background-color":"var(--ast-global-color-5)","background-image":"","background-repeat":"repeat","background-position":"center center","background-size":"auto","background-attachment":"scroll","background-type":"","background-media":"","overlay-type":"","overlay-color":"","overlay-opacity":"","overlay-gradient":""},"mobile":{"background-color":"var(--ast-global-color-5)","background-image":"","background-repeat":"repeat","background-position":"center center","background-size":"auto","background-attachment":"scroll","background-type":"","background-media":"","overlay-type":"","overlay-color":"","overlay-opacity":"","overlay-gradient":""}}},"product_brand":[],"product_cat":[139,137,15],"product_tag":[],"class_list":{"0":"post-12774","1":"product","2":"type-product","3":"status-publish","4":"has-post-thumbnail","6":"product_cat-tomate-galbene-orange-bicolore-verzi","7":"product_cat-tomate-indigo","8":"product_cat-tomate-soi","9":"desktop-align-left","10":"tablet-align-left","11":"mobile-align-left","13":"first","14":"instock","15":"sale","16":"taxable","17":"shipping-taxable","18":"purchasable","19":"product-type-simple"},"_links":{"self":[{"href":"https:\/\/vivasem.ro\/index.php?rest_route=\/wp\/v2\/product\/12774","targetHints":{"allow":["GET"]}}],"collection":[{"href":"https:\/\/vivasem.ro\/index.php?rest_route=\/wp\/v2\/product"}],"about":[{"href":"https:\/\/vivasem.ro\/index.php?rest_route=\/wp\/v2\/types\/product"}],"replies":[{"embeddable":true,"href":"https:\/\/vivasem.ro\/index.php?rest_route=%2Fwp%2Fv2%2Fcomments&post=12774"}],"wp:featuredmedia":[{"embeddable":true,"href":"https:\/\/vivasem.ro\/index.php?rest_route=\/wp\/v2\/media\/17088"}],"wp:attachment":[{"href":"https:\/\/vivasem.ro\/index.php?rest_route=%2Fwp%2Fv2%2Fmedia&parent=12774"}],"wp:term":[{"taxonomy":"product_brand","embeddable":true,"href":"https:\/\/vivasem.ro\/index.php?rest_route=%2Fwp%2Fv2%2Fproduct_brand&post=12774"},{"taxonomy":"product_cat","embeddable":true,"href":"https:\/\/vivasem.ro\/index.php?rest_route=%2Fwp%2Fv2%2Fproduct_cat&post=12774"},{"taxonomy":"product_tag","embeddable":true,"href":"https:\/\/vivasem.ro\/index.php?rest_route=%2Fwp%2Fv2%2Fproduct_tag&post=12774"}],"curies":[{"name":"wp","href":"https:\/\/api.w.org\/{rel}","templated":true}]}}