{"id":12636,"date":"2024-03-25T12:08:09","date_gmt":"2024-03-25T10:08:09","guid":{"rendered":"https:\/\/vivasem.ro\/?post_type=product&#038;p=12636"},"modified":"2025-02-12T09:27:01","modified_gmt":"2025-02-12T07:27:01","slug":"spanac-permanent-orange-fantasia","status":"publish","type":"product","link":"https:\/\/vivasem.ro\/?product=spanac-permanent-orange-fantasia","title":{"rendered":"\u201e\u201eSPANAC PERMANENT ORANGE FANTASIA"},"content":{"rendered":"<h6><span style=\"color: #008000;\"><strong><u>SPANAC PERMANENT ORANGE FANTASIA \u2013Reimer Seeds.SUA,<\/u><\/strong><\/span><\/h6>\n<h6>Varietate american\u0103 de mangold, cu frunze\u00a0 frumoase, mari,verzi, groase, c\u0103rnoase \u0219i fragede,cu pe\u021biolul\u00a0 si nervurile portocalii .<\/h6>\n<h6>Maturitate \u00een 55-60 zile.<\/h6>\n<h6>Soi foarte productiv. Se \u00eens\u0103m\u00e2n\u021beaz\u0103 ,sau se r\u0103re\u0219te,la distan\u021b\u0103 de 20-25 cm \u00eentre plante.Se consum\u0103 proasp\u0103t,\u00een salate,avand gust bun,dulceag,dar \u0219i un aspect deosebit,sau g\u0103tit,ca pe spanac.<\/h6>\n<h6><strong><span style=\"color: #008000;\"><u>MANGOLD\/SWISS CHARD \/BIETOLA\/PERPETUAL SPINACH, <\/u><\/span>acestea sunt cele mai cunoscute denumiri ale \u00eenlocuitorului de spanac,folosit de mii de ani \u00een zona mediteraneean\u0103<\/strong>.<\/h6>\n<h6>Se \u00eens\u0103m\u00e2n\u021bez\u0103 toamna sau prim\u0103vara, dup\u0103 topirea z\u0103pezii, se maturizeaz\u0103 \u00een 52-60 zile, dup\u0103 care se scot plantele sau, se pot culege , mereu, doar frunzele exterioare , planta, regener\u00e2ndu-se.<\/h6>\n<h6>Se folosesc \u0219i frunzele \u0219i pe\u021biolul, care sunt mari, c\u0103rnoase, gustoase , dulcege, \u0219i se pot consuma, \u00een salate sau g\u0103tite, ca pe spanacul clasic.<\/h6>\n<h6>Dac\u0103 nu se scot plantele din sol, ierneaz\u0103 sub z\u0103pad\u0103, \u00een al doilea an \u00eenfloresc.<\/h6>\n<h6>MULT MAI PRODUCTIV DEC\u00c2T SPANACUL CLASIC .<\/h6>\n<h6><\/h6>\n","protected":false},"excerpt":{"rendered":"<h6><span style=\"color: #0000ff;\">100 SEMIN\u021aE\u00a0<\/span><\/h6>\n<h6><span style=\"color: #0000ff;\"> <span style=\"color: #ff00ff;\">SOI SPECTACULOS<\/span><\/span><\/h6>\n<p>&nbsp;<\/p>\n","protected":false},"featured_media":12637,"comment_status":"open","ping_status":"closed","template":"","meta":{"site-sidebar-layout":"default","site-content-layout":"default","ast-site-content-layout":"default","site-content-style":"default","site-sidebar-style":"default","ast-global-header-display":"","ast-banner-title-visibility":"","ast-main-header-display":"","ast-hfb-above-header-display":"","ast-hfb-below-header-display":"","ast-hfb-mobile-header-display":"","site-post-title":"","ast-breadcrumbs-content":"","ast-featured-img":"","footer-sml-layout":"","ast-disable-related-posts":"","theme-transparent-header-meta":"default","adv-header-id-meta":"","stick-header-meta":"","header-above-stick-meta":"","header-main-stick-meta":"","header-below-stick-meta":"","astra-migrate-meta-layouts":"set","ast-page-background-enabled":"default","ast-page-background-meta":{"desktop":{"background-color":"var(--ast-global-color-4)","background-image":"","background-repeat":"repeat","background-position":"center center","background-size":"auto","background-attachment":"scroll","background-type":"","background-media":"","overlay-type":"","overlay-color":"","overlay-opacity":"","overlay-gradient":""},"tablet":{"background-color":"","background-image":"","background-repeat":"repeat","background-position":"center center","background-size":"auto","background-attachment":"scroll","background-type":"","background-media":"","overlay-type":"","overlay-color":"","overlay-opacity":"","overlay-gradient":""},"mobile":{"background-color":"","background-image":"","background-repeat":"repeat","background-position":"center center","background-size":"auto","background-attachment":"scroll","background-type":"","background-media":"","overlay-type":"","overlay-color":"","overlay-opacity":"","overlay-gradient":""}},"ast-content-background-meta":{"desktop":{"background-color":"var(--ast-global-color-5)","background-image":"","background-repeat":"repeat","background-position":"center center","background-size":"auto","background-attachment":"scroll","background-type":"","background-media":"","overlay-type":"","overlay-color":"","overlay-opacity":"","overlay-gradient":""},"tablet":{"background-color":"var(--ast-global-color-5)","background-image":"","background-repeat":"repeat","background-position":"center center","background-size":"auto","background-attachment":"scroll","background-type":"","background-media":"","overlay-type":"","overlay-color":"","overlay-opacity":"","overlay-gradient":""},"mobile":{"background-color":"var(--ast-global-color-5)","background-image":"","background-repeat":"repeat","background-position":"center center","background-size":"auto","background-attachment":"scroll","background-type":"","background-media":"","overlay-type":"","overlay-color":"","overlay-opacity":"","overlay-gradient":""}}},"product_brand":[],"product_cat":[114],"product_tag":[],"class_list":{"0":"post-12636","1":"product","2":"type-product","3":"status-publish","4":"has-post-thumbnail","6":"product_cat-spanac","7":"desktop-align-left","8":"tablet-align-left","9":"mobile-align-left","11":"first","12":"outofstock","13":"taxable","14":"shipping-taxable","15":"purchasable","16":"product-type-simple"},"_links":{"self":[{"href":"https:\/\/vivasem.ro\/index.php?rest_route=\/wp\/v2\/product\/12636","targetHints":{"allow":["GET"]}}],"collection":[{"href":"https:\/\/vivasem.ro\/index.php?rest_route=\/wp\/v2\/product"}],"about":[{"href":"https:\/\/vivasem.ro\/index.php?rest_route=\/wp\/v2\/types\/product"}],"replies":[{"embeddable":true,"href":"https:\/\/vivasem.ro\/index.php?rest_route=%2Fwp%2Fv2%2Fcomments&post=12636"}],"wp:featuredmedia":[{"embeddable":true,"href":"https:\/\/vivasem.ro\/index.php?rest_route=\/wp\/v2\/media\/12637"}],"wp:attachment":[{"href":"https:\/\/vivasem.ro\/index.php?rest_route=%2Fwp%2Fv2%2Fmedia&parent=12636"}],"wp:term":[{"taxonomy":"product_brand","embeddable":true,"href":"https:\/\/vivasem.ro\/index.php?rest_route=%2Fwp%2Fv2%2Fproduct_brand&post=12636"},{"taxonomy":"product_cat","embeddable":true,"href":"https:\/\/vivasem.ro\/index.php?rest_route=%2Fwp%2Fv2%2Fproduct_cat&post=12636"},{"taxonomy":"product_tag","embeddable":true,"href":"https:\/\/vivasem.ro\/index.php?rest_route=%2Fwp%2Fv2%2Fproduct_tag&post=12636"}],"curies":[{"name":"wp","href":"https:\/\/api.w.org\/{rel}","templated":true}]}}