{"id":12620,"date":"2024-03-22T20:25:23","date_gmt":"2024-03-22T18:25:23","guid":{"rendered":"https:\/\/vivasem.ro\/?post_type=product&#038;p=12620"},"modified":"2025-11-27T16:07:53","modified_gmt":"2025-11-27T14:07:53","slug":"100-pounds","status":"publish","type":"product","link":"https:\/\/vivasem.ro\/?product=100-pounds","title":{"rendered":"_100 POUNDS (STO PUDOV)"},"content":{"rendered":"<h6 class=\"page-title\"><span class=\"base\" style=\"color: #ff0000;\" data-ui-id=\"page-title-wrapper\">100 POUNDS \/(STO PUDOV),<\/span><\/h6>\n<h6><strong><span style=\"color: #0000ff;\">SOI CELEBRU, TIP DE INIM\u0102 DE BOU ITALIAN\u0102 , \u00ceN FORM\u0102 DE PAR\u0102 COSTAT\u0102, AMELIORAT IN UCRAINA.<\/span><\/strong><\/h6>\n<h6><span style=\"color: #000000;\">FRUCTELE SUNT <strong>C\u0102RNOASE , CU PULPA FERM\u0102, <\/strong>CU SEMIN\u021aE PU\u021aINE .<\/span><\/h6>\n<h6><span style=\"color: #ff0000;\"><strong>SUNT\u00a0 MARI, \u00ceN MEDIE DE 100-200 gr.,DAR <\/strong>POT AJUNGE LA 500 grame\u00a0 !<\/span><\/h6>\n<h6><span style=\"color: #000000;\">CULOAREA FOARTE FRUMOAS\u0102,\u00a0 RO\u0218U-APRINS.<\/span><\/h6>\n<h6><strong><span style=\"color: #0000ff;\">GUST EXCELENT , FOARTE DULCE , AROM\u0102 PUTERNIC\u0102.MULT UTILIZAT\u00a0 \u00ceN BUC\u0102T\u0102RIE, \u00ceN FORM\u0102 PROASP\u0102T\u0102, DATORIT\u0102 CALIT\u0102\u021aILOR ORGANOLEPTICE DEOSEBITE.<\/span><\/strong><\/h6>\n<h6><span style=\"color: #ff0000;\">RODE\u0218TE FOARTE MULT, FIIND CARACTERIZAT CU PRODUC\u021aIE MARE, 100 DE POUNDS \u00ceNSEMN\u00c2ND PESTE 45 KILOGRAME, ACEASTA FIIND LEGENDA C\u0102 S-AR PUTEA OB\u021aINE DE LA O PLANT\u0102. NOI NU AM OB\u021aINUT CHIAR AT\u00c2T, DAR PRODUCTIVITATEA A FOST EXCEP\u021aIONAL\u0102.<\/span><\/h6>\n<h6>POATE FI CULTIVAT \u00ceN GR\u0102DIN\u0102 \u0218I \u00ceN SOLARII SAU SERE.<\/h6>\n<h6>NEDETERMINAT,NECESITA SUPORT SOLID .<span class=\"Y2IQFc\" lang=\"ro\">\u00a0<\/span><\/h6>\n","protected":false},"excerpt":{"rendered":"<h6><span style=\"color: #ff00ff;\">EXTREM DE PRODUCTIV !<\/span><\/h6>\n","protected":false},"featured_media":16624,"comment_status":"open","ping_status":"closed","template":"","meta":{"site-sidebar-layout":"default","site-content-layout":"default","ast-site-content-layout":"default","site-content-style":"default","site-sidebar-style":"default","ast-global-header-display":"","ast-banner-title-visibility":"","ast-main-header-display":"","ast-hfb-above-header-display":"","ast-hfb-below-header-display":"","ast-hfb-mobile-header-display":"","site-post-title":"","ast-breadcrumbs-content":"","ast-featured-img":"","footer-sml-layout":"","ast-disable-related-posts":"","theme-transparent-header-meta":"default","adv-header-id-meta":"","stick-header-meta":"","header-above-stick-meta":"","header-main-stick-meta":"","header-below-stick-meta":"","astra-migrate-meta-layouts":"set","ast-page-background-enabled":"default","ast-page-background-meta":{"desktop":{"background-color":"var(--ast-global-color-4)","background-image":"","background-repeat":"repeat","background-position":"center center","background-size":"auto","background-attachment":"scroll","background-type":"","background-media":"","overlay-type":"","overlay-color":"","overlay-opacity":"","overlay-gradient":""},"tablet":{"background-color":"","background-image":"","background-repeat":"repeat","background-position":"center center","background-size":"auto","background-attachment":"scroll","background-type":"","background-media":"","overlay-type":"","overlay-color":"","overlay-opacity":"","overlay-gradient":""},"mobile":{"background-color":"","background-image":"","background-repeat":"repeat","background-position":"center center","background-size":"auto","background-attachment":"scroll","background-type":"","background-media":"","overlay-type":"","overlay-color":"","overlay-opacity":"","overlay-gradient":""}},"ast-content-background-meta":{"desktop":{"background-color":"var(--ast-global-color-5)","background-image":"","background-repeat":"repeat","background-position":"center center","background-size":"auto","background-attachment":"scroll","background-type":"","background-media":"","overlay-type":"","overlay-color":"","overlay-opacity":"","overlay-gradient":""},"tablet":{"background-color":"var(--ast-global-color-5)","background-image":"","background-repeat":"repeat","background-position":"center center","background-size":"auto","background-attachment":"scroll","background-type":"","background-media":"","overlay-type":"","overlay-color":"","overlay-opacity":"","overlay-gradient":""},"mobile":{"background-color":"var(--ast-global-color-5)","background-image":"","background-repeat":"repeat","background-position":"center center","background-size":"auto","background-attachment":"scroll","background-type":"","background-media":"","overlay-type":"","overlay-color":"","overlay-opacity":"","overlay-gradient":""}}},"product_brand":[],"product_cat":[151,141,142,144,15],"product_tag":[],"class_list":{"0":"post-12620","1":"product","2":"type-product","3":"status-publish","4":"has-post-thumbnail","6":"product_cat-soiuri-italiene","7":"product_cat-soi-gigant-urias","8":"product_cat-soiuri-rosii-roz","9":"product_cat-soiuri-tip-inima-de-bou","10":"product_cat-tomate-soi","11":"pa_z-cantitate-10-seminte","12":"pa_z-cantitate-100-seminte","13":"pa_z-cantitate-1000-seminte","14":"pa_z-cantitate-120-seminte","15":"pa_z-cantitate-150-seminte","16":"pa_z-cantitate-160-seminte","17":"pa_z-cantitate-20-seminte","18":"pa_z-cantitate-200-seminte","19":"pa_z-cantitate-25-seminte","20":"pa_z-cantitate-250-seminte","21":"pa_z-cantitate-30-seminte","22":"pa_z-cantitate-300-seminte","23":"pa_z-cantitate-40-seminte","24":"pa_z-cantitate-400-seminte","25":"pa_z-cantitate-5-seminte","26":"pa_z-cantitate-50-seminte","27":"pa_z-cantitate-500-seminte","28":"pa_z-cantitate-60-seminte","29":"pa_z-cantitate-600-seminte","30":"pa_z-cantitate-80-seminte","31":"pa_z-cantitate-90-seminte","32":"desktop-align-left","33":"tablet-align-left","34":"mobile-align-left","36":"first","37":"instock","38":"sale","39":"taxable","40":"shipping-taxable","41":"purchasable","42":"product-type-variable"},"_links":{"self":[{"href":"https:\/\/vivasem.ro\/index.php?rest_route=\/wp\/v2\/product\/12620","targetHints":{"allow":["GET"]}}],"collection":[{"href":"https:\/\/vivasem.ro\/index.php?rest_route=\/wp\/v2\/product"}],"about":[{"href":"https:\/\/vivasem.ro\/index.php?rest_route=\/wp\/v2\/types\/product"}],"replies":[{"embeddable":true,"href":"https:\/\/vivasem.ro\/index.php?rest_route=%2Fwp%2Fv2%2Fcomments&post=12620"}],"wp:featuredmedia":[{"embeddable":true,"href":"https:\/\/vivasem.ro\/index.php?rest_route=\/wp\/v2\/media\/16624"}],"wp:attachment":[{"href":"https:\/\/vivasem.ro\/index.php?rest_route=%2Fwp%2Fv2%2Fmedia&parent=12620"}],"wp:term":[{"taxonomy":"product_brand","embeddable":true,"href":"https:\/\/vivasem.ro\/index.php?rest_route=%2Fwp%2Fv2%2Fproduct_brand&post=12620"},{"taxonomy":"product_cat","embeddable":true,"href":"https:\/\/vivasem.ro\/index.php?rest_route=%2Fwp%2Fv2%2Fproduct_cat&post=12620"},{"taxonomy":"product_tag","embeddable":true,"href":"https:\/\/vivasem.ro\/index.php?rest_route=%2Fwp%2Fv2%2Fproduct_tag&post=12620"}],"curies":[{"name":"wp","href":"https:\/\/api.w.org\/{rel}","templated":true}]}}