{"id":12590,"date":"2024-03-17T17:03:33","date_gmt":"2024-03-17T15:03:33","guid":{"rendered":"https:\/\/vivasem.ro\/?post_type=product&#038;p=12590"},"modified":"2024-03-21T09:25:12","modified_gmt":"2024-03-21T07:25:12","slug":"uriase-roz-de-baleni-15s","status":"publish","type":"product","link":"https:\/\/vivasem.ro\/?product=uriase-roz-de-baleni-15s","title":{"rendered":"\u201e\u201eURIASE ROZ DE B\u0102LENI (15s)"},"content":{"rendered":"<h6><span style=\"color: #ff0000;\">URIA\u0218E ROZ DE B\u0102LENI ,<\/span><\/h6>\n<h6><span style=\"color: #0000ff;\"><strong>EXTRAORDINAR SOI VECHI , CULTIVAT \u0218I AMELIORAT, <\/strong><\/span><span style=\"color: #0000ff;\"><strong>\u00ceN ZONA BAZINUL LEGUMICOL B\u0102LENI-S\u00c2RBI, DIN D\u00c2MBOVI\u021aA, <\/strong><\/span><span style=\"color: #0000ff;\"><strong>DE C\u0102TRE\u00a0 GR\u0102DINARII EMIGRAN\u021aI SLAVI, DIN SERBIA \u0218I BULGARIA, \u0218I CARE S-AU STABILIT, <\/strong><\/span><span style=\"color: #0000ff;\"><strong>\u00ceN ROM\u0102NIA, \u00ceNAINTEA ANULUI 1900.\u00a0<\/strong><\/span><\/h6>\n<h6><strong>ESTE CARACTERIZAT PRIN FRUCTE\u00a0 DE CULOARE ROZ-RUBINIE,\u00a0 <span style=\"color: #0000ff;\">FOARTE MARI , \u00ceN MEDIE DE 300-600 grame, IAR FRECVENT, UNELE AJUNG CU ADEV\u0102RAT URIA\u0218E, LA 1- 1,5 kilograme. <\/span><\/strong><\/h6>\n<h6>\u00a0TOMATELE AU GUST MINUNAT, PERFECT BALANSAT DULCE-ACRISOR, CU AROM\u0102 DE RO\u0218IE TRADI\u021aIONAL\u0102 VECHE.<\/h6>\n<h6>\u00a0SUNT FOARTE C\u0102RNOASE, SUCULENTE ,AU PIELI\u021a\u0102 FIN\u0102 \u0218I POT FI FELIATE \u0218I T\u0102IATE CUBURI.<\/h6>\n<h6>PENTRU C\u0102 FRUCTELE\u00a0 AU PERE\u021aII GRO\u0218I \u0218I PULP\u0102 FERM\u0102, SOLID\u0102, \u0218I <span style=\"color: #0000ff;\">SUNT REZISTENTE LA TRANSPORT, \u0218I DATORIT\u0102 MULTIPLELOR CALIT\u0102\u021aI, ACEST SOI A FOST \u0218I ESTE MULT CULTIVAT PENTRU A FI COMERCIALIZAT<\/span> \u00ceN PIE\u021aELE DIN TOAT\u0102 \u021aARA.<\/h6>\n<h6><span style=\"color: #0000ff;\">DINTRE CELE MAI PRODUCTIVE SOIURI PROBATE DE NOI,<\/span> PRODUC CONSTANT MULTE FRUCTE MARI, AM OB\u0218INUT FRECVENT 1,5 kilograme\/PLANT\u0102\/LA O RECOLTARE.<\/h6>\n<h6>PLANTE NEDETERMINATE,SEMITIMPURI.<\/h6>\n","protected":false},"excerpt":{"rendered":"<h6><span style=\"color: #0000ff;\">15 SEMIN\u021aE<\/span><\/h6>\n<p><a href=\"https:\/\/vivasem.ro\/wp-content\/uploads\/2021\/11\/RO-1.jpg\"><img loading=\"lazy\" decoding=\"async\" class=\"alignnone size-medium wp-image-7098\" src=\"https:\/\/vivasem.ro\/wp-content\/uploads\/2021\/11\/RO-1-300x107.jpg\" alt=\"\" width=\"300\" height=\"107\" \/><\/a><\/p>\n<h6>SOI ROM\u00c2NESC EXCEP\u021aIONAL !<\/h6>\n<h6>\u0218I DE COMERCIALIZAT !<\/h6>\n<h6>PRODUCTIVITATE\u00a0 \u00ceNALT\u0102<\/h6>\n<h6>GUST EXTRAORDINAR !<\/h6>\n","protected":false},"featured_media":1110,"comment_status":"open","ping_status":"closed","template":"","meta":{"site-sidebar-layout":"default","site-content-layout":"default","ast-site-content-layout":"default","site-content-style":"default","site-sidebar-style":"default","ast-global-header-display":"","ast-banner-title-visibility":"","ast-main-header-display":"","ast-hfb-above-header-display":"","ast-hfb-below-header-display":"","ast-hfb-mobile-header-display":"","site-post-title":"","ast-breadcrumbs-content":"","ast-featured-img":"","footer-sml-layout":"","ast-disable-related-posts":"","theme-transparent-header-meta":"default","adv-header-id-meta":"","stick-header-meta":"","header-above-stick-meta":"","header-main-stick-meta":"","header-below-stick-meta":"","astra-migrate-meta-layouts":"set","ast-page-background-enabled":"default","ast-page-background-meta":{"desktop":{"background-color":"var(--ast-global-color-4)","background-image":"","background-repeat":"repeat","background-position":"center center","background-size":"auto","background-attachment":"scroll","background-type":"","background-media":"","overlay-type":"","overlay-color":"","overlay-opacity":"","overlay-gradient":""},"tablet":{"background-color":"","background-image":"","background-repeat":"repeat","background-position":"center center","background-size":"auto","background-attachment":"scroll","background-type":"","background-media":"","overlay-type":"","overlay-color":"","overlay-opacity":"","overlay-gradient":""},"mobile":{"background-color":"","background-image":"","background-repeat":"repeat","background-position":"center center","background-size":"auto","background-attachment":"scroll","background-type":"","background-media":"","overlay-type":"","overlay-color":"","overlay-opacity":"","overlay-gradient":""}},"ast-content-background-meta":{"desktop":{"background-color":"var(--ast-global-color-5)","background-image":"","background-repeat":"repeat","background-position":"center center","background-size":"auto","background-attachment":"scroll","background-type":"","background-media":"","overlay-type":"","overlay-color":"","overlay-opacity":"","overlay-gradient":""},"tablet":{"background-color":"var(--ast-global-color-5)","background-image":"","background-repeat":"repeat","background-position":"center center","background-size":"auto","background-attachment":"scroll","background-type":"","background-media":"","overlay-type":"","overlay-color":"","overlay-opacity":"","overlay-gradient":""},"mobile":{"background-color":"var(--ast-global-color-5)","background-image":"","background-repeat":"repeat","background-position":"center center","background-size":"auto","background-attachment":"scroll","background-type":"","background-media":"","overlay-type":"","overlay-color":"","overlay-opacity":"","overlay-gradient":""}}},"product_brand":[],"product_cat":[141,140,142,15],"product_tag":[],"class_list":{"0":"post-12590","1":"product","2":"type-product","3":"status-publish","4":"has-post-thumbnail","6":"product_cat-soi-gigant-urias","7":"product_cat-soiuri-romanesti","8":"product_cat-soiuri-rosii-roz","9":"product_cat-tomate-soi","10":"desktop-align-left","11":"tablet-align-left","12":"mobile-align-left","14":"first","15":"outofstock","16":"taxable","17":"shipping-taxable","18":"purchasable","19":"product-type-simple"},"_links":{"self":[{"href":"https:\/\/vivasem.ro\/index.php?rest_route=\/wp\/v2\/product\/12590","targetHints":{"allow":["GET"]}}],"collection":[{"href":"https:\/\/vivasem.ro\/index.php?rest_route=\/wp\/v2\/product"}],"about":[{"href":"https:\/\/vivasem.ro\/index.php?rest_route=\/wp\/v2\/types\/product"}],"replies":[{"embeddable":true,"href":"https:\/\/vivasem.ro\/index.php?rest_route=%2Fwp%2Fv2%2Fcomments&post=12590"}],"wp:featuredmedia":[{"embeddable":true,"href":"https:\/\/vivasem.ro\/index.php?rest_route=\/wp\/v2\/media\/1110"}],"wp:attachment":[{"href":"https:\/\/vivasem.ro\/index.php?rest_route=%2Fwp%2Fv2%2Fmedia&parent=12590"}],"wp:term":[{"taxonomy":"product_brand","embeddable":true,"href":"https:\/\/vivasem.ro\/index.php?rest_route=%2Fwp%2Fv2%2Fproduct_brand&post=12590"},{"taxonomy":"product_cat","embeddable":true,"href":"https:\/\/vivasem.ro\/index.php?rest_route=%2Fwp%2Fv2%2Fproduct_cat&post=12590"},{"taxonomy":"product_tag","embeddable":true,"href":"https:\/\/vivasem.ro\/index.php?rest_route=%2Fwp%2Fv2%2Fproduct_tag&post=12590"}],"curies":[{"name":"wp","href":"https:\/\/api.w.org\/{rel}","templated":true}]}}