{"id":12511,"date":"2024-03-02T23:32:27","date_gmt":"2024-03-02T21:32:27","guid":{"rendered":"https:\/\/vivasem.ro\/?post_type=product&#038;p=12511"},"modified":"2026-03-16T11:30:57","modified_gmt":"2026-03-16T09:30:57","slug":"prunisoare-de-moldova-roz-40s","status":"publish","type":"product","link":"https:\/\/vivasem.ro\/?product=prunisoare-de-moldova-roz-40s","title":{"rendered":"\u201e\u201ePRUNISOARE DE MOLDOVA -ROZ (40s)"},"content":{"rendered":"<h6><span style=\"color: #ff0000;\"><strong>PRUNI\u0218OARE DE MOLDOVA ,<\/strong><\/span><\/h6>\n<h6><span style=\"color: #0000ff;\"><strong>SOI CULTIVAT PE AMBELE MALURI ALE PRUTULUI, <\/strong>CU PLANTE FOARTE VIGUROASE, CE PRODUC NUMERO\u0218I CIORCHINI CU PRUNI\u0218OARE\u00a0 PURPURII, CU MO\u021a, GUSTOASE, DULCI, SUCULENTE, AROMATE.<\/span><\/h6>\n<h6>PLANTELE POT FI CULTIVATE \u00ceN GR\u0102DIN\u0102 DAR \u0218I \u00ceN SOLAR , <span style=\"color: #0000ff;\">SUNT DEOSEBIT DE REZISTENTE LA TEMPERATURI SC\u0102ZUTE \u0218I PRODUC P\u00c2N\u0102 LA \u00ceNGHE\u021a .<\/span><\/h6>\n<h6>FRUCTELE,\u00ceN GREUTATE DE 70-100 gr., <span style=\"color: #0000ff;\">SE COC LA C\u0102LDUR\u0102 \u0218I DUP\u0102 CE AU FOST CULESE VERZI.<\/span><\/h6>\n<h6><span style=\"color: #0000ff;\">RANDAMENTUL\u00a0 ESTE\u00a0 \u00ceNALT , AT\u00c2T \u00ceN ZONELE C\u0102LDUROASE DAR \u0218I \u00ceN CELE MAI RECI, RELEV\u00c2ND POSIBILE ORIGINI RUSE\u0218TI<\/span>\u00a0.<\/h6>\n","protected":false},"excerpt":{"rendered":"<h6><span style=\"color: #0000ff;\">40 SEMIN\u021aE<\/span><\/h6>\n<h6><span style=\"color: #ff00ff;\">SOI GUSTOS \u0218I FOARTE REZISTENT CU <\/span><span style=\"color: #ff00ff;\">PRODUCTIVITATE \u00ceNALT\u0102!<\/span><\/h6>\n<p><img loading=\"lazy\" decoding=\"async\" class=\"alignnone size-medium wp-image-17985\" src=\"https:\/\/vivasem.ro\/wp-content\/uploads\/2025\/05\/SOI-ROMANESC-300x106.jpg\" alt=\"\" width=\"300\" height=\"106\" srcset=\"https:\/\/vivasem.ro\/wp-content\/uploads\/2025\/05\/SOI-ROMANESC-300x106.jpg 300w, https:\/\/vivasem.ro\/wp-content\/uploads\/2025\/05\/SOI-ROMANESC-150x53.jpg 150w, https:\/\/vivasem.ro\/wp-content\/uploads\/2025\/05\/SOI-ROMANESC-248x88.jpg 248w, https:\/\/vivasem.ro\/wp-content\/uploads\/2025\/05\/SOI-ROMANESC-590x209.jpg 590w, https:\/\/vivasem.ro\/wp-content\/uploads\/2025\/05\/SOI-ROMANESC.jpg 700w\" sizes=\"auto, (max-width: 300px) 100vw, 300px\" \/><\/p>\n<p>&nbsp;<\/p>\n","protected":false},"featured_media":3482,"comment_status":"open","ping_status":"closed","template":"","meta":{"site-sidebar-layout":"default","site-content-layout":"default","ast-site-content-layout":"default","site-content-style":"default","site-sidebar-style":"default","ast-global-header-display":"","ast-banner-title-visibility":"","ast-main-header-display":"","ast-hfb-above-header-display":"","ast-hfb-below-header-display":"","ast-hfb-mobile-header-display":"","site-post-title":"","ast-breadcrumbs-content":"","ast-featured-img":"","footer-sml-layout":"","ast-disable-related-posts":"","theme-transparent-header-meta":"default","adv-header-id-meta":"","stick-header-meta":"","header-above-stick-meta":"","header-main-stick-meta":"","header-below-stick-meta":"","astra-migrate-meta-layouts":"set","ast-page-background-enabled":"default","ast-page-background-meta":{"desktop":{"background-color":"var(--ast-global-color-4)","background-image":"","background-repeat":"repeat","background-position":"center center","background-size":"auto","background-attachment":"scroll","background-type":"","background-media":"","overlay-type":"","overlay-color":"","overlay-opacity":"","overlay-gradient":""},"tablet":{"background-color":"","background-image":"","background-repeat":"repeat","background-position":"center center","background-size":"auto","background-attachment":"scroll","background-type":"","background-media":"","overlay-type":"","overlay-color":"","overlay-opacity":"","overlay-gradient":""},"mobile":{"background-color":"","background-image":"","background-repeat":"repeat","background-position":"center center","background-size":"auto","background-attachment":"scroll","background-type":"","background-media":"","overlay-type":"","overlay-color":"","overlay-opacity":"","overlay-gradient":""}},"ast-content-background-meta":{"desktop":{"background-color":"var(--ast-global-color-5)","background-image":"","background-repeat":"repeat","background-position":"center center","background-size":"auto","background-attachment":"scroll","background-type":"","background-media":"","overlay-type":"","overlay-color":"","overlay-opacity":"","overlay-gradient":""},"tablet":{"background-color":"var(--ast-global-color-5)","background-image":"","background-repeat":"repeat","background-position":"center center","background-size":"auto","background-attachment":"scroll","background-type":"","background-media":"","overlay-type":"","overlay-color":"","overlay-opacity":"","overlay-gradient":""},"mobile":{"background-color":"var(--ast-global-color-5)","background-image":"","background-repeat":"repeat","background-position":"center center","background-size":"auto","background-attachment":"scroll","background-type":"","background-media":"","overlay-type":"","overlay-color":"","overlay-opacity":"","overlay-gradient":""}}},"product_brand":[],"product_cat":[180,143,178,140,142,15],"product_tag":[],"class_list":{"0":"post-12511","1":"product","2":"type-product","3":"status-publish","4":"has-post-thumbnail","6":"product_cat-oferte-de-pret-cantitate","7":"product_cat-soiuri-timpurii-cherry","8":"product_cat-soiuri-lungi","9":"product_cat-soiuri-romanesti","10":"product_cat-soiuri-rosii-roz","11":"product_cat-tomate-soi","12":"desktop-align-left","13":"tablet-align-left","14":"mobile-align-left","16":"first","17":"outofstock","18":"taxable","19":"shipping-taxable","20":"purchasable","21":"product-type-simple"},"_links":{"self":[{"href":"https:\/\/vivasem.ro\/index.php?rest_route=\/wp\/v2\/product\/12511","targetHints":{"allow":["GET"]}}],"collection":[{"href":"https:\/\/vivasem.ro\/index.php?rest_route=\/wp\/v2\/product"}],"about":[{"href":"https:\/\/vivasem.ro\/index.php?rest_route=\/wp\/v2\/types\/product"}],"replies":[{"embeddable":true,"href":"https:\/\/vivasem.ro\/index.php?rest_route=%2Fwp%2Fv2%2Fcomments&post=12511"}],"wp:featuredmedia":[{"embeddable":true,"href":"https:\/\/vivasem.ro\/index.php?rest_route=\/wp\/v2\/media\/3482"}],"wp:attachment":[{"href":"https:\/\/vivasem.ro\/index.php?rest_route=%2Fwp%2Fv2%2Fmedia&parent=12511"}],"wp:term":[{"taxonomy":"product_brand","embeddable":true,"href":"https:\/\/vivasem.ro\/index.php?rest_route=%2Fwp%2Fv2%2Fproduct_brand&post=12511"},{"taxonomy":"product_cat","embeddable":true,"href":"https:\/\/vivasem.ro\/index.php?rest_route=%2Fwp%2Fv2%2Fproduct_cat&post=12511"},{"taxonomy":"product_tag","embeddable":true,"href":"https:\/\/vivasem.ro\/index.php?rest_route=%2Fwp%2Fv2%2Fproduct_tag&post=12511"}],"curies":[{"name":"wp","href":"https:\/\/api.w.org\/{rel}","templated":true}]}}