{"id":12503,"date":"2024-03-02T12:56:57","date_gmt":"2024-03-02T10:56:57","guid":{"rendered":"https:\/\/vivasem.ro\/?post_type=product&#038;p=12503"},"modified":"2024-03-02T12:59:44","modified_gmt":"2024-03-02T10:59:44","slug":"sunatoare-agrosem-tg-mures","status":"publish","type":"product","link":"https:\/\/vivasem.ro\/?product=sunatoare-agrosem-tg-mures","title":{"rendered":"SUN\u0102TOARE -Agrosem Tg.Mures"},"content":{"rendered":"<h6><span style=\"color: #ff0000;\"><strong><u>SUN\u0102TOARE &#8211;<\/u><\/strong><strong> Agrosem Tg.Mures,<\/strong><\/span><\/h6>\n<h6>Plant\u0103 erbacee perena cu o in\u0103l\u021bime de 30-70 cm.<\/h6>\n<h6>Se culeg inflorescen\u021bele cu flori neofilite \u0219i o parte din tulpin\u0103, in buchete, care se taie la 20 cm de la v\u00e2rf.<\/h6>\n<h6>Se utilizeaz\u0103 ca plant\u0103 medicinal\u0103 cu actiune multipl\u0103.<\/h6>\n<h6>Se insaman\u021beaz\u0103 in perioada martie-aprilie.<\/h6>\n<h6>Specificatii tehnice:<\/h6>\n<ul>\n<li>\n<h6>Adancime 2-2,5 cm<\/h6>\n<\/li>\n<li>\n<h6>Insamantat incepand cu luna martie-aprilie<\/h6>\n<\/li>\n<li>\n<h6>Tipuri de productie din seminte<\/h6>\n<\/li>\n<\/ul>\n<h6>Generalitati:<\/h6>\n<ul>\n<li>\n<h6>Plantare martie-aprilie<\/h6>\n<\/li>\n<li>\n<h6>Recoltare iulie-august<\/h6>\n<\/li>\n<li>\n<h6>Vegetatie 120 zile<\/h6>\n<\/li>\n<li>\n<h6><strong style=\"font-size: 16px;\">U\u0218OR DE CULTIVAT, \u00ceN GR\u0102DIN\u0102 ,IAR\u00a0 \u00ceN GHIVECE, SE POATE CULTIVA CU EXCELENTE REZULTATE, \u00ceN SPECIAL \u00ceN ANOTIMPUL RECE.<\/strong><\/h6>\n<\/li>\n<\/ul>\n","protected":false},"excerpt":{"rendered":"<h6 style=\"text-align: left;\"><span style=\"color: #0000ff;\">0,1 GRAME\/ circa 330 semin\u021be<\/span><\/h6>\n","protected":false},"featured_media":12501,"comment_status":"open","ping_status":"closed","template":"","meta":{"site-sidebar-layout":"default","site-content-layout":"default","ast-site-content-layout":"default","site-content-style":"default","site-sidebar-style":"default","ast-global-header-display":"","ast-banner-title-visibility":"","ast-main-header-display":"","ast-hfb-above-header-display":"","ast-hfb-below-header-display":"","ast-hfb-mobile-header-display":"","site-post-title":"","ast-breadcrumbs-content":"","ast-featured-img":"","footer-sml-layout":"","ast-disable-related-posts":"","theme-transparent-header-meta":"default","adv-header-id-meta":"","stick-header-meta":"","header-above-stick-meta":"","header-main-stick-meta":"","header-below-stick-meta":"","astra-migrate-meta-layouts":"set","ast-page-background-enabled":"default","ast-page-background-meta":{"desktop":{"background-color":"var(--ast-global-color-4)","background-image":"","background-repeat":"repeat","background-position":"center center","background-size":"auto","background-attachment":"scroll","background-type":"","background-media":"","overlay-type":"","overlay-color":"","overlay-opacity":"","overlay-gradient":""},"tablet":{"background-color":"","background-image":"","background-repeat":"repeat","background-position":"center center","background-size":"auto","background-attachment":"scroll","background-type":"","background-media":"","overlay-type":"","overlay-color":"","overlay-opacity":"","overlay-gradient":""},"mobile":{"background-color":"","background-image":"","background-repeat":"repeat","background-position":"center center","background-size":"auto","background-attachment":"scroll","background-type":"","background-media":"","overlay-type":"","overlay-color":"","overlay-opacity":"","overlay-gradient":""}},"ast-content-background-meta":{"desktop":{"background-color":"var(--ast-global-color-5)","background-image":"","background-repeat":"repeat","background-position":"center center","background-size":"auto","background-attachment":"scroll","background-type":"","background-media":"","overlay-type":"","overlay-color":"","overlay-opacity":"","overlay-gradient":""},"tablet":{"background-color":"var(--ast-global-color-5)","background-image":"","background-repeat":"repeat","background-position":"center center","background-size":"auto","background-attachment":"scroll","background-type":"","background-media":"","overlay-type":"","overlay-color":"","overlay-opacity":"","overlay-gradient":""},"mobile":{"background-color":"var(--ast-global-color-5)","background-image":"","background-repeat":"repeat","background-position":"center center","background-size":"auto","background-attachment":"scroll","background-type":"","background-media":"","overlay-type":"","overlay-color":"","overlay-opacity":"","overlay-gradient":""}}},"product_brand":[],"product_cat":[90],"product_tag":[],"class_list":{"0":"post-12503","1":"product","2":"type-product","3":"status-publish","4":"has-post-thumbnail","6":"product_cat-plante-aromatice","7":"desktop-align-left","8":"tablet-align-left","9":"mobile-align-left","11":"first","12":"instock","13":"taxable","14":"shipping-taxable","15":"purchasable","16":"product-type-simple"},"_links":{"self":[{"href":"https:\/\/vivasem.ro\/index.php?rest_route=\/wp\/v2\/product\/12503","targetHints":{"allow":["GET"]}}],"collection":[{"href":"https:\/\/vivasem.ro\/index.php?rest_route=\/wp\/v2\/product"}],"about":[{"href":"https:\/\/vivasem.ro\/index.php?rest_route=\/wp\/v2\/types\/product"}],"replies":[{"embeddable":true,"href":"https:\/\/vivasem.ro\/index.php?rest_route=%2Fwp%2Fv2%2Fcomments&post=12503"}],"wp:featuredmedia":[{"embeddable":true,"href":"https:\/\/vivasem.ro\/index.php?rest_route=\/wp\/v2\/media\/12501"}],"wp:attachment":[{"href":"https:\/\/vivasem.ro\/index.php?rest_route=%2Fwp%2Fv2%2Fmedia&parent=12503"}],"wp:term":[{"taxonomy":"product_brand","embeddable":true,"href":"https:\/\/vivasem.ro\/index.php?rest_route=%2Fwp%2Fv2%2Fproduct_brand&post=12503"},{"taxonomy":"product_cat","embeddable":true,"href":"https:\/\/vivasem.ro\/index.php?rest_route=%2Fwp%2Fv2%2Fproduct_cat&post=12503"},{"taxonomy":"product_tag","embeddable":true,"href":"https:\/\/vivasem.ro\/index.php?rest_route=%2Fwp%2Fv2%2Fproduct_tag&post=12503"}],"curies":[{"name":"wp","href":"https:\/\/api.w.org\/{rel}","templated":true}]}}