{"id":12499,"date":"2024-03-02T12:43:38","date_gmt":"2024-03-02T10:43:38","guid":{"rendered":"https:\/\/vivasem.ro\/?post_type=product&#038;p=12499"},"modified":"2026-03-15T12:14:38","modified_gmt":"2026-03-15T10:14:38","slug":"cimbru-agrosem-15g","status":"publish","type":"product","link":"https:\/\/vivasem.ro\/?product=cimbru-agrosem-15g","title":{"rendered":"CIMBRU AGROSEM (1,5g)"},"content":{"rendered":"<h6><span style=\"color: #ff0000;\"><strong><u>CIMBRU <\/u><\/strong><\/span><\/h6>\n<h6><span style=\"color: #ff0000;\"><strong><u>-Produc\u0103tor semin\u021be : AGROSEM TG. MURE\u0218,<\/u><\/strong><\/span><\/h6>\n<h6><span style=\"color: #333399;\">CIMBRUL ESTE PLANTA MEDICINAL\u0102 \u0218I CONDIMENT,<strong>MULT FOLOSIT \u00ceN BUC\u0102T\u0102RIE LA AROMATIZAREA DIVERSELOR PREPARATE CULINARE \u0218I A MUR\u0102TURILOR.<\/strong><\/span><\/h6>\n<h6><span style=\"color: #333399;\">UN CONDIMENT PERFECT PENTRU SUPE CREME, CARNE, BR\u00c2NZETURI,VARZ\u0102 MURAT\u0102.<\/span><\/h6>\n<h6><span style=\"color: #333399;\">PARTEA AERIAN\u0102 CON\u021aINE PANA LA 2,5% ULEI ETERIC, CARE IMPRIMA PLANTEI O AROM\u0102 FOARTE PLACUT\u0102.<\/span><\/h6>\n<h6><span style=\"color: #333399;\">AJUT\u0102 LA AMELIORAREA CRAMPELOR ABDOMINALE SI A NEVRALGIILOR.<\/span><\/h6>\n<h6><span style=\"color: #333399;\">PLANTA PERENA CARE CRESTE CCA. 40 CM .<\/span><\/h6>\n<h6><span style=\"color: #333399;\">METODA PLANTARE: SE INSAMANTEAZA IN RASADNITE IN LUNA APRILIE, IAR IN SOL IN MAI.<\/span><\/h6>\n<h6><span style=\"color: #333399;\">TERENUL PE CARE SE CULTIVA CIMBRUL TREBUIE ABUNDENT INGRASAT CU GUNOI DE GRAJD LA INFIINTAREA PLANTATIEI (SUB ARATURA ADINCA, 40\u201460 T\/HA).<\/span><\/h6>\n<h6><span style=\"color: #333399;\">O DATA CU GUNOIUL DE GRAJD SE ADMINISTREAZA SI INGRASAMINTE COMPLEXE.<\/span><\/h6>\n<p><span style=\"color: #333399;\"><strong>U\u0218OR DE CULTIVAT, \u00ceN GR\u0102DIN\u0102 , DAR \u0218I \u00ceN GHIVECE.<\/strong><\/span><\/p>\n<h6><span style=\"color: #333399;\">700-900 SEMINTE \/ GRAM<\/span><\/h6>\n<p><span style=\"color: #333399;\">Ambalat \u00een plic ZIP<\/span><\/p>\n","protected":false},"excerpt":{"rendered":"<h6><span style=\"color: #0000ff;\">1,5 grame\/1000-1300 SEMIN\u021aE<\/span><\/h6>\n<p>&nbsp;<\/p>\n","protected":false},"featured_media":12502,"comment_status":"open","ping_status":"closed","template":"","meta":{"site-sidebar-layout":"default","site-content-layout":"default","ast-site-content-layout":"default","site-content-style":"default","site-sidebar-style":"default","ast-global-header-display":"","ast-banner-title-visibility":"","ast-main-header-display":"","ast-hfb-above-header-display":"","ast-hfb-below-header-display":"","ast-hfb-mobile-header-display":"","site-post-title":"","ast-breadcrumbs-content":"","ast-featured-img":"","footer-sml-layout":"","ast-disable-related-posts":"","theme-transparent-header-meta":"default","adv-header-id-meta":"","stick-header-meta":"","header-above-stick-meta":"","header-main-stick-meta":"","header-below-stick-meta":"","astra-migrate-meta-layouts":"set","ast-page-background-enabled":"default","ast-page-background-meta":{"desktop":{"background-color":"var(--ast-global-color-4)","background-image":"","background-repeat":"repeat","background-position":"center center","background-size":"auto","background-attachment":"scroll","background-type":"","background-media":"","overlay-type":"","overlay-color":"","overlay-opacity":"","overlay-gradient":""},"tablet":{"background-color":"","background-image":"","background-repeat":"repeat","background-position":"center center","background-size":"auto","background-attachment":"scroll","background-type":"","background-media":"","overlay-type":"","overlay-color":"","overlay-opacity":"","overlay-gradient":""},"mobile":{"background-color":"","background-image":"","background-repeat":"repeat","background-position":"center center","background-size":"auto","background-attachment":"scroll","background-type":"","background-media":"","overlay-type":"","overlay-color":"","overlay-opacity":"","overlay-gradient":""}},"ast-content-background-meta":{"desktop":{"background-color":"var(--ast-global-color-5)","background-image":"","background-repeat":"repeat","background-position":"center center","background-size":"auto","background-attachment":"scroll","background-type":"","background-media":"","overlay-type":"","overlay-color":"","overlay-opacity":"","overlay-gradient":""},"tablet":{"background-color":"var(--ast-global-color-5)","background-image":"","background-repeat":"repeat","background-position":"center center","background-size":"auto","background-attachment":"scroll","background-type":"","background-media":"","overlay-type":"","overlay-color":"","overlay-opacity":"","overlay-gradient":""},"mobile":{"background-color":"var(--ast-global-color-5)","background-image":"","background-repeat":"repeat","background-position":"center center","background-size":"auto","background-attachment":"scroll","background-type":"","background-media":"","overlay-type":"","overlay-color":"","overlay-opacity":"","overlay-gradient":""}}},"product_brand":[],"product_cat":[90],"product_tag":[],"class_list":{"0":"post-12499","1":"product","2":"type-product","3":"status-publish","4":"has-post-thumbnail","6":"product_cat-plante-aromatice","7":"desktop-align-left","8":"tablet-align-left","9":"mobile-align-left","11":"first","12":"instock","13":"taxable","14":"shipping-taxable","15":"purchasable","16":"product-type-simple"},"_links":{"self":[{"href":"https:\/\/vivasem.ro\/index.php?rest_route=\/wp\/v2\/product\/12499","targetHints":{"allow":["GET"]}}],"collection":[{"href":"https:\/\/vivasem.ro\/index.php?rest_route=\/wp\/v2\/product"}],"about":[{"href":"https:\/\/vivasem.ro\/index.php?rest_route=\/wp\/v2\/types\/product"}],"replies":[{"embeddable":true,"href":"https:\/\/vivasem.ro\/index.php?rest_route=%2Fwp%2Fv2%2Fcomments&post=12499"}],"wp:featuredmedia":[{"embeddable":true,"href":"https:\/\/vivasem.ro\/index.php?rest_route=\/wp\/v2\/media\/12502"}],"wp:attachment":[{"href":"https:\/\/vivasem.ro\/index.php?rest_route=%2Fwp%2Fv2%2Fmedia&parent=12499"}],"wp:term":[{"taxonomy":"product_brand","embeddable":true,"href":"https:\/\/vivasem.ro\/index.php?rest_route=%2Fwp%2Fv2%2Fproduct_brand&post=12499"},{"taxonomy":"product_cat","embeddable":true,"href":"https:\/\/vivasem.ro\/index.php?rest_route=%2Fwp%2Fv2%2Fproduct_cat&post=12499"},{"taxonomy":"product_tag","embeddable":true,"href":"https:\/\/vivasem.ro\/index.php?rest_route=%2Fwp%2Fv2%2Fproduct_tag&post=12499"}],"curies":[{"name":"wp","href":"https:\/\/api.w.org\/{rel}","templated":true}]}}