{"id":12424,"date":"2024-02-24T07:46:00","date_gmt":"2024-02-24T05:46:00","guid":{"rendered":"https:\/\/vivasem.ro\/?post_type=product&#038;p=12424"},"modified":"2024-09-22T07:35:52","modified_gmt":"2024-09-22T05:35:52","slug":"breaza-nord-oferta-210s","status":"publish","type":"product","link":"https:\/\/vivasem.ro\/?product=breaza-nord-oferta-210s","title":{"rendered":"BREAZA NORD (OFERTA 300S)"},"content":{"rendered":"<h6><span style=\"color: #ff0000;\"><strong><u>BREAZA NORD,<\/u><\/strong><\/span><\/h6>\n<h6><span style=\"color: #0000ff;\">UN SOI DE PE VALEA PRAHOVEI, CULTIVAT \u0218I DE FAMILIA NOASTR\u0102 \u00ceN LOCALITATEA CU ACELA\u0218I NUME, EXTREM DE PRODUCTIV \u0218I GUSTOS.<\/span><\/h6>\n<h6><span style=\"color: #ff0000;\">FRUCTELE CRESC \u00ceN CIORCHINI DE 4-7 BUC\u0102\u021aI , AU MEDIA DE 70-150 grame, IAR UNELE AJUNG LA 300 grame.<\/span><\/h6>\n<h6><span style=\"color: #ff0000;\">SUNT FRUMOASE, NETEDE, SFERICE,UNEORI MAI APLATIZATE, DE\u00a0 CULOARE RO\u0218IE-INTENS\u0102.<\/span><\/h6>\n<h6><span style=\"color: #0000ff;\">AU GUST EXCEP\u021aIONAL, DULCE, FOARTE BINE ECHILIBRAT CU ACID, CU AROM\u0102 INTENS\u0102,DE RO\u0218IE VECHE.<\/span><\/h6>\n<h6>ASPECTUL GENERAL ESTE DE RO\u0218IE TRADI\u021aIONAL\u0102, SUCULENT\u0102, CU PULP\u0102 FERM\u0102,\u00a0 C\u0102RNOAS\u0102.<\/h6>\n<h6>SE RECOMAND\u0102 A SE CONSUMA PROASPETE, IN SALATE.<\/h6>\n<h6>PLANTELE SUNT NEDETERMINATE, VIGUROASE,<span style=\"color: #0000ff;\"> DE SEZON LUNG, DEOSEBIT DE\u00a0 PRODUCTIVE, CE NECESIT\u0102 SUS\u021aINERE SOLID\u0102, TIMPURII.\u00a0<\/span><\/h6>\n","protected":false},"excerpt":{"rendered":"<h6><span style=\"color: #0000ff;\">210 SEMIN\u021aE<\/span><\/h6>\n<p><a href=\"https:\/\/vivasem.ro\/wp-content\/uploads\/2021\/11\/RO-1.jpg\"><img loading=\"lazy\" decoding=\"async\" class=\"alignnone size-medium wp-image-7098\" src=\"https:\/\/vivasem.ro\/wp-content\/uploads\/2021\/11\/RO-1-300x107.jpg\" alt=\"\" width=\"300\" height=\"107\" \/><\/a><\/p>\n<h6><span style=\"color: #ff00ff;\">GUST EXEP\u021aIONAL !<\/span><\/h6>\n<h6><span style=\"color: #ff00ff;\">SOI FOARTE PRODUCTIV !<\/span><\/h6>\n","protected":false},"featured_media":0,"comment_status":"open","ping_status":"closed","template":"","meta":{"site-sidebar-layout":"default","site-content-layout":"default","ast-site-content-layout":"default","site-content-style":"default","site-sidebar-style":"default","ast-global-header-display":"","ast-banner-title-visibility":"","ast-main-header-display":"","ast-hfb-above-header-display":"","ast-hfb-below-header-display":"","ast-hfb-mobile-header-display":"","site-post-title":"","ast-breadcrumbs-content":"","ast-featured-img":"","footer-sml-layout":"","ast-disable-related-posts":"","theme-transparent-header-meta":"default","adv-header-id-meta":"","stick-header-meta":"","header-above-stick-meta":"","header-main-stick-meta":"","header-below-stick-meta":"","astra-migrate-meta-layouts":"set","ast-page-background-enabled":"default","ast-page-background-meta":{"desktop":{"background-color":"var(--ast-global-color-4)","background-image":"","background-repeat":"repeat","background-position":"center center","background-size":"auto","background-attachment":"scroll","background-type":"","background-media":"","overlay-type":"","overlay-color":"","overlay-opacity":"","overlay-gradient":""},"tablet":{"background-color":"","background-image":"","background-repeat":"repeat","background-position":"center center","background-size":"auto","background-attachment":"scroll","background-type":"","background-media":"","overlay-type":"","overlay-color":"","overlay-opacity":"","overlay-gradient":""},"mobile":{"background-color":"","background-image":"","background-repeat":"repeat","background-position":"center center","background-size":"auto","background-attachment":"scroll","background-type":"","background-media":"","overlay-type":"","overlay-color":"","overlay-opacity":"","overlay-gradient":""}},"ast-content-background-meta":{"desktop":{"background-color":"var(--ast-global-color-5)","background-image":"","background-repeat":"repeat","background-position":"center center","background-size":"auto","background-attachment":"scroll","background-type":"","background-media":"","overlay-type":"","overlay-color":"","overlay-opacity":"","overlay-gradient":""},"tablet":{"background-color":"var(--ast-global-color-5)","background-image":"","background-repeat":"repeat","background-position":"center center","background-size":"auto","background-attachment":"scroll","background-type":"","background-media":"","overlay-type":"","overlay-color":"","overlay-opacity":"","overlay-gradient":""},"mobile":{"background-color":"var(--ast-global-color-5)","background-image":"","background-repeat":"repeat","background-position":"center center","background-size":"auto","background-attachment":"scroll","background-type":"","background-media":"","overlay-type":"","overlay-color":"","overlay-opacity":"","overlay-gradient":""}}},"product_brand":[],"product_cat":[180],"product_tag":[],"class_list":{"0":"post-12424","1":"product","2":"type-product","3":"status-publish","5":"product_cat-oferte-de-pret-cantitate","6":"desktop-align-left","7":"tablet-align-left","8":"mobile-align-left","10":"first","11":"instock","12":"sale","13":"taxable","14":"shipping-taxable","15":"purchasable","16":"product-type-simple"},"_links":{"self":[{"href":"https:\/\/vivasem.ro\/index.php?rest_route=\/wp\/v2\/product\/12424","targetHints":{"allow":["GET"]}}],"collection":[{"href":"https:\/\/vivasem.ro\/index.php?rest_route=\/wp\/v2\/product"}],"about":[{"href":"https:\/\/vivasem.ro\/index.php?rest_route=\/wp\/v2\/types\/product"}],"replies":[{"embeddable":true,"href":"https:\/\/vivasem.ro\/index.php?rest_route=%2Fwp%2Fv2%2Fcomments&post=12424"}],"wp:attachment":[{"href":"https:\/\/vivasem.ro\/index.php?rest_route=%2Fwp%2Fv2%2Fmedia&parent=12424"}],"wp:term":[{"taxonomy":"product_brand","embeddable":true,"href":"https:\/\/vivasem.ro\/index.php?rest_route=%2Fwp%2Fv2%2Fproduct_brand&post=12424"},{"taxonomy":"product_cat","embeddable":true,"href":"https:\/\/vivasem.ro\/index.php?rest_route=%2Fwp%2Fv2%2Fproduct_cat&post=12424"},{"taxonomy":"product_tag","embeddable":true,"href":"https:\/\/vivasem.ro\/index.php?rest_route=%2Fwp%2Fv2%2Fproduct_tag&post=12424"}],"curies":[{"name":"wp","href":"https:\/\/api.w.org\/{rel}","templated":true}]}}