{"id":12421,"date":"2024-02-24T07:41:52","date_gmt":"2024-02-24T05:41:52","guid":{"rendered":"https:\/\/vivasem.ro\/?post_type=product&#038;p=12421"},"modified":"2024-02-24T07:43:15","modified_gmt":"2024-02-24T05:43:15","slug":"black-roma-oferta-210-s","status":"publish","type":"product","link":"https:\/\/vivasem.ro\/?product=black-roma-oferta-210-s","title":{"rendered":"BLACK ROMA (OFERTA 210 S)"},"content":{"rendered":"<h6 style=\"text-align: right;\"><span style=\"color: #ff0000;\">BLACK ROMA,<\/span><\/h6>\n<h6><span style=\"color: #0000ff;\">O TOMAT\u0102 NEAGR\u0102 DIN UCRAINA, EXTREM DE PROLIFIC\u0102, CARE PRODUCE SUTE DE FRUCTE LA O SINGUR\u0102 PLANT\u0102 .<\/span><\/h6>\n<h6>Fructele,\u00eentre 25-50 grame,sunt \u00een form\u0103 de prune,de culoarea castanei, mahon,p\u0103n\u0103 la negru ,la coacere \u0219i cresc \u00een ciorchini ca cei de struguri.<\/h6>\n<h6>Au coj\u0103 neted\u0103, frumoas\u0103 ,pulp\u0103 ferm\u0103 ,<span style=\"color: #0000ff;\">gust excelent,dulce ,intens aromat\u0103, cu o textura suculent\u0103,<\/span> potrivit\u0103 de consumat proasp\u0103t\u0103 ,dar \u0219i pentru sosuri \u0219i paste.<\/h6>\n<h6><span style=\"color: #0000ff;\">Plante timpurii, rezistente la temperaturi sc\u0103zute \u0219i varia\u021bii termice, nedeterminate . <\/span><\/h6>\n<h6><span style=\"color: #0000ff;\">Coacere \u00een 65 de zile.<\/span><\/h6>\n","protected":false},"excerpt":{"rendered":"<h6><span style=\"color: #0000ff;\">210\u00a0 SEMIN\u021aE<\/span><\/h6>\n<h6>SOI REZISTENT, EXTREM DE PRODUCTIV !<\/h6>\n<h6>GUST EXCELENT !<\/h6>\n","protected":false},"featured_media":391,"comment_status":"open","ping_status":"closed","template":"","meta":{"site-sidebar-layout":"default","site-content-layout":"default","ast-site-content-layout":"default","site-content-style":"default","site-sidebar-style":"default","ast-global-header-display":"","ast-banner-title-visibility":"","ast-main-header-display":"","ast-hfb-above-header-display":"","ast-hfb-below-header-display":"","ast-hfb-mobile-header-display":"","site-post-title":"","ast-breadcrumbs-content":"","ast-featured-img":"","footer-sml-layout":"","ast-disable-related-posts":"","theme-transparent-header-meta":"default","adv-header-id-meta":"","stick-header-meta":"","header-above-stick-meta":"","header-main-stick-meta":"","header-below-stick-meta":"","astra-migrate-meta-layouts":"set","ast-page-background-enabled":"default","ast-page-background-meta":{"desktop":{"background-color":"var(--ast-global-color-4)","background-image":"","background-repeat":"repeat","background-position":"center center","background-size":"auto","background-attachment":"scroll","background-type":"","background-media":"","overlay-type":"","overlay-color":"","overlay-opacity":"","overlay-gradient":""},"tablet":{"background-color":"","background-image":"","background-repeat":"repeat","background-position":"center center","background-size":"auto","background-attachment":"scroll","background-type":"","background-media":"","overlay-type":"","overlay-color":"","overlay-opacity":"","overlay-gradient":""},"mobile":{"background-color":"","background-image":"","background-repeat":"repeat","background-position":"center center","background-size":"auto","background-attachment":"scroll","background-type":"","background-media":"","overlay-type":"","overlay-color":"","overlay-opacity":"","overlay-gradient":""}},"ast-content-background-meta":{"desktop":{"background-color":"var(--ast-global-color-5)","background-image":"","background-repeat":"repeat","background-position":"center center","background-size":"auto","background-attachment":"scroll","background-type":"","background-media":"","overlay-type":"","overlay-color":"","overlay-opacity":"","overlay-gradient":""},"tablet":{"background-color":"var(--ast-global-color-5)","background-image":"","background-repeat":"repeat","background-position":"center center","background-size":"auto","background-attachment":"scroll","background-type":"","background-media":"","overlay-type":"","overlay-color":"","overlay-opacity":"","overlay-gradient":""},"mobile":{"background-color":"var(--ast-global-color-5)","background-image":"","background-repeat":"repeat","background-position":"center center","background-size":"auto","background-attachment":"scroll","background-type":"","background-media":"","overlay-type":"","overlay-color":"","overlay-opacity":"","overlay-gradient":""}}},"product_brand":[],"product_cat":[180],"product_tag":[],"class_list":{"0":"post-12421","1":"product","2":"type-product","3":"status-publish","4":"has-post-thumbnail","6":"product_cat-oferte-de-pret-cantitate","7":"desktop-align-left","8":"tablet-align-left","9":"mobile-align-left","11":"first","12":"instock","13":"taxable","14":"shipping-taxable","15":"purchasable","16":"product-type-simple"},"_links":{"self":[{"href":"https:\/\/vivasem.ro\/index.php?rest_route=\/wp\/v2\/product\/12421","targetHints":{"allow":["GET"]}}],"collection":[{"href":"https:\/\/vivasem.ro\/index.php?rest_route=\/wp\/v2\/product"}],"about":[{"href":"https:\/\/vivasem.ro\/index.php?rest_route=\/wp\/v2\/types\/product"}],"replies":[{"embeddable":true,"href":"https:\/\/vivasem.ro\/index.php?rest_route=%2Fwp%2Fv2%2Fcomments&post=12421"}],"wp:featuredmedia":[{"embeddable":true,"href":"https:\/\/vivasem.ro\/index.php?rest_route=\/wp\/v2\/media\/391"}],"wp:attachment":[{"href":"https:\/\/vivasem.ro\/index.php?rest_route=%2Fwp%2Fv2%2Fmedia&parent=12421"}],"wp:term":[{"taxonomy":"product_brand","embeddable":true,"href":"https:\/\/vivasem.ro\/index.php?rest_route=%2Fwp%2Fv2%2Fproduct_brand&post=12421"},{"taxonomy":"product_cat","embeddable":true,"href":"https:\/\/vivasem.ro\/index.php?rest_route=%2Fwp%2Fv2%2Fproduct_cat&post=12421"},{"taxonomy":"product_tag","embeddable":true,"href":"https:\/\/vivasem.ro\/index.php?rest_route=%2Fwp%2Fv2%2Fproduct_tag&post=12421"}],"curies":[{"name":"wp","href":"https:\/\/api.w.org\/{rel}","templated":true}]}}