{"id":12413,"date":"2024-02-24T07:18:27","date_gmt":"2024-02-24T05:18:27","guid":{"rendered":"https:\/\/vivasem.ro\/?post_type=product&#038;p=12413"},"modified":"2025-10-07T13:10:53","modified_gmt":"2025-10-07T11:10:53","slug":"de-barao-black-oferta-210s","status":"publish","type":"product","link":"https:\/\/vivasem.ro\/?product=de-barao-black-oferta-210s","title":{"rendered":".DE BARAO BLACK (OFERT\u0102 )"},"content":{"rendered":"<h5><span style=\"color: #ff0000;\">DE BARAO BLACK,<\/span><\/h5>\n<h5><strong><span style=\"color: #0000ff;\">SOI NEGRU,RUSESC, FOARTE PRODUCTIV,CE FORMEAZ\u0102 CIORCHINI BOGA\u021aI, DE 5-7 FRUCTE<\/span> OVALE, UNIFORME<\/strong>, DE CULOARE MAHON \u00ceNCHIS,SUCULENTE, C\u0102RNOASE, FOARTE DULCI \u0218I GUSTOASE.<\/h5>\n<h5>TOMATELE, \u00ceN GREUTATE DE 60&#8211;100 grame, SUNT EXCELENTE DE CONSUMAT PROSPETE.<\/h5>\n<h5><span style=\"color: #0000ff;\"> SE POT P\u0102STRA MAI MULT DEC\u0102T SOIURILE OBI\u0218NUITE<\/span>.<\/h5>\n<h5>PLANTELE VIGUROASE, NEDETERMINATE, DE GR\u0102DIN\u0102 \u0218I SOLAR , DEOSEBIT DE REZISTENTE LA TEMPERATURI SC\u0102ZUTE, PRODUC P\u00c2N\u0102 LA \u00ceNGHE\u021a.<\/h5>\n","protected":false},"excerpt":{"rendered":"<h6><span style=\"color: #0000ff;\">30-300 SEMIN\u021aE<\/span><\/h6>\n<h6><span style=\"color: #ff00ff;\">FOARTE PRODUCTIV! GUST EXCELENT!<\/span><\/h6>\n<h6><span style=\"color: #ff00ff;\">DE SEZON LUNG !FOARTE REZISTENT!<\/span><\/h6>\n","protected":false},"featured_media":354,"comment_status":"open","ping_status":"closed","template":"","meta":{"site-sidebar-layout":"default","site-content-layout":"default","ast-site-content-layout":"default","site-content-style":"default","site-sidebar-style":"default","ast-global-header-display":"","ast-banner-title-visibility":"","ast-main-header-display":"","ast-hfb-above-header-display":"","ast-hfb-below-header-display":"","ast-hfb-mobile-header-display":"","site-post-title":"","ast-breadcrumbs-content":"","ast-featured-img":"","footer-sml-layout":"","ast-disable-related-posts":"","theme-transparent-header-meta":"default","adv-header-id-meta":"","stick-header-meta":"","header-above-stick-meta":"","header-main-stick-meta":"","header-below-stick-meta":"","astra-migrate-meta-layouts":"set","ast-page-background-enabled":"default","ast-page-background-meta":{"desktop":{"background-color":"var(--ast-global-color-4)","background-image":"","background-repeat":"repeat","background-position":"center center","background-size":"auto","background-attachment":"scroll","background-type":"","background-media":"","overlay-type":"","overlay-color":"","overlay-opacity":"","overlay-gradient":""},"tablet":{"background-color":"","background-image":"","background-repeat":"repeat","background-position":"center center","background-size":"auto","background-attachment":"scroll","background-type":"","background-media":"","overlay-type":"","overlay-color":"","overlay-opacity":"","overlay-gradient":""},"mobile":{"background-color":"","background-image":"","background-repeat":"repeat","background-position":"center center","background-size":"auto","background-attachment":"scroll","background-type":"","background-media":"","overlay-type":"","overlay-color":"","overlay-opacity":"","overlay-gradient":""}},"ast-content-background-meta":{"desktop":{"background-color":"var(--ast-global-color-5)","background-image":"","background-repeat":"repeat","background-position":"center center","background-size":"auto","background-attachment":"scroll","background-type":"","background-media":"","overlay-type":"","overlay-color":"","overlay-opacity":"","overlay-gradient":""},"tablet":{"background-color":"var(--ast-global-color-5)","background-image":"","background-repeat":"repeat","background-position":"center center","background-size":"auto","background-attachment":"scroll","background-type":"","background-media":"","overlay-type":"","overlay-color":"","overlay-opacity":"","overlay-gradient":""},"mobile":{"background-color":"var(--ast-global-color-5)","background-image":"","background-repeat":"repeat","background-position":"center center","background-size":"auto","background-attachment":"scroll","background-type":"","background-media":"","overlay-type":"","overlay-color":"","overlay-opacity":"","overlay-gradient":""}}},"product_brand":[],"product_cat":[180],"product_tag":[],"class_list":{"0":"post-12413","1":"product","2":"type-product","3":"status-publish","4":"has-post-thumbnail","6":"product_cat-oferte-de-pret-cantitate","7":"pa_numar-30-s-202","8":"pa_numar-30-s-150-seminte","9":"pa_numar-30-s-30-seminte","10":"pa_numar-30-s-300-seminte","11":"pa_numar-30-s-60-seminte","12":"pa_numar-30-s-90-seminte","13":"desktop-align-left","14":"tablet-align-left","15":"mobile-align-left","17":"first","18":"instock","19":"sale","20":"taxable","21":"shipping-taxable","22":"purchasable","23":"product-type-variable"},"_links":{"self":[{"href":"https:\/\/vivasem.ro\/index.php?rest_route=\/wp\/v2\/product\/12413","targetHints":{"allow":["GET"]}}],"collection":[{"href":"https:\/\/vivasem.ro\/index.php?rest_route=\/wp\/v2\/product"}],"about":[{"href":"https:\/\/vivasem.ro\/index.php?rest_route=\/wp\/v2\/types\/product"}],"replies":[{"embeddable":true,"href":"https:\/\/vivasem.ro\/index.php?rest_route=%2Fwp%2Fv2%2Fcomments&post=12413"}],"wp:featuredmedia":[{"embeddable":true,"href":"https:\/\/vivasem.ro\/index.php?rest_route=\/wp\/v2\/media\/354"}],"wp:attachment":[{"href":"https:\/\/vivasem.ro\/index.php?rest_route=%2Fwp%2Fv2%2Fmedia&parent=12413"}],"wp:term":[{"taxonomy":"product_brand","embeddable":true,"href":"https:\/\/vivasem.ro\/index.php?rest_route=%2Fwp%2Fv2%2Fproduct_brand&post=12413"},{"taxonomy":"product_cat","embeddable":true,"href":"https:\/\/vivasem.ro\/index.php?rest_route=%2Fwp%2Fv2%2Fproduct_cat&post=12413"},{"taxonomy":"product_tag","embeddable":true,"href":"https:\/\/vivasem.ro\/index.php?rest_route=%2Fwp%2Fv2%2Fproduct_tag&post=12413"}],"curies":[{"name":"wp","href":"https:\/\/api.w.org\/{rel}","templated":true}]}}