{"id":12412,"date":"2024-02-24T07:06:19","date_gmt":"2024-02-24T05:06:19","guid":{"rendered":"https:\/\/vivasem.ro\/?post_type=product&#038;p=12412"},"modified":"2024-02-24T07:49:18","modified_gmt":"2024-02-24T05:49:18","slug":"black-mauri-maurul-negru-oferta-240s","status":"publish","type":"product","link":"https:\/\/vivasem.ro\/?product=black-mauri-maurul-negru-oferta-240s","title":{"rendered":".BLACK MAURI \/MAURUL NEGRU-(OFERT\u0102 240s)"},"content":{"rendered":"<h6><span style=\"color: #ff0000;\">BLACK MAURI\/CIORNIY MAVR\/MAURUL NEGRU,<\/span><\/h6>\n<h6><span style=\"color: #000000;\">ESTE ORIGINAR DIN UCRAINA, ACEST SOI DE TOMATE NEGRE , TIMPURIU,<span style=\"color: #0000ff;\"> EXTREM DE PROLIFIC, POATE PRODUCE SUTE DE FRUCTE LA O SINGUR\u0102 PLANT\u0102,DE 50-90 grame, \u00ceN CIORCHINI BOGA\u021aI, ASEM\u0102N\u0102TORI CELOR DE STRUGURI.<\/span><\/span><br \/>\n<span style=\"color: #000000;\">CULOAREA MAHON-RO\u0218CAT,UNEORI \u00ceNCHIS\u0102 SPRE NEGRU, LA COACERE,COAJA ESTE NETED\u0102,LUCIOAS\u0102,PULPA FERM\u0102,GUST EXCELENT,DULCE-AROMAT,SLAB ACID.<\/span><br \/>\n<span style=\"color: #000000;\">TEXTURA ESTE SUCULENT\u0102,FIIND FOARTE POTRIVITE DE CONSUMAT \u00ceN STARE PROASP\u0102T\u0102.<\/span><br \/>\n<span style=\"color: #000000;\">SOI NEDETERMINAT,TIMPURIU,<span style=\"color: #0000ff;\">BINE ADAPTAT LA TEMPERATURI SC\u0102ZUTE.<\/span><\/span><br \/>\n<span style=\"color: #000000;\">Coacere \u00een 65 de zile<\/span><\/h6>\n","protected":false},"excerpt":{"rendered":"<h6><span style=\"color: #0000ff;\">240 SEMIN\u021aE<\/span><\/h6>\n<h6><span style=\"color: #ff6600;\">PRODUCTIVITATE \u00ceNALT\u0102\u00a0<\/span><\/h6>\n<h6><span style=\"color: #ff6600;\">SOI FOARTE REZISTENT !<\/span><\/h6>\n","protected":false},"featured_media":379,"comment_status":"open","ping_status":"closed","template":"","meta":{"site-sidebar-layout":"default","site-content-layout":"default","ast-site-content-layout":"default","site-content-style":"default","site-sidebar-style":"default","ast-global-header-display":"","ast-banner-title-visibility":"","ast-main-header-display":"","ast-hfb-above-header-display":"","ast-hfb-below-header-display":"","ast-hfb-mobile-header-display":"","site-post-title":"","ast-breadcrumbs-content":"","ast-featured-img":"","footer-sml-layout":"","ast-disable-related-posts":"","theme-transparent-header-meta":"default","adv-header-id-meta":"","stick-header-meta":"","header-above-stick-meta":"","header-main-stick-meta":"","header-below-stick-meta":"","astra-migrate-meta-layouts":"set","ast-page-background-enabled":"default","ast-page-background-meta":{"desktop":{"background-color":"var(--ast-global-color-4)","background-image":"","background-repeat":"repeat","background-position":"center center","background-size":"auto","background-attachment":"scroll","background-type":"","background-media":"","overlay-type":"","overlay-color":"","overlay-opacity":"","overlay-gradient":""},"tablet":{"background-color":"","background-image":"","background-repeat":"repeat","background-position":"center center","background-size":"auto","background-attachment":"scroll","background-type":"","background-media":"","overlay-type":"","overlay-color":"","overlay-opacity":"","overlay-gradient":""},"mobile":{"background-color":"","background-image":"","background-repeat":"repeat","background-position":"center center","background-size":"auto","background-attachment":"scroll","background-type":"","background-media":"","overlay-type":"","overlay-color":"","overlay-opacity":"","overlay-gradient":""}},"ast-content-background-meta":{"desktop":{"background-color":"var(--ast-global-color-5)","background-image":"","background-repeat":"repeat","background-position":"center center","background-size":"auto","background-attachment":"scroll","background-type":"","background-media":"","overlay-type":"","overlay-color":"","overlay-opacity":"","overlay-gradient":""},"tablet":{"background-color":"var(--ast-global-color-5)","background-image":"","background-repeat":"repeat","background-position":"center center","background-size":"auto","background-attachment":"scroll","background-type":"","background-media":"","overlay-type":"","overlay-color":"","overlay-opacity":"","overlay-gradient":""},"mobile":{"background-color":"var(--ast-global-color-5)","background-image":"","background-repeat":"repeat","background-position":"center center","background-size":"auto","background-attachment":"scroll","background-type":"","background-media":"","overlay-type":"","overlay-color":"","overlay-opacity":"","overlay-gradient":""}}},"product_brand":[],"product_cat":[180],"product_tag":[],"class_list":{"0":"post-12412","1":"product","2":"type-product","3":"status-publish","4":"has-post-thumbnail","6":"product_cat-oferte-de-pret-cantitate","7":"desktop-align-left","8":"tablet-align-left","9":"mobile-align-left","11":"first","12":"instock","13":"taxable","14":"shipping-taxable","15":"purchasable","16":"product-type-simple"},"_links":{"self":[{"href":"https:\/\/vivasem.ro\/index.php?rest_route=\/wp\/v2\/product\/12412","targetHints":{"allow":["GET"]}}],"collection":[{"href":"https:\/\/vivasem.ro\/index.php?rest_route=\/wp\/v2\/product"}],"about":[{"href":"https:\/\/vivasem.ro\/index.php?rest_route=\/wp\/v2\/types\/product"}],"replies":[{"embeddable":true,"href":"https:\/\/vivasem.ro\/index.php?rest_route=%2Fwp%2Fv2%2Fcomments&post=12412"}],"wp:featuredmedia":[{"embeddable":true,"href":"https:\/\/vivasem.ro\/index.php?rest_route=\/wp\/v2\/media\/379"}],"wp:attachment":[{"href":"https:\/\/vivasem.ro\/index.php?rest_route=%2Fwp%2Fv2%2Fmedia&parent=12412"}],"wp:term":[{"taxonomy":"product_brand","embeddable":true,"href":"https:\/\/vivasem.ro\/index.php?rest_route=%2Fwp%2Fv2%2Fproduct_brand&post=12412"},{"taxonomy":"product_cat","embeddable":true,"href":"https:\/\/vivasem.ro\/index.php?rest_route=%2Fwp%2Fv2%2Fproduct_cat&post=12412"},{"taxonomy":"product_tag","embeddable":true,"href":"https:\/\/vivasem.ro\/index.php?rest_route=%2Fwp%2Fv2%2Fproduct_tag&post=12412"}],"curies":[{"name":"wp","href":"https:\/\/api.w.org\/{rel}","templated":true}]}}