{"id":12410,"date":"2024-02-24T06:58:56","date_gmt":"2024-02-24T04:58:56","guid":{"rendered":"https:\/\/vivasem.ro\/?post_type=product&#038;p=12410"},"modified":"2025-09-09T11:34:35","modified_gmt":"2025-09-09T09:34:35","slug":"yellow-pepper-ardeiul-galben-oferta-90s","status":"publish","type":"product","link":"https:\/\/vivasem.ro\/?product=yellow-pepper-ardeiul-galben-oferta-90s","title":{"rendered":"\u201e\u201eYELLOW PEPPER (ARDEIUL GALBEN)"},"content":{"rendered":"<h6><span style=\"color: #993300;\"><strong><u><span style=\"color: #ff0000;\">YELLOW PEPPER-Pertsevidnyy Zolotoy-ARDEIUL GALBEN<\/span>,<\/u><\/strong><\/span><\/h6>\n<h6><strong><span style=\"color: #0000ff;\">SOI DIN UCRAINA,\u00a0 FOARTE PRODUCTIV,<\/span> CE FORMEAZ\u0102 CIORCHINI BOGA\u021aI DE FRUCTE , DE CULOARE <\/strong><strong>GALBEN-ORANGE.<\/strong><\/h6>\n<h6>ACESTEA SUNT FOARTE FRUMOASE, NETEDE , LUCIOASE, LUNGI DE 10-12 centimetrii \u0218I \u00ceN GREUTATE DE 70-150 grame.<\/h6>\n<h6><span style=\"color: #0000ff;\">GUSTUL ESTE EXCELENT, DEOSEBIT DE DULCE,<\/span> FOARTE SLAB ACID, AROMAT.<\/h6>\n<h6>TOMATELE SUNT C\u0102RNOASE, CU <span style=\"color: #0000ff;\">PULPA FERM\u0102, REZISTENT\u0102 LA TRANSPORT . <\/span>FOARTE POTRIVITE DE CONSUMAT\u00a0 PROASPETE, \u00ceN SALATE, DAR \u0218I DE G\u0102TIT , PENTRU PASTE, SOSURI GROZAVE ,CONSERVE . CULESE VERZI, SUNT EXCEP\u021aIONALE CA MUR\u0102TURI.<\/h6>\n<h6>SOIUL ESTE MEDIU TIMPURIU, <span style=\"color: #0000ff;\">REZISTENT LA SECET\u0102, C\u0102LDUR\u0102, FRIG, \u0218I LA VARIA\u021aII TERMICE,<\/span> FOARTE POTRIVIT \u0218I DE GR\u0102DIN\u0102 \u0218I DE SOLAR, CRE\u0218TEREA ESTE NEDETERMINAT\u0102.<\/h6>\n","protected":false},"excerpt":{"rendered":"<h6><span style=\"color: #ff6600;\">SOI REZISTENT, PRODUCTIV, CU FRUCTE FOARTE DULCI !<\/span><\/h6>\n","protected":false},"featured_media":3770,"comment_status":"open","ping_status":"closed","template":"","meta":{"site-sidebar-layout":"default","site-content-layout":"default","ast-site-content-layout":"default","site-content-style":"default","site-sidebar-style":"default","ast-global-header-display":"","ast-banner-title-visibility":"","ast-main-header-display":"","ast-hfb-above-header-display":"","ast-hfb-below-header-display":"","ast-hfb-mobile-header-display":"","site-post-title":"","ast-breadcrumbs-content":"","ast-featured-img":"","footer-sml-layout":"","ast-disable-related-posts":"","theme-transparent-header-meta":"default","adv-header-id-meta":"","stick-header-meta":"","header-above-stick-meta":"","header-main-stick-meta":"","header-below-stick-meta":"","astra-migrate-meta-layouts":"set","ast-page-background-enabled":"default","ast-page-background-meta":{"desktop":{"background-color":"var(--ast-global-color-4)","background-image":"","background-repeat":"repeat","background-position":"center center","background-size":"auto","background-attachment":"scroll","background-type":"","background-media":"","overlay-type":"","overlay-color":"","overlay-opacity":"","overlay-gradient":""},"tablet":{"background-color":"","background-image":"","background-repeat":"repeat","background-position":"center center","background-size":"auto","background-attachment":"scroll","background-type":"","background-media":"","overlay-type":"","overlay-color":"","overlay-opacity":"","overlay-gradient":""},"mobile":{"background-color":"","background-image":"","background-repeat":"repeat","background-position":"center center","background-size":"auto","background-attachment":"scroll","background-type":"","background-media":"","overlay-type":"","overlay-color":"","overlay-opacity":"","overlay-gradient":""}},"ast-content-background-meta":{"desktop":{"background-color":"var(--ast-global-color-5)","background-image":"","background-repeat":"repeat","background-position":"center center","background-size":"auto","background-attachment":"scroll","background-type":"","background-media":"","overlay-type":"","overlay-color":"","overlay-opacity":"","overlay-gradient":""},"tablet":{"background-color":"var(--ast-global-color-5)","background-image":"","background-repeat":"repeat","background-position":"center center","background-size":"auto","background-attachment":"scroll","background-type":"","background-media":"","overlay-type":"","overlay-color":"","overlay-opacity":"","overlay-gradient":""},"mobile":{"background-color":"var(--ast-global-color-5)","background-image":"","background-repeat":"repeat","background-position":"center center","background-size":"auto","background-attachment":"scroll","background-type":"","background-media":"","overlay-type":"","overlay-color":"","overlay-opacity":"","overlay-gradient":""}}},"product_brand":[],"product_cat":[149],"product_tag":[],"class_list":{"0":"post-12410","1":"product","2":"type-product","3":"status-publish","4":"has-post-thumbnail","6":"product_cat-33-produse-epuizate","7":"pa_numar-30-s-202","8":"pa_numar-30-s-1200-seminte","9":"pa_numar-30-s-150-seminte","10":"pa_numar-30-s-1500-seminte","11":"pa_numar-30-s-180-seminte","12":"pa_numar-30-s-210-seminte","13":"pa_numar-30-s-240-seminte","14":"pa_numar-30-s-270-seminte","15":"pa_numar-30-s-30-seminte","16":"pa_numar-30-s-300-seminte","17":"pa_numar-30-s-60-seminte","18":"pa_numar-30-s-600-seminte","19":"pa_numar-30-s-90-seminte","20":"pa_numar-30-s-900-seminte","21":"desktop-align-left","22":"tablet-align-left","23":"mobile-align-left","25":"first","26":"outofstock","27":"sale","28":"taxable","29":"shipping-taxable","30":"purchasable","31":"product-type-variable"},"_links":{"self":[{"href":"https:\/\/vivasem.ro\/index.php?rest_route=\/wp\/v2\/product\/12410","targetHints":{"allow":["GET"]}}],"collection":[{"href":"https:\/\/vivasem.ro\/index.php?rest_route=\/wp\/v2\/product"}],"about":[{"href":"https:\/\/vivasem.ro\/index.php?rest_route=\/wp\/v2\/types\/product"}],"replies":[{"embeddable":true,"href":"https:\/\/vivasem.ro\/index.php?rest_route=%2Fwp%2Fv2%2Fcomments&post=12410"}],"wp:featuredmedia":[{"embeddable":true,"href":"https:\/\/vivasem.ro\/index.php?rest_route=\/wp\/v2\/media\/3770"}],"wp:attachment":[{"href":"https:\/\/vivasem.ro\/index.php?rest_route=%2Fwp%2Fv2%2Fmedia&parent=12410"}],"wp:term":[{"taxonomy":"product_brand","embeddable":true,"href":"https:\/\/vivasem.ro\/index.php?rest_route=%2Fwp%2Fv2%2Fproduct_brand&post=12410"},{"taxonomy":"product_cat","embeddable":true,"href":"https:\/\/vivasem.ro\/index.php?rest_route=%2Fwp%2Fv2%2Fproduct_cat&post=12410"},{"taxonomy":"product_tag","embeddable":true,"href":"https:\/\/vivasem.ro\/index.php?rest_route=%2Fwp%2Fv2%2Fproduct_tag&post=12410"}],"curies":[{"name":"wp","href":"https:\/\/api.w.org\/{rel}","templated":true}]}}