{"id":12399,"date":"2024-02-24T06:22:12","date_gmt":"2024-02-24T04:22:12","guid":{"rendered":"https:\/\/vivasem.ro\/?post_type=product&#038;p=12399"},"modified":"2024-11-01T19:48:32","modified_gmt":"2024-11-01T17:48:32","slug":"golden-jubilee-oferta-100s","status":"publish","type":"product","link":"https:\/\/vivasem.ro\/?product=golden-jubilee-oferta-100s","title":{"rendered":"GOLDEN JUBILEE (OFERTA 100 S)"},"content":{"rendered":"<h6><span style=\"color: #ff0000;\">GOLDEN JUBILEE-Reimer Seeds USA,<\/span><\/h6>\n<h6>SOI\u00a0 \u00a0CU FRUCTE\u00a0 MARI , \u00ceN MEDIE DE 200-400 grame,<\/h6>\n<h6><span style=\"color: #000000;\"> CUNOSCUT \u0218I CA <span style=\"color: #ff0000;\">\u00a0JUBILEE<\/span> .<\/span><\/h6>\n<h6>TOMATELE SUNT\u00a0 ASPECTUASE, UNIFORME, LUCIOASE, DE CULOARE PORTOCALIU- AURIU.<\/h6>\n<h6><span style=\"color: #0000ff;\">\u00a0<\/span><span style=\"color: #0000ff;\">GUST EXCELENT,<\/span>\u00a0 DULCE, INTENS AROMAT, APROAPE LIPSIT DE ACIDITATE\u00a0 .<\/h6>\n<h6>TOMATELE SUNT SOLIDE,AU PERETELE GROS, FERM, PULPA ESTE FOARTE C\u0102RNOAS\u0102, SUCULENT\u0102, CE POATE FI FELIAT\u0102 \u0218I FOLOSIT\u0102 \u00ceN SANDVI\u0218URI, SALATE, ETC. COAJA ESTE FIN\u0102.<\/h6>\n<h6>SOI NEDETERMINAT, <span style=\"color: #0000ff;\">EXTREM DE PRODUCTIV, NECESIT\u0102 SUS\u021aINERE ZDRAV\u0102N\u0102,<\/span> CU FOARTE BUNE REZULTATE \u00ceN GR\u0102DIN\u0102, <span style=\"color: #0000ff;\">\u00ceN SPECIAL \u00ceN ZONELE C\u0102LDUROASE.<\/span><\/h6>\n<h6><span style=\"color: #0000ff;\">\u00a0\u00ceN SOLARII \u0218I SERE D\u0102 RECOLTE EXCEP\u021aIONALE.<\/span><\/h6>\n<h6>PLANTELE SUNT VIGUROASE DAR AU FRUNZE MICI.<\/h6>\n<h6>TIMPURIETATE MEDIE, 72-80\u00a0 ZILE DE LA TRANSPLANT.<\/h6>\n<h6>REZISTENT LA ALTERNARIOZ\u0102.<\/h6>\n<h6>S-A CONSTATAT PREZEN\u021aA BOGAT\u0102 A VITAMINELOR C SI A.<\/h6>\n<h6><span style=\"color: #0000ff;\">DATORIT\u0102 MULTIPLELOR CALIT\u0102\u021aI \u0218I REZISTEN\u021aEI BUNE LA TRANSPORT, ESTE UNUL DIN PREFERATELE GR\u0102DINARILOR AMERICANI, PENTRU COMERCIALIZARE !<\/span><\/h6>\n<h6>SOI HEIRLOOM AMERICAN, CREEAT DE MAULE SEEDS COMPANY, DIN Philadelphia-SUA , PRIN COMBINAREA SOIURILOR TANGERINE \u0218I RUTGERS .<\/h6>\n<h6><\/h6>\n","protected":false},"excerpt":{"rendered":"<h6><span style=\"color: #0000ff;\">100 SEMIN\u021aE<\/span><img loading=\"lazy\" decoding=\"async\" class=\"alignnone wp-image-5565\" src=\"https:\/\/vivasem.ro\/wp-content\/uploads\/2021\/11\/NOU3.jpg\" alt=\"\" width=\"50\" height=\"49\" \/><\/h6>\n<h6>SOI EXTREM DE PRODUCTIV<\/h6>\n<h6>\u0218I DE COMERCIALIZAT !<\/h6>\n<h6>GUST EXCELENT !<\/h6>\n","protected":false},"featured_media":5958,"comment_status":"open","ping_status":"closed","template":"","meta":{"site-sidebar-layout":"default","site-content-layout":"default","ast-site-content-layout":"default","site-content-style":"default","site-sidebar-style":"default","ast-global-header-display":"","ast-banner-title-visibility":"","ast-main-header-display":"","ast-hfb-above-header-display":"","ast-hfb-below-header-display":"","ast-hfb-mobile-header-display":"","site-post-title":"","ast-breadcrumbs-content":"","ast-featured-img":"","footer-sml-layout":"","ast-disable-related-posts":"","theme-transparent-header-meta":"default","adv-header-id-meta":"","stick-header-meta":"","header-above-stick-meta":"","header-main-stick-meta":"","header-below-stick-meta":"","astra-migrate-meta-layouts":"set","ast-page-background-enabled":"default","ast-page-background-meta":{"desktop":{"background-color":"var(--ast-global-color-4)","background-image":"","background-repeat":"repeat","background-position":"center center","background-size":"auto","background-attachment":"scroll","background-type":"","background-media":"","overlay-type":"","overlay-color":"","overlay-opacity":"","overlay-gradient":""},"tablet":{"background-color":"","background-image":"","background-repeat":"repeat","background-position":"center center","background-size":"auto","background-attachment":"scroll","background-type":"","background-media":"","overlay-type":"","overlay-color":"","overlay-opacity":"","overlay-gradient":""},"mobile":{"background-color":"","background-image":"","background-repeat":"repeat","background-position":"center center","background-size":"auto","background-attachment":"scroll","background-type":"","background-media":"","overlay-type":"","overlay-color":"","overlay-opacity":"","overlay-gradient":""}},"ast-content-background-meta":{"desktop":{"background-color":"var(--ast-global-color-5)","background-image":"","background-repeat":"repeat","background-position":"center center","background-size":"auto","background-attachment":"scroll","background-type":"","background-media":"","overlay-type":"","overlay-color":"","overlay-opacity":"","overlay-gradient":""},"tablet":{"background-color":"var(--ast-global-color-5)","background-image":"","background-repeat":"repeat","background-position":"center center","background-size":"auto","background-attachment":"scroll","background-type":"","background-media":"","overlay-type":"","overlay-color":"","overlay-opacity":"","overlay-gradient":""},"mobile":{"background-color":"var(--ast-global-color-5)","background-image":"","background-repeat":"repeat","background-position":"center center","background-size":"auto","background-attachment":"scroll","background-type":"","background-media":"","overlay-type":"","overlay-color":"","overlay-opacity":"","overlay-gradient":""}}},"product_brand":[],"product_cat":[180],"product_tag":[],"class_list":{"0":"post-12399","1":"product","2":"type-product","3":"status-publish","4":"has-post-thumbnail","6":"product_cat-oferte-de-pret-cantitate","7":"desktop-align-left","8":"tablet-align-left","9":"mobile-align-left","11":"first","12":"instock","13":"sale","14":"taxable","15":"shipping-taxable","16":"purchasable","17":"product-type-simple"},"_links":{"self":[{"href":"https:\/\/vivasem.ro\/index.php?rest_route=\/wp\/v2\/product\/12399","targetHints":{"allow":["GET"]}}],"collection":[{"href":"https:\/\/vivasem.ro\/index.php?rest_route=\/wp\/v2\/product"}],"about":[{"href":"https:\/\/vivasem.ro\/index.php?rest_route=\/wp\/v2\/types\/product"}],"replies":[{"embeddable":true,"href":"https:\/\/vivasem.ro\/index.php?rest_route=%2Fwp%2Fv2%2Fcomments&post=12399"}],"wp:featuredmedia":[{"embeddable":true,"href":"https:\/\/vivasem.ro\/index.php?rest_route=\/wp\/v2\/media\/5958"}],"wp:attachment":[{"href":"https:\/\/vivasem.ro\/index.php?rest_route=%2Fwp%2Fv2%2Fmedia&parent=12399"}],"wp:term":[{"taxonomy":"product_brand","embeddable":true,"href":"https:\/\/vivasem.ro\/index.php?rest_route=%2Fwp%2Fv2%2Fproduct_brand&post=12399"},{"taxonomy":"product_cat","embeddable":true,"href":"https:\/\/vivasem.ro\/index.php?rest_route=%2Fwp%2Fv2%2Fproduct_cat&post=12399"},{"taxonomy":"product_tag","embeddable":true,"href":"https:\/\/vivasem.ro\/index.php?rest_route=%2Fwp%2Fv2%2Fproduct_tag&post=12399"}],"curies":[{"name":"wp","href":"https:\/\/api.w.org\/{rel}","templated":true}]}}