{"id":12395,"date":"2024-02-24T06:08:58","date_gmt":"2024-02-24T04:08:58","guid":{"rendered":"https:\/\/vivasem.ro\/?post_type=product&#038;p=12395"},"modified":"2025-10-20T15:02:26","modified_gmt":"2025-10-20T13:02:26","slug":"flame-oferta-300s","status":"publish","type":"product","link":"https:\/\/vivasem.ro\/?product=flame-oferta-300s","title":{"rendered":"FLAME BEEFSTEAK (OFERTA 300S)"},"content":{"rendered":"<h6><span style=\"color: #ff0000;\">FLAME BEEFSTEAK \/FLAC\u0102RA-Reimer Seeds USA,<\/span><\/h6>\n<h6><span style=\"color: #0000ff;\">SOI\u00a0 BI-COLOR SPECTACULOS, CU <\/span>FRUCTE FOARTE MARI , \u00ceN MEDIE DE 200-500 grame,\u00a0 DAR CARE\u00a0 POT AJUNGE\u00a0 URIA\u0218E, P\u00c2N\u0102 LA\u00a0 1 kilogram .<\/h6>\n<h6>TOMATELE SUNT DEOSEBITE PRIN DESENUL CARE SE FORMEAZ\u0102 PE ELE, PE FONDUL GALBEN-PORTOCALIU, APAR DUNGI \u0218I PETE RO\u0218II,\u00a0 IMAGINEA DE ANSAMBLU FIIND CU UN FRUCT AFLAT \u00ceN FOC, DE UNDE \u0218I NUMELE.<\/h6>\n<h6>FOARTE\u00a0 FRUMOASE, ASPECTUASE, FRUCTELE SUNT GALBENE-PORTOCALII , COMBINATE CU RO\u0218U , ATAT LA EXTERIOR, CAT \u0218I LA INTERIOR.<\/h6>\n<h6><span style=\"color: #0000ff;\">GUST DE EXCEP\u021aIE , FOARTE DULCE,<\/span> APROAPE\u00a0 NEACID, CU O AROM\u0102 PUTERNIC\u0102 .<\/h6>\n<h6>PULPA TIP BEEFSTEAK, FOARTE C\u0102RNOAS\u0102, SUCULENT\u0102, CE POATE FI FELIAT\u0102 \u0218I FOLOSIT\u0102 \u00ceN SANDVI\u0218URI, SALATE, ETC.<\/h6>\n<h6>SOI NEDETERMINAT, <span style=\"color: #0000ff;\">FOARTE PRODUCTIV,<\/span> CU FOARTE BUNE REZULTATE \u00ceN GR\u0102DIN\u0102, DAR \u0218I \u00ceN SOLAR,\u00a0 <span style=\"color: #0000ff;\">FOARTE REZISTENT LA C\u0102LDUR\u0102 \u0218I LA SECET\u0102 , NECESIT\u0102 SUPORT SOLID.<\/span><\/h6>\n<h6>TIMPURIETATE MEDIE, PENTRU UN SOI CU FRUCTE FOARTE MARI,\u00a0 80-85\u00a0 ZILE DE LA TRANSPLANT.<\/h6>\n<h6>SOI VECHI,HEIRLOOM,\u00a0 AMERICAN, DIN\u00a0 West Virginia, CUNOSCUT \u00ceNAINTE DE\u00a0 1880.<\/h6>\n","protected":false},"excerpt":{"rendered":"<h6><span style=\"color: #0000ff;\">300 SEMIN\u021aE<\/span><img loading=\"lazy\" decoding=\"async\" class=\"alignnone wp-image-5565\" src=\"https:\/\/vivasem.ro\/wp-content\/uploads\/2021\/11\/NOU3.jpg\" alt=\"\" width=\"50\" height=\"49\" \/><\/h6>\n<h6><span style=\"color: #ff00ff;\">SOI SPECTACULOS , BICOLOR,POATE AJUNGE GIGANT !<\/span><\/h6>\n","protected":false},"featured_media":6072,"comment_status":"open","ping_status":"closed","template":"","meta":{"site-sidebar-layout":"default","site-content-layout":"default","ast-site-content-layout":"default","site-content-style":"default","site-sidebar-style":"default","ast-global-header-display":"","ast-banner-title-visibility":"","ast-main-header-display":"","ast-hfb-above-header-display":"","ast-hfb-below-header-display":"","ast-hfb-mobile-header-display":"","site-post-title":"","ast-breadcrumbs-content":"","ast-featured-img":"","footer-sml-layout":"","ast-disable-related-posts":"","theme-transparent-header-meta":"default","adv-header-id-meta":"","stick-header-meta":"","header-above-stick-meta":"","header-main-stick-meta":"","header-below-stick-meta":"","astra-migrate-meta-layouts":"set","ast-page-background-enabled":"default","ast-page-background-meta":{"desktop":{"background-color":"var(--ast-global-color-4)","background-image":"","background-repeat":"repeat","background-position":"center center","background-size":"auto","background-attachment":"scroll","background-type":"","background-media":"","overlay-type":"","overlay-color":"","overlay-opacity":"","overlay-gradient":""},"tablet":{"background-color":"","background-image":"","background-repeat":"repeat","background-position":"center center","background-size":"auto","background-attachment":"scroll","background-type":"","background-media":"","overlay-type":"","overlay-color":"","overlay-opacity":"","overlay-gradient":""},"mobile":{"background-color":"","background-image":"","background-repeat":"repeat","background-position":"center center","background-size":"auto","background-attachment":"scroll","background-type":"","background-media":"","overlay-type":"","overlay-color":"","overlay-opacity":"","overlay-gradient":""}},"ast-content-background-meta":{"desktop":{"background-color":"var(--ast-global-color-5)","background-image":"","background-repeat":"repeat","background-position":"center center","background-size":"auto","background-attachment":"scroll","background-type":"","background-media":"","overlay-type":"","overlay-color":"","overlay-opacity":"","overlay-gradient":""},"tablet":{"background-color":"var(--ast-global-color-5)","background-image":"","background-repeat":"repeat","background-position":"center center","background-size":"auto","background-attachment":"scroll","background-type":"","background-media":"","overlay-type":"","overlay-color":"","overlay-opacity":"","overlay-gradient":""},"mobile":{"background-color":"var(--ast-global-color-5)","background-image":"","background-repeat":"repeat","background-position":"center center","background-size":"auto","background-attachment":"scroll","background-type":"","background-media":"","overlay-type":"","overlay-color":"","overlay-opacity":"","overlay-gradient":""}}},"product_brand":[],"product_cat":[180,139,141],"product_tag":[],"class_list":{"0":"post-12395","1":"product","2":"type-product","3":"status-publish","4":"has-post-thumbnail","6":"product_cat-oferte-de-pret-cantitate","7":"product_cat-tomate-galbene-orange-bicolore-verzi","8":"product_cat-soi-gigant-urias","9":"desktop-align-left","10":"tablet-align-left","11":"mobile-align-left","13":"first","14":"instock","15":"sale","16":"taxable","17":"shipping-taxable","18":"purchasable","19":"product-type-simple"},"_links":{"self":[{"href":"https:\/\/vivasem.ro\/index.php?rest_route=\/wp\/v2\/product\/12395","targetHints":{"allow":["GET"]}}],"collection":[{"href":"https:\/\/vivasem.ro\/index.php?rest_route=\/wp\/v2\/product"}],"about":[{"href":"https:\/\/vivasem.ro\/index.php?rest_route=\/wp\/v2\/types\/product"}],"replies":[{"embeddable":true,"href":"https:\/\/vivasem.ro\/index.php?rest_route=%2Fwp%2Fv2%2Fcomments&post=12395"}],"wp:featuredmedia":[{"embeddable":true,"href":"https:\/\/vivasem.ro\/index.php?rest_route=\/wp\/v2\/media\/6072"}],"wp:attachment":[{"href":"https:\/\/vivasem.ro\/index.php?rest_route=%2Fwp%2Fv2%2Fmedia&parent=12395"}],"wp:term":[{"taxonomy":"product_brand","embeddable":true,"href":"https:\/\/vivasem.ro\/index.php?rest_route=%2Fwp%2Fv2%2Fproduct_brand&post=12395"},{"taxonomy":"product_cat","embeddable":true,"href":"https:\/\/vivasem.ro\/index.php?rest_route=%2Fwp%2Fv2%2Fproduct_cat&post=12395"},{"taxonomy":"product_tag","embeddable":true,"href":"https:\/\/vivasem.ro\/index.php?rest_route=%2Fwp%2Fv2%2Fproduct_tag&post=12395"}],"curies":[{"name":"wp","href":"https:\/\/api.w.org\/{rel}","templated":true}]}}