{"id":12339,"date":"2024-02-13T12:49:30","date_gmt":"2024-02-13T10:49:30","guid":{"rendered":"https:\/\/vivasem.ro\/?post_type=product&#038;p=12339"},"modified":"2026-02-23T12:46:11","modified_gmt":"2026-02-23T10:46:11","slug":"ardei-putin-iute-padron-20s","status":"publish","type":"product","link":"https:\/\/vivasem.ro\/?product=ardei-putin-iute-padron-20s","title":{"rendered":"Ardei usor iute PADRON (25s)"},"content":{"rendered":"<h6><span style=\"color: #ff0000;\"><strong><u>Ardei u\u0219or iute PADRON-Alta Selezione Qualita.Italia<\/u><\/strong> ,<\/span><\/h6>\n<ul>\n<li>\n<h6><strong><em>SOI\u00a0 <span style=\"color: #0000ff;\">PU\u021aIN IUTE, 500-2500 grade scoville<\/span>, comparativ, un ardei mediu-iute, obi\u0219nuit, care are 10.000-30.000 grade scoville.<\/em><\/strong><\/h6>\n<\/li>\n<li>\n<h6><strong><em>varietate semi-timpurie<\/em><\/strong><\/h6>\n<\/li>\n<li>\n<h6><strong><em>plante de dimensiunI medii, bine ramificate care \u00een condi\u021bii ideeale de cultur\u0103,\u00a0 pot ajunge p\u00e2n\u0103 la un metru \u00een\u0103l\u021bime.<\/em><\/strong><\/h6>\n<\/li>\n<li>\n<h6><strong><em>produce fructe u\u0219or aplatizate, boante,de marime medie, lungi de 4-8 centimetrii, de culoare verde deschis, care majoritatea sunt foarte slab picante, doar c\u00e2te unul\u00a0 prezint\u0103 o iu\u021beal\u0103 mai accentuat\u0103. <\/em><\/strong><strong><em>Iu\u021beala este prezent\u0103, \u00een special la fructele coapte ,care<\/em><\/strong><strong style=\"font-size: 1.1em;\"><em>, odat\u0103 ajunse la maturitate, se coloreaz\u0103 \u00een ro\u0219u.<\/em><\/strong><\/h6>\n<\/li>\n<li>\n<h6><strong><em>pulpa este consistent\u0103, groas\u0103\u00a0 \u0219i u\u0219or picant\u0103, dulce,\u00a0 foarte aromat\u0103.<\/em><\/strong><\/h6>\n<\/li>\n<li>\n<h6><span style=\"color: #008000;\">SOI ORIGINAR DIN GALICIA-SPANIA unde, \u00ee<strong><em>n mod tradi\u021bional, se pr\u0103je\u0219te in ulei de m\u0103sline, cu sare, si se serve\u0219te cu gus\u0103ri tapas \u0219i cu b\u0103uturi.<\/em><\/strong><\/span><\/h6>\n<h6><span style=\"color: #008000;\">Regiunea Galicia este bine cunoscut\u0103 pentru peisajul s\u0103u luxuriant verde, temperaturi pl\u0103cute \u0219i ploi abundente. Solul fertil al zonei \u0219i vremea mai rece sunt condi\u021biile ideale de cre\u0219tere pentru ardeii Padr\u00f3n.<\/span><\/h6>\n<h6><span style=\"color: #008000;\">Ardeii Padr\u00f3n au fost adusi inapoi in Spania din America de Sud, unde legenda spune ca au fost crescuti pentru\u00a0<a style=\"color: #008000;\" href=\"https:\/\/ro.hiloved.com\/alimente-comune-care-sunt-afrodisiace\/\">proprietatile<\/a>\u00a0lor\u00a0<a style=\"color: #008000;\" href=\"https:\/\/ro.hiloved.com\/alimente-comune-care-sunt-afrodisiace\/\">afrodisiace<\/a> . <\/span><\/h6>\n<\/li>\n<li>\n<h6><span style=\"color: #008000;\">\u00cenc\u0103 din jurul anului 1700, c\u0103lug\u0103rii spanioli au \u00eenceput s\u0103 creasc\u0103 ardeii \u00een interiorul zidurilor m\u0103n\u0103stirii lor din satul Herb\u00f3n \u0219i au devenit foarte populari la nivel local.<\/span><\/h6>\n<h6><span style=\"color: #008000;\">Ace\u0219ti ardei\u00a0 au devenit at\u00e2t iubi\u021bi, \u00eenc\u00e2t au propriul lor festival.<\/span><\/h6>\n<h6><span style=\"color: #008000;\">Festivalul Padr\u00f3n Pepper este s\u0103rb\u0103torit \u00een satele Herb\u00f3n \u0219i Padr\u00f3n de peste 30 de ani. \u00cencepe diminea\u021ba devreme cu o tradi\u021bional\u0103 parad\u0103 de tractoare. Procesiunea se deplaseaz\u0103 la aproximativ o mil\u0103 de satul Herb\u00f3n p\u00e2n\u0103 la Padr\u00f3n, cu o mul\u021bime entuziast\u0103 de localnici \u0219i vizitatori.<\/span><\/h6>\n<h6><span style=\"color: #008000;\">Participan\u021bii la festival primesc s\u0103 guste din celei mai recent\u0103 recolt\u0103 de ardei servi\u021bi cu paine de porumb, care este, de asemenea, tipic\u0103 pentru regiune. Ca \u0219i \u00een cazul oric\u0103rui festival spaniol, muzicienii ofer\u0103 divertisment pe parcursul \u00eentregii dup\u0103-amieze \u0219i p\u00e2n\u0103 seara t\u00e2rziu.<\/span><\/h6>\n<\/li>\n<li>\n<h6><em><strong>germinatie minima 65%<\/strong><\/em><\/h6>\n<\/li>\n<li>\n<h6><\/h6>\n<\/li>\n<\/ul>\n<table border=\"1\" cellspacing=\"1\" cellpadding=\"1\" align=\"center\">\n<tbody>\n<tr>\n<td rowspan=\"2\"><em><strong>Semanare in camp<\/strong><\/em><\/td>\n<td rowspan=\"2\"><em><strong>Semanare in rasadnita<\/strong><\/em><\/td>\n<td rowspan=\"2\"><em><strong>Repicare<\/strong><\/em><\/td>\n<td rowspan=\"2\"><em><strong>Rarire<\/strong><\/em><\/td>\n<td rowspan=\"2\"><em><strong>Recoltare<\/strong><\/em><\/td>\n<td rowspan=\"2\"><em><strong>Distanta intre randuri<\/strong><\/em><\/td>\n<td rowspan=\"2\"><em><strong>Distanta intre plante<\/strong><\/em><\/td>\n<td colspan=\"2\"><strong><em>Temperatura de germinare<\/em><\/strong><\/td>\n<\/tr>\n<tr>\n<td><em><strong>minima<\/strong><\/em><\/td>\n<td><em><strong>maxima<\/strong><\/em><\/td>\n<\/tr>\n<tr>\n<td><em><strong>&#8211;<\/strong><\/em><\/td>\n<td><em><strong>februarie-aprilie<\/strong><\/em><\/td>\n<td><em><strong>aprilie-iunie<\/strong><\/em><\/td>\n<td><em><strong>&#8211;<\/strong><\/em><\/td>\n<td><em><strong>august-octombrie<\/strong><\/em><\/td>\n<td><em><strong>70 cm<\/strong><\/em><\/td>\n<td><em><strong>30 cm<\/strong><\/em><\/td>\n<td><em><strong>15\u00b0<\/strong><\/em><\/td>\n<td><em><strong>35\u00b0<\/strong><\/em><\/td>\n<\/tr>\n<\/tbody>\n<\/table>\n<div class=\"woocommerce-tabs wc-tabs-wrapper\">\n<div id=\"tab-description\" class=\"woocommerce-Tabs-panel woocommerce-Tabs-panel--description panel entry-content wc-tab\" role=\"tabpanel\" aria-labelledby=\"tab-title-description\">\n<h6><\/h6>\n<\/div>\n<\/div>\n","protected":false},"excerpt":{"rendered":"<h6 style=\"text-align: left;\"><span style=\"color: #0000ff;\">25 semin\u021be <img loading=\"lazy\" decoding=\"async\" class=\"alignnone wp-image-6106\" src=\"https:\/\/vivasem.ro\/wp-content\/uploads\/2021\/12\/NOU3.jpg\" alt=\"\" width=\"72\" height=\"69\" srcset=\"https:\/\/vivasem.ro\/wp-content\/uploads\/2021\/12\/NOU3.jpg 270w, https:\/\/vivasem.ro\/wp-content\/uploads\/2021\/12\/NOU3-248x241.jpg 248w\" sizes=\"auto, (max-width: 72px) 100vw, 72px\" \/><\/span><\/h6>\n<h6><span style=\"color: #ff00ff;\">PU\u021aIN IUTE, FOARTE PRODUCTIV !<\/span><\/h6>\n<h6><\/h6>\n<p>&nbsp;<\/p>\n","protected":false},"featured_media":6410,"comment_status":"open","ping_status":"closed","template":"","meta":{"site-sidebar-layout":"default","site-content-layout":"default","ast-site-content-layout":"default","site-content-style":"default","site-sidebar-style":"default","ast-global-header-display":"","ast-banner-title-visibility":"","ast-main-header-display":"","ast-hfb-above-header-display":"","ast-hfb-below-header-display":"","ast-hfb-mobile-header-display":"","site-post-title":"","ast-breadcrumbs-content":"","ast-featured-img":"","footer-sml-layout":"","ast-disable-related-posts":"","theme-transparent-header-meta":"default","adv-header-id-meta":"","stick-header-meta":"","header-above-stick-meta":"","header-main-stick-meta":"","header-below-stick-meta":"","astra-migrate-meta-layouts":"set","ast-page-background-enabled":"default","ast-page-background-meta":{"desktop":{"background-color":"var(--ast-global-color-4)","background-image":"","background-repeat":"repeat","background-position":"center center","background-size":"auto","background-attachment":"scroll","background-type":"","background-media":"","overlay-type":"","overlay-color":"","overlay-opacity":"","overlay-gradient":""},"tablet":{"background-color":"","background-image":"","background-repeat":"repeat","background-position":"center center","background-size":"auto","background-attachment":"scroll","background-type":"","background-media":"","overlay-type":"","overlay-color":"","overlay-opacity":"","overlay-gradient":""},"mobile":{"background-color":"","background-image":"","background-repeat":"repeat","background-position":"center center","background-size":"auto","background-attachment":"scroll","background-type":"","background-media":"","overlay-type":"","overlay-color":"","overlay-opacity":"","overlay-gradient":""}},"ast-content-background-meta":{"desktop":{"background-color":"var(--ast-global-color-5)","background-image":"","background-repeat":"repeat","background-position":"center center","background-size":"auto","background-attachment":"scroll","background-type":"","background-media":"","overlay-type":"","overlay-color":"","overlay-opacity":"","overlay-gradient":""},"tablet":{"background-color":"var(--ast-global-color-5)","background-image":"","background-repeat":"repeat","background-position":"center center","background-size":"auto","background-attachment":"scroll","background-type":"","background-media":"","overlay-type":"","overlay-color":"","overlay-opacity":"","overlay-gradient":""},"mobile":{"background-color":"var(--ast-global-color-5)","background-image":"","background-repeat":"repeat","background-position":"center center","background-size":"auto","background-attachment":"scroll","background-type":"","background-media":"","overlay-type":"","overlay-color":"","overlay-opacity":"","overlay-gradient":""}}},"product_brand":[],"product_cat":[111],"product_tag":[],"class_list":{"0":"post-12339","1":"product","2":"type-product","3":"status-publish","4":"has-post-thumbnail","6":"product_cat-ardei-iute","7":"desktop-align-left","8":"tablet-align-left","9":"mobile-align-left","11":"first","12":"instock","13":"taxable","14":"shipping-taxable","15":"purchasable","16":"product-type-simple"},"_links":{"self":[{"href":"https:\/\/vivasem.ro\/index.php?rest_route=\/wp\/v2\/product\/12339","targetHints":{"allow":["GET"]}}],"collection":[{"href":"https:\/\/vivasem.ro\/index.php?rest_route=\/wp\/v2\/product"}],"about":[{"href":"https:\/\/vivasem.ro\/index.php?rest_route=\/wp\/v2\/types\/product"}],"replies":[{"embeddable":true,"href":"https:\/\/vivasem.ro\/index.php?rest_route=%2Fwp%2Fv2%2Fcomments&post=12339"}],"wp:featuredmedia":[{"embeddable":true,"href":"https:\/\/vivasem.ro\/index.php?rest_route=\/wp\/v2\/media\/6410"}],"wp:attachment":[{"href":"https:\/\/vivasem.ro\/index.php?rest_route=%2Fwp%2Fv2%2Fmedia&parent=12339"}],"wp:term":[{"taxonomy":"product_brand","embeddable":true,"href":"https:\/\/vivasem.ro\/index.php?rest_route=%2Fwp%2Fv2%2Fproduct_brand&post=12339"},{"taxonomy":"product_cat","embeddable":true,"href":"https:\/\/vivasem.ro\/index.php?rest_route=%2Fwp%2Fv2%2Fproduct_cat&post=12339"},{"taxonomy":"product_tag","embeddable":true,"href":"https:\/\/vivasem.ro\/index.php?rest_route=%2Fwp%2Fv2%2Fproduct_tag&post=12339"}],"curies":[{"name":"wp","href":"https:\/\/api.w.org\/{rel}","templated":true}]}}