{"id":12278,"date":"2024-02-04T14:54:47","date_gmt":"2024-02-04T12:54:47","guid":{"rendered":"https:\/\/vivasem.ro\/?post_type=product&#038;p=12278"},"modified":"2024-10-25T09:06:44","modified_gmt":"2024-10-25T07:06:44","slug":"ardei-gras-rosso-dasti-2gr","status":"publish","type":"product","link":"https:\/\/vivasem.ro\/?product=ardei-gras-rosso-dasti-2gr","title":{"rendered":"ARDEI GRAS\u00a0ASTI RED \/ROSSO D&#8217;ASTI (FLORIAN)"},"content":{"rendered":"<h6><strong><u><span style=\"color: #ff0000;\">ARDEI GRAS\u00a0 ASTI RED\/ROSSO D&#8217;ASTI,<\/span><\/u><\/strong><\/h6>\n<h6><strong><u><span style=\"color: #ff0000;\">Produs ambalat de :FLORIAN BULGARIA,<\/span><img loading=\"lazy\" decoding=\"async\" class=\"alignnone wp-image-11691\" src=\"https:\/\/vivasem.ro\/wp-content\/uploads\/2023\/02\/FLORIAN-logo-300x159.jpg\" alt=\"\" width=\"166\" height=\"88\" srcset=\"https:\/\/vivasem.ro\/wp-content\/uploads\/2023\/02\/FLORIAN-logo-300x159.jpg 300w, https:\/\/vivasem.ro\/wp-content\/uploads\/2023\/02\/FLORIAN-logo-original-248x131.jpg 248w, https:\/\/vivasem.ro\/wp-content\/uploads\/2023\/02\/FLORIAN-logo-original-590x313.jpg 590w, https:\/\/vivasem.ro\/wp-content\/uploads\/2023\/02\/FLORIAN-logo-original.jpg 655w\" sizes=\"auto, (max-width: 166px) 100vw, 166px\" \/><\/u><\/strong><\/h6>\n<h6><span style=\"color: #333399;\"><strong><span style=\"color: #ff0000;\">CONSIDERAT CA CEL MAI MARE SOI DE ARDEI GRAS, DIN LUME, CU GREUTATE MEDIE DE 200-300 grame, DAR AJUNG \u0218I LA PESTE 600 grame,<\/span> \u0218I SUNT DE CULOARE RO\u0218IE-INTENS\u0102 <\/strong><strong style=\"font-size: 1.1em;\">\u00a0LA COACERE.<\/strong><\/span><\/h6>\n<h6><span style=\"color: #333399;\"><strong>DE FORM\u0102 TIP BLOCKY, UNEORI CUBIC\u0102, AU <\/strong>PULPA FOARTE GROAS\u0102, SUCULENT\u0102, SUNT\u00a0 GUSTO\u0218I, FOARTE DULCI .<\/span><\/h6>\n<h6><span style=\"color: #333399;\">DE CULTIVAT \u00ceN GR\u0102DINA \u0218I \u00ceN SOLAR, EXCELEN\u021aI DE CONSUMAT \u00ceN STARE PROASP\u0102T\u0102.<\/span><\/h6>\n<h6><\/h6>\n","protected":false},"excerpt":{"rendered":"<h6><span style=\"color: #ff0000;\"><strong>1 GRAM\/130-150 SEMIN\u021aE<\/strong><\/span><\/h6>\n<h6><span style=\"color: #ff00ff;\"><strong>CONSIDERAT CEL MAI MARE SOI DIN LUME<\/strong><\/span><\/h6>\n<h6><\/h6>\n","protected":false},"featured_media":13676,"comment_status":"open","ping_status":"closed","template":"","meta":{"site-sidebar-layout":"default","site-content-layout":"default","ast-site-content-layout":"default","site-content-style":"default","site-sidebar-style":"default","ast-global-header-display":"","ast-banner-title-visibility":"","ast-main-header-display":"","ast-hfb-above-header-display":"","ast-hfb-below-header-display":"","ast-hfb-mobile-header-display":"","site-post-title":"","ast-breadcrumbs-content":"","ast-featured-img":"","footer-sml-layout":"","ast-disable-related-posts":"","theme-transparent-header-meta":"default","adv-header-id-meta":"","stick-header-meta":"","header-above-stick-meta":"","header-main-stick-meta":"","header-below-stick-meta":"","astra-migrate-meta-layouts":"set","ast-page-background-enabled":"default","ast-page-background-meta":{"desktop":{"background-color":"var(--ast-global-color-4)","background-image":"","background-repeat":"repeat","background-position":"center center","background-size":"auto","background-attachment":"scroll","background-type":"","background-media":"","overlay-type":"","overlay-color":"","overlay-opacity":"","overlay-gradient":""},"tablet":{"background-color":"","background-image":"","background-repeat":"repeat","background-position":"center center","background-size":"auto","background-attachment":"scroll","background-type":"","background-media":"","overlay-type":"","overlay-color":"","overlay-opacity":"","overlay-gradient":""},"mobile":{"background-color":"","background-image":"","background-repeat":"repeat","background-position":"center center","background-size":"auto","background-attachment":"scroll","background-type":"","background-media":"","overlay-type":"","overlay-color":"","overlay-opacity":"","overlay-gradient":""}},"ast-content-background-meta":{"desktop":{"background-color":"var(--ast-global-color-5)","background-image":"","background-repeat":"repeat","background-position":"center center","background-size":"auto","background-attachment":"scroll","background-type":"","background-media":"","overlay-type":"","overlay-color":"","overlay-opacity":"","overlay-gradient":""},"tablet":{"background-color":"var(--ast-global-color-5)","background-image":"","background-repeat":"repeat","background-position":"center center","background-size":"auto","background-attachment":"scroll","background-type":"","background-media":"","overlay-type":"","overlay-color":"","overlay-opacity":"","overlay-gradient":""},"mobile":{"background-color":"var(--ast-global-color-5)","background-image":"","background-repeat":"repeat","background-position":"center center","background-size":"auto","background-attachment":"scroll","background-type":"","background-media":"","overlay-type":"","overlay-color":"","overlay-opacity":"","overlay-gradient":""}}},"product_brand":[],"product_cat":[84,146],"product_tag":[],"class_list":{"0":"post-12278","1":"product","2":"type-product","3":"status-publish","4":"has-post-thumbnail","6":"product_cat-ardei","7":"product_cat-ardei-soi","8":"desktop-align-left","9":"tablet-align-left","10":"mobile-align-left","12":"first","13":"instock","14":"taxable","15":"shipping-taxable","16":"purchasable","17":"product-type-simple"},"_links":{"self":[{"href":"https:\/\/vivasem.ro\/index.php?rest_route=\/wp\/v2\/product\/12278","targetHints":{"allow":["GET"]}}],"collection":[{"href":"https:\/\/vivasem.ro\/index.php?rest_route=\/wp\/v2\/product"}],"about":[{"href":"https:\/\/vivasem.ro\/index.php?rest_route=\/wp\/v2\/types\/product"}],"replies":[{"embeddable":true,"href":"https:\/\/vivasem.ro\/index.php?rest_route=%2Fwp%2Fv2%2Fcomments&post=12278"}],"wp:featuredmedia":[{"embeddable":true,"href":"https:\/\/vivasem.ro\/index.php?rest_route=\/wp\/v2\/media\/13676"}],"wp:attachment":[{"href":"https:\/\/vivasem.ro\/index.php?rest_route=%2Fwp%2Fv2%2Fmedia&parent=12278"}],"wp:term":[{"taxonomy":"product_brand","embeddable":true,"href":"https:\/\/vivasem.ro\/index.php?rest_route=%2Fwp%2Fv2%2Fproduct_brand&post=12278"},{"taxonomy":"product_cat","embeddable":true,"href":"https:\/\/vivasem.ro\/index.php?rest_route=%2Fwp%2Fv2%2Fproduct_cat&post=12278"},{"taxonomy":"product_tag","embeddable":true,"href":"https:\/\/vivasem.ro\/index.php?rest_route=%2Fwp%2Fv2%2Fproduct_tag&post=12278"}],"curies":[{"name":"wp","href":"https:\/\/api.w.org\/{rel}","templated":true}]}}