{"id":12189,"date":"2024-01-25T17:05:54","date_gmt":"2024-01-25T15:05:54","guid":{"rendered":"https:\/\/vivasem.ro\/?post_type=product&#038;p=12189"},"modified":"2024-10-16T07:20:30","modified_gmt":"2024-10-16T05:20:30","slug":"champion-ii-f1-10s","status":"publish","type":"product","link":"https:\/\/vivasem.ro\/?product=champion-ii-f1-10s","title":{"rendered":"\u201e\u201eCHAMPION II F1 (10s)"},"content":{"rendered":"<h6><span style=\"color: #ff0000;\"><strong><u>CHAMPION II F1- Holmes Seeds.SUA,<\/u><\/strong><\/span><\/h6>\n<h6><span style=\"color: #0000ff;\"><strong>Dintre cei mai buni hibrizi ,din lume, la ora actual\u0103 !<\/strong><\/span><\/h6>\n<h6><span style=\"color: #ff00ff;\"><strong>Este mult cultivat, \u00een primul r\u00e2nd ,datorit\u0103 calit\u0103\u021bii fructelor, ce au\u00a0 calit\u0103\u021bi gustative excep\u021bionale, <\/strong>intens-aromate , c\u0103rnoase, cu pulp\u0103 tip beef, sunt foarte aspectuase, sferice, u\u0219or turtite , lucioase, netede, de\u00a0 culoare intens\u0103,ro\u0219ie.<\/span><\/h6>\n<h6>Greutatea este \u00eentre 150-250 grame.<\/h6>\n<h6><span style=\"color: #0000ff;\">Apoi, foarte important\u0103 este productivitatea \u00eenalt\u0103 ,dat\u0103 de rezisten\u021ba la o palet\u0103 larg\u0103 de boli:Aal,Fol1-2,M, V, TYLCV,TMV.<\/span><\/h6>\n<h6>Nu \u00een ultimul r\u00e2nd, este ales de mul\u021bi legumicultori, <span style=\"color: #0000ff;\"><strong>datorit\u0103 timpuriet\u0103\u021bii ,se coace \u00een 62 zile.<\/strong><\/span><\/h6>\n<h6>Plantele sunt viguroase, dar aerisite, cu un foliaj mediu, nedeterminate,rezistente la varia\u021bii de temperatur\u0103.<\/h6>\n<h6><\/h6>\n","protected":false},"excerpt":{"rendered":"<h6><span style=\"color: #0000ff;\">10 SEMIN\u021aE<\/span><\/h6>\n<h6><span style=\"color: #ff00ff;\">FRUCTE MARI, GUST EXCELENT , FOARTE PRODUCTIV !<\/span><\/h6>\n","protected":false},"featured_media":4782,"comment_status":"open","ping_status":"closed","template":"","meta":{"site-sidebar-layout":"default","site-content-layout":"default","ast-site-content-layout":"default","site-content-style":"default","site-sidebar-style":"default","ast-global-header-display":"","ast-banner-title-visibility":"","ast-main-header-display":"","ast-hfb-above-header-display":"","ast-hfb-below-header-display":"","ast-hfb-mobile-header-display":"","site-post-title":"","ast-breadcrumbs-content":"","ast-featured-img":"","footer-sml-layout":"","ast-disable-related-posts":"","theme-transparent-header-meta":"default","adv-header-id-meta":"","stick-header-meta":"","header-above-stick-meta":"","header-main-stick-meta":"","header-below-stick-meta":"","astra-migrate-meta-layouts":"set","ast-page-background-enabled":"default","ast-page-background-meta":{"desktop":{"background-color":"var(--ast-global-color-4)","background-image":"","background-repeat":"repeat","background-position":"center center","background-size":"auto","background-attachment":"scroll","background-type":"","background-media":"","overlay-type":"","overlay-color":"","overlay-opacity":"","overlay-gradient":""},"tablet":{"background-color":"","background-image":"","background-repeat":"repeat","background-position":"center center","background-size":"auto","background-attachment":"scroll","background-type":"","background-media":"","overlay-type":"","overlay-color":"","overlay-opacity":"","overlay-gradient":""},"mobile":{"background-color":"","background-image":"","background-repeat":"repeat","background-position":"center center","background-size":"auto","background-attachment":"scroll","background-type":"","background-media":"","overlay-type":"","overlay-color":"","overlay-opacity":"","overlay-gradient":""}},"ast-content-background-meta":{"desktop":{"background-color":"var(--ast-global-color-5)","background-image":"","background-repeat":"repeat","background-position":"center center","background-size":"auto","background-attachment":"scroll","background-type":"","background-media":"","overlay-type":"","overlay-color":"","overlay-opacity":"","overlay-gradient":""},"tablet":{"background-color":"var(--ast-global-color-5)","background-image":"","background-repeat":"repeat","background-position":"center center","background-size":"auto","background-attachment":"scroll","background-type":"","background-media":"","overlay-type":"","overlay-color":"","overlay-opacity":"","overlay-gradient":""},"mobile":{"background-color":"var(--ast-global-color-5)","background-image":"","background-repeat":"repeat","background-position":"center center","background-size":"auto","background-attachment":"scroll","background-type":"","background-media":"","overlay-type":"","overlay-color":"","overlay-opacity":"","overlay-gradient":""}}},"product_brand":[],"product_cat":[110],"product_tag":[],"class_list":{"0":"post-12189","1":"product","2":"type-product","3":"status-publish","4":"has-post-thumbnail","6":"product_cat-tomate-hibrid","7":"pa_z-cantitate-10-seminte","8":"pa_z-cantitate-100-seminte","9":"pa_z-cantitate-1000-seminte","10":"pa_z-cantitate-200-seminte","11":"pa_z-cantitate-25-seminte","12":"pa_z-cantitate-250-seminte","13":"pa_z-cantitate-50-seminte","14":"pa_z-cantitate-500-seminte","15":"desktop-align-left","16":"tablet-align-left","17":"mobile-align-left","19":"first","20":"outofstock","21":"taxable","22":"shipping-taxable","23":"purchasable","24":"product-type-simple"},"_links":{"self":[{"href":"https:\/\/vivasem.ro\/index.php?rest_route=\/wp\/v2\/product\/12189","targetHints":{"allow":["GET"]}}],"collection":[{"href":"https:\/\/vivasem.ro\/index.php?rest_route=\/wp\/v2\/product"}],"about":[{"href":"https:\/\/vivasem.ro\/index.php?rest_route=\/wp\/v2\/types\/product"}],"replies":[{"embeddable":true,"href":"https:\/\/vivasem.ro\/index.php?rest_route=%2Fwp%2Fv2%2Fcomments&post=12189"}],"wp:featuredmedia":[{"embeddable":true,"href":"https:\/\/vivasem.ro\/index.php?rest_route=\/wp\/v2\/media\/4782"}],"wp:attachment":[{"href":"https:\/\/vivasem.ro\/index.php?rest_route=%2Fwp%2Fv2%2Fmedia&parent=12189"}],"wp:term":[{"taxonomy":"product_brand","embeddable":true,"href":"https:\/\/vivasem.ro\/index.php?rest_route=%2Fwp%2Fv2%2Fproduct_brand&post=12189"},{"taxonomy":"product_cat","embeddable":true,"href":"https:\/\/vivasem.ro\/index.php?rest_route=%2Fwp%2Fv2%2Fproduct_cat&post=12189"},{"taxonomy":"product_tag","embeddable":true,"href":"https:\/\/vivasem.ro\/index.php?rest_route=%2Fwp%2Fv2%2Fproduct_tag&post=12189"}],"curies":[{"name":"wp","href":"https:\/\/api.w.org\/{rel}","templated":true}]}}