{"id":12173,"date":"2024-01-25T14:28:54","date_gmt":"2024-01-25T12:28:54","guid":{"rendered":"https:\/\/vivasem.ro\/?post_type=product&#038;p=12173"},"modified":"2025-09-08T09:05:20","modified_gmt":"2025-09-08T07:05:20","slug":"signora-f1-seminte-drajate-esasem-100s","status":"publish","type":"product","link":"https:\/\/vivasem.ro\/?product=signora-f1-seminte-drajate-esasem-100s","title":{"rendered":"SIGNORA F1 (Esasem)"},"content":{"rendered":"<h6><span style=\"color: #ff0000;\"><strong><u>SIGNORA F1- Esasem.ITALIA,<\/u><\/strong><\/span><\/h6>\n<h6>Face parte din gama de seminte profesionale produse de Esasem, <span style=\"color: #0000ff;\">cu gust deosebit de bun \u0219i arom\u0103 de ro\u0219ie tradi\u021bional\u0103.<\/span><\/h6>\n<h6>Signora F1 este un hibrid de tomata cu crestere nedeterminata, <span style=\"color: #0000ff;\">de mare productivitate, ce formeaz\u0103 numero\u0219i ciorchini de 5-8 tomate.<\/span><br \/>\nFructul acestor tomate <span style=\"color: #0000ff;\">este frumos colorat, ro\u0219u-\u00eenchis,<\/span> are forma rotunda, <span style=\"color: #0000ff;\">este ferm \u0219i gustos, nu are cotor lemnos -vezi foto.<\/span><br \/>\nAre o greutatea medie de aproximativ 200-250 grame ,dar ajunge \u0219i la 300 grame.<br \/>\nHibrid de tomate\u00a0 ce <span style=\"color: #0000ff;\">poate fi cultivat atat in spatii protejate (sere si solarii), cat si c\u00e2mp deschis.<\/span><br \/>\nSe evidentiaza prin <span style=\"color: #0000ff;\">rezistenta la virusul petelor de bronz\u00a0(TSWV \u2013\u00a0transmis de\u00a0\u00a0Trips).<\/span><\/h6>\n<h6>\u00a0Signora F1 are avantajul<span style=\"color: #0000ff;\"> utiliz\u0103rii ori, \u00eentr-un singur ciclu lung,<\/span> de produc\u021bie,(\u00een zonele de clim\u0103 rece,cu prim\u0103veri tardive)\u00a0 sau, unde terenul este ocupat in prima parte a anului, cu alte culturi, care intarzie plantarea tomatelor, dar se poate<span style=\"color: #0000ff;\"> folosii \u0219i \u00een ciclul 2.\u00a0<\/span><\/h6>\n<h6>Permite folosirea pentru legarea fructelor atat a bondarilor cat si a stimulentilor chimici.<\/h6>\n<h6>Plantele sunt viguroase \u0219i cu o timpurietate bun\u0103.<\/h6>\n<h6>\u00a0Au o legare bun\u0103 a fructelor,cre\u0219tere echilibrat\u0103 \u0219i internodii scurte, care permit <span style=\"color: #0000ff;\">realizarea unui numar mare de inflorescente (ciorchini).\u00a0 \u00a0 \u00a0 \u00a0 \u00a0 \u00a0 \u00a0 Un ciorchine poate c\u00e2nt\u0103rii \u0219i peste 2 kilograme !<\/span><\/h6>\n<h6>Acestea se recolteaz\u0103 bucat\u0103 cu bucat\u0103, sau tot ciorchinele, pe m\u0103sura coacerii , <span style=\"color: #0000ff;\">dar \u0219i pot r\u0103mane pe planta, rezist\u00e2nd coapte o perioade mai lunga de timp, in cazul in care pre\u021burile pe pia\u021b\u0103 sunt mici sau nu exista cerere.<\/span><\/h6>\n<h6><\/h6>\n<h6><\/h6>\n<h6><\/h6>\n<h6><strong>\u00a0\u00a0\u00a0\u00a0\u00a0\u00a0\u00a0\u00a0\u00a0\u00a0\u00a0\u00a0\u00a0\u00a0\u00a0\u00a0\u00a0\u00a0\u00a0\u00a0\u00a0\u00a0\u00a0\u00a0\u00a0\u00a0\u00a0\u00a0\u00a0\u00a0\u00a0\u00a0\u00a0\u00a0\u00a0\u00a0\u00a0\u00a0\u00a0\u00a0\u00a0\u00a0\u00a0\u00a0\u00a0\u00a0\u00a0\u00a0\u00a0\u00a0\u00a0\u00a0\u00a0\u00a0\u00a0\u00a0\u00a0\u00a0\u00a0\u00a0\u00a0\u00a0\u00a0\u00a0\u00a0\u00a0\u00a0\u00a0\u00a0\u00a0\u00a0\u00a0\u00a0\u00a0\u00a0\u00a0\u00a0\u00a0\u00a0\u00a0 <\/strong><\/h6>\n","protected":false},"excerpt":{"rendered":"<h6 style=\"text-align: left;\"><span style=\"color: #ff00ff;\"><strong>GUST EXCELENT,<\/strong><strong>DEOSEBIT DE PRODUCTIV<img loading=\"lazy\" decoding=\"async\" class=\"alignnone wp-image-15077\" src=\"https:\/\/vivasem.ro\/wp-content\/uploads\/2023\/12\/SUPEROFERTA-11-Copy-300x153.jpg\" alt=\"\" width=\"157\" height=\"80\" srcset=\"https:\/\/vivasem.ro\/wp-content\/uploads\/2023\/12\/SUPEROFERTA-11-Copy-300x153.jpg 300w, https:\/\/vivasem.ro\/wp-content\/uploads\/2023\/12\/SUPEROFERTA-11-Copy-248x126.jpg 248w, https:\/\/vivasem.ro\/wp-content\/uploads\/2023\/12\/SUPEROFERTA-11-Copy-590x301.jpg 590w, https:\/\/vivasem.ro\/wp-content\/uploads\/2023\/12\/SUPEROFERTA-11-Copy-150x77.jpg 150w, https:\/\/vivasem.ro\/wp-content\/uploads\/2023\/12\/SUPEROFERTA-11-Copy.jpg 700w\" sizes=\"auto, (max-width: 157px) 100vw, 157px\" \/><\/strong><\/span><\/h6>\n","protected":false},"featured_media":6316,"comment_status":"open","ping_status":"closed","template":"","meta":{"site-sidebar-layout":"default","site-content-layout":"default","ast-site-content-layout":"default","site-content-style":"default","site-sidebar-style":"default","ast-global-header-display":"","ast-banner-title-visibility":"","ast-main-header-display":"","ast-hfb-above-header-display":"","ast-hfb-below-header-display":"","ast-hfb-mobile-header-display":"","site-post-title":"","ast-breadcrumbs-content":"","ast-featured-img":"","footer-sml-layout":"","ast-disable-related-posts":"","theme-transparent-header-meta":"default","adv-header-id-meta":"","stick-header-meta":"","header-above-stick-meta":"","header-main-stick-meta":"","header-below-stick-meta":"","astra-migrate-meta-layouts":"set","ast-page-background-enabled":"default","ast-page-background-meta":{"desktop":{"background-color":"var(--ast-global-color-4)","background-image":"","background-repeat":"repeat","background-position":"center center","background-size":"auto","background-attachment":"scroll","background-type":"","background-media":"","overlay-type":"","overlay-color":"","overlay-opacity":"","overlay-gradient":""},"tablet":{"background-color":"","background-image":"","background-repeat":"repeat","background-position":"center center","background-size":"auto","background-attachment":"scroll","background-type":"","background-media":"","overlay-type":"","overlay-color":"","overlay-opacity":"","overlay-gradient":""},"mobile":{"background-color":"","background-image":"","background-repeat":"repeat","background-position":"center center","background-size":"auto","background-attachment":"scroll","background-type":"","background-media":"","overlay-type":"","overlay-color":"","overlay-opacity":"","overlay-gradient":""}},"ast-content-background-meta":{"desktop":{"background-color":"var(--ast-global-color-5)","background-image":"","background-repeat":"repeat","background-position":"center center","background-size":"auto","background-attachment":"scroll","background-type":"","background-media":"","overlay-type":"","overlay-color":"","overlay-opacity":"","overlay-gradient":""},"tablet":{"background-color":"var(--ast-global-color-5)","background-image":"","background-repeat":"repeat","background-position":"center center","background-size":"auto","background-attachment":"scroll","background-type":"","background-media":"","overlay-type":"","overlay-color":"","overlay-opacity":"","overlay-gradient":""},"mobile":{"background-color":"var(--ast-global-color-5)","background-image":"","background-repeat":"repeat","background-position":"center center","background-size":"auto","background-attachment":"scroll","background-type":"","background-media":"","overlay-type":"","overlay-color":"","overlay-opacity":"","overlay-gradient":""}}},"product_brand":[],"product_cat":[110],"product_tag":[],"class_list":{"0":"post-12173","1":"product","2":"type-product","3":"status-publish","4":"has-post-thumbnail","6":"product_cat-tomate-hibrid","7":"pa_z-cantitate-10-seminte","8":"pa_z-cantitate-100-seminte","9":"pa_z-cantitate-20-seminte","10":"pa_z-cantitate-25-seminte","11":"pa_z-cantitate-250-seminte","12":"pa_z-cantitate-50-seminte","13":"desktop-align-left","14":"tablet-align-left","15":"mobile-align-left","17":"first","18":"instock","19":"sale","20":"taxable","21":"shipping-taxable","22":"purchasable","23":"product-type-variable"},"_links":{"self":[{"href":"https:\/\/vivasem.ro\/index.php?rest_route=\/wp\/v2\/product\/12173","targetHints":{"allow":["GET"]}}],"collection":[{"href":"https:\/\/vivasem.ro\/index.php?rest_route=\/wp\/v2\/product"}],"about":[{"href":"https:\/\/vivasem.ro\/index.php?rest_route=\/wp\/v2\/types\/product"}],"replies":[{"embeddable":true,"href":"https:\/\/vivasem.ro\/index.php?rest_route=%2Fwp%2Fv2%2Fcomments&post=12173"}],"wp:featuredmedia":[{"embeddable":true,"href":"https:\/\/vivasem.ro\/index.php?rest_route=\/wp\/v2\/media\/6316"}],"wp:attachment":[{"href":"https:\/\/vivasem.ro\/index.php?rest_route=%2Fwp%2Fv2%2Fmedia&parent=12173"}],"wp:term":[{"taxonomy":"product_brand","embeddable":true,"href":"https:\/\/vivasem.ro\/index.php?rest_route=%2Fwp%2Fv2%2Fproduct_brand&post=12173"},{"taxonomy":"product_cat","embeddable":true,"href":"https:\/\/vivasem.ro\/index.php?rest_route=%2Fwp%2Fv2%2Fproduct_cat&post=12173"},{"taxonomy":"product_tag","embeddable":true,"href":"https:\/\/vivasem.ro\/index.php?rest_route=%2Fwp%2Fv2%2Fproduct_tag&post=12173"}],"curies":[{"name":"wp","href":"https:\/\/api.w.org\/{rel}","templated":true}]}}