{"id":12111,"date":"2024-01-21T08:39:56","date_gmt":"2024-01-21T06:39:56","guid":{"rendered":"https:\/\/vivasem.ro\/?post_type=product&#038;p=12111"},"modified":"2024-10-22T08:14:46","modified_gmt":"2024-10-22T06:14:46","slug":"big-beef-plus-f1-seminis-10s","status":"publish","type":"product","link":"https:\/\/vivasem.ro\/?product=big-beef-plus-f1-seminis-10s","title":{"rendered":"\u201e\u201eBIG BEEF PLUS F1-Seminis (25s)"},"content":{"rendered":"<h6><span style=\"color: #ff0000;\"><strong><u>BIG BEEF PLUS (SVTH 3438) F1,<\/u><\/strong><\/span><\/h6>\n<h6><span style=\"color: #ff0000;\"><strong><u>Produc\u0103tor:SEMINS-MONSANTO HOLLAND BV ,<\/u><\/strong><\/span><\/h6>\n<h6>VIDEOCLIP : https:\/\/www.facebook.com\/watch\/?v=279064338256601<\/h6>\n<h6><span style=\"color: #0000ff;\"><strong>BIG BEEF PLUS F1 (SVTH 3438 F1<\/strong>) este un hibrid nou de ro\u0219ie nedeterminat\u0103 cu internoduri scurte, plant\u0103 viguroas\u0103, cu o adaptabilitate bun\u0103 la varia\u021biile de temperatur\u0103 care poate fi cultivat at\u00e2t \u00een ciclul I, c\u00e2t \u0219i \u00een ciclul II de cultur\u0103.<\/span><\/h6>\n<h6 class=\"has-text-align-left\">Fructele au form\u0103 rotund\u0103, o greutate cuprins\u0103 \u00eentre 220g-240g \u0219i aspect un comercial deosebit.<\/h6>\n<h6 class=\"has-text-align-left\"><span style=\"color: #0000ff;\">Cultivatorii vor aprecia\u00a0<strong>Big Beef Plus\u00a0<\/strong>pentru rezisten\u021ba la boli \u0219i pentru poten\u021bialul ridicat de produc\u021bie dar \u0219i pentru gustul deosebit \u0219i aspectul intern de un ro\u0219u intens.<\/span><\/h6>\n<h6><span style=\"color: #ff0000;\">Prezint\u0103 rezisten\u021b\u0103 ridicat\u0103 la urm\u0103toareleboli (HR):<\/span><\/h6>\n<ul>\n<li>\n<h6><span style=\"color: #ff0000;\">ToMV:0-2 &#8211; Tomato Mosaic Virus (Virusul mozaicului tomatelor);<\/span><\/h6>\n<\/li>\n<li>\n<h6><span style=\"color: #ff0000;\">Fol:1,2 &#8211; Fusarium oxysporum f. sp. Lycopersici (Ofilirea vasculara);<\/span><\/h6>\n<\/li>\n<li>\n<h6><span style=\"color: #ff0000;\">For &#8211; Fusarium oxysporum f. sp. radicis-lycopersici (Ofilirea vasculara de radacina);<\/span><\/h6>\n<\/li>\n<li>\n<h6><span style=\"color: #ff0000;\">Va:1, Vd:1 &#8211; Verticilium dahliae (Uscare vasculara);<\/span><\/h6>\n<\/li>\n<li>\n<h6><span style=\"color: #ff0000;\">Aal &#8211; Alternaria alternata f. sp. lycopersici (Alternarioza);<\/span><\/h6>\n<\/li>\n<li>\n<h6><span style=\"color: #ff0000;\">Sbl, Sl, Ss &#8211; Stemphylium spp.\/solani (Patarea cenusie a frunzelor de solanacee);<\/span><\/h6>\n<\/li>\n<li>\n<h6><span style=\"color: #ff0000;\">ToTV &#8211; Tomato torrado virus.<\/span><\/h6>\n<\/li>\n<\/ul>\n<h6><span style=\"color: #ff0000;\">Are rezistenta intermediar\u0103 la urm\u0103toareleboli (IR):<\/span><\/h6>\n<ul>\n<li>\n<h6><span style=\"color: #ff0000;\">Mi, Ma, Mj &#8211; Meloidogyne arenaria\/incognita\/javanica (Nematozi);<\/span><\/h6>\n<\/li>\n<li>\n<h6><span style=\"color: #ff0000;\">TSWV:0 &#8211; Tomato Spotted Wilt Virus (Virusul petelor de bronz).<\/span><\/h6>\n<\/li>\n<\/ul>\n<h6><\/h6>\n","protected":false},"excerpt":{"rendered":"<h6><span style=\"color: #0000ff;\">25 SEMIN\u021aE<\/span><\/h6>\n<h6 style=\"text-align: left;\"><span style=\"color: #ff00ff;\">HIBRID CU AROMA RO\u0218IILOR DE ALT\u0102DAT\u0102,PRODUCTIV \u0218I REZISTENT <img loading=\"lazy\" decoding=\"async\" class=\"alignnone wp-image-6106 \" src=\"https:\/\/vivasem.ro\/wp-content\/uploads\/2021\/12\/NOU3.jpg\" alt=\"\" width=\"77\" height=\"74\" srcset=\"https:\/\/vivasem.ro\/wp-content\/uploads\/2021\/12\/NOU3.jpg 270w, https:\/\/vivasem.ro\/wp-content\/uploads\/2021\/12\/NOU3-248x241.jpg 248w\" sizes=\"auto, (max-width: 77px) 100vw, 77px\" \/><\/span><\/h6>\n<h6><\/h6>\n","protected":false},"featured_media":11002,"comment_status":"open","ping_status":"closed","template":"","meta":{"site-sidebar-layout":"default","site-content-layout":"default","ast-site-content-layout":"default","site-content-style":"default","site-sidebar-style":"default","ast-global-header-display":"","ast-banner-title-visibility":"","ast-main-header-display":"","ast-hfb-above-header-display":"","ast-hfb-below-header-display":"","ast-hfb-mobile-header-display":"","site-post-title":"","ast-breadcrumbs-content":"","ast-featured-img":"","footer-sml-layout":"","ast-disable-related-posts":"","theme-transparent-header-meta":"default","adv-header-id-meta":"","stick-header-meta":"","header-above-stick-meta":"","header-main-stick-meta":"","header-below-stick-meta":"","astra-migrate-meta-layouts":"set","ast-page-background-enabled":"default","ast-page-background-meta":{"desktop":{"background-color":"var(--ast-global-color-4)","background-image":"","background-repeat":"repeat","background-position":"center center","background-size":"auto","background-attachment":"scroll","background-type":"","background-media":"","overlay-type":"","overlay-color":"","overlay-opacity":"","overlay-gradient":""},"tablet":{"background-color":"","background-image":"","background-repeat":"repeat","background-position":"center center","background-size":"auto","background-attachment":"scroll","background-type":"","background-media":"","overlay-type":"","overlay-color":"","overlay-opacity":"","overlay-gradient":""},"mobile":{"background-color":"","background-image":"","background-repeat":"repeat","background-position":"center center","background-size":"auto","background-attachment":"scroll","background-type":"","background-media":"","overlay-type":"","overlay-color":"","overlay-opacity":"","overlay-gradient":""}},"ast-content-background-meta":{"desktop":{"background-color":"var(--ast-global-color-5)","background-image":"","background-repeat":"repeat","background-position":"center center","background-size":"auto","background-attachment":"scroll","background-type":"","background-media":"","overlay-type":"","overlay-color":"","overlay-opacity":"","overlay-gradient":""},"tablet":{"background-color":"var(--ast-global-color-5)","background-image":"","background-repeat":"repeat","background-position":"center center","background-size":"auto","background-attachment":"scroll","background-type":"","background-media":"","overlay-type":"","overlay-color":"","overlay-opacity":"","overlay-gradient":""},"mobile":{"background-color":"var(--ast-global-color-5)","background-image":"","background-repeat":"repeat","background-position":"center center","background-size":"auto","background-attachment":"scroll","background-type":"","background-media":"","overlay-type":"","overlay-color":"","overlay-opacity":"","overlay-gradient":""}}},"product_brand":[],"product_cat":[110],"product_tag":[],"class_list":{"0":"post-12111","1":"product","2":"type-product","3":"status-publish","4":"has-post-thumbnail","6":"product_cat-tomate-hibrid","7":"pa_z-cantitate-10-seminte","8":"pa_z-cantitate-100-seminte","9":"pa_z-cantitate-200-seminte","10":"pa_z-cantitate-25-seminte","11":"pa_z-cantitate-250-seminte","12":"pa_z-cantitate-50-seminte","13":"pa_z-cantitate-500-seminte","14":"desktop-align-left","15":"tablet-align-left","16":"mobile-align-left","18":"first","19":"outofstock","20":"taxable","21":"shipping-taxable","22":"purchasable","23":"product-type-simple"},"_links":{"self":[{"href":"https:\/\/vivasem.ro\/index.php?rest_route=\/wp\/v2\/product\/12111","targetHints":{"allow":["GET"]}}],"collection":[{"href":"https:\/\/vivasem.ro\/index.php?rest_route=\/wp\/v2\/product"}],"about":[{"href":"https:\/\/vivasem.ro\/index.php?rest_route=\/wp\/v2\/types\/product"}],"replies":[{"embeddable":true,"href":"https:\/\/vivasem.ro\/index.php?rest_route=%2Fwp%2Fv2%2Fcomments&post=12111"}],"wp:featuredmedia":[{"embeddable":true,"href":"https:\/\/vivasem.ro\/index.php?rest_route=\/wp\/v2\/media\/11002"}],"wp:attachment":[{"href":"https:\/\/vivasem.ro\/index.php?rest_route=%2Fwp%2Fv2%2Fmedia&parent=12111"}],"wp:term":[{"taxonomy":"product_brand","embeddable":true,"href":"https:\/\/vivasem.ro\/index.php?rest_route=%2Fwp%2Fv2%2Fproduct_brand&post=12111"},{"taxonomy":"product_cat","embeddable":true,"href":"https:\/\/vivasem.ro\/index.php?rest_route=%2Fwp%2Fv2%2Fproduct_cat&post=12111"},{"taxonomy":"product_tag","embeddable":true,"href":"https:\/\/vivasem.ro\/index.php?rest_route=%2Fwp%2Fv2%2Fproduct_tag&post=12111"}],"curies":[{"name":"wp","href":"https:\/\/api.w.org\/{rel}","templated":true}]}}