{"id":12074,"date":"2024-01-15T08:42:22","date_gmt":"2024-01-15T06:42:22","guid":{"rendered":"https:\/\/vivasem.ro\/?post_type=product&#038;p=12074"},"modified":"2024-11-29T21:49:22","modified_gmt":"2024-11-29T19:49:22","slug":"vinete-canna-f1-bakker-brothers-25s","status":"publish","type":"product","link":"https:\/\/vivasem.ro\/?product=vinete-canna-f1-bakker-brothers-25s","title":{"rendered":"VINETE CANNA F1 -BAKKER BROTHERS"},"content":{"rendered":"<h6><span style=\"color: #333399;\"><u><b>VINETE CANNA F1-Produc\u0103tor :<a href=\"https:\/\/vivasem.ro\/wp-content\/uploads\/2022\/12\/BAKKER-BROTHERS.jpg\"><img loading=\"lazy\" decoding=\"async\" class=\"alignnone wp-image-8498\" src=\"https:\/\/vivasem.ro\/wp-content\/uploads\/2022\/12\/BAKKER-BROTHERS-300x106.jpg\" alt=\"\" width=\"187\" height=\"66\" srcset=\"https:\/\/vivasem.ro\/wp-content\/uploads\/2022\/12\/BAKKER-BROTHERS-300x106.jpg 300w, https:\/\/vivasem.ro\/wp-content\/uploads\/2022\/12\/BAKKER-BROTHERS-248x88.jpg 248w, https:\/\/vivasem.ro\/wp-content\/uploads\/2022\/12\/BAKKER-BROTHERS.jpg 412w\" sizes=\"auto, (max-width: 187px) 100vw, 187px\" \/><\/a><\/b><\/u><\/span><\/h6>\n<div class=\"ast-oembed-container \" style=\"height: 100%;\"><iframe loading=\"lazy\" title=\"Rezultatele hibridului de vinete Canna F1 (Bakker Brothers) si comparatie cu hibridul Aragon F1\" width=\"500\" height=\"281\" src=\"https:\/\/www.youtube.com\/embed\/NeoPvS7Lsro?feature=oembed\" frameborder=\"0\" allow=\"accelerometer; autoplay; clipboard-write; encrypted-media; gyroscope; picture-in-picture; web-share\" referrerpolicy=\"strict-origin-when-cross-origin\" allowfullscreen><\/iframe><\/div>\n<h6><span style=\"color: #ff0000;\">Hibridul de vinete\u00a0<strong>Canna F1<\/strong> este o un hibrid de vinete foarte timpuriu cu productivitate \u00eenalt\u0103.<\/span><\/h6>\n<h6><span style=\"color: #0000ff;\">Planta prezinta o cre\u0219tere viguroas\u0103 \u0219i legare continu\u0103<\/span> (la temperaturi scazute planta leaga foarte bine). Portul plantei este unul semi-deschis.<\/h6>\n<h6>Se poate cultiva atat in sere si solarii cat si in c\u00e2mp deschis.<\/h6>\n<h6>Culoarea este neagra \u2013 indigo, excelent\u0103, culoare ce se pastreaz\u0103 atat la primele recolt\u0103ri c\u00e2t si la recoltarile tarzii.<\/h6>\n<h6><\/h6>\n<h6><\/h6>\n","protected":false},"excerpt":{"rendered":"<h6><span style=\"color: #ff00ff;\"><strong>HIBRID TIMPURIU FOARTE PRODUCTIV!<\/strong><\/span><\/h6>\n<h6><span style=\"color: #333399;\"><strong><span style=\"color: #ff0000;\">VEZI VIDEOCLIP !<\/span><\/strong><\/span><\/h6>\n<h6><\/h6>\n","protected":false},"featured_media":8494,"comment_status":"open","ping_status":"closed","template":"","meta":{"site-sidebar-layout":"default","site-content-layout":"default","ast-site-content-layout":"default","site-content-style":"default","site-sidebar-style":"default","ast-global-header-display":"","ast-banner-title-visibility":"","ast-main-header-display":"","ast-hfb-above-header-display":"","ast-hfb-below-header-display":"","ast-hfb-mobile-header-display":"","site-post-title":"","ast-breadcrumbs-content":"","ast-featured-img":"","footer-sml-layout":"","ast-disable-related-posts":"","theme-transparent-header-meta":"default","adv-header-id-meta":"","stick-header-meta":"","header-above-stick-meta":"","header-main-stick-meta":"","header-below-stick-meta":"","astra-migrate-meta-layouts":"set","ast-page-background-enabled":"default","ast-page-background-meta":{"desktop":{"background-color":"var(--ast-global-color-4)","background-image":"","background-repeat":"repeat","background-position":"center center","background-size":"auto","background-attachment":"scroll","background-type":"","background-media":"","overlay-type":"","overlay-color":"","overlay-opacity":"","overlay-gradient":""},"tablet":{"background-color":"","background-image":"","background-repeat":"repeat","background-position":"center center","background-size":"auto","background-attachment":"scroll","background-type":"","background-media":"","overlay-type":"","overlay-color":"","overlay-opacity":"","overlay-gradient":""},"mobile":{"background-color":"","background-image":"","background-repeat":"repeat","background-position":"center center","background-size":"auto","background-attachment":"scroll","background-type":"","background-media":"","overlay-type":"","overlay-color":"","overlay-opacity":"","overlay-gradient":""}},"ast-content-background-meta":{"desktop":{"background-color":"var(--ast-global-color-5)","background-image":"","background-repeat":"repeat","background-position":"center center","background-size":"auto","background-attachment":"scroll","background-type":"","background-media":"","overlay-type":"","overlay-color":"","overlay-opacity":"","overlay-gradient":""},"tablet":{"background-color":"var(--ast-global-color-5)","background-image":"","background-repeat":"repeat","background-position":"center center","background-size":"auto","background-attachment":"scroll","background-type":"","background-media":"","overlay-type":"","overlay-color":"","overlay-opacity":"","overlay-gradient":""},"mobile":{"background-color":"var(--ast-global-color-5)","background-image":"","background-repeat":"repeat","background-position":"center center","background-size":"auto","background-attachment":"scroll","background-type":"","background-media":"","overlay-type":"","overlay-color":"","overlay-opacity":"","overlay-gradient":""}}},"product_brand":[],"product_cat":[86],"product_tag":[],"class_list":{"0":"post-12074","1":"product","2":"type-product","3":"status-publish","4":"has-post-thumbnail","6":"product_cat-vinete","7":"pa_cantitate-10-seminte","8":"pa_cantitate-100-seminte","9":"pa_cantitate-200-seminte","10":"pa_cantitate-25-seminte","11":"pa_cantitate-250-seminte","12":"pa_cantitate-5-seminte","13":"pa_cantitate-50-seminte","14":"pa_cantitate-500-seminte","15":"desktop-align-left","16":"tablet-align-left","17":"mobile-align-left","19":"first","20":"instock","21":"sale","22":"taxable","23":"shipping-taxable","24":"purchasable","25":"product-type-variable"},"_links":{"self":[{"href":"https:\/\/vivasem.ro\/index.php?rest_route=\/wp\/v2\/product\/12074","targetHints":{"allow":["GET"]}}],"collection":[{"href":"https:\/\/vivasem.ro\/index.php?rest_route=\/wp\/v2\/product"}],"about":[{"href":"https:\/\/vivasem.ro\/index.php?rest_route=\/wp\/v2\/types\/product"}],"replies":[{"embeddable":true,"href":"https:\/\/vivasem.ro\/index.php?rest_route=%2Fwp%2Fv2%2Fcomments&post=12074"}],"wp:featuredmedia":[{"embeddable":true,"href":"https:\/\/vivasem.ro\/index.php?rest_route=\/wp\/v2\/media\/8494"}],"wp:attachment":[{"href":"https:\/\/vivasem.ro\/index.php?rest_route=%2Fwp%2Fv2%2Fmedia&parent=12074"}],"wp:term":[{"taxonomy":"product_brand","embeddable":true,"href":"https:\/\/vivasem.ro\/index.php?rest_route=%2Fwp%2Fv2%2Fproduct_brand&post=12074"},{"taxonomy":"product_cat","embeddable":true,"href":"https:\/\/vivasem.ro\/index.php?rest_route=%2Fwp%2Fv2%2Fproduct_cat&post=12074"},{"taxonomy":"product_tag","embeddable":true,"href":"https:\/\/vivasem.ro\/index.php?rest_route=%2Fwp%2Fv2%2Fproduct_tag&post=12074"}],"curies":[{"name":"wp","href":"https:\/\/api.w.org\/{rel}","templated":true}]}}