{"id":12069,"date":"2024-01-14T23:42:26","date_gmt":"2024-01-14T21:42:26","guid":{"rendered":"https:\/\/vivasem.ro\/?post_type=product&#038;p=12069"},"modified":"2026-03-11T14:49:08","modified_gmt":"2026-03-11T12:49:08","slug":"patrunjel-de-radacina-si-frunze-halflange-copiaza","status":"publish","type":"product","link":"https:\/\/vivasem.ro\/?product=patrunjel-de-radacina-si-frunze-halflange-copiaza","title":{"rendered":"BUSUIOC GENOVESE AGROSEM"},"content":{"rendered":"<h6><span style=\"color: #ff0000;\"><u><b>Busuioc Genovese &#8211;<\/b><\/u><\/span><\/h6>\n<h6><span style=\"color: #ff0000;\"><span class=\"post-meta-key\">Produc\u0103tor:Agrosem Tg. Mure\u0219,<\/span><\/span><\/h6>\n<ul>\n<li><strong>PLANT\u0102 VIGUROAS\u0102, CU FRUNZE INTENS PARFUMATE, U\u0218OR DE CULTIVAT, \u00ceN GR\u0102DIN\u0102 , DAR \u0218I \u00ceN GHIVECE.<\/strong>\n<ul>\n<li>\n<h6>Denumire latina: Ocimum basilicum L.<\/h6>\n<\/li>\n<li>\n<h6>varietate semi-timpurie<\/h6>\n<\/li>\n<li>\n<h6>planta viguroasa, cu frunze verzi stralucitoare, intens parfumate<\/h6>\n<\/li>\n<li>\n<h6>usor de cultivat<\/h6>\n<\/li>\n<li>\n<h6>ideal pentru cultivarea la ghivece<\/h6>\n<\/li>\n<li>\n<h6>se utilizeaza proasp\u0103t, in prepararea diferitelor feluri de m\u00e2ncare, dar \u0219i uscat.<\/h6>\n<\/li>\n<li>\n<h6>cca 800 seminte\/gram<\/h6>\n<\/li>\n<li>\n<h6>semanare in camp: aprilie-iunie<\/h6>\n<\/li>\n<li>\n<h6>semanare in rasadnita: februarie-aprilie<\/h6>\n<\/li>\n<li>\n<h6>repicare: aprilie-iunie<\/h6>\n<\/li>\n<li>\n<h6>rarire: mai-iulie<\/h6>\n<\/li>\n<li>\n<h6>recoltare: iulie-octombrie<\/h6>\n<\/li>\n<\/ul>\n<\/li>\n<\/ul>\n","protected":false},"excerpt":{"rendered":"<h6><span style=\"color: #0000ff;\">2 GRAME\/cca.1600 SEMIN\u021aE<\/span><\/h6>\n","protected":false},"featured_media":12070,"comment_status":"open","ping_status":"closed","template":"","meta":{"site-sidebar-layout":"default","site-content-layout":"default","ast-site-content-layout":"default","site-content-style":"default","site-sidebar-style":"default","ast-global-header-display":"","ast-banner-title-visibility":"","ast-main-header-display":"","ast-hfb-above-header-display":"","ast-hfb-below-header-display":"","ast-hfb-mobile-header-display":"","site-post-title":"","ast-breadcrumbs-content":"","ast-featured-img":"","footer-sml-layout":"","ast-disable-related-posts":"","theme-transparent-header-meta":"default","adv-header-id-meta":"","stick-header-meta":"","header-above-stick-meta":"","header-main-stick-meta":"","header-below-stick-meta":"","astra-migrate-meta-layouts":"set","ast-page-background-enabled":"default","ast-page-background-meta":{"desktop":{"background-color":"var(--ast-global-color-4)","background-image":"","background-repeat":"repeat","background-position":"center center","background-size":"auto","background-attachment":"scroll","background-type":"","background-media":"","overlay-type":"","overlay-color":"","overlay-opacity":"","overlay-gradient":""},"tablet":{"background-color":"","background-image":"","background-repeat":"repeat","background-position":"center center","background-size":"auto","background-attachment":"scroll","background-type":"","background-media":"","overlay-type":"","overlay-color":"","overlay-opacity":"","overlay-gradient":""},"mobile":{"background-color":"","background-image":"","background-repeat":"repeat","background-position":"center center","background-size":"auto","background-attachment":"scroll","background-type":"","background-media":"","overlay-type":"","overlay-color":"","overlay-opacity":"","overlay-gradient":""}},"ast-content-background-meta":{"desktop":{"background-color":"var(--ast-global-color-5)","background-image":"","background-repeat":"repeat","background-position":"center center","background-size":"auto","background-attachment":"scroll","background-type":"","background-media":"","overlay-type":"","overlay-color":"","overlay-opacity":"","overlay-gradient":""},"tablet":{"background-color":"var(--ast-global-color-5)","background-image":"","background-repeat":"repeat","background-position":"center center","background-size":"auto","background-attachment":"scroll","background-type":"","background-media":"","overlay-type":"","overlay-color":"","overlay-opacity":"","overlay-gradient":""},"mobile":{"background-color":"var(--ast-global-color-5)","background-image":"","background-repeat":"repeat","background-position":"center center","background-size":"auto","background-attachment":"scroll","background-type":"","background-media":"","overlay-type":"","overlay-color":"","overlay-opacity":"","overlay-gradient":""}}},"product_brand":[],"product_cat":[90],"product_tag":[],"class_list":{"0":"post-12069","1":"product","2":"type-product","3":"status-publish","4":"has-post-thumbnail","6":"product_cat-plante-aromatice","7":"desktop-align-left","8":"tablet-align-left","9":"mobile-align-left","11":"first","12":"instock","13":"taxable","14":"shipping-taxable","15":"purchasable","16":"product-type-simple"},"_links":{"self":[{"href":"https:\/\/vivasem.ro\/index.php?rest_route=\/wp\/v2\/product\/12069","targetHints":{"allow":["GET"]}}],"collection":[{"href":"https:\/\/vivasem.ro\/index.php?rest_route=\/wp\/v2\/product"}],"about":[{"href":"https:\/\/vivasem.ro\/index.php?rest_route=\/wp\/v2\/types\/product"}],"replies":[{"embeddable":true,"href":"https:\/\/vivasem.ro\/index.php?rest_route=%2Fwp%2Fv2%2Fcomments&post=12069"}],"wp:featuredmedia":[{"embeddable":true,"href":"https:\/\/vivasem.ro\/index.php?rest_route=\/wp\/v2\/media\/12070"}],"wp:attachment":[{"href":"https:\/\/vivasem.ro\/index.php?rest_route=%2Fwp%2Fv2%2Fmedia&parent=12069"}],"wp:term":[{"taxonomy":"product_brand","embeddable":true,"href":"https:\/\/vivasem.ro\/index.php?rest_route=%2Fwp%2Fv2%2Fproduct_brand&post=12069"},{"taxonomy":"product_cat","embeddable":true,"href":"https:\/\/vivasem.ro\/index.php?rest_route=%2Fwp%2Fv2%2Fproduct_cat&post=12069"},{"taxonomy":"product_tag","embeddable":true,"href":"https:\/\/vivasem.ro\/index.php?rest_route=%2Fwp%2Fv2%2Fproduct_tag&post=12069"}],"curies":[{"name":"wp","href":"https:\/\/api.w.org\/{rel}","templated":true}]}}