{"id":12056,"date":"2024-01-14T00:54:32","date_gmt":"2024-01-13T22:54:32","guid":{"rendered":"https:\/\/vivasem.ro\/?post_type=product&#038;p=12056"},"modified":"2026-03-25T13:14:25","modified_gmt":"2026-03-25T11:14:25","slug":"ceapa-rosa-lunga-di-firenze-horticola-1g","status":"publish","type":"product","link":"https:\/\/vivasem.ro\/?product=ceapa-rosa-lunga-di-firenze-horticola-1g","title":{"rendered":"CEAP\u0102 ROSA LUNGA DI FIRENZE (Horticola) 1g"},"content":{"rendered":"<h6><span style=\"color: #ff0000;\">CEAP\u0102 ROSA LUNGA DI FIRENZE ,<\/span><\/h6>\n<h6><span style=\"color: #ff0000;\"><strong><u>\u2013HORTICOLA-Franchi Sementi .ITALIA,<\/u><\/strong><\/span><\/h6>\n<div>\n<div id=\"tab-description\" role=\"tabpanel\" aria-labelledby=\"tab-title-description\">\n<h6><span style=\"color: #000080;\">ESTE UN SOI DE CEAP\u0102 ITALIAN , DIN ZONA FLOREN\u021aEI,FOARTE APRECIAT \u00ceN ZONA MEDITERANEEAN\u0102, CE SE CULTIV\u0102 PRIN SEM\u0102NAT DIRECT \u00ceN C\u00c2MP.\u00a0<\/span><\/h6>\n<h6><span style=\"color: #000080;\">IN ROM\u00c2NIA ESTE CUNOSCUT\u0102 CA CEAP\u0102 DE AP\u0102 , CE ARE BULBI MARI, LUNGI, FERMI, CE AU FOILE VIOLET-PURPURII, CU GUST FOARTE BUN, DULCEAG, PU\u021aIN IUTE, RECOMANDAT PENTRU CONSUM PROASP\u0102T.<\/span><\/h6>\n<h6><span style=\"color: #000080;\">POTEN\u021aIAL RIDICAT DE PRODUCTIE, PRODUCTIVITATEA PLANTEI ESTE FOARTE BUN\u0102, MAI ALES DAC\u0102 ESTE IRIGAT\u0102 \u0218I FERTILIZAT\u0102 CORESPUNZ\u0102TOR,\u00a0ARE CRE\u0218TERE RAPID\u0102 , NU EMITE TIMPURIU TIJE FLORALE.<\/span><\/h6>\n<h6><span style=\"color: #000080;\">CEAPA\u00a0ROSA LUNGA DI FIRENZE\u00a0NU ARE O P\u0102STRABILITATE FOARTE BUN\u0102 PE TERMEN LUNG.<\/span><\/h6>\n<h6><span style=\"color: #000080;\">SOI MEDIU TIMPURIU.<\/span><\/h6>\n<h6><span style=\"color: #000080;\">SEM\u0102NAT \u00ceN AER LIBER: MARTIE-APRILIE.<\/span><\/h6>\n<h6><span style=\"color: #000080;\">DISTAN\u021aA \u00ceNTRE PLANTE: 25\u00d75 CM.<\/span><\/h6>\n<h6><span style=\"color: #000080;\">RECOLT\u0102: IUNIE-SEPTEMBRIE.<\/span><\/h6>\n<p><span style=\"color: #000080;\">UN GRAM CONTINE\u00a0 250 -300 SEMIN\u021aE.<\/span><\/p>\n<\/div>\n<\/div>\n","protected":false},"excerpt":{"rendered":"<h6 style=\"text-align: left;\"><span style=\"color: #0000ff;\">1 gram\/250-300 SEMIN\u021aE<img loading=\"lazy\" decoding=\"async\" class=\"alignnone wp-image-6106\" src=\"https:\/\/vivasem.ro\/wp-content\/uploads\/2021\/12\/NOU3.jpg\" alt=\"\" width=\"64\" height=\"62\" srcset=\"https:\/\/vivasem.ro\/wp-content\/uploads\/2021\/12\/NOU3.jpg 270w, https:\/\/vivasem.ro\/wp-content\/uploads\/2021\/12\/NOU3-248x241.jpg 248w\" sizes=\"auto, (max-width: 64px) 100vw, 64px\" \/><\/span><\/h6>\n<h6><\/h6>\n","protected":false},"featured_media":12054,"comment_status":"open","ping_status":"closed","template":"","meta":{"site-sidebar-layout":"default","site-content-layout":"default","ast-site-content-layout":"default","site-content-style":"default","site-sidebar-style":"default","ast-global-header-display":"","ast-banner-title-visibility":"","ast-main-header-display":"","ast-hfb-above-header-display":"","ast-hfb-below-header-display":"","ast-hfb-mobile-header-display":"","site-post-title":"","ast-breadcrumbs-content":"","ast-featured-img":"","footer-sml-layout":"","ast-disable-related-posts":"","theme-transparent-header-meta":"default","adv-header-id-meta":"","stick-header-meta":"","header-above-stick-meta":"","header-main-stick-meta":"","header-below-stick-meta":"","astra-migrate-meta-layouts":"set","ast-page-background-enabled":"default","ast-page-background-meta":{"desktop":{"background-color":"var(--ast-global-color-4)","background-image":"","background-repeat":"repeat","background-position":"center center","background-size":"auto","background-attachment":"scroll","background-type":"","background-media":"","overlay-type":"","overlay-color":"","overlay-opacity":"","overlay-gradient":""},"tablet":{"background-color":"","background-image":"","background-repeat":"repeat","background-position":"center center","background-size":"auto","background-attachment":"scroll","background-type":"","background-media":"","overlay-type":"","overlay-color":"","overlay-opacity":"","overlay-gradient":""},"mobile":{"background-color":"","background-image":"","background-repeat":"repeat","background-position":"center center","background-size":"auto","background-attachment":"scroll","background-type":"","background-media":"","overlay-type":"","overlay-color":"","overlay-opacity":"","overlay-gradient":""}},"ast-content-background-meta":{"desktop":{"background-color":"var(--ast-global-color-5)","background-image":"","background-repeat":"repeat","background-position":"center center","background-size":"auto","background-attachment":"scroll","background-type":"","background-media":"","overlay-type":"","overlay-color":"","overlay-opacity":"","overlay-gradient":""},"tablet":{"background-color":"var(--ast-global-color-5)","background-image":"","background-repeat":"repeat","background-position":"center center","background-size":"auto","background-attachment":"scroll","background-type":"","background-media":"","overlay-type":"","overlay-color":"","overlay-opacity":"","overlay-gradient":""},"mobile":{"background-color":"var(--ast-global-color-5)","background-image":"","background-repeat":"repeat","background-position":"center center","background-size":"auto","background-attachment":"scroll","background-type":"","background-media":"","overlay-type":"","overlay-color":"","overlay-opacity":"","overlay-gradient":""}}},"product_brand":[],"product_cat":[89,91],"product_tag":[],"class_list":{"0":"post-12056","1":"product","2":"type-product","3":"status-publish","4":"has-post-thumbnail","6":"product_cat-radacinoase","7":"product_cat-alte-legume","8":"desktop-align-left","9":"tablet-align-left","10":"mobile-align-left","12":"first","13":"instock","14":"sale","15":"taxable","16":"shipping-taxable","17":"purchasable","18":"product-type-simple"},"_links":{"self":[{"href":"https:\/\/vivasem.ro\/index.php?rest_route=\/wp\/v2\/product\/12056","targetHints":{"allow":["GET"]}}],"collection":[{"href":"https:\/\/vivasem.ro\/index.php?rest_route=\/wp\/v2\/product"}],"about":[{"href":"https:\/\/vivasem.ro\/index.php?rest_route=\/wp\/v2\/types\/product"}],"replies":[{"embeddable":true,"href":"https:\/\/vivasem.ro\/index.php?rest_route=%2Fwp%2Fv2%2Fcomments&post=12056"}],"wp:featuredmedia":[{"embeddable":true,"href":"https:\/\/vivasem.ro\/index.php?rest_route=\/wp\/v2\/media\/12054"}],"wp:attachment":[{"href":"https:\/\/vivasem.ro\/index.php?rest_route=%2Fwp%2Fv2%2Fmedia&parent=12056"}],"wp:term":[{"taxonomy":"product_brand","embeddable":true,"href":"https:\/\/vivasem.ro\/index.php?rest_route=%2Fwp%2Fv2%2Fproduct_brand&post=12056"},{"taxonomy":"product_cat","embeddable":true,"href":"https:\/\/vivasem.ro\/index.php?rest_route=%2Fwp%2Fv2%2Fproduct_cat&post=12056"},{"taxonomy":"product_tag","embeddable":true,"href":"https:\/\/vivasem.ro\/index.php?rest_route=%2Fwp%2Fv2%2Fproduct_tag&post=12056"}],"curies":[{"name":"wp","href":"https:\/\/api.w.org\/{rel}","templated":true}]}}