{"id":12053,"date":"2024-01-14T00:47:15","date_gmt":"2024-01-13T22:47:15","guid":{"rendered":"https:\/\/vivasem.ro\/?post_type=product&#038;p=12053"},"modified":"2025-02-16T17:26:12","modified_gmt":"2025-02-16T15:26:12","slug":"sfecla-rosie-cylindra-horticola-4g","status":"publish","type":"product","link":"https:\/\/vivasem.ro\/?product=sfecla-rosie-cylindra-horticola-4g","title":{"rendered":".SFECL\u0102 ROSIE CYLINDRA (Horticola) 4g"},"content":{"rendered":"<h6><span style=\"color: #ff0000;\">SFECL\u0102 RO\u0218IE CYLINDRA,<\/span><\/h6>\n<h6><span style=\"color: #ff0000;\"><strong><u>\u2013HORTICOLA-Franchi Sementi .ITALIA,<\/u><\/strong><\/span><\/h6>\n<div class=\"woocommerce-tabs wc-tabs-wrapper\">\n<div id=\"tab-description\" class=\"woocommerce-Tabs-panel woocommerce-Tabs-panel--description panel entry-content wc-tab\" role=\"tabpanel\" aria-labelledby=\"tab-title-description\">\n<h6><span style=\"color: #000080;\">SOI EXCELENT DE CULOARE RO\u0218U INTENS, FOARTE DULCE , U\u0218OR DE RECOLTAT DEOARECE CRESTE 2\/3 DEASUPRA SOLULUI \u0218I SE EXTRAGE U\u0218OR, CU PU\u021aIN P\u0102M\u00c2NT PE R\u0102D\u0102CINI.<\/span><\/h6>\n<h6><span style=\"color: #000080;\">SOI SEMITIMPURIU, FOARTE REZISTENT \u0218I PRODUCTIV .<\/span><\/h6>\n<h6><span style=\"color: #000080;\">\u00a0RADACINI CILINDRIC-ALUNGITE, NETEDE CU FOLIAJ MEDIU.<\/span><\/h6>\n<h6><span style=\"color: #000080;\">PULPA CROCANTA, DE CULOARE ROSIE SI CU GUST SPECIFIC DEOSEBIT CU UN CONTINUT RIDICAT DE ZAHAR<\/span><\/h6>\n<h6><span style=\"color: #000080;\">CONSUM IN STARE PROASPATA SI CONSERVARE<\/span><\/h6>\n<h6><span style=\"color: #000080;\">METODA DE PLANTARE: PERIOADA DE SEMANAT APRILIE-IUNIE<\/span><\/h6>\n<h6><span style=\"color: #000080;\">SCHEMA DE SEMANAT: 8CM \u00ceNTRE PLANTE\/25 CM. \u00ceNTRE RANDURI.<\/span><\/h6>\n<ul>\n<li><span style=\"color: #000080;\">radacini cilindrice de dimensiuni medii<\/span><\/li>\n<li><span style=\"color: #000080;\">pulpa de culoare rosie intensa, cu reflexii violacee<\/span><\/li>\n<li><span style=\"color: #000080;\">germinatie minima 70%<\/span><\/li>\n<li><span style=\"color: #000080;\">puritate 97%<\/span><\/li>\n<li><span style=\"color: #000080;\">cca 60 seminte\/gram<\/span><\/li>\n<li><span style=\"color: #000080;\">semanare in camp: martie-iunie<\/span><\/li>\n<li><span style=\"color: #000080;\">semanare in rasadnita: martie-mai<\/span><\/li>\n<li><span style=\"color: #000080;\">rarire: aprilie-iunie<\/span><\/li>\n<li><span style=\"color: #000080;\">transplantare: martie-iunie<\/span><\/li>\n<li><span style=\"color: #000080;\">recoltare: mai-iulie<\/span><\/li>\n<\/ul>\n<\/div>\n<\/div>\n","protected":false},"excerpt":{"rendered":"<h6><span style=\"color: #0000ff;\">2 grame\/120 SEMIN\u021aE<img loading=\"lazy\" decoding=\"async\" class=\"alignnone wp-image-6106\" src=\"https:\/\/vivasem.ro\/wp-content\/uploads\/2021\/12\/NOU3.jpg\" alt=\"\" width=\"64\" height=\"62\" srcset=\"https:\/\/vivasem.ro\/wp-content\/uploads\/2021\/12\/NOU3.jpg 270w, https:\/\/vivasem.ro\/wp-content\/uploads\/2021\/12\/NOU3-248x241.jpg 248w\" sizes=\"auto, (max-width: 64px) 100vw, 64px\" \/><\/span><\/h6>\n<h6><\/h6>\n","protected":false},"featured_media":12055,"comment_status":"open","ping_status":"closed","template":"","meta":{"site-sidebar-layout":"default","site-content-layout":"default","ast-site-content-layout":"default","site-content-style":"default","site-sidebar-style":"default","ast-global-header-display":"","ast-banner-title-visibility":"","ast-main-header-display":"","ast-hfb-above-header-display":"","ast-hfb-below-header-display":"","ast-hfb-mobile-header-display":"","site-post-title":"","ast-breadcrumbs-content":"","ast-featured-img":"","footer-sml-layout":"","ast-disable-related-posts":"","theme-transparent-header-meta":"default","adv-header-id-meta":"","stick-header-meta":"","header-above-stick-meta":"","header-main-stick-meta":"","header-below-stick-meta":"","astra-migrate-meta-layouts":"set","ast-page-background-enabled":"default","ast-page-background-meta":{"desktop":{"background-color":"var(--ast-global-color-4)","background-image":"","background-repeat":"repeat","background-position":"center center","background-size":"auto","background-attachment":"scroll","background-type":"","background-media":"","overlay-type":"","overlay-color":"","overlay-opacity":"","overlay-gradient":""},"tablet":{"background-color":"","background-image":"","background-repeat":"repeat","background-position":"center center","background-size":"auto","background-attachment":"scroll","background-type":"","background-media":"","overlay-type":"","overlay-color":"","overlay-opacity":"","overlay-gradient":""},"mobile":{"background-color":"","background-image":"","background-repeat":"repeat","background-position":"center center","background-size":"auto","background-attachment":"scroll","background-type":"","background-media":"","overlay-type":"","overlay-color":"","overlay-opacity":"","overlay-gradient":""}},"ast-content-background-meta":{"desktop":{"background-color":"var(--ast-global-color-5)","background-image":"","background-repeat":"repeat","background-position":"center center","background-size":"auto","background-attachment":"scroll","background-type":"","background-media":"","overlay-type":"","overlay-color":"","overlay-opacity":"","overlay-gradient":""},"tablet":{"background-color":"var(--ast-global-color-5)","background-image":"","background-repeat":"repeat","background-position":"center center","background-size":"auto","background-attachment":"scroll","background-type":"","background-media":"","overlay-type":"","overlay-color":"","overlay-opacity":"","overlay-gradient":""},"mobile":{"background-color":"var(--ast-global-color-5)","background-image":"","background-repeat":"repeat","background-position":"center center","background-size":"auto","background-attachment":"scroll","background-type":"","background-media":"","overlay-type":"","overlay-color":"","overlay-opacity":"","overlay-gradient":""}}},"product_brand":[],"product_cat":[89],"product_tag":[],"class_list":{"0":"post-12053","1":"product","2":"type-product","3":"status-publish","4":"has-post-thumbnail","6":"product_cat-radacinoase","7":"desktop-align-left","8":"tablet-align-left","9":"mobile-align-left","11":"first","12":"instock","13":"taxable","14":"shipping-taxable","15":"purchasable","16":"product-type-simple"},"_links":{"self":[{"href":"https:\/\/vivasem.ro\/index.php?rest_route=\/wp\/v2\/product\/12053","targetHints":{"allow":["GET"]}}],"collection":[{"href":"https:\/\/vivasem.ro\/index.php?rest_route=\/wp\/v2\/product"}],"about":[{"href":"https:\/\/vivasem.ro\/index.php?rest_route=\/wp\/v2\/types\/product"}],"replies":[{"embeddable":true,"href":"https:\/\/vivasem.ro\/index.php?rest_route=%2Fwp%2Fv2%2Fcomments&post=12053"}],"wp:featuredmedia":[{"embeddable":true,"href":"https:\/\/vivasem.ro\/index.php?rest_route=\/wp\/v2\/media\/12055"}],"wp:attachment":[{"href":"https:\/\/vivasem.ro\/index.php?rest_route=%2Fwp%2Fv2%2Fmedia&parent=12053"}],"wp:term":[{"taxonomy":"product_brand","embeddable":true,"href":"https:\/\/vivasem.ro\/index.php?rest_route=%2Fwp%2Fv2%2Fproduct_brand&post=12053"},{"taxonomy":"product_cat","embeddable":true,"href":"https:\/\/vivasem.ro\/index.php?rest_route=%2Fwp%2Fv2%2Fproduct_cat&post=12053"},{"taxonomy":"product_tag","embeddable":true,"href":"https:\/\/vivasem.ro\/index.php?rest_route=%2Fwp%2Fv2%2Fproduct_tag&post=12053"}],"curies":[{"name":"wp","href":"https:\/\/api.w.org\/{rel}","templated":true}]}}