{"id":12046,"date":"2024-01-13T23:57:10","date_gmt":"2024-01-13T21:57:10","guid":{"rendered":"https:\/\/vivasem.ro\/?post_type=product&#038;p=12046"},"modified":"2024-05-27T16:37:57","modified_gmt":"2024-05-27T14:37:57","slug":"varza-chinezeasca-pe-tsai-2","status":"publish","type":"product","link":"https:\/\/vivasem.ro\/?product=varza-chinezeasca-pe-tsai-2","title":{"rendered":"\u201e\u201eVARZ\u0102 CHINEZEASC\u0102 PE-TSAI"},"content":{"rendered":"<h6><span style=\"color: #ff0000;\"> VARZ\u0102 CHINEZEASC\u0102 PE-TSAI,<\/span><\/h6>\n<h6><span style=\"color: #ff0000;\">Produc\u0103tor:-Alta Selezione Qualita.Italia,<\/span><\/h6>\n<ul>\n<li><span style=\"color: #000080;\">varietate timpurie<\/span><\/li>\n<li><span style=\"color: #000080;\">c\u0103p\u0103\u021b\u0103na cilindric\u0103, inalt\u0103 de cca 30 cm<\/span><\/li>\n<li><span style=\"color: #000080;\">c\u0103p\u0103\u021b\u0103na voluminoasa si bine inchegat\u0103<\/span><\/li>\n<li><span style=\"color: #000080;\">frunzele sunt ample, de culoare verde deschis, cu nervuri albe<\/span><\/li>\n<li><span style=\"color: #000080;\">tulpina groas\u0103, de culoare alb\u0103<\/span><\/li>\n<li><span style=\"color: #000080;\">se poate consuma crud\u0103 sau gatit\u0103<\/span><\/li>\n<li><span style=\"color: #000080;\">germinatie minima 80%<\/span><\/li>\n<li><span style=\"color: #000080;\">puritate 97%<\/span><\/li>\n<li><span style=\"color: #000080;\">cca 250 seminte\/gram<\/span><\/li>\n<li><span style=\"color: #000080;\">semanare in rasadnita: februarie-aprilie<\/span><\/li>\n<li><span style=\"color: #000080;\">repicare: martie-august<\/span><\/li>\n<li><span style=\"color: #000080;\">recoltare: mai-noiembrie<\/span><\/li>\n<\/ul>\n","protected":false},"excerpt":{"rendered":"<h6><span style=\"color: #0000ff;\">4 grame(cca 1.000semin\u021be)<\/span><img loading=\"lazy\" decoding=\"async\" class=\"alignnone wp-image-6106\" style=\"color: #0000ff;\" src=\"https:\/\/vivasem.ro\/wp-content\/uploads\/2021\/12\/NOU3.jpg\" alt=\"\" width=\"90\" height=\"87\" srcset=\"https:\/\/vivasem.ro\/wp-content\/uploads\/2021\/12\/NOU3.jpg 270w, https:\/\/vivasem.ro\/wp-content\/uploads\/2021\/12\/NOU3-248x241.jpg 248w\" sizes=\"auto, (max-width: 90px) 100vw, 90px\" \/><\/h6>\n<h6><span style=\"color: #ff00ff;\">VARZ\u0102 CHINEZEASC\u0102 CU GUST DE SALAT\u0102<\/span><\/h6>\n","protected":false},"featured_media":12047,"comment_status":"open","ping_status":"closed","template":"","meta":{"site-sidebar-layout":"default","site-content-layout":"default","ast-site-content-layout":"default","site-content-style":"default","site-sidebar-style":"default","ast-global-header-display":"","ast-banner-title-visibility":"","ast-main-header-display":"","ast-hfb-above-header-display":"","ast-hfb-below-header-display":"","ast-hfb-mobile-header-display":"","site-post-title":"","ast-breadcrumbs-content":"","ast-featured-img":"","footer-sml-layout":"","ast-disable-related-posts":"","theme-transparent-header-meta":"default","adv-header-id-meta":"","stick-header-meta":"","header-above-stick-meta":"","header-main-stick-meta":"","header-below-stick-meta":"","astra-migrate-meta-layouts":"set","ast-page-background-enabled":"default","ast-page-background-meta":{"desktop":{"background-color":"var(--ast-global-color-4)","background-image":"","background-repeat":"repeat","background-position":"center center","background-size":"auto","background-attachment":"scroll","background-type":"","background-media":"","overlay-type":"","overlay-color":"","overlay-opacity":"","overlay-gradient":""},"tablet":{"background-color":"","background-image":"","background-repeat":"repeat","background-position":"center center","background-size":"auto","background-attachment":"scroll","background-type":"","background-media":"","overlay-type":"","overlay-color":"","overlay-opacity":"","overlay-gradient":""},"mobile":{"background-color":"","background-image":"","background-repeat":"repeat","background-position":"center center","background-size":"auto","background-attachment":"scroll","background-type":"","background-media":"","overlay-type":"","overlay-color":"","overlay-opacity":"","overlay-gradient":""}},"ast-content-background-meta":{"desktop":{"background-color":"var(--ast-global-color-5)","background-image":"","background-repeat":"repeat","background-position":"center center","background-size":"auto","background-attachment":"scroll","background-type":"","background-media":"","overlay-type":"","overlay-color":"","overlay-opacity":"","overlay-gradient":""},"tablet":{"background-color":"var(--ast-global-color-5)","background-image":"","background-repeat":"repeat","background-position":"center center","background-size":"auto","background-attachment":"scroll","background-type":"","background-media":"","overlay-type":"","overlay-color":"","overlay-opacity":"","overlay-gradient":""},"mobile":{"background-color":"var(--ast-global-color-5)","background-image":"","background-repeat":"repeat","background-position":"center center","background-size":"auto","background-attachment":"scroll","background-type":"","background-media":"","overlay-type":"","overlay-color":"","overlay-opacity":"","overlay-gradient":""}}},"product_brand":[],"product_cat":[88,148],"product_tag":[],"class_list":{"0":"post-12046","1":"product","2":"type-product","3":"status-publish","4":"has-post-thumbnail","6":"product_cat-salata-varza-kale","7":"product_cat-10-varza-varza-kale","8":"desktop-align-left","9":"tablet-align-left","10":"mobile-align-left","12":"first","13":"outofstock","14":"taxable","15":"shipping-taxable","16":"purchasable","17":"product-type-simple"},"_links":{"self":[{"href":"https:\/\/vivasem.ro\/index.php?rest_route=\/wp\/v2\/product\/12046","targetHints":{"allow":["GET"]}}],"collection":[{"href":"https:\/\/vivasem.ro\/index.php?rest_route=\/wp\/v2\/product"}],"about":[{"href":"https:\/\/vivasem.ro\/index.php?rest_route=\/wp\/v2\/types\/product"}],"replies":[{"embeddable":true,"href":"https:\/\/vivasem.ro\/index.php?rest_route=%2Fwp%2Fv2%2Fcomments&post=12046"}],"wp:featuredmedia":[{"embeddable":true,"href":"https:\/\/vivasem.ro\/index.php?rest_route=\/wp\/v2\/media\/12047"}],"wp:attachment":[{"href":"https:\/\/vivasem.ro\/index.php?rest_route=%2Fwp%2Fv2%2Fmedia&parent=12046"}],"wp:term":[{"taxonomy":"product_brand","embeddable":true,"href":"https:\/\/vivasem.ro\/index.php?rest_route=%2Fwp%2Fv2%2Fproduct_brand&post=12046"},{"taxonomy":"product_cat","embeddable":true,"href":"https:\/\/vivasem.ro\/index.php?rest_route=%2Fwp%2Fv2%2Fproduct_cat&post=12046"},{"taxonomy":"product_tag","embeddable":true,"href":"https:\/\/vivasem.ro\/index.php?rest_route=%2Fwp%2Fv2%2Fproduct_tag&post=12046"}],"curies":[{"name":"wp","href":"https:\/\/api.w.org\/{rel}","templated":true}]}}