{"id":12021,"date":"2024-01-12T01:27:51","date_gmt":"2024-01-11T23:27:51","guid":{"rendered":"https:\/\/vivasem.ro\/?post_type=product&#038;p=12021"},"modified":"2025-01-26T10:09:32","modified_gmt":"2025-01-26T08:09:32","slug":"salata-de-taiat-toscana-amestec","status":"publish","type":"product","link":"https:\/\/vivasem.ro\/?product=salata-de-taiat-toscana-amestec","title":{"rendered":"\u201e\u201eSALAT\u0102 DE T\u0102IAT TOSCANA AMESTEC"},"content":{"rendered":"<h6><span style=\"color: #ff0000;\">\u00a0SALAT\u0102 DE T\u0102IAT TOSCAN\u0102 AMESTEC<\/span><\/h6>\n<h6><span style=\"color: #ff0000;\">Produc\u0103tor:-FRANCHI SEMENTI.Italia,<\/span><\/h6>\n<h5><span style=\"color: #0000ff;\">AMESTEC DE PATRU SOIURI\u00a0 DEOSEBITE, Imperiale, Pesciatina, Gentilina, Romana bionda ortolani,<\/span><\/h5>\n<h5><span style=\"color: #0000ff;\">\u00a0CARE, DUP\u0102 T\u0102IEREA PLANTEI, la 2-3 centimetrii DE R\u0102D\u0102CIN\u0102 \u0218I F\u0102R\u0102 A SMULGE R\u0102D\u0102CINA, VOR CRE\u0218TE DIN NOU !<\/span><\/h5>\n<ul>\n<li style=\"list-style-type: none;\">\n<ul>\n<li>\n<h6><span style=\"color: #000080;\">amestec de salate tipice zonei Toscana<\/span><\/h6>\n<\/li>\n<li>\n<h6><span style=\"color: #000080;\">dupa recoltare salatele cresc din nou<\/span><\/h6>\n<\/li>\n<li>\n<h6><span style=\"color: #000080;\">sugestie de servire: amestecati crutoane de paine cu salata spalata si seminte de pin prajite, masline dupa gust, tomate cherry, ceapa rosie, ansoa si capere dupa care asezonati cu vinegreta; la sfarsit acoperiti totul cu cateva felii de branza toscana pecorino<\/span><\/h6>\n<\/li>\n<li>\n<h6><span style=\"color: #000080;\">cca 800 seminte\/gram<\/span><\/h6>\n<\/li>\n<li>\n<h6><span style=\"color: #000080;\">semanare in camp: martie-octombrie<\/span><\/h6>\n<\/li>\n<li>\n<h6><span style=\"color: #000080;\">recoltare: aprilie-octombrie<\/span><\/h6>\n<\/li>\n<\/ul>\n<\/li>\n<\/ul>\n<h6><\/h6>\n","protected":false},"excerpt":{"rendered":"<h6><\/h6>\n<h6><span style=\"color: #0000ff;\">8 grame(cca 7.000semin\u021be)<\/span><img loading=\"lazy\" decoding=\"async\" class=\"alignnone wp-image-6106\" style=\"color: #0000ff;\" src=\"https:\/\/vivasem.ro\/wp-content\/uploads\/2021\/12\/NOU3.jpg\" alt=\"\" width=\"90\" height=\"87\" srcset=\"https:\/\/vivasem.ro\/wp-content\/uploads\/2021\/12\/NOU3.jpg 270w, https:\/\/vivasem.ro\/wp-content\/uploads\/2021\/12\/NOU3-248x241.jpg 248w\" sizes=\"auto, (max-width: 90px) 100vw, 90px\" \/><\/h6>\n<h6><span style=\"color: #ff00ff;\">DUP\u0102 T\u0102IERE,CRE\u0218TE DIN NOU\u00a0 !<\/span><\/h6>\n<p>&nbsp;<\/p>\n<p>&nbsp;<\/p>\n<p>&nbsp;<\/p>\n","protected":false},"featured_media":12020,"comment_status":"open","ping_status":"closed","template":"","meta":{"site-sidebar-layout":"default","site-content-layout":"default","ast-site-content-layout":"default","site-content-style":"default","site-sidebar-style":"default","ast-global-header-display":"","ast-banner-title-visibility":"","ast-main-header-display":"","ast-hfb-above-header-display":"","ast-hfb-below-header-display":"","ast-hfb-mobile-header-display":"","site-post-title":"","ast-breadcrumbs-content":"","ast-featured-img":"","footer-sml-layout":"","ast-disable-related-posts":"","theme-transparent-header-meta":"default","adv-header-id-meta":"","stick-header-meta":"","header-above-stick-meta":"","header-main-stick-meta":"","header-below-stick-meta":"","astra-migrate-meta-layouts":"set","ast-page-background-enabled":"default","ast-page-background-meta":{"desktop":{"background-color":"var(--ast-global-color-4)","background-image":"","background-repeat":"repeat","background-position":"center center","background-size":"auto","background-attachment":"scroll","background-type":"","background-media":"","overlay-type":"","overlay-color":"","overlay-opacity":"","overlay-gradient":""},"tablet":{"background-color":"","background-image":"","background-repeat":"repeat","background-position":"center center","background-size":"auto","background-attachment":"scroll","background-type":"","background-media":"","overlay-type":"","overlay-color":"","overlay-opacity":"","overlay-gradient":""},"mobile":{"background-color":"","background-image":"","background-repeat":"repeat","background-position":"center center","background-size":"auto","background-attachment":"scroll","background-type":"","background-media":"","overlay-type":"","overlay-color":"","overlay-opacity":"","overlay-gradient":""}},"ast-content-background-meta":{"desktop":{"background-color":"var(--ast-global-color-5)","background-image":"","background-repeat":"repeat","background-position":"center center","background-size":"auto","background-attachment":"scroll","background-type":"","background-media":"","overlay-type":"","overlay-color":"","overlay-opacity":"","overlay-gradient":""},"tablet":{"background-color":"var(--ast-global-color-5)","background-image":"","background-repeat":"repeat","background-position":"center center","background-size":"auto","background-attachment":"scroll","background-type":"","background-media":"","overlay-type":"","overlay-color":"","overlay-opacity":"","overlay-gradient":""},"mobile":{"background-color":"var(--ast-global-color-5)","background-image":"","background-repeat":"repeat","background-position":"center center","background-size":"auto","background-attachment":"scroll","background-type":"","background-media":"","overlay-type":"","overlay-color":"","overlay-opacity":"","overlay-gradient":""}}},"product_brand":[],"product_cat":[88],"product_tag":[],"class_list":{"0":"post-12021","1":"product","2":"type-product","3":"status-publish","4":"has-post-thumbnail","6":"product_cat-salata-varza-kale","7":"desktop-align-left","8":"tablet-align-left","9":"mobile-align-left","11":"first","12":"outofstock","13":"taxable","14":"shipping-taxable","15":"purchasable","16":"product-type-simple"},"_links":{"self":[{"href":"https:\/\/vivasem.ro\/index.php?rest_route=\/wp\/v2\/product\/12021","targetHints":{"allow":["GET"]}}],"collection":[{"href":"https:\/\/vivasem.ro\/index.php?rest_route=\/wp\/v2\/product"}],"about":[{"href":"https:\/\/vivasem.ro\/index.php?rest_route=\/wp\/v2\/types\/product"}],"replies":[{"embeddable":true,"href":"https:\/\/vivasem.ro\/index.php?rest_route=%2Fwp%2Fv2%2Fcomments&post=12021"}],"wp:featuredmedia":[{"embeddable":true,"href":"https:\/\/vivasem.ro\/index.php?rest_route=\/wp\/v2\/media\/12020"}],"wp:attachment":[{"href":"https:\/\/vivasem.ro\/index.php?rest_route=%2Fwp%2Fv2%2Fmedia&parent=12021"}],"wp:term":[{"taxonomy":"product_brand","embeddable":true,"href":"https:\/\/vivasem.ro\/index.php?rest_route=%2Fwp%2Fv2%2Fproduct_brand&post=12021"},{"taxonomy":"product_cat","embeddable":true,"href":"https:\/\/vivasem.ro\/index.php?rest_route=%2Fwp%2Fv2%2Fproduct_cat&post=12021"},{"taxonomy":"product_tag","embeddable":true,"href":"https:\/\/vivasem.ro\/index.php?rest_route=%2Fwp%2Fv2%2Fproduct_tag&post=12021"}],"curies":[{"name":"wp","href":"https:\/\/api.w.org\/{rel}","templated":true}]}}