{"id":12006,"date":"2024-01-11T08:06:16","date_gmt":"2024-01-11T06:06:16","guid":{"rendered":"https:\/\/vivasem.ro\/?post_type=product&#038;p=12006"},"modified":"2025-11-05T10:59:50","modified_gmt":"2025-11-05T08:59:50","slug":"telina-hibrid-prinz-f1","status":"publish","type":"product","link":"https:\/\/vivasem.ro\/?product=telina-hibrid-prinz-f1","title":{"rendered":"\u201eTELIN\u0102 HIBRID PRINZ F1-NOVISEM Olanda,(500s)"},"content":{"rendered":"<h6><span style=\"color: #ff0000;\"><strong><u>TELIN\u0102 HIBRID PRINZ F1,\u00a0 \u00a0 \u00a0 \u00a0 \u00a0 \u00a0 \u00a0 \u00a0 \u00a0 \u00a0 \u00a0 \u00a0 \u00a0 \u00a0 \u00a0 \u00a0 \u00a0 \u00a0 \u00a0 \u00a0 \u00a0 \u00a0 \u00a0 \u00a0 \u00a0 \u00a0 \u00a0 \u00a0 \u00a0 \u00a0 \u00a0 \u00a0 \u00a0 \u00a0 \u00a0 \u00a0 \u00a0 <img loading=\"lazy\" decoding=\"async\" class=\"alignnone size-medium wp-image-13219\" src=\"https:\/\/vivasem.ro\/wp-content\/uploads\/2024\/10\/NOVISEM-300x79.png\" alt=\"\" width=\"300\" height=\"79\" srcset=\"https:\/\/vivasem.ro\/wp-content\/uploads\/2024\/10\/NOVISEM-300x79.png 300w, https:\/\/vivasem.ro\/wp-content\/uploads\/2024\/10\/NOVISEM-248x66.png 248w, https:\/\/vivasem.ro\/wp-content\/uploads\/2024\/10\/NOVISEM-150x40.png 150w, https:\/\/vivasem.ro\/wp-content\/uploads\/2024\/10\/NOVISEM.png 530w\" sizes=\"auto, (max-width: 300px) 100vw, 300px\" \/><\/u><\/strong><\/span><\/h6>\n<h6><span style=\"color: #ff0000;\"><strong><u>Produc\u0103tor:NOVISEM Olanda,<\/u><\/strong><\/span><\/h6>\n<p>Ambalaj : 1000 semin\u021be \u00een plic ZIP etichetat.<\/p>\n<h6><span style=\"color: #000080;\">Prinz F1 este un hibrid extra-timpuriu de telina de radacina cu cre\u0219tere rapid\u0103, de la Novisem, <\/span><span style=\"color: #000080;\">recomandat pentru plantarea timpurie.<\/span><\/h6>\n<h6><span style=\"color: #000080;\">R\u0103dacinile sunt mari \u0219i uniforme ,<\/span><span style=\"color: #000080;\"> nu necesit\u0103 copcit \u0219i i\u0219i p\u0103streaz\u0103 culoarea alb\u0103 \u0219i dup\u0103 prelucrare.<\/span><\/h6>\n<h6><span style=\"color: #000080;\">Pulpa este compact\u0103, alb\u0103 (\u0219i dup\u0103 prelucrare).<\/span><\/h6>\n<h6><span style=\"color: #000080;\">Hibrid rezistent la frig \u0219i inflorire ce permite cultivarea foarte devreme.<\/span><\/h6>\n<h6><span style=\"color: #000080;\">Recomandat atat pentru industrie dar in special pentru consumul in stare proaspat\u0103.<\/span><\/h6>\n<h6><span style=\"color: #000080;\">Frunzele sunt de dimensiune medie, de culoare verde-intunecat, pozitie erect\u0103.<\/span><\/h6>\n<h6><span style=\"color: #000080;\">Se caracterizeaza printr-o rezisten\u021b\u0103 foarte mare la Septoria.<\/span><\/h6>\n<h6><span style=\"color: #000080;\">.<\/span><\/h6>\n","protected":false},"excerpt":{"rendered":"<h6><span style=\"color: #0000ff;\">500 semin\u021be<\/span><\/h6>\n","protected":false},"featured_media":12007,"comment_status":"open","ping_status":"closed","template":"","meta":{"site-sidebar-layout":"default","site-content-layout":"default","ast-site-content-layout":"default","site-content-style":"default","site-sidebar-style":"default","ast-global-header-display":"","ast-banner-title-visibility":"","ast-main-header-display":"","ast-hfb-above-header-display":"","ast-hfb-below-header-display":"","ast-hfb-mobile-header-display":"","site-post-title":"","ast-breadcrumbs-content":"","ast-featured-img":"","footer-sml-layout":"","ast-disable-related-posts":"","theme-transparent-header-meta":"default","adv-header-id-meta":"","stick-header-meta":"","header-above-stick-meta":"","header-main-stick-meta":"","header-below-stick-meta":"","astra-migrate-meta-layouts":"set","ast-page-background-enabled":"default","ast-page-background-meta":{"desktop":{"background-color":"var(--ast-global-color-4)","background-image":"","background-repeat":"repeat","background-position":"center center","background-size":"auto","background-attachment":"scroll","background-type":"","background-media":"","overlay-type":"","overlay-color":"","overlay-opacity":"","overlay-gradient":""},"tablet":{"background-color":"","background-image":"","background-repeat":"repeat","background-position":"center center","background-size":"auto","background-attachment":"scroll","background-type":"","background-media":"","overlay-type":"","overlay-color":"","overlay-opacity":"","overlay-gradient":""},"mobile":{"background-color":"","background-image":"","background-repeat":"repeat","background-position":"center center","background-size":"auto","background-attachment":"scroll","background-type":"","background-media":"","overlay-type":"","overlay-color":"","overlay-opacity":"","overlay-gradient":""}},"ast-content-background-meta":{"desktop":{"background-color":"var(--ast-global-color-5)","background-image":"","background-repeat":"repeat","background-position":"center center","background-size":"auto","background-attachment":"scroll","background-type":"","background-media":"","overlay-type":"","overlay-color":"","overlay-opacity":"","overlay-gradient":""},"tablet":{"background-color":"var(--ast-global-color-5)","background-image":"","background-repeat":"repeat","background-position":"center center","background-size":"auto","background-attachment":"scroll","background-type":"","background-media":"","overlay-type":"","overlay-color":"","overlay-opacity":"","overlay-gradient":""},"mobile":{"background-color":"var(--ast-global-color-5)","background-image":"","background-repeat":"repeat","background-position":"center center","background-size":"auto","background-attachment":"scroll","background-type":"","background-media":"","overlay-type":"","overlay-color":"","overlay-opacity":"","overlay-gradient":""}}},"product_brand":[],"product_cat":[89],"product_tag":[],"class_list":{"0":"post-12006","1":"product","2":"type-product","3":"status-publish","4":"has-post-thumbnail","6":"product_cat-radacinoase","7":"desktop-align-left","8":"tablet-align-left","9":"mobile-align-left","11":"first","12":"outofstock","13":"taxable","14":"shipping-taxable","15":"purchasable","16":"product-type-simple"},"_links":{"self":[{"href":"https:\/\/vivasem.ro\/index.php?rest_route=\/wp\/v2\/product\/12006","targetHints":{"allow":["GET"]}}],"collection":[{"href":"https:\/\/vivasem.ro\/index.php?rest_route=\/wp\/v2\/product"}],"about":[{"href":"https:\/\/vivasem.ro\/index.php?rest_route=\/wp\/v2\/types\/product"}],"replies":[{"embeddable":true,"href":"https:\/\/vivasem.ro\/index.php?rest_route=%2Fwp%2Fv2%2Fcomments&post=12006"}],"wp:featuredmedia":[{"embeddable":true,"href":"https:\/\/vivasem.ro\/index.php?rest_route=\/wp\/v2\/media\/12007"}],"wp:attachment":[{"href":"https:\/\/vivasem.ro\/index.php?rest_route=%2Fwp%2Fv2%2Fmedia&parent=12006"}],"wp:term":[{"taxonomy":"product_brand","embeddable":true,"href":"https:\/\/vivasem.ro\/index.php?rest_route=%2Fwp%2Fv2%2Fproduct_brand&post=12006"},{"taxonomy":"product_cat","embeddable":true,"href":"https:\/\/vivasem.ro\/index.php?rest_route=%2Fwp%2Fv2%2Fproduct_cat&post=12006"},{"taxonomy":"product_tag","embeddable":true,"href":"https:\/\/vivasem.ro\/index.php?rest_route=%2Fwp%2Fv2%2Fproduct_tag&post=12006"}],"curies":[{"name":"wp","href":"https:\/\/api.w.org\/{rel}","templated":true}]}}