{"id":11948,"date":"2024-01-06T08:49:50","date_gmt":"2024-01-06T06:49:50","guid":{"rendered":"https:\/\/vivasem.ro\/?post_type=product&#038;p=11948"},"modified":"2025-01-23T08:17:39","modified_gmt":"2025-01-23T06:17:39","slug":"levante-f1-seminis-5s","status":"publish","type":"product","link":"https:\/\/vivasem.ro\/?product=levante-f1-seminis-5s","title":{"rendered":"\u201e\u201eLEVANTE F1-Seminis"},"content":{"rendered":"<h6><span style=\"color: #ff0000;\">LEVANTE F1<\/span><\/h6>\n<h6><span style=\"color: #ff0000;\">Profuc\u0103tor:Seminis -Monsanto Holland BV,<\/span><\/h6>\n<h6><span style=\"color: #0000ff;\">Levante F1 este un hibrid nou de tomate, tip inim\u0103 de bou italian\u0103, cu gust excelent \u0219i cu cre\u0219tere nedeterminat\u0103.<\/span><\/h6>\n<h6><span style=\"color: #0000ff;\">Caracteristici importante:<\/span><\/h6>\n<ul>\n<li>\n<h6><span style=\"color: #0000ff;\">Destinat culturii \u00een spa\u021bii protejate, recomandat pentru ciclul I de produc\u021bie<\/span><\/h6>\n<\/li>\n<li>\n<h6><span style=\"color: #0000ff;\">Dedicat pentru consum in stare proasp\u0103t\u0103, \u00een salate, datorit\u0103 g<\/span><span style=\"color: #0000ff;\">ustului deosebit de bun<\/span><\/h6>\n<\/li>\n<li>\n<h6><span style=\"color: #0000ff;\">Plantele au vigoare medie, internoduri scurte<\/span><\/h6>\n<\/li>\n<li>\n<h6><span style=\"color: #0000ff;\">Poten\u021bial de produc\u021bie foarte ridicat<\/span><\/h6>\n<\/li>\n<li>\n<h6><span style=\"color: #0000ff;\">Fructele sunt mari, de culoare ro\u0219ie, cu greutatea medie cuprins\u0103 \u00eentre 180-280 gr<\/span><\/h6>\n<\/li>\n<li>\n<h6><span style=\"color: #0000ff;\">Culoare verde str\u0103lucitor, iar la maturitate ro\u0219u intens<\/span><\/h6>\n<\/li>\n<li>\n<h6><span style=\"color: #0000ff;\">, uniformitate \u0219i fermitate bun\u0103<\/span><\/h6>\n<\/li>\n<\/ul>\n<h6><span style=\"color: #0000ff;\">Prezint\u0103 rezisten\u021b\u0103 ridicat\u0103 la boli (HR):<\/span><\/h6>\n<ul>\n<li>\n<h6><span style=\"color: #0000ff;\">ToMV:0-2 \u2013 Mozaicul tomatelor<\/span><\/h6>\n<\/li>\n<li>\n<h6><span style=\"color: #0000ff;\">ToTV \u2013 Virusul torrado al tomatelor<\/span><\/h6>\n<\/li>\n<li>\n<h6><span style=\"color: #0000ff;\">TSWV \u2013 Virusul petelor de bronz<\/span><\/h6>\n<\/li>\n<li>\n<h6><span style=\"color: #0000ff;\">Ff: A-E \u2013 P\u0103tarea cafenie<\/span><\/h6>\n<\/li>\n<li>\n<h6><span style=\"color: #0000ff;\">Va:0\/ Vd:0 \u2013 Verticilioz\u0103<\/span><\/h6>\n<\/li>\n<\/ul>\n<ul>\n<li>\n<h6><\/h6>\n<\/li>\n<\/ul>\n<h6><\/h6>\n<h6><\/h6>\n","protected":false},"excerpt":{"rendered":"<h6><span style=\"color: #ff00ff;\">EXTREM DE GUSTOS,FOARTE\u00a0 PRODUCTIV<\/span><span style=\"color: #ff00ff;\"> !<\/span><span style=\"color: #0000ff;\"><img loading=\"lazy\" decoding=\"async\" class=\"alignnone wp-image-6106\" src=\"https:\/\/vivasem.ro\/wp-content\/uploads\/2021\/12\/NOU3.jpg\" alt=\"\" width=\"70\" height=\"68\" srcset=\"https:\/\/vivasem.ro\/wp-content\/uploads\/2021\/12\/NOU3.jpg 270w, https:\/\/vivasem.ro\/wp-content\/uploads\/2021\/12\/NOU3-248x241.jpg 248w\" sizes=\"auto, (max-width: 70px) 100vw, 70px\" \/><\/span><\/h6>\n<h6><\/h6>\n","protected":false},"featured_media":10944,"comment_status":"open","ping_status":"closed","template":"","meta":{"site-sidebar-layout":"default","site-content-layout":"default","ast-site-content-layout":"default","site-content-style":"default","site-sidebar-style":"default","ast-global-header-display":"","ast-banner-title-visibility":"","ast-main-header-display":"","ast-hfb-above-header-display":"","ast-hfb-below-header-display":"","ast-hfb-mobile-header-display":"","site-post-title":"","ast-breadcrumbs-content":"","ast-featured-img":"","footer-sml-layout":"","ast-disable-related-posts":"","theme-transparent-header-meta":"default","adv-header-id-meta":"","stick-header-meta":"","header-above-stick-meta":"","header-main-stick-meta":"","header-below-stick-meta":"","astra-migrate-meta-layouts":"set","ast-page-background-enabled":"default","ast-page-background-meta":{"desktop":{"background-color":"var(--ast-global-color-4)","background-image":"","background-repeat":"repeat","background-position":"center center","background-size":"auto","background-attachment":"scroll","background-type":"","background-media":"","overlay-type":"","overlay-color":"","overlay-opacity":"","overlay-gradient":""},"tablet":{"background-color":"","background-image":"","background-repeat":"repeat","background-position":"center center","background-size":"auto","background-attachment":"scroll","background-type":"","background-media":"","overlay-type":"","overlay-color":"","overlay-opacity":"","overlay-gradient":""},"mobile":{"background-color":"","background-image":"","background-repeat":"repeat","background-position":"center center","background-size":"auto","background-attachment":"scroll","background-type":"","background-media":"","overlay-type":"","overlay-color":"","overlay-opacity":"","overlay-gradient":""}},"ast-content-background-meta":{"desktop":{"background-color":"var(--ast-global-color-5)","background-image":"","background-repeat":"repeat","background-position":"center center","background-size":"auto","background-attachment":"scroll","background-type":"","background-media":"","overlay-type":"","overlay-color":"","overlay-opacity":"","overlay-gradient":""},"tablet":{"background-color":"var(--ast-global-color-5)","background-image":"","background-repeat":"repeat","background-position":"center center","background-size":"auto","background-attachment":"scroll","background-type":"","background-media":"","overlay-type":"","overlay-color":"","overlay-opacity":"","overlay-gradient":""},"mobile":{"background-color":"var(--ast-global-color-5)","background-image":"","background-repeat":"repeat","background-position":"center center","background-size":"auto","background-attachment":"scroll","background-type":"","background-media":"","overlay-type":"","overlay-color":"","overlay-opacity":"","overlay-gradient":""}}},"product_brand":[],"product_cat":[110],"product_tag":[],"class_list":{"0":"post-11948","1":"product","2":"type-product","3":"status-publish","4":"has-post-thumbnail","6":"product_cat-tomate-hibrid","7":"pa_cantitate-10-seminte","8":"pa_cantitate-100-seminte","9":"pa_cantitate-200-seminte","10":"pa_cantitate-25-seminte","11":"pa_cantitate-250-seminte","12":"pa_cantitate-5-seminte","13":"pa_cantitate-50-seminte","14":"pa_cantitate-500-seminte","15":"desktop-align-left","16":"tablet-align-left","17":"mobile-align-left","19":"first","20":"outofstock","21":"sale","22":"taxable","23":"shipping-taxable","24":"purchasable","25":"product-type-variable"},"_links":{"self":[{"href":"https:\/\/vivasem.ro\/index.php?rest_route=\/wp\/v2\/product\/11948","targetHints":{"allow":["GET"]}}],"collection":[{"href":"https:\/\/vivasem.ro\/index.php?rest_route=\/wp\/v2\/product"}],"about":[{"href":"https:\/\/vivasem.ro\/index.php?rest_route=\/wp\/v2\/types\/product"}],"replies":[{"embeddable":true,"href":"https:\/\/vivasem.ro\/index.php?rest_route=%2Fwp%2Fv2%2Fcomments&post=11948"}],"wp:featuredmedia":[{"embeddable":true,"href":"https:\/\/vivasem.ro\/index.php?rest_route=\/wp\/v2\/media\/10944"}],"wp:attachment":[{"href":"https:\/\/vivasem.ro\/index.php?rest_route=%2Fwp%2Fv2%2Fmedia&parent=11948"}],"wp:term":[{"taxonomy":"product_brand","embeddable":true,"href":"https:\/\/vivasem.ro\/index.php?rest_route=%2Fwp%2Fv2%2Fproduct_brand&post=11948"},{"taxonomy":"product_cat","embeddable":true,"href":"https:\/\/vivasem.ro\/index.php?rest_route=%2Fwp%2Fv2%2Fproduct_cat&post=11948"},{"taxonomy":"product_tag","embeddable":true,"href":"https:\/\/vivasem.ro\/index.php?rest_route=%2Fwp%2Fv2%2Fproduct_tag&post=11948"}],"curies":[{"name":"wp","href":"https:\/\/api.w.org\/{rel}","templated":true}]}}