{"id":11942,"date":"2024-01-06T00:35:55","date_gmt":"2024-01-05T22:35:55","guid":{"rendered":"https:\/\/vivasem.ro\/?post_type=product&#038;p=11942"},"modified":"2024-02-06T11:26:51","modified_gmt":"2024-02-06T09:26:51","slug":"rugantino-rz-f1-rijk-zwaan-100s","status":"publish","type":"product","link":"https:\/\/vivasem.ro\/?product=rugantino-rz-f1-rijk-zwaan-100s","title":{"rendered":"\u201eRUGANTINO RZ F1-RIJK ZWAAN (100s)"},"content":{"rendered":"<h6><span style=\"color: #ff0000;\">RUGANTINO\u00a0 F1 -RIJK ZWAAN.Olanda,<\/span><\/h6>\n<h6><span style=\"color: #0000ff;\">Hibrid profesional, semitimpuriu de tomate, cu cre\u0219tere nedeterminat\u0103, recomandat \u00een special pentru ciclu prelungit.<\/span><\/h6>\n<h6>\u00a0Fructele sunt de\u00a0 tip INIM\u0102 DE BOU ITALIAN\u0102, <span style=\"color: #0000ff;\">extraordinar de gustoase, dulci, aromate.<\/span><\/h6>\n<h6>\u2013 Greutatea medie este cuprins\u0103 \u00eentre 200-240 grame\/fruct.<\/h6>\n<h6>\u2013 Se poate face recoltarea \u00een faza de fruct neajuns la maturitatea deplin\u0103, urm\u00e2nd ca tomatele s\u0103 se coac\u0103 ulterior.<\/h6>\n<h6>\u2013 Pentru consum \u00een stare proasp\u0103t\u0103.<\/h6>\n<ul>\n<li>\n<h6>Rezisten\u021b\u0103 la agen\u021bi patogeni:\u2013 ToMV:0-2 &#8211; Tomato mosaic virus &#8211; Virusul mozaicului tomatelor.<\/h6>\n<h6>\u2013 Ff:A-E &#8211; Fulvia fulva, (Cladosporium fulvum) &#8211; P\u0103tarea cafenie a frunzelor de tomate.<\/h6>\n<h6>\u2013 Fol:0 &#8211; Fusariuom oxysporum f. sp. lycopersici &#8211; Fusarioz\u0103.<\/h6>\n<h6>\u2013 For &#8211; Fusarium oxysporum f. sp. radicis &#8211; Fusarioz\u0103.<\/h6>\n<h6>\u2013 Sbl &#8211; Stemphylium botryosum f. sp. lycopersici.<\/h6>\n<h6>\u2013 Va:0 &#8211; Verticillium albo-atrum &#8211; Verticilioz\u0103.<\/h6>\n<h6>\u2013 Vd:0 &#8211; Verticilium dahliae &#8211; Verticilioz\u0103.<\/h6>\n<\/li>\n<li>\n<h6>Cultur\u0103: Se recomand\u0103 cultivarea \u00een spa\u021bii protejate \u0219i c\u00e2mp deschis, \u00een ciclu prelungit.<\/h6>\n<\/li>\n<li>\n<h6><span style=\"color: #ff0000;\">POTEN\u021aIAL RIDICAT DE PRODUC\u021aIE\u00a0 !<\/span><\/h6>\n<\/li>\n<\/ul>\n","protected":false},"excerpt":{"rendered":"<h5><span style=\"color: #0000ff;\"><strong>100 semin\u021be<\/strong><\/span><\/h5>\n<h6><span style=\"color: #ff00ff;\">HIBRID DEOSEBIT DE PRODUCTIV ! <\/span><span style=\"color: #ff00ff;\">GUST EXCEP\u021aIONAL !<\/span><\/h6>\n<h6><\/h6>\n","protected":false},"featured_media":6490,"comment_status":"open","ping_status":"closed","template":"","meta":{"site-sidebar-layout":"default","site-content-layout":"default","ast-site-content-layout":"default","site-content-style":"default","site-sidebar-style":"default","ast-global-header-display":"","ast-banner-title-visibility":"","ast-main-header-display":"","ast-hfb-above-header-display":"","ast-hfb-below-header-display":"","ast-hfb-mobile-header-display":"","site-post-title":"","ast-breadcrumbs-content":"","ast-featured-img":"","footer-sml-layout":"","ast-disable-related-posts":"","theme-transparent-header-meta":"default","adv-header-id-meta":"","stick-header-meta":"","header-above-stick-meta":"","header-main-stick-meta":"","header-below-stick-meta":"","astra-migrate-meta-layouts":"set","ast-page-background-enabled":"default","ast-page-background-meta":{"desktop":{"background-color":"var(--ast-global-color-4)","background-image":"","background-repeat":"repeat","background-position":"center center","background-size":"auto","background-attachment":"scroll","background-type":"","background-media":"","overlay-type":"","overlay-color":"","overlay-opacity":"","overlay-gradient":""},"tablet":{"background-color":"","background-image":"","background-repeat":"repeat","background-position":"center center","background-size":"auto","background-attachment":"scroll","background-type":"","background-media":"","overlay-type":"","overlay-color":"","overlay-opacity":"","overlay-gradient":""},"mobile":{"background-color":"","background-image":"","background-repeat":"repeat","background-position":"center center","background-size":"auto","background-attachment":"scroll","background-type":"","background-media":"","overlay-type":"","overlay-color":"","overlay-opacity":"","overlay-gradient":""}},"ast-content-background-meta":{"desktop":{"background-color":"var(--ast-global-color-5)","background-image":"","background-repeat":"repeat","background-position":"center center","background-size":"auto","background-attachment":"scroll","background-type":"","background-media":"","overlay-type":"","overlay-color":"","overlay-opacity":"","overlay-gradient":""},"tablet":{"background-color":"var(--ast-global-color-5)","background-image":"","background-repeat":"repeat","background-position":"center center","background-size":"auto","background-attachment":"scroll","background-type":"","background-media":"","overlay-type":"","overlay-color":"","overlay-opacity":"","overlay-gradient":""},"mobile":{"background-color":"var(--ast-global-color-5)","background-image":"","background-repeat":"repeat","background-position":"center center","background-size":"auto","background-attachment":"scroll","background-type":"","background-media":"","overlay-type":"","overlay-color":"","overlay-opacity":"","overlay-gradient":""}}},"product_brand":[],"product_cat":[110],"product_tag":[],"class_list":{"0":"post-11942","1":"product","2":"type-product","3":"status-publish","4":"has-post-thumbnail","6":"product_cat-tomate-hibrid","7":"desktop-align-left","8":"tablet-align-left","9":"mobile-align-left","11":"first","12":"outofstock","13":"taxable","14":"shipping-taxable","15":"purchasable","16":"product-type-simple"},"_links":{"self":[{"href":"https:\/\/vivasem.ro\/index.php?rest_route=\/wp\/v2\/product\/11942","targetHints":{"allow":["GET"]}}],"collection":[{"href":"https:\/\/vivasem.ro\/index.php?rest_route=\/wp\/v2\/product"}],"about":[{"href":"https:\/\/vivasem.ro\/index.php?rest_route=\/wp\/v2\/types\/product"}],"replies":[{"embeddable":true,"href":"https:\/\/vivasem.ro\/index.php?rest_route=%2Fwp%2Fv2%2Fcomments&post=11942"}],"wp:featuredmedia":[{"embeddable":true,"href":"https:\/\/vivasem.ro\/index.php?rest_route=\/wp\/v2\/media\/6490"}],"wp:attachment":[{"href":"https:\/\/vivasem.ro\/index.php?rest_route=%2Fwp%2Fv2%2Fmedia&parent=11942"}],"wp:term":[{"taxonomy":"product_brand","embeddable":true,"href":"https:\/\/vivasem.ro\/index.php?rest_route=%2Fwp%2Fv2%2Fproduct_brand&post=11942"},{"taxonomy":"product_cat","embeddable":true,"href":"https:\/\/vivasem.ro\/index.php?rest_route=%2Fwp%2Fv2%2Fproduct_cat&post=11942"},{"taxonomy":"product_tag","embeddable":true,"href":"https:\/\/vivasem.ro\/index.php?rest_route=%2Fwp%2Fv2%2Fproduct_tag&post=11942"}],"curies":[{"name":"wp","href":"https:\/\/api.w.org\/{rel}","templated":true}]}}