{"id":11820,"date":"2023-12-30T12:04:36","date_gmt":"2023-12-30T10:04:36","guid":{"rendered":"https:\/\/vivasem.ro\/?post_type=product&#038;p=11820"},"modified":"2025-09-08T08:50:20","modified_gmt":"2025-09-08T06:50:20","slug":"corazon-f1-clause-10s","status":"publish","type":"product","link":"https:\/\/vivasem.ro\/?product=corazon-f1-clause-10s","title":{"rendered":"BUFFALOSTEAK F1 (Clause)"},"content":{"rendered":"<h6><span style=\"color: #ff0000;\">BUFFALOSTEAK F1 ,\u00a0 \u00a0 \u00a0 \u00a0 \u00a0 \u00a0 <a href=\"https:\/\/vivasem.ro\/wp-content\/uploads\/2022\/12\/CLAUSE-2.jpg\"><img loading=\"lazy\" decoding=\"async\" class=\"alignnone wp-image-8482\" src=\"https:\/\/vivasem.ro\/wp-content\/uploads\/2022\/12\/CLAUSE-2-300x80.jpg\" alt=\"\" width=\"135\" height=\"36\" srcset=\"https:\/\/vivasem.ro\/wp-content\/uploads\/2022\/12\/CLAUSE-2-300x80.jpg 300w, https:\/\/vivasem.ro\/wp-content\/uploads\/2022\/12\/CLAUSE-2-248x66.jpg 248w, https:\/\/vivasem.ro\/wp-content\/uploads\/2022\/12\/CLAUSE-2.jpg 431w\" sizes=\"auto, (max-width: 135px) 100vw, 135px\" \/><\/a>\u00a0 \u00a0 \u00a0 \u00a0 \u00a0 \u00a0 \u00a0 \u00a0 \u00a0 \u00a0 \u00a0 \u00a0 \u00a0 \u00a0 \u00a0 \u00a0 \u00a0 \u00a0 \u00a0 \u00a0 \u00a0 \u00a0 \u00a0 \u00a0 \u00a0 \u00a0 \u00a0 \u00a0 \u00a0 \u00a0 \u00a0 \u00a0 \u00a0 \u00a0 \u00a0 \u00a0 \u00a0 \u00a0 \u00a0 \u00a0 \u00a0 \u00a0 \u00a0 \u00a0 \u00a0 \u00a0 \u00a0 \u00a0 \u00a0 \u00a0 \u00a0 \u00a0 \u00a0 \u00a0 \u00a0 \u00a0 \u00a0 \u00a0 \u00a0 \u00a0 \u00a0 \u00a0 \u00a0 \u00a0 \u00a0 \u00a0 \u00a0<\/span><\/h6>\n<h6><span style=\"color: #ff0000;\">Produc\u0103tor semin\u021be : CLAUSE , \u00a0\u00a0 \u00a0\u00a0 \u00a0\u00a0 \u00a0\u00a0 \u00a0\u00a0 \u00a0\u00a0 <\/span><\/h6>\n<h6><span style=\"color: #ff0000;\">\u00a0\u00a0 \u00a0\u00a0 \u00a0\u00a0 \u00a0\u00a0 \u00a0\u00a0 \u00a0\u00a0<\/span><\/h6>\n<div class=\"ast-oembed-container \" style=\"height: 100%;\"><iframe loading=\"lazy\" title=\"Tomate F1 Buffalosteak\" width=\"500\" height=\"281\" src=\"https:\/\/www.youtube.com\/embed\/ktXbNrAOAFk?feature=oembed\" frameborder=\"0\" allow=\"accelerometer; autoplay; clipboard-write; encrypted-media; gyroscope; picture-in-picture; web-share\" referrerpolicy=\"strict-origin-when-cross-origin\" allowfullscreen><\/iframe><\/div>\n<div class=\"ast-oembed-container \" style=\"height: 100%;\"><iframe loading=\"lazy\" title=\"Buffalosteak F1 - Cultura de tomate specialit\u0103\u021bi \u00een T\u0103rcaia jud. Bihor, la domnul Bunta Francisc\" width=\"500\" height=\"281\" src=\"https:\/\/www.youtube.com\/embed\/gcNiW3m_BLs?feature=oembed\" frameborder=\"0\" allow=\"accelerometer; autoplay; clipboard-write; encrypted-media; gyroscope; picture-in-picture; web-share\" referrerpolicy=\"strict-origin-when-cross-origin\" allowfullscreen><\/iframe><\/div>\n<h6><span style=\"color: #003366;\"><strong>Hibrid specialitate, cu fructe foarte <\/strong>mari,intre 350 si 700 de grame ,cu gustul ro\u0219iilor de alt\u0103dat\u0103!<\/span><\/h6>\n<h6><span style=\"color: #003366;\">Fructul\u00a0 este de tip Beef, cu miez c\u0103rnos,cu foarte pu\u021bine semin\u021be \u0219i av\u00e2nd forma clasic\u0103, usor turtita si costata la colet, similar\u0103 ro\u0219iilor de gradin\u0103, de culoare atractiv\u0103, ro\u0219u-aprins, deosebit de gustos.<\/span><\/h6>\n<h6><span style=\"color: #ff0000;\">Planta prezint\u0103 cre\u0219tere nedeterminat\u0103, viguroas\u0103, cu maturitate foarte timpurie pentru segmentul cu fructe de dimensiuni foarte mari , \u00een medie de 500 grame!<\/span><\/h6>\n<h6><span style=\"color: #003366;\">\u00a0Buffalosteak F1 este destinat producatorilor profesioni\u0219ti, care vor sa ofere calitate ,celor unde gustul primeaz\u0103,\u00a0 dar \u0219i gr\u0103dinarilor amatori care doresc o plant\u0103 u\u0219or de crescut, ce produce ro\u0219ii \u0219i mari \u0219i cu gust excelent.\u00a0<\/span><\/h6>\n<h6><span style=\"color: #003366;\"><strong>Buffalosteak F1<\/strong> are\u00a0 un pachet excelent de rezisten\u021be la boli:<\/span><\/h6>\n<h6><span style=\"color: #333399;\">Rezistenta la boli (HR\/ REZISTEN\u021a\u0102 \u00ceNALT\u0102):<\/span><\/h6>\n<ul>\n<li>\n<h6><span style=\"color: #333399;\"><strong>ToMV-Virusul Mozaicului Tutunului<\/strong><\/span><\/h6>\n<\/li>\n<li>\n<h6><span style=\"color: #333399;\">Fol: 0 (US1)-Fuzrioza<\/span><\/h6>\n<\/li>\n<li>\n<h6><span style=\"color: #333399;\"><strong>Va: 0 (US1)- Verticillium<\/strong><\/span><\/h6>\n<\/li>\n<li>\n<h6><span style=\"color: #333399;\"><strong><strong>Vd: 0 (US1)-Verticillium<\/strong><\/strong><\/span><\/h6>\n<h6><span style=\"color: #333399;\">Rezistenta la boli (IR)\/REZISTEN\u021a\u0102 MEDIE:<\/span><\/h6>\n<\/li>\n<li>\n<h6><span style=\"font-size: 16px; color: #333399;\">Ma; Mi; Mj-Nematozi<\/span><\/h6>\n<\/li>\n<li>\n<h6>semanare in rasadnita: februarie-mai<\/h6>\n<\/li>\n<li>\n<h6>transplantare: martie-iunie<\/h6>\n<\/li>\n<li>\n<h6>recoltare: iulie-noiembrie<\/h6>\n<\/li>\n<\/ul>\n<h6><span style=\"color: #000080;\">Semin\u021bele sunt ambalate \u00een plicuri de polietilen\u0103 cu ziplock,resigilabile, etichetate .<\/span><\/h6>\n","protected":false},"excerpt":{"rendered":"<h6><span style=\"color: #ff00ff;\">FRUCTE FOARTE MARI \u0218I FOARTE GUSTOASE !<\/span><\/h6>\n<h6><span style=\"color: #ff00ff;\">Vezi video !<\/span><\/h6>\n","protected":false},"featured_media":14536,"comment_status":"open","ping_status":"closed","template":"","meta":{"site-sidebar-layout":"default","site-content-layout":"default","ast-site-content-layout":"default","site-content-style":"default","site-sidebar-style":"default","ast-global-header-display":"","ast-banner-title-visibility":"","ast-main-header-display":"","ast-hfb-above-header-display":"","ast-hfb-below-header-display":"","ast-hfb-mobile-header-display":"","site-post-title":"","ast-breadcrumbs-content":"","ast-featured-img":"","footer-sml-layout":"","ast-disable-related-posts":"","theme-transparent-header-meta":"default","adv-header-id-meta":"","stick-header-meta":"","header-above-stick-meta":"","header-main-stick-meta":"","header-below-stick-meta":"","astra-migrate-meta-layouts":"set","ast-page-background-enabled":"default","ast-page-background-meta":{"desktop":{"background-color":"var(--ast-global-color-4)","background-image":"","background-repeat":"repeat","background-position":"center center","background-size":"auto","background-attachment":"scroll","background-type":"","background-media":"","overlay-type":"","overlay-color":"","overlay-opacity":"","overlay-gradient":""},"tablet":{"background-color":"","background-image":"","background-repeat":"repeat","background-position":"center center","background-size":"auto","background-attachment":"scroll","background-type":"","background-media":"","overlay-type":"","overlay-color":"","overlay-opacity":"","overlay-gradient":""},"mobile":{"background-color":"","background-image":"","background-repeat":"repeat","background-position":"center center","background-size":"auto","background-attachment":"scroll","background-type":"","background-media":"","overlay-type":"","overlay-color":"","overlay-opacity":"","overlay-gradient":""}},"ast-content-background-meta":{"desktop":{"background-color":"var(--ast-global-color-5)","background-image":"","background-repeat":"repeat","background-position":"center center","background-size":"auto","background-attachment":"scroll","background-type":"","background-media":"","overlay-type":"","overlay-color":"","overlay-opacity":"","overlay-gradient":""},"tablet":{"background-color":"var(--ast-global-color-5)","background-image":"","background-repeat":"repeat","background-position":"center center","background-size":"auto","background-attachment":"scroll","background-type":"","background-media":"","overlay-type":"","overlay-color":"","overlay-opacity":"","overlay-gradient":""},"mobile":{"background-color":"var(--ast-global-color-5)","background-image":"","background-repeat":"repeat","background-position":"center center","background-size":"auto","background-attachment":"scroll","background-type":"","background-media":"","overlay-type":"","overlay-color":"","overlay-opacity":"","overlay-gradient":""}}},"product_brand":[],"product_cat":[110],"product_tag":[],"class_list":{"0":"post-11820","1":"product","2":"type-product","3":"status-publish","4":"has-post-thumbnail","6":"product_cat-tomate-hibrid","7":"pa_cantitate-10-seminte","8":"pa_cantitate-100-seminte","9":"pa_cantitate-200-seminte","10":"pa_cantitate-25-seminte","11":"pa_cantitate-250-seminte","12":"pa_cantitate-5-seminte","13":"pa_cantitate-50-seminte","14":"pa_cantitate-500-seminte","15":"desktop-align-left","16":"tablet-align-left","17":"mobile-align-left","19":"first","20":"instock","21":"sale","22":"taxable","23":"shipping-taxable","24":"purchasable","25":"product-type-variable"},"_links":{"self":[{"href":"https:\/\/vivasem.ro\/index.php?rest_route=\/wp\/v2\/product\/11820","targetHints":{"allow":["GET"]}}],"collection":[{"href":"https:\/\/vivasem.ro\/index.php?rest_route=\/wp\/v2\/product"}],"about":[{"href":"https:\/\/vivasem.ro\/index.php?rest_route=\/wp\/v2\/types\/product"}],"replies":[{"embeddable":true,"href":"https:\/\/vivasem.ro\/index.php?rest_route=%2Fwp%2Fv2%2Fcomments&post=11820"}],"wp:featuredmedia":[{"embeddable":true,"href":"https:\/\/vivasem.ro\/index.php?rest_route=\/wp\/v2\/media\/14536"}],"wp:attachment":[{"href":"https:\/\/vivasem.ro\/index.php?rest_route=%2Fwp%2Fv2%2Fmedia&parent=11820"}],"wp:term":[{"taxonomy":"product_brand","embeddable":true,"href":"https:\/\/vivasem.ro\/index.php?rest_route=%2Fwp%2Fv2%2Fproduct_brand&post=11820"},{"taxonomy":"product_cat","embeddable":true,"href":"https:\/\/vivasem.ro\/index.php?rest_route=%2Fwp%2Fv2%2Fproduct_cat&post=11820"},{"taxonomy":"product_tag","embeddable":true,"href":"https:\/\/vivasem.ro\/index.php?rest_route=%2Fwp%2Fv2%2Fproduct_tag&post=11820"}],"curies":[{"name":"wp","href":"https:\/\/api.w.org\/{rel}","templated":true}]}}