{"id":11806,"date":"2023-12-30T10:44:10","date_gmt":"2023-12-30T08:44:10","guid":{"rendered":"https:\/\/vivasem.ro\/?post_type=product&#038;p=11806"},"modified":"2025-01-05T09:15:17","modified_gmt":"2025-01-05T07:15:17","slug":"old-goliath-f1-25s","status":"publish","type":"product","link":"https:\/\/vivasem.ro\/?product=old-goliath-f1-25s","title":{"rendered":"OLD GOLIATH F1 (25s)"},"content":{"rendered":"<h6><span style=\"color: #ff0000;\"><strong><u>OLD GOLIATH\/OLD FASHIONED GOLIATH &#8211; Holmes Seed Co.SUA,<a href=\"https:\/\/vivasem.ro\/wp-content\/uploads\/2021\/11\/HOLMES-SIGLA.jpg\"><img loading=\"lazy\" decoding=\"async\" class=\"alignnone wp-image-8418\" src=\"https:\/\/vivasem.ro\/wp-content\/uploads\/2021\/11\/HOLMES-SIGLA-300x186.jpg\" alt=\"\" width=\"163\" height=\"101\" srcset=\"https:\/\/vivasem.ro\/wp-content\/uploads\/2021\/11\/HOLMES-SIGLA-300x186.jpg 300w, https:\/\/vivasem.ro\/wp-content\/uploads\/2021\/11\/HOLMES-SIGLA-248x153.jpg 248w, https:\/\/vivasem.ro\/wp-content\/uploads\/2021\/11\/HOLMES-SIGLA.jpg 422w\" sizes=\"auto, (max-width: 163px) 100vw, 163px\" \/><\/a><\/u><\/strong><\/span><\/h6>\n<h6><span style=\"color: #0000ff;\"><strong>Hibrid cu gust excelent, clasic, dup\u0103 cum \u00eei spune numele, \u00een traducere liber\u0103 ,,GOLIATH DE MOD\u0102 VECHE ,,.<\/strong><\/span><\/h6>\n<h6><strong>Produce fructe mari , \u00eentre 150-300 grame, dar ce pot ajunge p\u00e2n\u0103 la\u00a0 500 grame.<\/strong><\/h6>\n<h6><span style=\"color: #ff0000;\"><strong>Sunt foarte c\u0103rnoase,tip beefsteak,foarte gustoase, dulci, <\/strong>suculente, de culoare ro\u0219u-intens, u\u0219or alungite.<\/span><\/h6>\n<h6><span style=\"color: #ff0000;\">Nu prezint\u0103 cotor lemnos,acesta fiind aproape inexistent,vezi foto.<\/span><\/h6>\n<h6><span style=\"color: #0000ff;\">Plantele sunt viguroase, nedeterminate,\u00a0 productive, cu rezisten\u021be multiple la :<\/span><\/h6>\n<h6>Fol.1 \u0219i 2=Fusarium,<\/h6>\n<h6>N=Nematozi,<\/h6>\n<h6>PST=Pseutomonas-Focul bacterian<\/h6>\n<h6>TMV=Mozaicul tutunului,<\/h6>\n<h6>V=Verticiloz\u0103<\/h6>\n<h6>Coacere semitimpurie,\u00een 78 zile.<\/h6>\n<h6><\/h6>\n<h6><\/h6>\n","protected":false},"excerpt":{"rendered":"<h6><span style=\"color: #0000ff;\">25 semin\u021be<\/span><\/h6>\n<h6><span style=\"color: #ff00ff; font-size: 17.6px;\">EXTREM DE PRODUCTIV, FRUCTE MARI,FOARTE GUSTOS!<\/span><\/h6>\n<h5><strong><span style=\"color: #ff0000;\">OFERT\u0102 DE PRE\u021a !<\/span><\/strong><\/h5>\n","protected":false},"featured_media":10789,"comment_status":"open","ping_status":"closed","template":"","meta":{"site-sidebar-layout":"default","site-content-layout":"default","ast-site-content-layout":"default","site-content-style":"default","site-sidebar-style":"default","ast-global-header-display":"","ast-banner-title-visibility":"","ast-main-header-display":"","ast-hfb-above-header-display":"","ast-hfb-below-header-display":"","ast-hfb-mobile-header-display":"","site-post-title":"","ast-breadcrumbs-content":"","ast-featured-img":"","footer-sml-layout":"","ast-disable-related-posts":"","theme-transparent-header-meta":"default","adv-header-id-meta":"","stick-header-meta":"","header-above-stick-meta":"","header-main-stick-meta":"","header-below-stick-meta":"","astra-migrate-meta-layouts":"set","ast-page-background-enabled":"default","ast-page-background-meta":{"desktop":{"background-color":"var(--ast-global-color-4)","background-image":"","background-repeat":"repeat","background-position":"center center","background-size":"auto","background-attachment":"scroll","background-type":"","background-media":"","overlay-type":"","overlay-color":"","overlay-opacity":"","overlay-gradient":""},"tablet":{"background-color":"","background-image":"","background-repeat":"repeat","background-position":"center center","background-size":"auto","background-attachment":"scroll","background-type":"","background-media":"","overlay-type":"","overlay-color":"","overlay-opacity":"","overlay-gradient":""},"mobile":{"background-color":"","background-image":"","background-repeat":"repeat","background-position":"center center","background-size":"auto","background-attachment":"scroll","background-type":"","background-media":"","overlay-type":"","overlay-color":"","overlay-opacity":"","overlay-gradient":""}},"ast-content-background-meta":{"desktop":{"background-color":"var(--ast-global-color-5)","background-image":"","background-repeat":"repeat","background-position":"center center","background-size":"auto","background-attachment":"scroll","background-type":"","background-media":"","overlay-type":"","overlay-color":"","overlay-opacity":"","overlay-gradient":""},"tablet":{"background-color":"var(--ast-global-color-5)","background-image":"","background-repeat":"repeat","background-position":"center center","background-size":"auto","background-attachment":"scroll","background-type":"","background-media":"","overlay-type":"","overlay-color":"","overlay-opacity":"","overlay-gradient":""},"mobile":{"background-color":"var(--ast-global-color-5)","background-image":"","background-repeat":"repeat","background-position":"center center","background-size":"auto","background-attachment":"scroll","background-type":"","background-media":"","overlay-type":"","overlay-color":"","overlay-opacity":"","overlay-gradient":""}}},"product_brand":[],"product_cat":[149],"product_tag":[],"class_list":{"0":"post-11806","1":"product","2":"type-product","3":"status-publish","4":"has-post-thumbnail","6":"product_cat-33-produse-epuizate","7":"pa_z-cantitate-10-seminte","8":"pa_z-cantitate-100-seminte","9":"pa_z-cantitate-1000-seminte","10":"pa_z-cantitate-20-seminte","11":"pa_z-cantitate-200-seminte","12":"pa_z-cantitate-25-seminte","13":"pa_z-cantitate-250-seminte","14":"pa_z-cantitate-30-seminte","15":"pa_z-cantitate-40-seminte","16":"pa_z-cantitate-50-seminte","17":"pa_z-cantitate-500-seminte","18":"desktop-align-left","19":"tablet-align-left","20":"mobile-align-left","22":"first","23":"outofstock","24":"taxable","25":"shipping-taxable","26":"purchasable","27":"product-type-simple"},"_links":{"self":[{"href":"https:\/\/vivasem.ro\/index.php?rest_route=\/wp\/v2\/product\/11806","targetHints":{"allow":["GET"]}}],"collection":[{"href":"https:\/\/vivasem.ro\/index.php?rest_route=\/wp\/v2\/product"}],"about":[{"href":"https:\/\/vivasem.ro\/index.php?rest_route=\/wp\/v2\/types\/product"}],"replies":[{"embeddable":true,"href":"https:\/\/vivasem.ro\/index.php?rest_route=%2Fwp%2Fv2%2Fcomments&post=11806"}],"wp:featuredmedia":[{"embeddable":true,"href":"https:\/\/vivasem.ro\/index.php?rest_route=\/wp\/v2\/media\/10789"}],"wp:attachment":[{"href":"https:\/\/vivasem.ro\/index.php?rest_route=%2Fwp%2Fv2%2Fmedia&parent=11806"}],"wp:term":[{"taxonomy":"product_brand","embeddable":true,"href":"https:\/\/vivasem.ro\/index.php?rest_route=%2Fwp%2Fv2%2Fproduct_brand&post=11806"},{"taxonomy":"product_cat","embeddable":true,"href":"https:\/\/vivasem.ro\/index.php?rest_route=%2Fwp%2Fv2%2Fproduct_cat&post=11806"},{"taxonomy":"product_tag","embeddable":true,"href":"https:\/\/vivasem.ro\/index.php?rest_route=%2Fwp%2Fv2%2Fproduct_tag&post=11806"}],"curies":[{"name":"wp","href":"https:\/\/api.w.org\/{rel}","templated":true}]}}