{"id":11804,"date":"2023-12-30T10:37:49","date_gmt":"2023-12-30T08:37:49","guid":{"rendered":"https:\/\/vivasem.ro\/?post_type=product&#038;p=11804"},"modified":"2024-12-03T16:24:14","modified_gmt":"2024-12-03T14:24:14","slug":"italian-goliath-f1-100s","status":"publish","type":"product","link":"https:\/\/vivasem.ro\/?product=italian-goliath-f1-100s","title":{"rendered":".ITALIAN GOLIATH F1 (100s)"},"content":{"rendered":"<blockquote>\n<h6><span style=\"color: #ff0000;\"><strong><u>ITALIAN GOLIATH F1- Holmes Seed Co SUA,\u00a0<\/u><\/strong><\/span> \u00a0 \u00a0 \u00a0 \u00a0 \u00a0 \u00a0 \u00a0 \u00a0 \u00a0 \u00a0 \u00a0 \u00a0 \u00a0 \u00a0 \u00a0 \u00a0 \u00a0 \u00a0 \u00a0 \u00a0 \u00a0 \u00a0 \u00a0 <span style=\"color: #ff0000;\"><strong><u><a href=\"https:\/\/vivasem.ro\/wp-content\/uploads\/2021\/11\/HOLMES-SIGLA.jpg\"><img loading=\"lazy\" decoding=\"async\" class=\"alignnone wp-image-8418\" src=\"https:\/\/vivasem.ro\/wp-content\/uploads\/2021\/11\/HOLMES-SIGLA-300x186.jpg\" alt=\"\" width=\"192\" height=\"119\" srcset=\"https:\/\/vivasem.ro\/wp-content\/uploads\/2021\/11\/HOLMES-SIGLA-300x186.jpg 300w, https:\/\/vivasem.ro\/wp-content\/uploads\/2021\/11\/HOLMES-SIGLA-248x153.jpg 248w, https:\/\/vivasem.ro\/wp-content\/uploads\/2021\/11\/HOLMES-SIGLA.jpg 422w\" sizes=\"auto, (max-width: 192px) 100vw, 192px\" \/><\/a><\/u><\/strong><\/span><\/h6>\n<\/blockquote>\n<h6><span style=\"color: #0000ff;\"><strong>Hibrid excelent, care d\u0103 rezultate deosebite , la cultivarea \u00een gr\u0103din\u0103 \u0219i \u00een c\u00e2mp deschis, de sezon lung.<\/strong><\/span><\/h6>\n<h6>Fructele mari, \u00eentre 180- 300 grame, dar pot ajunge \u0219i peste 500 grame,<span style=\"color: #ff0000;\"> sunt foarte gustoase, aromate, de culoare ro\u0219u-intens, au pulpa c\u0103rnoas\u0103, ferm\u0103.<\/span><\/h6>\n<h6>Rezisten\u021b\u0103 bun\u0103 la transport \u0219i depozitare.<\/h6>\n<h6>Timp de coacere: 76 zile.<\/h6>\n<h6><span style=\"color: #ff0000;\">Plante nedeterminate, viguroase, asigur\u0103 produc\u021bii foarte bune, p\u00e2n\u0103 la \u00eenghe\u021b.<\/span><\/h6>\n<h6><span style=\"color: #0000ff;\">Este rezistent la urm\u0103toarele boli:<\/span><\/h6>\n<h6>FF=FULVIA FULVA,<\/h6>\n<h6>N=NEMATOZI,<\/h6>\n<h6>TMV=MOZAICUL TUTUNULUI,<\/h6>\n<h6>V=VERTICILOZ\u0102<\/h6>\n<div class=\"woocommerce-tabs wc-tabs-wrapper\">\n<h6><\/h6>\n<\/div>\n","protected":false},"excerpt":{"rendered":"<h6><span style=\"color: #0000ff;\">100 semin\u021be<\/span><\/h6>\n<h6><span style=\"color: #ff00ff;\">HIBRID DE GR\u0102DIN\u0102 PRODUCTIV,\u00a0\u00a0GUST EXCELENT !<\/span><\/h6>\n<h6><\/h6>\n","protected":false},"featured_media":0,"comment_status":"open","ping_status":"closed","template":"","meta":{"site-sidebar-layout":"default","site-content-layout":"default","ast-site-content-layout":"default","site-content-style":"default","site-sidebar-style":"default","ast-global-header-display":"","ast-banner-title-visibility":"","ast-main-header-display":"","ast-hfb-above-header-display":"","ast-hfb-below-header-display":"","ast-hfb-mobile-header-display":"","site-post-title":"","ast-breadcrumbs-content":"","ast-featured-img":"","footer-sml-layout":"","ast-disable-related-posts":"","theme-transparent-header-meta":"default","adv-header-id-meta":"","stick-header-meta":"","header-above-stick-meta":"","header-main-stick-meta":"","header-below-stick-meta":"","astra-migrate-meta-layouts":"set","ast-page-background-enabled":"default","ast-page-background-meta":{"desktop":{"background-color":"var(--ast-global-color-4)","background-image":"","background-repeat":"repeat","background-position":"center center","background-size":"auto","background-attachment":"scroll","background-type":"","background-media":"","overlay-type":"","overlay-color":"","overlay-opacity":"","overlay-gradient":""},"tablet":{"background-color":"","background-image":"","background-repeat":"repeat","background-position":"center center","background-size":"auto","background-attachment":"scroll","background-type":"","background-media":"","overlay-type":"","overlay-color":"","overlay-opacity":"","overlay-gradient":""},"mobile":{"background-color":"","background-image":"","background-repeat":"repeat","background-position":"center center","background-size":"auto","background-attachment":"scroll","background-type":"","background-media":"","overlay-type":"","overlay-color":"","overlay-opacity":"","overlay-gradient":""}},"ast-content-background-meta":{"desktop":{"background-color":"var(--ast-global-color-5)","background-image":"","background-repeat":"repeat","background-position":"center center","background-size":"auto","background-attachment":"scroll","background-type":"","background-media":"","overlay-type":"","overlay-color":"","overlay-opacity":"","overlay-gradient":""},"tablet":{"background-color":"var(--ast-global-color-5)","background-image":"","background-repeat":"repeat","background-position":"center center","background-size":"auto","background-attachment":"scroll","background-type":"","background-media":"","overlay-type":"","overlay-color":"","overlay-opacity":"","overlay-gradient":""},"mobile":{"background-color":"var(--ast-global-color-5)","background-image":"","background-repeat":"repeat","background-position":"center center","background-size":"auto","background-attachment":"scroll","background-type":"","background-media":"","overlay-type":"","overlay-color":"","overlay-opacity":"","overlay-gradient":""}}},"product_brand":[],"product_cat":[149],"product_tag":[],"class_list":{"0":"post-11804","1":"product","2":"type-product","3":"status-publish","5":"product_cat-33-produse-epuizate","6":"pa_z-cantitate-10-seminte","7":"pa_z-cantitate-100-seminte","8":"pa_z-cantitate-200-seminte","9":"pa_z-cantitate-25-seminte","10":"pa_z-cantitate-50-seminte","11":"pa_z-cantitate-500-seminte","12":"desktop-align-left","13":"tablet-align-left","14":"mobile-align-left","16":"first","17":"outofstock","18":"taxable","19":"shipping-taxable","20":"purchasable","21":"product-type-simple"},"_links":{"self":[{"href":"https:\/\/vivasem.ro\/index.php?rest_route=\/wp\/v2\/product\/11804","targetHints":{"allow":["GET"]}}],"collection":[{"href":"https:\/\/vivasem.ro\/index.php?rest_route=\/wp\/v2\/product"}],"about":[{"href":"https:\/\/vivasem.ro\/index.php?rest_route=\/wp\/v2\/types\/product"}],"replies":[{"embeddable":true,"href":"https:\/\/vivasem.ro\/index.php?rest_route=%2Fwp%2Fv2%2Fcomments&post=11804"}],"wp:attachment":[{"href":"https:\/\/vivasem.ro\/index.php?rest_route=%2Fwp%2Fv2%2Fmedia&parent=11804"}],"wp:term":[{"taxonomy":"product_brand","embeddable":true,"href":"https:\/\/vivasem.ro\/index.php?rest_route=%2Fwp%2Fv2%2Fproduct_brand&post=11804"},{"taxonomy":"product_cat","embeddable":true,"href":"https:\/\/vivasem.ro\/index.php?rest_route=%2Fwp%2Fv2%2Fproduct_cat&post=11804"},{"taxonomy":"product_tag","embeddable":true,"href":"https:\/\/vivasem.ro\/index.php?rest_route=%2Fwp%2Fv2%2Fproduct_tag&post=11804"}],"curies":[{"name":"wp","href":"https:\/\/api.w.org\/{rel}","templated":true}]}}