{"id":11773,"date":"2023-12-28T20:00:19","date_gmt":"2023-12-28T18:00:19","guid":{"rendered":"https:\/\/vivasem.ro\/?post_type=product&#038;p=11773"},"modified":"2026-03-19T13:48:06","modified_gmt":"2026-03-19T11:48:06","slug":"castraveti-lungi-gergana-florian-2g","status":"publish","type":"product","link":"https:\/\/vivasem.ro\/?product=castraveti-lungi-gergana-florian-2g","title":{"rendered":"CASTRAVETI SOI GERGANA -FLORIAN (2g.)"},"content":{"rendered":"<h6><span style=\"color: #ff0000;\"><strong><u>CASTRAVE\u021aI GERGANA,<a href=\"https:\/\/vivasem.ro\/wp-content\/uploads\/2023\/02\/FLORIAN-logo-original.jpg\"><img loading=\"lazy\" decoding=\"async\" class=\"alignnone wp-image-11691\" src=\"https:\/\/vivasem.ro\/wp-content\/uploads\/2023\/02\/FLORIAN-logo-300x159.jpg\" alt=\"\" width=\"145\" height=\"77\" srcset=\"https:\/\/vivasem.ro\/wp-content\/uploads\/2023\/02\/FLORIAN-logo-300x159.jpg 300w, https:\/\/vivasem.ro\/wp-content\/uploads\/2023\/02\/FLORIAN-logo-original-248x131.jpg 248w, https:\/\/vivasem.ro\/wp-content\/uploads\/2023\/02\/FLORIAN-logo-original-590x313.jpg 590w, https:\/\/vivasem.ro\/wp-content\/uploads\/2023\/02\/FLORIAN-logo-original.jpg 655w\" sizes=\"auto, (max-width: 145px) 100vw, 145px\" \/><\/a><\/u><\/strong><\/span><\/h6>\n<h6><span style=\"color: #ff0000;\"><span class=\"post-meta-key\">PRODUS \u0218I AMBALAT DE:FLORIAN Bulgaria,<\/span><\/span><\/h6>\n<div>\n<div id=\"tab-description\" role=\"tabpanel\" aria-labelledby=\"tab-title-description\">\n<h6><span style=\"color: #000080;\">UN SOI BULG\u0102RESC POPULAR DE CASTRAVE\u021aI DE SALAT\u0102, POTRIVIT PENTRU CULTIVARE IN C\u00c2MP LIBER,\u00ceN SOLARII \u0218I SERE.<\/span><\/h6>\n<h6><span style=\"color: #ff0000;\">FRUCTELE SUNT DE CULOARE VERDE INCHIS, LUCIOASE, CU NEGI RARI \u0218I \u021aEPI FOARTE FINI.<\/span><\/h6>\n<h6><span style=\"color: #000080;\">LUNGIMEA ESTE DE 25-30 CM.GREUTATE MEDIE DE 200-330 G.<\/span><\/h6>\n<h6><span style=\"color: #000080;\">SUPORT\u0102 BINE SCHIMBARILE BRU\u0218TE DE TEMPERATUR\u0102.<\/span><\/h6>\n<h6><span style=\"color: #ff0000;\">AU PROPRIET\u0102\u021aI GUSTATIVE EXCELENTE , SUNT DULCI, AROMA\u021aI,FAR\u0102 URME DE GUST AMAR.<\/span><br \/>\n<span style=\"color: #000080;\">SOI TIMPURIU CU CRESTERE LUXURIANTA \u0218I RANDAMENT RIDICAT.<\/span><br \/>\n<span style=\"color: #000080;\">ESTE TOLERANT LA MOZAICUL CASTRAVETELUI, MODERAT SENSIBIL LA F\u0102INARE, NU ESTE AFECTAT DE SCHIMBARILE BRU\u0218TE DE TEMPERATUR\u0102.<\/span><br \/>\n<span style=\"color: #000080;\">PERIOADA DE VEGETATIE 57-60 ZILE (DE LA GERMINARE).<\/span><br \/>\n<span style=\"color: #000080;\">SE RECOMAND\u0102 \u00ceNS\u0102M\u021aN\u021aAREA LA: 100 DE CM INTRE RANDURI SI 60 CM INTRE PLANTE.<\/span><br \/>\n<span style=\"color: #000080;\">RANDAMENT MEDIU DE 12-13 TONE LA HECTAR.<\/span><\/h6>\n<h6><span style=\"color: #000080;\">CONTINUT: 28-35 SEMINTE\/GRAM<\/span><br \/>\n<span style=\"color: #000080;\">PLANTARE: MARTIE-AUGUST<\/span><br \/>\n<span style=\"color: #000080;\">RECOLTARE: IUNIE-SEPTEMBRIE<\/span><\/h6>\n<h6><span style=\"color: #000080;\">ESTE POTRIVIT PENTRU\u00a0 CONSUM PROASP\u0102T,DAR \u0218I PENTRU CONSERVAT.<\/span><\/h6>\n<p>P+3<\/p>\n<\/div>\n<\/div>\n","protected":false},"excerpt":{"rendered":"<h6><span style=\"color: #0000ff;\"><strong>2 grame\/60-70 SEMIN\u021aE<\/strong><img loading=\"lazy\" decoding=\"async\" class=\"alignnone wp-image-5567\" src=\"https:\/\/vivasem.ro\/wp-content\/uploads\/2021\/11\/NOU3.jpg\" alt=\"\" width=\"69\" height=\"67\" srcset=\"https:\/\/vivasem.ro\/wp-content\/uploads\/2021\/11\/NOU3.jpg 270w, https:\/\/vivasem.ro\/wp-content\/uploads\/2021\/11\/NOU3-248x241.jpg 248w\" sizes=\"auto, (max-width: 69px) 100vw, 69px\" \/><\/span><\/h6>\n","protected":false},"featured_media":11774,"comment_status":"open","ping_status":"closed","template":"","meta":{"site-sidebar-layout":"default","site-content-layout":"default","ast-site-content-layout":"default","site-content-style":"default","site-sidebar-style":"default","ast-global-header-display":"","ast-banner-title-visibility":"","ast-main-header-display":"","ast-hfb-above-header-display":"","ast-hfb-below-header-display":"","ast-hfb-mobile-header-display":"","site-post-title":"","ast-breadcrumbs-content":"","ast-featured-img":"","footer-sml-layout":"","ast-disable-related-posts":"","theme-transparent-header-meta":"default","adv-header-id-meta":"","stick-header-meta":"","header-above-stick-meta":"","header-main-stick-meta":"","header-below-stick-meta":"","astra-migrate-meta-layouts":"set","ast-page-background-enabled":"default","ast-page-background-meta":{"desktop":{"background-color":"var(--ast-global-color-4)","background-image":"","background-repeat":"repeat","background-position":"center center","background-size":"auto","background-attachment":"scroll","background-type":"","background-media":"","overlay-type":"","overlay-color":"","overlay-opacity":"","overlay-gradient":""},"tablet":{"background-color":"","background-image":"","background-repeat":"repeat","background-position":"center center","background-size":"auto","background-attachment":"scroll","background-type":"","background-media":"","overlay-type":"","overlay-color":"","overlay-opacity":"","overlay-gradient":""},"mobile":{"background-color":"","background-image":"","background-repeat":"repeat","background-position":"center center","background-size":"auto","background-attachment":"scroll","background-type":"","background-media":"","overlay-type":"","overlay-color":"","overlay-opacity":"","overlay-gradient":""}},"ast-content-background-meta":{"desktop":{"background-color":"var(--ast-global-color-5)","background-image":"","background-repeat":"repeat","background-position":"center center","background-size":"auto","background-attachment":"scroll","background-type":"","background-media":"","overlay-type":"","overlay-color":"","overlay-opacity":"","overlay-gradient":""},"tablet":{"background-color":"var(--ast-global-color-5)","background-image":"","background-repeat":"repeat","background-position":"center center","background-size":"auto","background-attachment":"scroll","background-type":"","background-media":"","overlay-type":"","overlay-color":"","overlay-opacity":"","overlay-gradient":""},"mobile":{"background-color":"var(--ast-global-color-5)","background-image":"","background-repeat":"repeat","background-position":"center center","background-size":"auto","background-attachment":"scroll","background-type":"","background-media":"","overlay-type":"","overlay-color":"","overlay-opacity":"","overlay-gradient":""}}},"product_brand":[],"product_cat":[147,136],"product_tag":[],"class_list":{"0":"post-11773","1":"product","2":"type-product","3":"status-publish","4":"has-post-thumbnail","6":"product_cat-02-castraveti","7":"product_cat-castraveti-soi","8":"desktop-align-left","9":"tablet-align-left","10":"mobile-align-left","12":"first","13":"instock","14":"taxable","15":"shipping-taxable","16":"purchasable","17":"product-type-simple"},"_links":{"self":[{"href":"https:\/\/vivasem.ro\/index.php?rest_route=\/wp\/v2\/product\/11773","targetHints":{"allow":["GET"]}}],"collection":[{"href":"https:\/\/vivasem.ro\/index.php?rest_route=\/wp\/v2\/product"}],"about":[{"href":"https:\/\/vivasem.ro\/index.php?rest_route=\/wp\/v2\/types\/product"}],"replies":[{"embeddable":true,"href":"https:\/\/vivasem.ro\/index.php?rest_route=%2Fwp%2Fv2%2Fcomments&post=11773"}],"wp:featuredmedia":[{"embeddable":true,"href":"https:\/\/vivasem.ro\/index.php?rest_route=\/wp\/v2\/media\/11774"}],"wp:attachment":[{"href":"https:\/\/vivasem.ro\/index.php?rest_route=%2Fwp%2Fv2%2Fmedia&parent=11773"}],"wp:term":[{"taxonomy":"product_brand","embeddable":true,"href":"https:\/\/vivasem.ro\/index.php?rest_route=%2Fwp%2Fv2%2Fproduct_brand&post=11773"},{"taxonomy":"product_cat","embeddable":true,"href":"https:\/\/vivasem.ro\/index.php?rest_route=%2Fwp%2Fv2%2Fproduct_cat&post=11773"},{"taxonomy":"product_tag","embeddable":true,"href":"https:\/\/vivasem.ro\/index.php?rest_route=%2Fwp%2Fv2%2Fproduct_tag&post=11773"}],"curies":[{"name":"wp","href":"https:\/\/api.w.org\/{rel}","templated":true}]}}