{"id":11745,"date":"2023-12-27T12:19:23","date_gmt":"2023-12-27T10:19:23","guid":{"rendered":"https:\/\/vivasem.ro\/?post_type=product&#038;p=11745"},"modified":"2024-10-17T18:02:27","modified_gmt":"2024-10-17T16:02:27","slug":"country-taste-f1-100s","status":"publish","type":"product","link":"https:\/\/vivasem.ro\/?product=country-taste-f1-100s","title":{"rendered":"COUNTRY TASTE F1"},"content":{"rendered":"<h6><span style=\"color: #ff0000;\"><strong><u>COUNTRY TASTE F1-Graines Voltz<\/u><\/strong>.Fran\u021ba,<u><\/u><\/span><\/h6>\n<h6>Un hibrid profesional, cu o <span style=\"color: #0000ff;\">maturitate timpurie \u0219i o calitate a fructelor foarte ridicat\u0103, ce se remarc\u0103, \u00een principal, datorita propriet\u0103tilor sale, ce amintesc de gustul ro\u0219iilor de alt\u0103dat\u0103.\u00a0<\/span><\/h6>\n<h6>Fructul tomatelor este u\u0219or ondulat \u00een partea superioar\u0103, <span style=\"color: #0000ff;\">ating\u00e2nd dimensiuni foarte mari de la 270 si p\u00e2na la 400 de grame.NU ARE CEP VERDE, cotorul fiind aproape inexistent.(vezi foto)<\/span><\/h6>\n<h6>Culoarea tomatelor\u00a0<strong>Country Taste F1<\/strong> este de ro\u0219u-intens, <span style=\"color: #0000ff;\">pulpa fiind c\u0103rnoas\u0103 dar \u0219i suculent\u0103.<\/span><\/h6>\n<h6><strong>Planta este una robust\u0103 si viguroas\u0103, <span style=\"color: #0000ff;\">asigurand produc\u021bii foarte ridicate.<\/span><\/strong><\/h6>\n<h6><strong>Country Taste F1 <\/strong>se preteaz\u0103 at\u00e2t pentru spa\u021bii protejate, c\u00e2t \u0219i pentru cultura pe arac, in gradin\u0103.<\/h6>\n<h6>Coacere \u00een 70 zile.<\/h6>\n<h6>Tomatele prezinta mai multe rezisten\u021be la boli \u0219i anume<em><strong> : rezisten\u021b\u0103 ridicat\u0103 la:<\/strong> Tomato Mosaic Virus (Virusul mozaicul tutunului) (ToMV), Verticillium dahliae (Uscarea vascular\u0103 (Va, Vd), Fusarium oxysporum f. sp. Lycopersici (Ofilirea vascular\u0103) (Fol 0,1).<\/em><\/h6>\n<h6><em><strong>Prezint\u0103 rezisten\u021b\u0103 intermediar\u0103 la:<\/strong>\u00a0Meloidogyne arenaria\/ incognita\/ javanica (Nematozi) (Ma, Mi, Mj)<\/em><\/h6>\n<h6>In concluzie, la <strong>Country Taste F1, <\/strong>caracteristicile cele mai importante, sunt<span style=\"color: #0000ff;\"> gustul\u00a0 deosebit\u00a0 \u0219i productivitatea ridicat\u0103.<\/span><\/h6>\n<h6><\/h6>\n<h6><\/h6>\n","protected":false},"excerpt":{"rendered":"<h6><span style=\"color: #ff00ff;\">GUST EXCELENT,<\/span><span style=\"color: #ff00ff;\">DE RO\u0218IE CLASIC\u0102, FOARTE PRODUCTIV.<\/span><\/h6>\n<h6><span style=\"color: #0000ff;\"><img loading=\"lazy\" decoding=\"async\" class=\"alignnone wp-image-6106\" src=\"https:\/\/vivasem.ro\/wp-content\/uploads\/2021\/12\/NOU3.jpg\" alt=\"\" width=\"78\" height=\"75\" srcset=\"https:\/\/vivasem.ro\/wp-content\/uploads\/2021\/12\/NOU3.jpg 270w, https:\/\/vivasem.ro\/wp-content\/uploads\/2021\/12\/NOU3-248x241.jpg 248w\" sizes=\"auto, (max-width: 78px) 100vw, 78px\" \/><\/span><\/h6>\n<h6><\/h6>\n","protected":false},"featured_media":6721,"comment_status":"open","ping_status":"closed","template":"","meta":{"site-sidebar-layout":"default","site-content-layout":"default","ast-site-content-layout":"default","site-content-style":"default","site-sidebar-style":"default","ast-global-header-display":"","ast-banner-title-visibility":"","ast-main-header-display":"","ast-hfb-above-header-display":"","ast-hfb-below-header-display":"","ast-hfb-mobile-header-display":"","site-post-title":"","ast-breadcrumbs-content":"","ast-featured-img":"","footer-sml-layout":"","ast-disable-related-posts":"","theme-transparent-header-meta":"default","adv-header-id-meta":"","stick-header-meta":"","header-above-stick-meta":"","header-main-stick-meta":"","header-below-stick-meta":"","astra-migrate-meta-layouts":"set","ast-page-background-enabled":"default","ast-page-background-meta":{"desktop":{"background-color":"var(--ast-global-color-4)","background-image":"","background-repeat":"repeat","background-position":"center center","background-size":"auto","background-attachment":"scroll","background-type":"","background-media":"","overlay-type":"","overlay-color":"","overlay-opacity":"","overlay-gradient":""},"tablet":{"background-color":"","background-image":"","background-repeat":"repeat","background-position":"center center","background-size":"auto","background-attachment":"scroll","background-type":"","background-media":"","overlay-type":"","overlay-color":"","overlay-opacity":"","overlay-gradient":""},"mobile":{"background-color":"","background-image":"","background-repeat":"repeat","background-position":"center center","background-size":"auto","background-attachment":"scroll","background-type":"","background-media":"","overlay-type":"","overlay-color":"","overlay-opacity":"","overlay-gradient":""}},"ast-content-background-meta":{"desktop":{"background-color":"var(--ast-global-color-5)","background-image":"","background-repeat":"repeat","background-position":"center center","background-size":"auto","background-attachment":"scroll","background-type":"","background-media":"","overlay-type":"","overlay-color":"","overlay-opacity":"","overlay-gradient":""},"tablet":{"background-color":"var(--ast-global-color-5)","background-image":"","background-repeat":"repeat","background-position":"center center","background-size":"auto","background-attachment":"scroll","background-type":"","background-media":"","overlay-type":"","overlay-color":"","overlay-opacity":"","overlay-gradient":""},"mobile":{"background-color":"var(--ast-global-color-5)","background-image":"","background-repeat":"repeat","background-position":"center center","background-size":"auto","background-attachment":"scroll","background-type":"","background-media":"","overlay-type":"","overlay-color":"","overlay-opacity":"","overlay-gradient":""}}},"product_brand":[],"product_cat":[110],"product_tag":[],"class_list":{"0":"post-11745","1":"product","2":"type-product","3":"status-publish","4":"has-post-thumbnail","6":"product_cat-tomate-hibrid","7":"pa_cantitate-10-seminte","8":"pa_cantitate-100-seminte","9":"pa_cantitate-200-seminte","10":"pa_cantitate-25-seminte","11":"pa_cantitate-250-seminte","12":"pa_cantitate-50-seminte","13":"desktop-align-left","14":"tablet-align-left","15":"mobile-align-left","17":"first","18":"instock","19":"sale","20":"taxable","21":"shipping-taxable","22":"purchasable","23":"product-type-variable"},"_links":{"self":[{"href":"https:\/\/vivasem.ro\/index.php?rest_route=\/wp\/v2\/product\/11745","targetHints":{"allow":["GET"]}}],"collection":[{"href":"https:\/\/vivasem.ro\/index.php?rest_route=\/wp\/v2\/product"}],"about":[{"href":"https:\/\/vivasem.ro\/index.php?rest_route=\/wp\/v2\/types\/product"}],"replies":[{"embeddable":true,"href":"https:\/\/vivasem.ro\/index.php?rest_route=%2Fwp%2Fv2%2Fcomments&post=11745"}],"wp:featuredmedia":[{"embeddable":true,"href":"https:\/\/vivasem.ro\/index.php?rest_route=\/wp\/v2\/media\/6721"}],"wp:attachment":[{"href":"https:\/\/vivasem.ro\/index.php?rest_route=%2Fwp%2Fv2%2Fmedia&parent=11745"}],"wp:term":[{"taxonomy":"product_brand","embeddable":true,"href":"https:\/\/vivasem.ro\/index.php?rest_route=%2Fwp%2Fv2%2Fproduct_brand&post=11745"},{"taxonomy":"product_cat","embeddable":true,"href":"https:\/\/vivasem.ro\/index.php?rest_route=%2Fwp%2Fv2%2Fproduct_cat&post=11745"},{"taxonomy":"product_tag","embeddable":true,"href":"https:\/\/vivasem.ro\/index.php?rest_route=%2Fwp%2Fv2%2Fproduct_tag&post=11745"}],"curies":[{"name":"wp","href":"https:\/\/api.w.org\/{rel}","templated":true}]}}