{"id":11740,"date":"2023-12-26T17:07:47","date_gmt":"2023-12-26T15:07:47","guid":{"rendered":"https:\/\/vivasem.ro\/?post_type=product&#038;p=11740"},"modified":"2024-07-05T08:58:09","modified_gmt":"2024-07-05T06:58:09","slug":"early-goliath-f1100s","status":"publish","type":"product","link":"https:\/\/vivasem.ro\/?product=early-goliath-f1100s","title":{"rendered":"\u201e\u201eEARLY GOLIATH F1(100s)"},"content":{"rendered":"<h6><span style=\"color: #ff0000;\"><strong><u>EARLY GOLIATH F1 (GVS 266) &#8211; Holmes Seeds.SUA,<\/u><\/strong><\/span><\/h6>\n<h6><span style=\"color: #0000ff;\"><strong>Hibrid extratimpuriu, ce se coace \u00een 58 de zile, foarte productiv, cu fructe mari, \u00eentre 150-250 grame, foarte gustoase, <\/strong>de culoare intens\u0103, ro\u0219ie, form\u0103 sferic- turtit\u0103, pulp\u0103 c\u0103rnoas\u0103 tip beefsteak, ferm\u0103,cu rezisten\u021b\u0103 bun\u0103 la transport.<\/span><\/h6>\n<h6><span style=\"color: #ff0000;\">Plantele nedeterminate, puternice, au rezisten\u021b\u0103 multipl\u0103 la diverse boli:<\/span><\/h6>\n<h6><span style=\"color: #ff0000;\">Aal,\u00a0 Ss,<\/span><\/h6>\n<h6>FOL.1 \u0218I 2=FUSARIUM,<\/h6>\n<h6>N=NEMATOZI,<\/h6>\n<h6>Aal=ALTERNARIOZ\u0102<\/h6>\n<h6>Ss=STEMPHILYUM P\u0103tare unghiular\u0103<\/h6>\n<h6>TMV=MOZAICUL TUTUNULUI,<\/h6>\n<h6><span style=\"color: #ff0000;\">\u0219i formeaz\u0103 ciorchini uniformi, boga\u021bi , de 6-10 tomate.<\/span><\/h6>\n<p>&nbsp;<\/p>\n<h6><\/h6>\n<h6><\/h6>\n","protected":false},"excerpt":{"rendered":"<h6><span style=\"color: #0000ff;\">100 SEMIN\u021aE<\/span><\/h6>\n<h6><span style=\"color: #ff00ff;\">FOARTE GUSTOS, EXTRATIMPURIU !<\/span><\/h6>\n","protected":false},"featured_media":4836,"comment_status":"open","ping_status":"closed","template":"","meta":{"site-sidebar-layout":"default","site-content-layout":"default","ast-site-content-layout":"default","site-content-style":"default","site-sidebar-style":"default","ast-global-header-display":"","ast-banner-title-visibility":"","ast-main-header-display":"","ast-hfb-above-header-display":"","ast-hfb-below-header-display":"","ast-hfb-mobile-header-display":"","site-post-title":"","ast-breadcrumbs-content":"","ast-featured-img":"","footer-sml-layout":"","ast-disable-related-posts":"","theme-transparent-header-meta":"default","adv-header-id-meta":"","stick-header-meta":"","header-above-stick-meta":"","header-main-stick-meta":"","header-below-stick-meta":"","astra-migrate-meta-layouts":"set","ast-page-background-enabled":"default","ast-page-background-meta":{"desktop":{"background-color":"var(--ast-global-color-4)","background-image":"","background-repeat":"repeat","background-position":"center center","background-size":"auto","background-attachment":"scroll","background-type":"","background-media":"","overlay-type":"","overlay-color":"","overlay-opacity":"","overlay-gradient":""},"tablet":{"background-color":"","background-image":"","background-repeat":"repeat","background-position":"center center","background-size":"auto","background-attachment":"scroll","background-type":"","background-media":"","overlay-type":"","overlay-color":"","overlay-opacity":"","overlay-gradient":""},"mobile":{"background-color":"","background-image":"","background-repeat":"repeat","background-position":"center center","background-size":"auto","background-attachment":"scroll","background-type":"","background-media":"","overlay-type":"","overlay-color":"","overlay-opacity":"","overlay-gradient":""}},"ast-content-background-meta":{"desktop":{"background-color":"var(--ast-global-color-5)","background-image":"","background-repeat":"repeat","background-position":"center center","background-size":"auto","background-attachment":"scroll","background-type":"","background-media":"","overlay-type":"","overlay-color":"","overlay-opacity":"","overlay-gradient":""},"tablet":{"background-color":"var(--ast-global-color-5)","background-image":"","background-repeat":"repeat","background-position":"center center","background-size":"auto","background-attachment":"scroll","background-type":"","background-media":"","overlay-type":"","overlay-color":"","overlay-opacity":"","overlay-gradient":""},"mobile":{"background-color":"var(--ast-global-color-5)","background-image":"","background-repeat":"repeat","background-position":"center center","background-size":"auto","background-attachment":"scroll","background-type":"","background-media":"","overlay-type":"","overlay-color":"","overlay-opacity":"","overlay-gradient":""}}},"product_brand":[],"product_cat":[110],"product_tag":[],"class_list":{"0":"post-11740","1":"product","2":"type-product","3":"status-publish","4":"has-post-thumbnail","6":"product_cat-tomate-hibrid","7":"pa_z-cantitate-10-seminte","8":"pa_z-cantitate-100-seminte","9":"pa_z-cantitate-200-seminte","10":"pa_z-cantitate-25-seminte","11":"pa_z-cantitate-50-seminte","12":"desktop-align-left","13":"tablet-align-left","14":"mobile-align-left","16":"first","17":"outofstock","18":"taxable","19":"shipping-taxable","20":"purchasable","21":"product-type-simple"},"_links":{"self":[{"href":"https:\/\/vivasem.ro\/index.php?rest_route=\/wp\/v2\/product\/11740","targetHints":{"allow":["GET"]}}],"collection":[{"href":"https:\/\/vivasem.ro\/index.php?rest_route=\/wp\/v2\/product"}],"about":[{"href":"https:\/\/vivasem.ro\/index.php?rest_route=\/wp\/v2\/types\/product"}],"replies":[{"embeddable":true,"href":"https:\/\/vivasem.ro\/index.php?rest_route=%2Fwp%2Fv2%2Fcomments&post=11740"}],"wp:featuredmedia":[{"embeddable":true,"href":"https:\/\/vivasem.ro\/index.php?rest_route=\/wp\/v2\/media\/4836"}],"wp:attachment":[{"href":"https:\/\/vivasem.ro\/index.php?rest_route=%2Fwp%2Fv2%2Fmedia&parent=11740"}],"wp:term":[{"taxonomy":"product_brand","embeddable":true,"href":"https:\/\/vivasem.ro\/index.php?rest_route=%2Fwp%2Fv2%2Fproduct_brand&post=11740"},{"taxonomy":"product_cat","embeddable":true,"href":"https:\/\/vivasem.ro\/index.php?rest_route=%2Fwp%2Fv2%2Fproduct_cat&post=11740"},{"taxonomy":"product_tag","embeddable":true,"href":"https:\/\/vivasem.ro\/index.php?rest_route=%2Fwp%2Fv2%2Fproduct_tag&post=11740"}],"curies":[{"name":"wp","href":"https:\/\/api.w.org\/{rel}","templated":true}]}}