{"id":11679,"date":"2023-12-25T19:55:56","date_gmt":"2023-12-25T17:55:56","guid":{"rendered":"https:\/\/vivasem.ro\/?post_type=product&#038;p=11679"},"modified":"2026-02-27T18:50:39","modified_gmt":"2026-02-27T16:50:39","slug":"inima-de-miere-medeno-srce-f1-superior-seeds-serbia-50s","status":"publish","type":"product","link":"https:\/\/vivasem.ro\/?product=inima-de-miere-medeno-srce-f1-superior-seeds-serbia-50s","title":{"rendered":"INIM\u0102 DE MIERE\/MEDENO SRCE F1 (SUPERIOR SEEDS Serbia) 50s"},"content":{"rendered":"<h6><span style=\"color: #ff0000;\"><strong><u>INIM\u0102 DE MIERE\/MEDENO SARTSE\u00a0 F1<\/u><\/strong><\/span>,\u00a0 \u00a0 \u00a0 \u00a0 \u00a0<a href=\"https:\/\/vivasem.ro\/wp-content\/uploads\/2023\/12\/SUPERIOR-PROFESIONAL-SEEDS.jpg\"><img loading=\"lazy\" decoding=\"async\" class=\"alignnone size-medium wp-image-11688\" src=\"https:\/\/vivasem.ro\/wp-content\/uploads\/2023\/12\/SUPERIOR-PROFESIONAL-SEEDS-300x69.jpg\" alt=\"\" width=\"300\" height=\"69\" srcset=\"https:\/\/vivasem.ro\/wp-content\/uploads\/2023\/12\/SUPERIOR-PROFESIONAL-SEEDS-300x69.jpg 300w, https:\/\/vivasem.ro\/wp-content\/uploads\/2023\/12\/SUPERIOR-PROFESIONAL-SEEDS-original-248x57.jpg 248w, https:\/\/vivasem.ro\/wp-content\/uploads\/2023\/12\/SUPERIOR-PROFESIONAL-SEEDS-original.jpg 533w\" sizes=\"auto, (max-width: 300px) 100vw, 300px\" \/><\/a><a href=\"https:\/\/vivasem.ro\/wp-content\/uploads\/2022\/01\/SUPERIOR-SEEDS-SERBIA-original.jpg\"><img loading=\"lazy\" decoding=\"async\" class=\"alignnone wp-image-11678\" src=\"https:\/\/vivasem.ro\/wp-content\/uploads\/2022\/01\/SUPERIOR-SEEDS-SERBIA-300x192.jpg\" alt=\"\" width=\"110\" height=\"70\" srcset=\"https:\/\/vivasem.ro\/wp-content\/uploads\/2022\/01\/SUPERIOR-SEEDS-SERBIA-300x192.jpg 300w, https:\/\/vivasem.ro\/wp-content\/uploads\/2022\/01\/SUPERIOR-SEEDS-SERBIA-original-248x158.jpg 248w, https:\/\/vivasem.ro\/wp-content\/uploads\/2022\/01\/SUPERIOR-SEEDS-SERBIA-original.jpg 426w\" sizes=\"auto, (max-width: 110px) 100vw, 110px\" \/><\/a><\/h6>\n<h6><span style=\"color: #ff0000;\"><strong><u>Produs \u0219i ambalat de :-SUPERIOR SEEDS-SERBIA,<\/u><\/strong><\/span><\/h6>\n<h6><span style=\"color: #000080;\"><strong>Hibrid s\u00e2rbesc\u00a0 extraordinar de gustos, cu fructe intens aromate,dulci, slab acide, c\u0103rnoase, mari, \u00een medie de 250 grame.<\/strong><\/span><\/h6>\n<h6><span style=\"color: #ff0000;\">Plantele sunt de sezon lung, foarte roditoare ,\u00een solarii , dac\u0103 au condi\u021bii optime , pot produce 7-10 kg.\/plant\u0103 \u0219i fructele pot dep\u0103\u0219ii 500 grame.<\/span><\/h6>\n<h6><span style=\"color: #ff0000;\"> Ciorchinii pot avea 3-5 fructe \u00een form\u0103 de inim\u0103.<\/span><\/h6>\n<h6><span style=\"color: #ff0000;\">Cre\u0219terea este nedeterminat\u0103, inalte, cu foliaj bogat, care protejeaza fructele de soare.<\/span><\/h6>\n<h6><span style=\"color: #000080;\">Hibrid mult mai rezistent la boli, dec\u00e2t soiurile clasice de inim\u0103 de\u00a0 bou.<\/span><\/h6>\n<h6><span style=\"color: #ff0000;\">Potrivit pentru cre\u0219tere in gr\u0103din\u0103, \u00een aer liber, sau \u00een solarii.<\/span><\/h6>\n<h6><\/h6>\n<h6><\/h6>\n<h6><\/h6>\n","protected":false},"excerpt":{"rendered":"<h6><span style=\"color: #0000ff;\">50 SEMIN\u021aE<\/span><\/h6>\n<h6><span style=\"color: #ff00ff;\">CONSIDERAT CEL MAI GUSTOS <\/span><span style=\"color: #ff00ff;\">HIBRID S\u00c2RBESC ! <\/span><\/h6>\n<h6><span style=\"color: #ff00ff;\">FOARTE PRODUCTIV !<\/span><\/h6>\n<p><img loading=\"lazy\" decoding=\"async\" class=\"alignnone wp-image-15077\" src=\"https:\/\/vivasem.ro\/wp-content\/uploads\/2023\/12\/SUPEROFERTA-11-Copy-300x153.jpg\" alt=\"\" width=\"176\" height=\"90\" srcset=\"https:\/\/vivasem.ro\/wp-content\/uploads\/2023\/12\/SUPEROFERTA-11-Copy-300x153.jpg 300w, https:\/\/vivasem.ro\/wp-content\/uploads\/2023\/12\/SUPEROFERTA-11-Copy-248x126.jpg 248w, https:\/\/vivasem.ro\/wp-content\/uploads\/2023\/12\/SUPEROFERTA-11-Copy-590x301.jpg 590w, https:\/\/vivasem.ro\/wp-content\/uploads\/2023\/12\/SUPEROFERTA-11-Copy-150x77.jpg 150w, https:\/\/vivasem.ro\/wp-content\/uploads\/2023\/12\/SUPEROFERTA-11-Copy.jpg 700w\" sizes=\"auto, (max-width: 176px) 100vw, 176px\" \/><\/p>\n","protected":false},"featured_media":11687,"comment_status":"open","ping_status":"closed","template":"","meta":{"site-sidebar-layout":"default","site-content-layout":"default","ast-site-content-layout":"default","site-content-style":"default","site-sidebar-style":"default","ast-global-header-display":"","ast-banner-title-visibility":"","ast-main-header-display":"","ast-hfb-above-header-display":"","ast-hfb-below-header-display":"","ast-hfb-mobile-header-display":"","site-post-title":"","ast-breadcrumbs-content":"","ast-featured-img":"","footer-sml-layout":"","ast-disable-related-posts":"","theme-transparent-header-meta":"default","adv-header-id-meta":"","stick-header-meta":"","header-above-stick-meta":"","header-main-stick-meta":"","header-below-stick-meta":"","astra-migrate-meta-layouts":"set","ast-page-background-enabled":"default","ast-page-background-meta":{"desktop":{"background-color":"var(--ast-global-color-4)","background-image":"","background-repeat":"repeat","background-position":"center center","background-size":"auto","background-attachment":"scroll","background-type":"","background-media":"","overlay-type":"","overlay-color":"","overlay-opacity":"","overlay-gradient":""},"tablet":{"background-color":"","background-image":"","background-repeat":"repeat","background-position":"center center","background-size":"auto","background-attachment":"scroll","background-type":"","background-media":"","overlay-type":"","overlay-color":"","overlay-opacity":"","overlay-gradient":""},"mobile":{"background-color":"","background-image":"","background-repeat":"repeat","background-position":"center center","background-size":"auto","background-attachment":"scroll","background-type":"","background-media":"","overlay-type":"","overlay-color":"","overlay-opacity":"","overlay-gradient":""}},"ast-content-background-meta":{"desktop":{"background-color":"var(--ast-global-color-5)","background-image":"","background-repeat":"repeat","background-position":"center center","background-size":"auto","background-attachment":"scroll","background-type":"","background-media":"","overlay-type":"","overlay-color":"","overlay-opacity":"","overlay-gradient":""},"tablet":{"background-color":"var(--ast-global-color-5)","background-image":"","background-repeat":"repeat","background-position":"center center","background-size":"auto","background-attachment":"scroll","background-type":"","background-media":"","overlay-type":"","overlay-color":"","overlay-opacity":"","overlay-gradient":""},"mobile":{"background-color":"var(--ast-global-color-5)","background-image":"","background-repeat":"repeat","background-position":"center center","background-size":"auto","background-attachment":"scroll","background-type":"","background-media":"","overlay-type":"","overlay-color":"","overlay-opacity":"","overlay-gradient":""}}},"product_brand":[],"product_cat":[110,150],"product_tag":[],"class_list":{"0":"post-11679","1":"product","2":"type-product","3":"status-publish","4":"has-post-thumbnail","6":"product_cat-tomate-hibrid","7":"product_cat-hibrizi-bulgaresti","8":"pa_z-cantitate-10-seminte","9":"pa_z-cantitate-100-seminte","10":"pa_z-cantitate-1000-seminte","11":"pa_z-cantitate-20-seminte","12":"pa_z-cantitate-200-seminte","13":"pa_z-cantitate-25-seminte","14":"pa_z-cantitate-250-seminte","15":"pa_z-cantitate-30-seminte","16":"pa_z-cantitate-40-seminte","17":"pa_z-cantitate-50-seminte","18":"pa_z-cantitate-500-seminte","19":"desktop-align-left","20":"tablet-align-left","21":"mobile-align-left","23":"first","24":"instock","25":"taxable","26":"shipping-taxable","27":"purchasable","28":"product-type-simple"},"_links":{"self":[{"href":"https:\/\/vivasem.ro\/index.php?rest_route=\/wp\/v2\/product\/11679","targetHints":{"allow":["GET"]}}],"collection":[{"href":"https:\/\/vivasem.ro\/index.php?rest_route=\/wp\/v2\/product"}],"about":[{"href":"https:\/\/vivasem.ro\/index.php?rest_route=\/wp\/v2\/types\/product"}],"replies":[{"embeddable":true,"href":"https:\/\/vivasem.ro\/index.php?rest_route=%2Fwp%2Fv2%2Fcomments&post=11679"}],"wp:featuredmedia":[{"embeddable":true,"href":"https:\/\/vivasem.ro\/index.php?rest_route=\/wp\/v2\/media\/11687"}],"wp:attachment":[{"href":"https:\/\/vivasem.ro\/index.php?rest_route=%2Fwp%2Fv2%2Fmedia&parent=11679"}],"wp:term":[{"taxonomy":"product_brand","embeddable":true,"href":"https:\/\/vivasem.ro\/index.php?rest_route=%2Fwp%2Fv2%2Fproduct_brand&post=11679"},{"taxonomy":"product_cat","embeddable":true,"href":"https:\/\/vivasem.ro\/index.php?rest_route=%2Fwp%2Fv2%2Fproduct_cat&post=11679"},{"taxonomy":"product_tag","embeddable":true,"href":"https:\/\/vivasem.ro\/index.php?rest_route=%2Fwp%2Fv2%2Fproduct_tag&post=11679"}],"curies":[{"name":"wp","href":"https:\/\/api.w.org\/{rel}","templated":true}]}}