{"id":11641,"date":"2023-12-24T14:00:52","date_gmt":"2023-12-24T12:00:52","guid":{"rendered":"https:\/\/vivasem.ro\/?post_type=product&#038;p=11641"},"modified":"2025-12-26T15:48:46","modified_gmt":"2025-12-26T13:48:46","slug":"fasole-urcatoare-musica-oferta-30-s","status":"publish","type":"product","link":"https:\/\/vivasem.ro\/?product=fasole-urcatoare-musica-oferta-30-s","title":{"rendered":"FASOLE URC\u0102TOARE VERDE MUSICA (30 S)"},"content":{"rendered":"<h6><span style=\"color: #ff0000;\"><strong><u>FASOLE\u00a0 URC\u0102TOARE MUSICA,<\/u><\/strong><\/span><\/h6>\n<h6><span style=\"color: #ff0000;\"><strong><u>-Produc\u0103tor HAZERA SEEDS,<\/u><\/strong><\/span><\/h6>\n<div class=\"ast-oembed-container \" style=\"height: 100%;\"><iframe loading=\"lazy\" title=\"Fasole Musica  = productiva si gustoasa\" width=\"500\" height=\"281\" src=\"https:\/\/www.youtube.com\/embed\/dqUmadXbzaA?feature=oembed\" frameborder=\"0\" allow=\"accelerometer; autoplay; clipboard-write; encrypted-media; gyroscope; picture-in-picture; web-share\" referrerpolicy=\"strict-origin-when-cross-origin\" allowfullscreen><\/iframe><\/div>\n<h6><span style=\"color: #0000ff;\"><strong>SOI DE FASOLE URC\u0102TOARE, CU P\u0102STAI LATE, DE 2,0-2,5 cm \u0218I<\/strong><\/span><\/h6>\n<h6><span style=\"color: #0000ff;\"><strong>LUNGI DE 22-26 centimetrii, DE CULOARE<\/strong><\/span><span style=\"color: #0000ff;\"><strong>\u00a0 VERDE DESCHIS.<\/strong><\/span><\/h6>\n<h6><span style=\"color: #ff0000;\"><strong>P\u0102ST\u0102ILE SUNT DE CALITATE EXCEP\u021aIONAL\u0102, DREPTE, C\u0102RNOASE, FRAGEDE, F\u0102R\u0102 A\u021aE \u0218I FOARTE GUSTOASE, DULCI, CE CON\u021aIN 6-8 BOABE\/ P\u0102STAIE.<\/strong><\/span><\/h6>\n<h6><strong><span style=\"color: #0000ff;\">PLANTA C\u0102\u021a\u0102R\u0102TOARE , FOARTE PRODUCTIV\u0102, CU PERIOAD\u0102 \u00ceNDELUNGAT\u0102 DE RECOLTARE, DE SEZON LUNG, PENTRU CULTURI DE PRIMAVARA, P\u00c2N\u0102 TOAMNA.<\/span><\/strong><\/h6>\n<h6><strong>Soi timpuriu\u00a0 pentru cultura \u00een c\u00e2mp \u0219i solar.<\/strong><\/h6>\n<ul>\n<li><strong>Rezistent la virusul mozaicul comun al fasolei<\/strong><\/li>\n<li><strong style=\"font-size: 1.1em;\">Din testele noastre, s-a dovedit c\u0103 , acest soi este mai iubitor de c\u0103ldur\u0103, dec\u00e2t alte \u0219i germina\u021bia nu se produce la temperaturi de minim 12 grade Celsius, pe timpul nop\u021bii, ideeal \u0219i mai ridicate, altfel semintele nu\u00a0 germineaz\u0103 \u0219i putrezesc.<\/strong><\/li>\n<li><strong style=\"font-size: 1.1em;\">\u00ceN SOLAR, SE SEAMAN\u0102 DIN APRILIE ,R\u0102SARE \u00ceN 6-7 ZILE \u0218I SE RECOLTEAZ\u0102 DIN IUNIE.<\/strong><\/li>\n<li><strong style=\"font-size: 1.1em;\">\u00ceN C\u00c2MP, SE SEAMAN\u0102 DIN APRILIE-MAI ,R\u0102SARE \u00ceN 6-7 ZILE \u0218I SE RECOLTEAZ\u0102 DIN IUNIE-IULIE.<\/strong><\/li>\n<li>\n<h6>Capacitate de pastrare buna.<\/h6>\n<\/li>\n<li>\n<h6>Se consuma in stare proaspata sau congelata.<\/h6>\n<\/li>\n<li>\n<h6><a href=\"https:\/\/vivasem.ro\/wp-content\/uploads\/2021\/11\/RECOMAND.jpg\"><img loading=\"lazy\" decoding=\"async\" class=\"alignnone wp-image-8306\" src=\"https:\/\/vivasem.ro\/wp-content\/uploads\/2021\/11\/RECOMAND.jpg\" alt=\"\" width=\"83\" height=\"80\" \/>DUP\u0102 P\u0102REREA NOASTR\u0102, SOIURILE DE FASOLE CU P\u0102STAIA VERDE, SUNT MAI DULCI \u0218I MAI GUSTOASE,DEC\u00c2T CELE GALBENE.<\/a><\/h6>\n<\/li>\n<\/ul>\n","protected":false},"excerpt":{"rendered":"<h6><span style=\"color: #0000ff;\">30 SEMIN\u021aE<\/span><\/h6>\n<h6><span style=\"color: #ff00ff;\"><span style=\"color: #ff0000;\">VEZI VIDEOCLIP!<\/span><\/span><\/h6>\n<h6><span style=\"color: #ff00ff;\">SOI FOARTE PRODUCTIV, FOARTE GUSTOS.<\/span><\/h6>\n<p>&nbsp;<\/p>\n","protected":false},"featured_media":8697,"comment_status":"open","ping_status":"closed","template":"","meta":{"site-sidebar-layout":"default","site-content-layout":"default","ast-site-content-layout":"default","site-content-style":"default","site-sidebar-style":"default","ast-global-header-display":"","ast-banner-title-visibility":"","ast-main-header-display":"","ast-hfb-above-header-display":"","ast-hfb-below-header-display":"","ast-hfb-mobile-header-display":"","site-post-title":"","ast-breadcrumbs-content":"","ast-featured-img":"","footer-sml-layout":"","ast-disable-related-posts":"","theme-transparent-header-meta":"default","adv-header-id-meta":"","stick-header-meta":"","header-above-stick-meta":"","header-main-stick-meta":"","header-below-stick-meta":"","astra-migrate-meta-layouts":"set","ast-page-background-enabled":"default","ast-page-background-meta":{"desktop":{"background-color":"var(--ast-global-color-4)","background-image":"","background-repeat":"repeat","background-position":"center center","background-size":"auto","background-attachment":"scroll","background-type":"","background-media":"","overlay-type":"","overlay-color":"","overlay-opacity":"","overlay-gradient":""},"tablet":{"background-color":"","background-image":"","background-repeat":"repeat","background-position":"center center","background-size":"auto","background-attachment":"scroll","background-type":"","background-media":"","overlay-type":"","overlay-color":"","overlay-opacity":"","overlay-gradient":""},"mobile":{"background-color":"","background-image":"","background-repeat":"repeat","background-position":"center center","background-size":"auto","background-attachment":"scroll","background-type":"","background-media":"","overlay-type":"","overlay-color":"","overlay-opacity":"","overlay-gradient":""}},"ast-content-background-meta":{"desktop":{"background-color":"var(--ast-global-color-5)","background-image":"","background-repeat":"repeat","background-position":"center center","background-size":"auto","background-attachment":"scroll","background-type":"","background-media":"","overlay-type":"","overlay-color":"","overlay-opacity":"","overlay-gradient":""},"tablet":{"background-color":"var(--ast-global-color-5)","background-image":"","background-repeat":"repeat","background-position":"center center","background-size":"auto","background-attachment":"scroll","background-type":"","background-media":"","overlay-type":"","overlay-color":"","overlay-opacity":"","overlay-gradient":""},"mobile":{"background-color":"var(--ast-global-color-5)","background-image":"","background-repeat":"repeat","background-position":"center center","background-size":"auto","background-attachment":"scroll","background-type":"","background-media":"","overlay-type":"","overlay-color":"","overlay-opacity":"","overlay-gradient":""}}},"product_brand":[],"product_cat":[85],"product_tag":[],"class_list":{"0":"post-11641","1":"product","2":"type-product","3":"status-publish","4":"has-post-thumbnail","6":"product_cat-fasole","7":"desktop-align-left","8":"tablet-align-left","9":"mobile-align-left","11":"first","12":"instock","13":"taxable","14":"shipping-taxable","15":"purchasable","16":"product-type-simple"},"_links":{"self":[{"href":"https:\/\/vivasem.ro\/index.php?rest_route=\/wp\/v2\/product\/11641","targetHints":{"allow":["GET"]}}],"collection":[{"href":"https:\/\/vivasem.ro\/index.php?rest_route=\/wp\/v2\/product"}],"about":[{"href":"https:\/\/vivasem.ro\/index.php?rest_route=\/wp\/v2\/types\/product"}],"replies":[{"embeddable":true,"href":"https:\/\/vivasem.ro\/index.php?rest_route=%2Fwp%2Fv2%2Fcomments&post=11641"}],"wp:featuredmedia":[{"embeddable":true,"href":"https:\/\/vivasem.ro\/index.php?rest_route=\/wp\/v2\/media\/8697"}],"wp:attachment":[{"href":"https:\/\/vivasem.ro\/index.php?rest_route=%2Fwp%2Fv2%2Fmedia&parent=11641"}],"wp:term":[{"taxonomy":"product_brand","embeddable":true,"href":"https:\/\/vivasem.ro\/index.php?rest_route=%2Fwp%2Fv2%2Fproduct_brand&post=11641"},{"taxonomy":"product_cat","embeddable":true,"href":"https:\/\/vivasem.ro\/index.php?rest_route=%2Fwp%2Fv2%2Fproduct_cat&post=11641"},{"taxonomy":"product_tag","embeddable":true,"href":"https:\/\/vivasem.ro\/index.php?rest_route=%2Fwp%2Fv2%2Fproduct_tag&post=11641"}],"curies":[{"name":"wp","href":"https:\/\/api.w.org\/{rel}","templated":true}]}}