{"id":11608,"date":"2023-12-19T00:44:29","date_gmt":"2023-12-18T22:44:29","guid":{"rendered":"https:\/\/vivasem.ro\/?post_type=product&#038;p=11608"},"modified":"2024-09-23T09:01:28","modified_gmt":"2024-09-23T07:01:28","slug":"trophy-100s","status":"publish","type":"product","link":"https:\/\/vivasem.ro\/?product=trophy-100s","title":{"rendered":"TROPHY (100s)"},"content":{"rendered":"<h6><span style=\"color: #ff0000;\">TROPHY-Reimeer Seeds USA,\u00a0 \u00a0 \u00a0 \u00a0 \u00a0 \u00a0 \u00a0 \u00a0 \u00a0 \u00a0 \u00a0 \u00a0 \u00a0 \u00a0 \u00a0 \u00a0 \u00a0 \u00a0 \u00a0 \u00a0 \u00a0 \u00a0 \u00a0 \u00a0 \u00a0 \u00a0 \u00a0 \u00a0 \u00a0<img loading=\"lazy\" decoding=\"async\" class=\"alignnone wp-image-8415\" src=\"https:\/\/vivasem.ro\/wp-content\/uploads\/2022\/12\/REIMER-LOGO-300x278.jpg\" alt=\"\" width=\"108\" height=\"100\" srcset=\"https:\/\/vivasem.ro\/wp-content\/uploads\/2022\/12\/REIMER-LOGO-300x278.jpg 300w, https:\/\/vivasem.ro\/wp-content\/uploads\/2022\/12\/REIMER-LOGO-248x230.jpg 248w, https:\/\/vivasem.ro\/wp-content\/uploads\/2022\/12\/REIMER-LOGO.jpg 408w\" sizes=\"auto, (max-width: 108px) 100vw, 108px\" \/><\/span><\/h6>\n<h6><span style=\"color: #ff0000;\"><span style=\"color: #ff00ff;\">LOT CU GERMINA\u021aIE 70%,<\/span><\/span><\/h6>\n<h6><span style=\"color: #0000ff;\">UNUL DINTRE CELE MAI\u00a0 UTILIZATE SOIURI, DIN TOATE TIMPURILE ,PE TOT TERITORIUL STATELOR UNITE, MULT CULTIVAT \u0218I PENTRU COMERCIALIZARE, DATORIT\u0102 NUMEROASELOR SALE CALIT\u0102\u021aI.<\/span><\/h6>\n<h6><span style=\"color: #0000ff;\">54 DE ANI, DIN 1872 \u0218I P\u00c2N\u0102 \u00ceN 1926, C\u00c2ND AU FOST CELE MAI CULTIVATE \u0218I CELE MAI V\u00c2NDUTE TOMATE DIN SUA.<\/span><\/h6>\n<h6>SOI VECHI , HEIRLOOM, AMERICAN,\u00a0 CU FRUCTE \u00ceN GREUTATE DE 150-250 grame.<\/h6>\n<h6>TOMATELE SUNT FOARTE FRUMOASE, SFERICE, ASPECTUASE, UNIFORME, DE CULOARE RO\u0218IE INTENS\u0102, \u00ceN MEDIE, DE MARIMEA UNEI MINGI DE TENIS \u0218I MAI MARI .<\/h6>\n<h6>FRUCTELE CRESC \u00ceN CIORCHINI DE 4-5 FRUCTE.<\/h6>\n<h6><span style=\"color: #0000ff;\">GUST EXCELENT,\u00a0 DULCE-ECHILIBRAT ACID,\u00a0 CU O AROM\u0102\u00a0 INTENS\u0102 DE RO\u0218IE TRADI\u021aIONAL\u0102.<\/span><\/h6>\n<h6>PULPA ESTE FERM\u0102,REZISTENT\u0102 LA TRANSPORT,\u00a0 C\u0102RNOAS\u0102 ,SUCULENT\u0102, CE POATE FI FELIAT\u0102 \u0218I FOLOSIT\u0102 \u00ceN SANDVI\u0218URI, SALATE, CONSERVE, ETC.<\/h6>\n<h6><span style=\"color: #0000ff;\"><span style=\"color: #000000;\">PLANTELE NEDETERMINATE , <\/span><\/span><span style=\"color: #0000ff;\">SUNT DEOSEBIT DE\u00a0 PRODUCTIVE \u0218I DAU FOARTE BUNE REZULTATE \u00ceN TOATE ZONELE CLIMATICE ,<\/span> \u00ceN GR\u0102DIN\u0102, DAR \u0218I \u00ceN SOLAR .<\/h6>\n<h6>TIMPURIETATE MEDIE,\u00a0 80 ZILE DE LA TRANSPLANT.<\/h6>\n<h6>SOI ORIGINAR DIN Rhode Island-NEW YORK, LOCUL NATAL AL COLONELULUI GEORGE E. WARNING JR., CARE A \u00ceNCEPUT S\u0102 V\u00c2ND\u0102, \u00ceN 1870 ACEST SOI, OB\u021aINUT DIN \u00ceNCRUCI\u0218AREA LUI LARGE RED ,CU EARLY RED SMOOTH.<\/h6>\n<h6>COLONELUL VINDEA PLICUL DE C\u00c2TEVA SEMIN\u021aE, CU ASTRONOMICA SUM\u0102 DE 5 $,(80 $ DE AST\u0102ZI).<\/h6>\n<h6>\u00ceN CIUDA ACESTUI PRE\u021a URIA\u0218, <span style=\"color: #0000ff;\">54 DE ANI, A FOST CEL MAI POPULAR SOI , CU CELE MAI CULTIVATE \u0218I V\u00c2NDUTE TOMATE , PE TOT TERITORIUL SUA, DATORIT\u0102 CALIT\u0102\u021aILOR MULTIPLE ,<\/span> ALE ACESTUI SOI, A CERERII MARI DIN PARTEA CUMP\u0102R\u0102TORILOR\u00a0 DE TOMATE \u0218I A PREMIILOR OFERITE PENTRU CELE MAI MARI EXEMPLARE, \u00ceN VALOARE DE 100 $ (1600$ DE AST\u0102ZI)\u00a0 .<\/h6>\n<h6>\u00ceNC\u0102 ESTE UN SOI MULT IUBIT \u0218I CULTIVAT \u00ceN SUA, DAR \u0218I \u00ceN \u00ceNTREAGA LUME.<\/h6>\n<p>&nbsp;<\/p>\n<p>&nbsp;<\/p>\n<p>&nbsp;<\/p>\n<h6>.<\/h6>\n<p>&nbsp;<\/p>\n<h6><\/h6>\n","protected":false},"excerpt":{"rendered":"<h6><span style=\"color: #0000ff;\">100 SEMIN\u021aE<\/span><img loading=\"lazy\" decoding=\"async\" class=\"alignnone wp-image-5567\" src=\"https:\/\/vivasem.ro\/wp-content\/uploads\/2021\/11\/NOU3.jpg\" alt=\"\" width=\"77\" height=\"74\" srcset=\"https:\/\/vivasem.ro\/wp-content\/uploads\/2021\/11\/NOU3.jpg 270w, https:\/\/vivasem.ro\/wp-content\/uploads\/2021\/11\/NOU3-248x241.jpg 248w\" sizes=\"auto, (max-width: 77px) 100vw, 77px\" \/><\/h6>\n<h6><span style=\"color: #ff0000;\">SOI DE EXCEP\u021aIE !<\/span><\/h6>\n<h6><span style=\"color: #ff0000;\">DEOSEBIT DE PRODUCTIV \u0218I GUSTOS, <\/span><span style=\"color: #ff0000;\">EXCELENT \u0218I DE COMERCIALIZAT !<\/span><\/h6>\n","protected":false},"featured_media":5697,"comment_status":"open","ping_status":"closed","template":"","meta":{"site-sidebar-layout":"default","site-content-layout":"default","ast-site-content-layout":"default","site-content-style":"default","site-sidebar-style":"default","ast-global-header-display":"","ast-banner-title-visibility":"","ast-main-header-display":"","ast-hfb-above-header-display":"","ast-hfb-below-header-display":"","ast-hfb-mobile-header-display":"","site-post-title":"","ast-breadcrumbs-content":"","ast-featured-img":"","footer-sml-layout":"","ast-disable-related-posts":"","theme-transparent-header-meta":"default","adv-header-id-meta":"","stick-header-meta":"","header-above-stick-meta":"","header-main-stick-meta":"","header-below-stick-meta":"","astra-migrate-meta-layouts":"set","ast-page-background-enabled":"default","ast-page-background-meta":{"desktop":{"background-color":"var(--ast-global-color-4)","background-image":"","background-repeat":"repeat","background-position":"center center","background-size":"auto","background-attachment":"scroll","background-type":"","background-media":"","overlay-type":"","overlay-color":"","overlay-opacity":"","overlay-gradient":""},"tablet":{"background-color":"","background-image":"","background-repeat":"repeat","background-position":"center center","background-size":"auto","background-attachment":"scroll","background-type":"","background-media":"","overlay-type":"","overlay-color":"","overlay-opacity":"","overlay-gradient":""},"mobile":{"background-color":"","background-image":"","background-repeat":"repeat","background-position":"center center","background-size":"auto","background-attachment":"scroll","background-type":"","background-media":"","overlay-type":"","overlay-color":"","overlay-opacity":"","overlay-gradient":""}},"ast-content-background-meta":{"desktop":{"background-color":"var(--ast-global-color-5)","background-image":"","background-repeat":"repeat","background-position":"center center","background-size":"auto","background-attachment":"scroll","background-type":"","background-media":"","overlay-type":"","overlay-color":"","overlay-opacity":"","overlay-gradient":""},"tablet":{"background-color":"var(--ast-global-color-5)","background-image":"","background-repeat":"repeat","background-position":"center center","background-size":"auto","background-attachment":"scroll","background-type":"","background-media":"","overlay-type":"","overlay-color":"","overlay-opacity":"","overlay-gradient":""},"mobile":{"background-color":"var(--ast-global-color-5)","background-image":"","background-repeat":"repeat","background-position":"center center","background-size":"auto","background-attachment":"scroll","background-type":"","background-media":"","overlay-type":"","overlay-color":"","overlay-opacity":"","overlay-gradient":""}}},"product_brand":[],"product_cat":[180,142,15],"product_tag":[],"class_list":{"0":"post-11608","1":"product","2":"type-product","3":"status-publish","4":"has-post-thumbnail","6":"product_cat-oferte-de-pret-cantitate","7":"product_cat-soiuri-rosii-roz","8":"product_cat-tomate-soi","9":"desktop-align-left","10":"tablet-align-left","11":"mobile-align-left","13":"first","14":"instock","15":"sale","16":"taxable","17":"shipping-taxable","18":"purchasable","19":"product-type-simple"},"_links":{"self":[{"href":"https:\/\/vivasem.ro\/index.php?rest_route=\/wp\/v2\/product\/11608","targetHints":{"allow":["GET"]}}],"collection":[{"href":"https:\/\/vivasem.ro\/index.php?rest_route=\/wp\/v2\/product"}],"about":[{"href":"https:\/\/vivasem.ro\/index.php?rest_route=\/wp\/v2\/types\/product"}],"replies":[{"embeddable":true,"href":"https:\/\/vivasem.ro\/index.php?rest_route=%2Fwp%2Fv2%2Fcomments&post=11608"}],"wp:featuredmedia":[{"embeddable":true,"href":"https:\/\/vivasem.ro\/index.php?rest_route=\/wp\/v2\/media\/5697"}],"wp:attachment":[{"href":"https:\/\/vivasem.ro\/index.php?rest_route=%2Fwp%2Fv2%2Fmedia&parent=11608"}],"wp:term":[{"taxonomy":"product_brand","embeddable":true,"href":"https:\/\/vivasem.ro\/index.php?rest_route=%2Fwp%2Fv2%2Fproduct_brand&post=11608"},{"taxonomy":"product_cat","embeddable":true,"href":"https:\/\/vivasem.ro\/index.php?rest_route=%2Fwp%2Fv2%2Fproduct_cat&post=11608"},{"taxonomy":"product_tag","embeddable":true,"href":"https:\/\/vivasem.ro\/index.php?rest_route=%2Fwp%2Fv2%2Fproduct_tag&post=11608"}],"curies":[{"name":"wp","href":"https:\/\/api.w.org\/{rel}","templated":true}]}}