{"id":11606,"date":"2023-12-19T00:40:38","date_gmt":"2023-12-18T22:40:38","guid":{"rendered":"https:\/\/vivasem.ro\/?post_type=product&#038;p=11606"},"modified":"2025-09-01T10:43:58","modified_gmt":"2025-09-01T08:43:58","slug":"san-marzano-nedeterminat-100s","status":"publish","type":"product","link":"https:\/\/vivasem.ro\/?product=san-marzano-nedeterminat-100s","title":{"rendered":"SAN MARZANO-NEDETERMINAT (G.60%)"},"content":{"rendered":"<h6 style=\"text-align: left;\"><span style=\"color: #ff0000;\"><strong><u>SAN MARZANO -NEDETERMINATE\u00a0 de la REIMERS SEEDS CO. SUA,<\/u><\/strong><\/span><\/h6>\n<h6 style=\"text-align: left;\"><strong><span style=\"color: #ff00ff;\"><u>Lot cu GERMINATIE de 60%,<\/u><\/span><\/strong><\/h6>\n<h6 style=\"text-align: left;\"><strong>SOI HEIRLOOM, ITALIAN, FOARTE CUNOSCUT ,CU TOMATE \u00ceN GREUTATE DE 110-150\u00a0 grame.<\/strong><\/h6>\n<h6><span style=\"color: #0000ff;\"><strong>ESTE CONSIDERAT CA CEL MAI BUN SOI PENTRU PRODUCEREA DE SOSURI DIN LUME !<\/strong><\/span><\/h6>\n<h6><strong>FRUCTELE SUNT LUNGI, CU PERE\u021aII GRO\u0218I, C\u0102RNOASE, CU PULPA MAI PU\u021aIN SUCULENT\u0102, CU SEMIN\u021aE \u0218I GEL, PU\u021aINE, PIELI\u021a\u0102 SUB\u021aIRE. REZISTENTE LA CR\u0102PARE.\u00a0<\/strong><\/h6>\n<h6>FOARTE DULCI, NEACIDE, GUSTOASE, AROMATE, SUNT O ALEGERE EXCELENT\u0102 PENTRU OB\u021aINEREA DE PASTE, SOSURI, BULION, CONSERVE, .<\/h6>\n<h6>PLANTELE VIGUROASE, SUNT <span style=\"color: #0000ff;\">DEOSEBIT DE\u00a0 PRODUCTIVE<\/span> \u0218I DAU FOARTE BUNE REZULTATE \u00ceN\u00a0 ZONELE CLIMATICE MAI CALDE, \u00ceN GR\u0102DIN\u0102, DAR \u0218I \u00ceN SOLAR .<\/h6>\n<h6>NECESIT\u0102 SUS\u021aINERE SOLID\u0102, PE ARACI, SPALIERE, ETC.<\/h6>\n<h6>VARIETATE CU PLANTE MEDIU TIMPURII, 70-80 ZILE, NEDETERMINATE.<\/h6>\n","protected":false},"excerpt":{"rendered":"<h6><span style=\"color: #ff00ff;\">EXTREM DE PRODUCTIV !<\/span><img loading=\"lazy\" decoding=\"async\" class=\"alignnone wp-image-5612\" src=\"https:\/\/vivasem.ro\/wp-content\/uploads\/2021\/11\/NOU3-1.jpg\" alt=\"\" width=\"77\" height=\"75\" \/><\/h6>\n<h6><\/h6>\n","protected":false},"featured_media":9770,"comment_status":"open","ping_status":"closed","template":"","meta":{"site-sidebar-layout":"default","site-content-layout":"default","ast-site-content-layout":"default","site-content-style":"default","site-sidebar-style":"default","ast-global-header-display":"","ast-banner-title-visibility":"","ast-main-header-display":"","ast-hfb-above-header-display":"","ast-hfb-below-header-display":"","ast-hfb-mobile-header-display":"","site-post-title":"","ast-breadcrumbs-content":"","ast-featured-img":"","footer-sml-layout":"","ast-disable-related-posts":"","theme-transparent-header-meta":"default","adv-header-id-meta":"","stick-header-meta":"","header-above-stick-meta":"","header-main-stick-meta":"","header-below-stick-meta":"","astra-migrate-meta-layouts":"set","ast-page-background-enabled":"default","ast-page-background-meta":{"desktop":{"background-color":"var(--ast-global-color-4)","background-image":"","background-repeat":"repeat","background-position":"center center","background-size":"auto","background-attachment":"scroll","background-type":"","background-media":"","overlay-type":"","overlay-color":"","overlay-opacity":"","overlay-gradient":""},"tablet":{"background-color":"","background-image":"","background-repeat":"repeat","background-position":"center center","background-size":"auto","background-attachment":"scroll","background-type":"","background-media":"","overlay-type":"","overlay-color":"","overlay-opacity":"","overlay-gradient":""},"mobile":{"background-color":"","background-image":"","background-repeat":"repeat","background-position":"center center","background-size":"auto","background-attachment":"scroll","background-type":"","background-media":"","overlay-type":"","overlay-color":"","overlay-opacity":"","overlay-gradient":""}},"ast-content-background-meta":{"desktop":{"background-color":"var(--ast-global-color-5)","background-image":"","background-repeat":"repeat","background-position":"center center","background-size":"auto","background-attachment":"scroll","background-type":"","background-media":"","overlay-type":"","overlay-color":"","overlay-opacity":"","overlay-gradient":""},"tablet":{"background-color":"var(--ast-global-color-5)","background-image":"","background-repeat":"repeat","background-position":"center center","background-size":"auto","background-attachment":"scroll","background-type":"","background-media":"","overlay-type":"","overlay-color":"","overlay-opacity":"","overlay-gradient":""},"mobile":{"background-color":"var(--ast-global-color-5)","background-image":"","background-repeat":"repeat","background-position":"center center","background-size":"auto","background-attachment":"scroll","background-type":"","background-media":"","overlay-type":"","overlay-color":"","overlay-opacity":"","overlay-gradient":""}}},"product_brand":[],"product_cat":[151,178,142,15],"product_tag":[],"class_list":{"0":"post-11606","1":"product","2":"type-product","3":"status-publish","4":"has-post-thumbnail","6":"product_cat-soiuri-italiene","7":"product_cat-soiuri-lungi","8":"product_cat-soiuri-rosii-roz","9":"product_cat-tomate-soi","10":"pa_cantitate-10-seminte","11":"pa_cantitate-100-seminte","12":"pa_cantitate-200-seminte","13":"pa_cantitate-25-seminte","14":"pa_cantitate-250-seminte","15":"pa_cantitate-5-seminte","16":"pa_cantitate-50-seminte","17":"pa_cantitate-500-seminte","18":"desktop-align-left","19":"tablet-align-left","20":"mobile-align-left","22":"first","23":"instock","24":"sale","25":"taxable","26":"shipping-taxable","27":"purchasable","28":"product-type-variable"},"_links":{"self":[{"href":"https:\/\/vivasem.ro\/index.php?rest_route=\/wp\/v2\/product\/11606","targetHints":{"allow":["GET"]}}],"collection":[{"href":"https:\/\/vivasem.ro\/index.php?rest_route=\/wp\/v2\/product"}],"about":[{"href":"https:\/\/vivasem.ro\/index.php?rest_route=\/wp\/v2\/types\/product"}],"replies":[{"embeddable":true,"href":"https:\/\/vivasem.ro\/index.php?rest_route=%2Fwp%2Fv2%2Fcomments&post=11606"}],"wp:featuredmedia":[{"embeddable":true,"href":"https:\/\/vivasem.ro\/index.php?rest_route=\/wp\/v2\/media\/9770"}],"wp:attachment":[{"href":"https:\/\/vivasem.ro\/index.php?rest_route=%2Fwp%2Fv2%2Fmedia&parent=11606"}],"wp:term":[{"taxonomy":"product_brand","embeddable":true,"href":"https:\/\/vivasem.ro\/index.php?rest_route=%2Fwp%2Fv2%2Fproduct_brand&post=11606"},{"taxonomy":"product_cat","embeddable":true,"href":"https:\/\/vivasem.ro\/index.php?rest_route=%2Fwp%2Fv2%2Fproduct_cat&post=11606"},{"taxonomy":"product_tag","embeddable":true,"href":"https:\/\/vivasem.ro\/index.php?rest_route=%2Fwp%2Fv2%2Fproduct_tag&post=11606"}],"curies":[{"name":"wp","href":"https:\/\/api.w.org\/{rel}","templated":true}]}}