{"id":11595,"date":"2023-12-19T00:21:09","date_gmt":"2023-12-18T22:21:09","guid":{"rendered":"https:\/\/vivasem.ro\/?post_type=product&#038;p=11595"},"modified":"2025-12-28T19:08:38","modified_gmt":"2025-12-28T17:08:38","slug":"moskvitch-100s","status":"publish","type":"product","link":"https:\/\/vivasem.ro\/?product=moskvitch-100s","title":{"rendered":"MOSKVITCH (Ofert\u0103 pret\/G. 80-95%)"},"content":{"rendered":"<h6><span style=\"color: #ff0000;\"><strong><u>MOSKVICH<\/u><\/strong><\/span><span style=\"color: #ff0000;\"> -Reimer Seeds Co USA,<\/span><\/h6>\n<h6>Lot cu germina\u021bie de 80-95%.<\/h6>\n<h6><span style=\"color: #ff0000;\"><strong>\u00a0<span style=\"color: #000080;\">SOI RUSESC HEIRLOOM, EXTRATIMPURIU, DE \u00ceNALT\u0102 CLAS\u0102 CREEAT LA INSTITUTUL INDUSTRIEI PLANTELOR N. I. Vavilov \u2013MOSCOVA ,\u00ceN ANUL 1970<\/span><\/strong><span style=\"color: #000080;\">.<\/span><\/span><\/h6>\n<h6><span style=\"color: #000080;\">\u00a0<span style=\"color: #ff0000;\">FRUCTELE SUNT\u00a0 MARI\u00a0 DE 120-200 grame, CE POT AJUNGE P\u00c2N\u0102 LA 500 grame.<\/span><\/span><\/h6>\n<h6><span style=\"color: #000080;\">SOI MULT CULTIVAT \u00ceN SPA\u021aIUL EX-SOVIETIC , DAR\u00a0 \u0218I \u00ceN STATELE UNITE,\u00a0 \u0218I PENTRU COMERCIALIZARE, \u00a0DATORIT\u0102 MULTIPLELOR CALIT\u0102\u021aI.<\/span><\/h6>\n<h6><span style=\"color: #ff0000;\">TOMATELE SUNT FRUMOASE, SFERICE, U\u0218OR\u00a0 TURTITE, DE CULOARE RO\u0218IE INTENS\u0102.<\/span><\/h6>\n<h6><span style=\"color: #ff0000;\">GUST EXCEP\u021aIONAL, FOARTE DULCE, SLAB ACID,\u00a0 CU O AROM\u0102\u00a0 FOARTE INTENS\u0102 DE RO\u0218IE TRADI\u021aIONAL\u0102.<\/span><\/h6>\n<h6><span style=\"color: #000080;\">PULPA ESTE FERM\u0102, C\u0102RNOAS\u0102,SUCULENT\u0102, CE POATE FI FELIAT\u0102 \u0218I FOLOSIT\u0102 \u00ceN SANDVI\u0218URI, SALATE, CONSERVE, ETC.<\/span><\/h6>\n<h6><span style=\"color: #000080;\">PLANTELE NEDETERMINATE , FOARTE REZISTENTE LA CLIMA RECE, CU FRUNZE NORMALE, SUNT FOARTE PRODUCTIVE, DAU FOARTE BUNE REZULTATE \u00ceN GR\u0102DIN\u0102, DAR \u0218I \u00ceN SOLAR \u0218I SE PRETEAZ\u0102 EXCELENT LA CULTURA \u00ceN SERE \u00ceNC\u0102LZITE.<\/span><\/h6>\n<h6><span style=\"color: #000080;\">SOI EXTRATIMPURIU,\u00a0 60\u00a0 ZILE DE LA TRANSPLANT, <\/span><\/h6>\n<h6><span style=\"color: #000080;\">REZISTEN\u021a\u0102 LA BOLI : LA Phytophthora infestans(LB)=MANA TOMATELOR<\/span><\/h6>\n<h6>\u00a0.<\/h6>\n<h6><\/h6>\n<h6><\/h6>\n","protected":false},"excerpt":{"rendered":"<h6><span style=\"color: #ff00ff;\">GUST EXCEP\u021aIONAL, SOI FOARTE REZISTENT, BUN \u0218I DE COMERCIALIZAT<\/span><\/h6>\n","protected":false},"featured_media":5896,"comment_status":"open","ping_status":"closed","template":"","meta":{"site-sidebar-layout":"default","site-content-layout":"default","ast-site-content-layout":"default","site-content-style":"default","site-sidebar-style":"default","ast-global-header-display":"","ast-banner-title-visibility":"","ast-main-header-display":"","ast-hfb-above-header-display":"","ast-hfb-below-header-display":"","ast-hfb-mobile-header-display":"","site-post-title":"","ast-breadcrumbs-content":"","ast-featured-img":"","footer-sml-layout":"","ast-disable-related-posts":"","theme-transparent-header-meta":"default","adv-header-id-meta":"","stick-header-meta":"","header-above-stick-meta":"","header-main-stick-meta":"","header-below-stick-meta":"","astra-migrate-meta-layouts":"set","ast-page-background-enabled":"default","ast-page-background-meta":{"desktop":{"background-color":"var(--ast-global-color-4)","background-image":"","background-repeat":"repeat","background-position":"center center","background-size":"auto","background-attachment":"scroll","background-type":"","background-media":"","overlay-type":"","overlay-color":"","overlay-opacity":"","overlay-gradient":""},"tablet":{"background-color":"","background-image":"","background-repeat":"repeat","background-position":"center center","background-size":"auto","background-attachment":"scroll","background-type":"","background-media":"","overlay-type":"","overlay-color":"","overlay-opacity":"","overlay-gradient":""},"mobile":{"background-color":"","background-image":"","background-repeat":"repeat","background-position":"center center","background-size":"auto","background-attachment":"scroll","background-type":"","background-media":"","overlay-type":"","overlay-color":"","overlay-opacity":"","overlay-gradient":""}},"ast-content-background-meta":{"desktop":{"background-color":"var(--ast-global-color-5)","background-image":"","background-repeat":"repeat","background-position":"center center","background-size":"auto","background-attachment":"scroll","background-type":"","background-media":"","overlay-type":"","overlay-color":"","overlay-opacity":"","overlay-gradient":""},"tablet":{"background-color":"var(--ast-global-color-5)","background-image":"","background-repeat":"repeat","background-position":"center center","background-size":"auto","background-attachment":"scroll","background-type":"","background-media":"","overlay-type":"","overlay-color":"","overlay-opacity":"","overlay-gradient":""},"mobile":{"background-color":"var(--ast-global-color-5)","background-image":"","background-repeat":"repeat","background-position":"center center","background-size":"auto","background-attachment":"scroll","background-type":"","background-media":"","overlay-type":"","overlay-color":"","overlay-opacity":"","overlay-gradient":""}}},"product_brand":[],"product_cat":[180,141,142,15],"product_tag":[],"class_list":{"0":"post-11595","1":"product","2":"type-product","3":"status-publish","4":"has-post-thumbnail","6":"product_cat-oferte-de-pret-cantitate","7":"product_cat-soi-gigant-urias","8":"product_cat-soiuri-rosii-roz","9":"product_cat-tomate-soi","10":"pa_cantitate-10-seminte","11":"pa_cantitate-100-seminte","12":"pa_cantitate-200-seminte","13":"pa_cantitate-25-seminte","14":"pa_cantitate-250-seminte","15":"pa_cantitate-5-seminte","16":"pa_cantitate-50-seminte","17":"pa_cantitate-500-seminte","18":"desktop-align-left","19":"tablet-align-left","20":"mobile-align-left","22":"first","23":"instock","24":"sale","25":"taxable","26":"shipping-taxable","27":"purchasable","28":"product-type-variable"},"_links":{"self":[{"href":"https:\/\/vivasem.ro\/index.php?rest_route=\/wp\/v2\/product\/11595","targetHints":{"allow":["GET"]}}],"collection":[{"href":"https:\/\/vivasem.ro\/index.php?rest_route=\/wp\/v2\/product"}],"about":[{"href":"https:\/\/vivasem.ro\/index.php?rest_route=\/wp\/v2\/types\/product"}],"replies":[{"embeddable":true,"href":"https:\/\/vivasem.ro\/index.php?rest_route=%2Fwp%2Fv2%2Fcomments&post=11595"}],"wp:featuredmedia":[{"embeddable":true,"href":"https:\/\/vivasem.ro\/index.php?rest_route=\/wp\/v2\/media\/5896"}],"wp:attachment":[{"href":"https:\/\/vivasem.ro\/index.php?rest_route=%2Fwp%2Fv2%2Fmedia&parent=11595"}],"wp:term":[{"taxonomy":"product_brand","embeddable":true,"href":"https:\/\/vivasem.ro\/index.php?rest_route=%2Fwp%2Fv2%2Fproduct_brand&post=11595"},{"taxonomy":"product_cat","embeddable":true,"href":"https:\/\/vivasem.ro\/index.php?rest_route=%2Fwp%2Fv2%2Fproduct_cat&post=11595"},{"taxonomy":"product_tag","embeddable":true,"href":"https:\/\/vivasem.ro\/index.php?rest_route=%2Fwp%2Fv2%2Fproduct_tag&post=11595"}],"curies":[{"name":"wp","href":"https:\/\/api.w.org\/{rel}","templated":true}]}}